{"id":372,"date":"2019-12-30T13:31:16","date_gmt":"2019-12-30T12:31:16","guid":{"rendered":"https:\/\/baggaardsbaroner.com\/\/?page_id=372"},"modified":"2025-01-24T14:02:32","modified_gmt":"2025-01-24T13:02:32","slug":"handelsbetingelser","status":"publish","type":"page","link":"https:\/\/baggaardsbaroner.com\/en\/handelsbetingelser\/","title":{"rendered":"Terms and conditions"},"content":{"rendered":"<div data-elementor-type=\"wp-page\" data-elementor-id=\"372\" class=\"elementor elementor-372\" data-elementor-post-type=\"page\">\n\t\t\t\t<div class=\"elementor-element elementor-element-03a1682 e-flex e-con-boxed e-con e-parent\" data-id=\"03a1682\" data-element_type=\"container\" data-e-type=\"container\" data-settings=\"{&quot;background_background&quot;:&quot;classic&quot;}\">\n\t\t\t\t\t<div class=\"e-con-inner\">\n\t\t<div class=\"elementor-element elementor-element-9070921 e-con-full e-flex e-con e-child\" data-id=\"9070921\" data-element_type=\"container\" data-e-type=\"container\">\n\t\t<div class=\"elementor-element elementor-element-59c0a7f e-con-full e-flex e-con e-child\" data-id=\"59c0a7f\" data-element_type=\"container\" data-e-type=\"container\">\n\t\t\t\t<div class=\"elementor-element elementor-element-d1aaef8 elementor-widget elementor-widget-heading\" data-id=\"d1aaef8\" data-element_type=\"widget\" data-e-type=\"widget\" data-widget_type=\"heading.default\">\n\t\t\t\t<div class=\"elementor-widget-container\">\n\t\t\t\t\t<h3 class=\"elementor-heading-title elementor-size-default\">General information\n\n<\/h3>\t\t\t\t<\/div>\n\t\t\t\t<\/div>\n\t\t\t\t<div class=\"elementor-element elementor-element-438e346 elementor-widget elementor-widget-text-editor\" data-id=\"438e346\" data-element_type=\"widget\" data-e-type=\"widget\" data-widget_type=\"text-editor.default\">\n\t\t\t\t<div class=\"elementor-widget-container\">\n\t\t\t\t\t\t\t\t\t<p>Baggaardsbaroner I\/S<br \/>Matth\u00e6usgade 21<br \/>1666 Copenhagen V<br \/>CVR nr.: 40210784<br \/>Phone: <span style=\"text-decoration: underline;\"><a href=\"tel:50586068\">+45 50 58 60 68<\/a><\/span><br \/>Email: <a href=\"mailto:rottemor@baggaardsbaroner.com\"><span style=\"text-decoration: underline;\">rottemor@baggaardsbaroner.com<\/span><\/a><\/p>\t\t\t\t\t\t\t\t<\/div>\n\t\t\t\t<\/div>\n\t\t\t\t<\/div>\n\t\t<div class=\"elementor-element elementor-element-30fcc9c e-con-full e-flex e-con e-child\" data-id=\"30fcc9c\" data-element_type=\"container\" data-e-type=\"container\">\n\t\t\t\t<div class=\"elementor-element elementor-element-de4b886 elementor-widget elementor-widget-heading\" data-id=\"de4b886\" data-element_type=\"widget\" data-e-type=\"widget\" data-widget_type=\"heading.default\">\n\t\t\t\t<div class=\"elementor-widget-container\">\n\t\t\t\t\t<h3 class=\"elementor-heading-title elementor-size-default\">Prices\n<\/h3>\t\t\t\t<\/div>\n\t\t\t\t<\/div>\n\t\t\t\t<div class=\"elementor-element elementor-element-6f381b0 elementor-widget elementor-widget-text-editor\" data-id=\"6f381b0\" data-element_type=\"widget\" data-e-type=\"widget\" data-widget_type=\"text-editor.default\">\n\t\t\t\t<div class=\"elementor-widget-container\">\n\t\t\t\t\t\t\t\t\t<p>You are not our mother, so we reserve the right to change prices from day to day without prior consent. We also reserve the right for sold-out items. And general mess.<\/p>\t\t\t\t\t\t\t\t<\/div>\n\t\t\t\t<\/div>\n\t\t\t\t<\/div>\n\t\t<div class=\"elementor-element elementor-element-1f522aa e-con-full e-flex e-con e-child\" data-id=\"1f522aa\" data-element_type=\"container\" data-e-type=\"container\">\n\t\t\t\t<div class=\"elementor-element elementor-element-292ee48 elementor-widget elementor-widget-heading\" data-id=\"292ee48\" data-element_type=\"widget\" data-e-type=\"widget\" data-widget_type=\"heading.default\">\n\t\t\t\t<div class=\"elementor-widget-container\">\n\t\t\t\t\t<h3 class=\"elementor-heading-title elementor-size-default\">Payment<\/h3>\t\t\t\t<\/div>\n\t\t\t\t<\/div>\n\t\t\t\t<div class=\"elementor-element elementor-element-d8eddbd elementor-widget elementor-widget-text-editor\" data-id=\"d8eddbd\" data-element_type=\"widget\" data-e-type=\"widget\" data-widget_type=\"text-editor.default\">\n\t\t\t\t<div class=\"elementor-widget-container\">\n\t\t\t\t\t\t\t\t\t<p>The rats (here we are legally required to emphasize that this refers to Forlaget Baggaardsbaroner) accept payment with VISA-Dankort, VISA, and MobilePay. The payment will only be deducted from your account when the item is shipped. All amounts are in DKK (Danish kroner) and include VAT. We reserve the right for pricing errors and sold-out\/discontinued items.<\/p>\t\t\t\t\t\t\t\t<\/div>\n\t\t\t\t<\/div>\n\t\t\t\t<\/div>\n\t\t<div class=\"elementor-element elementor-element-c17f6a4 e-con-full e-flex e-con e-child\" data-id=\"c17f6a4\" data-element_type=\"container\" data-e-type=\"container\">\n\t\t\t\t<div class=\"elementor-element elementor-element-4baa35d elementor-widget elementor-widget-heading\" data-id=\"4baa35d\" data-element_type=\"widget\" data-e-type=\"widget\" data-widget_type=\"heading.default\">\n\t\t\t\t<div class=\"elementor-widget-container\">\n\t\t\t\t\t<h3 class=\"elementor-heading-title elementor-size-default\">Delivery<\/h3>\t\t\t\t<\/div>\n\t\t\t\t<\/div>\n\t\t\t\t<div class=\"elementor-element elementor-element-9791c03 elementor-widget elementor-widget-text-editor\" data-id=\"9791c03\" data-element_type=\"widget\" data-e-type=\"widget\" data-widget_type=\"text-editor.default\">\n\t\t\t\t<div class=\"elementor-widget-container\">\n\t\t\t\t\t\t\t\t\t<p>We will damn well ship to all of Denmark for a fiver (here we are once again legally required to emphasize that this is slang and refers to 50 kroner). Our goods will be delivered to the delivery address provided during the order. We also ship internationally because we\u2019re such big shots. Book is money. Your items will be shipped with DAO.<\/p>\n<p>Note: If there is no space at the selected pickup location, the package will be redirected to the nearest available pickup point, and you will be notified.<\/p>\n<p>Your items will be delivered 5-10 business days after the order. For certain items, special delivery terms apply. These terms will be specified prior to purchasing these items.<\/p>\n<p>Your items will be delivered 5-10 business days after the order. For certain items, special delivery terms apply. These terms will be specified prior to purchasing these items.<\/p>\t\t\t\t\t\t\t\t<\/div>\n\t\t\t\t<\/div>\n\t\t\t\t<\/div>\n\t\t<div class=\"elementor-element elementor-element-9ca29db e-con-full e-flex e-con e-child\" data-id=\"9ca29db\" data-element_type=\"container\" data-e-type=\"container\">\n\t\t\t\t<div class=\"elementor-element elementor-element-44d266e elementor-widget elementor-widget-heading\" data-id=\"44d266e\" data-element_type=\"widget\" data-e-type=\"widget\" data-widget_type=\"heading.default\">\n\t\t\t\t<div class=\"elementor-widget-container\">\n\t\t\t\t\t<h3 class=\"elementor-heading-title elementor-size-default\">Right of complaint<\/h3>\t\t\t\t<\/div>\n\t\t\t\t<\/div>\n\t\t\t\t<div class=\"elementor-element elementor-element-8df548a elementor-widget elementor-widget-text-editor\" data-id=\"8df548a\" data-element_type=\"widget\" data-e-type=\"widget\" data-widget_type=\"text-editor.default\">\n\t\t\t\t<div class=\"elementor-widget-container\">\n\t\t\t\t\t\t\t\t\t<p>A 2-year right of complaint is granted in accordance with the Sale of Goods Act. Our right of complaint applies to defects in materials and\/or manufacturing. The complaint does not cover defects or damage caused by improper handling of the product\/service. You must complain within a \"reasonable time\" after discovering the defect\/error. You cannot cancel simply by refusing to accept the item without simultaneously providing clear notification of this.<\/p>\n<p>There is a 14-day right of withdrawal, as long as the books have no visible damage. Contact us at <a href=\"mailto:rottemor@baggaardsbaroner.com\"><span style=\"text-decoration: underline;\">rottemor@baggaardsbaroner.com<\/span><\/a>, where you should provide your account details so the money can be refunded. Returned books are accepted by post at the following address: Monday Studio, Matth\u00e6usgade 21, 1666 Vesterbro.<\/p>\n<p>If you wish to file a complaint, you can contact econsumer.gov. It is an informal system created by the International Consumer Protection and Enforcement Network (ICPEN).<\/p>\t\t\t\t\t\t\t\t<\/div>\n\t\t\t\t<\/div>\n\t\t\t\t<\/div>\n\t\t<div class=\"elementor-element elementor-element-12abe79 e-con-full e-flex e-con e-child\" data-id=\"12abe79\" data-element_type=\"container\" data-e-type=\"container\">\n\t\t\t\t<div class=\"elementor-element elementor-element-36c7927 elementor-widget elementor-widget-heading\" data-id=\"36c7927\" data-element_type=\"widget\" data-e-type=\"widget\" data-widget_type=\"heading.default\">\n\t\t\t\t<div class=\"elementor-widget-container\">\n\t\t\t\t\t<h3 class=\"elementor-heading-title elementor-size-default\">Items excluded from the right of withdrawal\n\n<\/h3>\t\t\t\t<\/div>\n\t\t\t\t<\/div>\n\t\t\t\t<div class=\"elementor-element elementor-element-da9aea0 elementor-widget elementor-widget-text-editor\" data-id=\"da9aea0\" data-element_type=\"widget\" data-e-type=\"widget\" data-widget_type=\"text-editor.default\">\n\t\t\t\t<div class=\"elementor-widget-container\">\n\t\t\t\t\t\t\t\t\t<p>The following types of items are not included in the right of withdrawal:<\/p>\n<ul>\n<li>Items that are made according to the consumer's specifications or have been clearly personalized.<\/li>\n<li>Items that, due to their nature, are inseparably mixed with other items upon delivery.<\/li>\n<li>Services that have been fully performed, where the delivery of the service has begun with the consumer's prior explicit consent and acknowledgment that the right of withdrawal ceases once the service is fully performed.<\/li>\n<li>Newspapers, magazines, or journals, except for subscription agreements for such publications.<\/li>\n<li>Items that deteriorate or expire quickly.<\/li>\n<\/ul>\t\t\t\t\t\t\t\t<\/div>\n\t\t\t\t<\/div>\n\t\t\t\t<\/div>\n\t\t<div class=\"elementor-element elementor-element-c397698 e-con-full e-flex e-con e-child\" data-id=\"c397698\" data-element_type=\"container\" data-e-type=\"container\">\n\t\t\t\t<div class=\"elementor-element elementor-element-2c0846f elementor-widget elementor-widget-heading\" data-id=\"2c0846f\" data-element_type=\"widget\" data-e-type=\"widget\" data-widget_type=\"heading.default\">\n\t\t\t\t<div class=\"elementor-widget-container\">\n\t\t\t\t\t<h3 class=\"elementor-heading-title elementor-size-default\">In-store pickup\n<\/h3>\t\t\t\t<\/div>\n\t\t\t\t<\/div>\n\t\t\t\t<div class=\"elementor-element elementor-element-927080f elementor-widget elementor-widget-text-editor\" data-id=\"927080f\" data-element_type=\"widget\" data-e-type=\"widget\" data-widget_type=\"text-editor.default\">\n\t\t\t\t<div class=\"elementor-widget-container\">\n\t\t\t\t\t\t\t\t\tWe are based at Monday Studio on Matth\u00e6usgade 21, Vesterbro. Maybe we're open. Try your luck.\n\n\t\t\t\t\t\t\t\t<\/div>\n\t\t\t\t<\/div>\n\t\t\t\t<\/div>\n\t\t<div class=\"elementor-element elementor-element-1305966 e-con-full e-flex e-con e-child\" data-id=\"1305966\" data-element_type=\"container\" data-e-type=\"container\">\n\t\t\t\t<div class=\"elementor-element elementor-element-8af42fc elementor-widget elementor-widget-heading\" data-id=\"8af42fc\" data-element_type=\"widget\" data-e-type=\"widget\" data-widget_type=\"heading.default\">\n\t\t\t\t<div class=\"elementor-widget-container\">\n\t\t\t\t\t<h3 class=\"elementor-heading-title elementor-size-default\">Privacy Policy<\/h3>\t\t\t\t<\/div>\n\t\t\t\t<\/div>\n\t\t\t\t<div class=\"elementor-element elementor-element-e51166f elementor-widget elementor-widget-text-editor\" data-id=\"e51166f\" data-element_type=\"widget\" data-e-type=\"widget\" data-widget_type=\"text-editor.default\">\n\t\t\t\t<div class=\"elementor-widget-container\">\n\t\t\t\t\t\t\t\t\t<p>In order for you to enter into an agreement with us and make purchases on our website, we need the following information about you:<\/p>\n<p>Name<br \/>Adresse<br \/>Phone number<br \/>E-mailadresse<br \/>Information about what you have purchased.<\/p>\n<p>We process your personal data with the purpose of delivering the goods to you and handling inquiries regarding your purchase. The processing is done in accordance with the rules in our privacy policy for Baggaardsbaroner I\/S. Here, you can read more about how your information is processed, when it is deleted, and what rights you have as a data subject.<\/p>\t\t\t\t\t\t\t\t<\/div>\n\t\t\t\t<\/div>\n\t\t\t\t<\/div>\n\t\t\t\t<\/div>\n\t\t\t\t\t<\/div>\n\t\t\t\t<\/div>\n\t\t\t\t<\/div>","protected":false},"excerpt":{"rendered":"<p>Generelle oplysninger Baggaardsbaroner I\/SMatth\u00e6usgade 211666 K\u00f8benhavn VCVR nr.: 40210784Telefon: +45 50 58 60 68Email: rottemor@baggaardsbaroner.com Priser Du er ikke vores mor, s\u00e5 vi forbeholder os ret til fra dag til dag at \u00e6ndre i priserne uden forudg\u00e5ende samtykke. Der tages forbehold for udsolgte varer. Og almindeligt roderi. Betaling Rotterne (her er vi juridisk p\u00e5duttet at [&hellip;]<\/p>\n","protected":false},"author":1,"featured_media":0,"parent":0,"menu_order":0,"comment_status":"closed","ping_status":"closed","template":"","meta":{"_acf_changed":false,"footnotes":""},"class_list":["post-372","page","type-page","status-publish","hentry"],"acf":[],"yoast_head":"<!-- This site is optimized with the Yoast SEO plugin v27.3 - https:\/\/yoast.com\/product\/yoast-seo-wordpress\/ -->\n<title>Handelsbetingelser | Baggaardsbaroner<\/title>\n<meta name=\"robots\" content=\"index, follow, max-snippet:-1, max-image-preview:large, max-video-preview:-1\" \/>\n<link rel=\"canonical\" href=\"https:\/\/baggaardsbaroner.com\/en\/handelsbetingelser\/\" \/>\n<meta property=\"og:locale\" content=\"en_GB\" \/>\n<meta property=\"og:type\" content=\"article\" \/>\n<meta property=\"og:title\" content=\"Handelsbetingelser | Baggaardsbaroner\" \/>\n<meta property=\"og:description\" content=\"Generelle oplysninger Baggaardsbaroner I\/SMatth\u00e6usgade 211666 K\u00f8benhavn VCVR nr.: 40210784Telefon: +45 50 58 60 68Email: rottemor@baggaardsbaroner.com Priser Du er ikke vores mor, s\u00e5 vi forbeholder os ret til fra dag til dag at \u00e6ndre i priserne uden forudg\u00e5ende samtykke. Der tages forbehold for udsolgte varer. Og almindeligt roderi. Betaling Rotterne (her er vi juridisk p\u00e5duttet at [&hellip;]\" \/>\n<meta property=\"og:url\" content=\"https:\/\/baggaardsbaroner.com\/en\/handelsbetingelser\/\" \/>\n<meta property=\"og:site_name\" content=\"Baggaardsbaroner\" \/>\n<meta property=\"article:modified_time\" content=\"2025-01-24T13:02:32+00:00\" \/>\n<meta name=\"twitter:card\" content=\"summary_large_image\" \/>\n<meta name=\"twitter:label1\" content=\"Estimated reading time\" \/>\n\t<meta name=\"twitter:data1\" content=\"3 minutes\" \/>\n<script type=\"application\/ld+json\" class=\"yoast-schema-graph\">{\"@context\":\"https:\\\/\\\/schema.org\",\"@graph\":[{\"@type\":\"WebPage\",\"@id\":\"https:\\\/\\\/baggaardsbaroner.com\\\/handelsbetingelser\\\/\",\"url\":\"https:\\\/\\\/baggaardsbaroner.com\\\/handelsbetingelser\\\/\",\"name\":\"Handelsbetingelser | Baggaardsbaroner\",\"isPartOf\":{\"@id\":\"https:\\\/\\\/baggaardsbaroner.com\\\/#website\"},\"datePublished\":\"2019-12-30T12:31:16+00:00\",\"dateModified\":\"2025-01-24T13:02:32+00:00\",\"breadcrumb\":{\"@id\":\"https:\\\/\\\/baggaardsbaroner.com\\\/handelsbetingelser\\\/#breadcrumb\"},\"inLanguage\":\"en-GB\",\"potentialAction\":[{\"@type\":\"ReadAction\",\"target\":[\"https:\\\/\\\/baggaardsbaroner.com\\\/handelsbetingelser\\\/\"]}]},{\"@type\":\"BreadcrumbList\",\"@id\":\"https:\\\/\\\/baggaardsbaroner.com\\\/handelsbetingelser\\\/#breadcrumb\",\"itemListElement\":[{\"@type\":\"ListItem\",\"position\":1,\"name\":\"Forside\",\"item\":\"https:\\\/\\\/baggaardsbaroner.com\\\/\"},{\"@type\":\"ListItem\",\"position\":2,\"name\":\"Handelsbetingelser\"}]},{\"@type\":\"WebSite\",\"@id\":\"https:\\\/\\\/baggaardsbaroner.com\\\/#website\",\"url\":\"https:\\\/\\\/baggaardsbaroner.com\\\/\",\"name\":\"Baggaardsbaroner\",\"description\":\"\",\"publisher\":{\"@id\":\"https:\\\/\\\/baggaardsbaroner.com\\\/#organization\"},\"potentialAction\":[{\"@type\":\"SearchAction\",\"target\":{\"@type\":\"EntryPoint\",\"urlTemplate\":\"https:\\\/\\\/baggaardsbaroner.com\\\/?s={search_term_string}\"},\"query-input\":{\"@type\":\"PropertyValueSpecification\",\"valueRequired\":true,\"valueName\":\"search_term_string\"}}],\"inLanguage\":\"en-GB\"},{\"@type\":\"Organization\",\"@id\":\"https:\\\/\\\/baggaardsbaroner.com\\\/#organization\",\"name\":\"Baggaardsbaroner\",\"url\":\"https:\\\/\\\/baggaardsbaroner.com\\\/\",\"logo\":{\"@type\":\"ImageObject\",\"inLanguage\":\"en-GB\",\"@id\":\"https:\\\/\\\/baggaardsbaroner.com\\\/#\\\/schema\\\/logo\\\/image\\\/\",\"url\":\"https:\\\/\\\/baggaardsbaroner.com\\\/wp-content\\\/uploads\\\/logony.png\",\"contentUrl\":\"https:\\\/\\\/baggaardsbaroner.com\\\/wp-content\\\/uploads\\\/logony.png\",\"width\":263,\"height\":103,\"caption\":\"Baggaardsbaroner\"},\"image\":{\"@id\":\"https:\\\/\\\/baggaardsbaroner.com\\\/#\\\/schema\\\/logo\\\/image\\\/\"}}]}<\/script>\n<!-- \/ Yoast SEO plugin. -->","yoast_head_json":{"title":"Handelsbetingelser | Baggaardsbaroner","robots":{"index":"index","follow":"follow","max-snippet":"max-snippet:-1","max-image-preview":"max-image-preview:large","max-video-preview":"max-video-preview:-1"},"canonical":"https:\/\/baggaardsbaroner.com\/en\/handelsbetingelser\/","og_locale":"en_GB","og_type":"article","og_title":"Handelsbetingelser | Baggaardsbaroner","og_description":"Generelle oplysninger Baggaardsbaroner I\/SMatth\u00e6usgade 211666 K\u00f8benhavn VCVR nr.: 40210784Telefon: +45 50 58 60 68Email: rottemor@baggaardsbaroner.com Priser Du er ikke vores mor, s\u00e5 vi forbeholder os ret til fra dag til dag at \u00e6ndre i priserne uden forudg\u00e5ende samtykke. Der tages forbehold for udsolgte varer. Og almindeligt roderi. Betaling Rotterne (her er vi juridisk p\u00e5duttet at [&hellip;]","og_url":"https:\/\/baggaardsbaroner.com\/en\/handelsbetingelser\/","og_site_name":"Baggaardsbaroner","article_modified_time":"2025-01-24T13:02:32+00:00","twitter_card":"summary_large_image","twitter_misc":{"Estimated reading time":"3 minutes"},"schema":{"@context":"https:\/\/schema.org","@graph":[{"@type":"WebPage","@id":"https:\/\/baggaardsbaroner.com\/handelsbetingelser\/","url":"https:\/\/baggaardsbaroner.com\/handelsbetingelser\/","name":"Handelsbetingelser | Baggaardsbaroner","isPartOf":{"@id":"https:\/\/baggaardsbaroner.com\/#website"},"datePublished":"2019-12-30T12:31:16+00:00","dateModified":"2025-01-24T13:02:32+00:00","breadcrumb":{"@id":"https:\/\/baggaardsbaroner.com\/handelsbetingelser\/#breadcrumb"},"inLanguage":"en-GB","potentialAction":[{"@type":"ReadAction","target":["https:\/\/baggaardsbaroner.com\/handelsbetingelser\/"]}]},{"@type":"BreadcrumbList","@id":"https:\/\/baggaardsbaroner.com\/handelsbetingelser\/#breadcrumb","itemListElement":[{"@type":"ListItem","position":1,"name":"Forside","item":"https:\/\/baggaardsbaroner.com\/"},{"@type":"ListItem","position":2,"name":"Handelsbetingelser"}]},{"@type":"WebSite","@id":"https:\/\/baggaardsbaroner.com\/#website","url":"https:\/\/baggaardsbaroner.com\/","name":"Baggaardsbaroner","description":"","publisher":{"@id":"https:\/\/baggaardsbaroner.com\/#organization"},"potentialAction":[{"@type":"SearchAction","target":{"@type":"EntryPoint","urlTemplate":"https:\/\/baggaardsbaroner.com\/?s={search_term_string}"},"query-input":{"@type":"PropertyValueSpecification","valueRequired":true,"valueName":"search_term_string"}}],"inLanguage":"en-GB"},{"@type":"Organization","@id":"https:\/\/baggaardsbaroner.com\/#organization","name":"Baggaardsbaroner","url":"https:\/\/baggaardsbaroner.com\/","logo":{"@type":"ImageObject","inLanguage":"en-GB","@id":"https:\/\/baggaardsbaroner.com\/#\/schema\/logo\/image\/","url":"https:\/\/baggaardsbaroner.com\/wp-content\/uploads\/logony.png","contentUrl":"https:\/\/baggaardsbaroner.com\/wp-content\/uploads\/logony.png","width":263,"height":103,"caption":"Baggaardsbaroner"},"image":{"@id":"https:\/\/baggaardsbaroner.com\/#\/schema\/logo\/image\/"}}]}},"_links":{"self":[{"href":"https:\/\/baggaardsbaroner.com\/en\/wp-json\/wp\/v2\/pages\/372","targetHints":{"allow":["GET"]}}],"collection":[{"href":"https:\/\/baggaardsbaroner.com\/en\/wp-json\/wp\/v2\/pages"}],"about":[{"href":"https:\/\/baggaardsbaroner.com\/en\/wp-json\/wp\/v2\/types\/page"}],"author":[{"embeddable":true,"href":"https:\/\/baggaardsbaroner.com\/en\/wp-json\/wp\/v2\/users\/1"}],"replies":[{"embeddable":true,"href":"https:\/\/baggaardsbaroner.com\/en\/wp-json\/wp\/v2\/comments?post=372"}],"version-history":[{"count":20,"href":"https:\/\/baggaardsbaroner.com\/en\/wp-json\/wp\/v2\/pages\/372\/revisions"}],"predecessor-version":[{"id":7007,"href":"https:\/\/baggaardsbaroner.com\/en\/wp-json\/wp\/v2\/pages\/372\/revisions\/7007"}],"wp:attachment":[{"href":"https:\/\/baggaardsbaroner.com\/en\/wp-json\/wp\/v2\/media?parent=372"}],"curies":[{"name":"wp","href":"https:\/\/api.w.org\/{rel}","templated":true}]}}