{"id":6395,"date":"2025-01-23T14:58:38","date_gmt":"2025-01-23T13:58:38","guid":{"rendered":"https:\/\/baggaardsbaroner.com\/\/?post_type=product&#038;p=6395"},"modified":"2025-11-10T18:29:43","modified_gmt":"2025-11-10T17:29:43","slug":"stavnsbaand","status":"publish","type":"product","link":"https:\/\/baggaardsbaroner.com\/en\/product\/stavnsbaand\/","title":{"rendered":"Serfdom"},"content":{"rendered":"<p><strong>WINNER OF THE BEST BOOK DESIGN OF THE YEAR<\/strong><\/p>\n<p>\u2605 \u2605 \u2605 \u2605 \u2605<\/p>\n<p>\"Backyard barons invite you to life-philosophical self-reflection and to puzzle with everything we think we know. I send my warmest recommendations.\"<br \/>\n<em>&#8211; Modspor<\/em><\/p>\n<p>Stavnsb\u00e5nd is a small, intense novel about manipulation, self-harm, and how much one is willing to sacrifice for great love. For who can you trust when there are only two people in a claustrophobic relationship, and no one has a monopoly on the truth?<\/p>\n<p>Anna Schmidt Andersen, born 1992, holds a Master's degree in Danish, and is a writer and translator. She has a knack for writing books that make people feel somewhat uncomfortable while reading. Her texts often take inspiration from places and memories. She debuted as an author in 2017 under a pseudonym and now works as an editor at Forlaget Forl\u00e6ns. She is very fond of cats, and less so of people.<\/p>\n<p>Baggaardens Baglommeb\u00f8ger is a series of independent and conclusive short forms that serve as an introduction to overlooked or curious voices in Danish literature.<br \/>\nZven Balslev, known for his challenging and surreal style, is affiliated as the cover illustrator for the series.<\/p>\n<p>Serfdom is number 4 in the series Back Pocket Books.<br \/>\nThe author's fee for the publication is donated to Kattens V\u00e6rn.<\/p>","protected":false},"excerpt":{"rendered":"<p><strong>WINNER OF THE BEST BOOK DESIGN OF THE YEAR<\/strong><\/p>\n<p>\u2605 \u2605 \u2605 \u2605 \u2605<\/p>\n<p>\"Backyard barons invite life-philosophical self-reflection and to puzzle with everything we think we know.<br \/>\nI send my warmest recommendations.\"<br \/>\n<em>&#8211; Modspor<\/em><\/p>\n<p>Stavnsb\u00e5nd is a small, intense novel about manipulation, self-harm, and how much one is willing to sacrifice for great love. For who can you trust when there are only two people in a claustrophobic relationship, and no one has a monopoly on the truth?<\/p>","protected":false},"featured_media":6431,"template":"","meta":{"_acf_changed":false},"product_brand":[],"product_cat":[81],"product_tag":[],"class_list":{"0":"post-6395","1":"product","2":"type-product","3":"status-publish","4":"has-post-thumbnail","6":"product_cat-boeger","8":"first","9":"instock","10":"taxable","11":"shipping-taxable","12":"purchasable","13":"product-type-simple"},"acf":[],"yoast_head":"<!-- This site is optimized with the Yoast SEO plugin v27.4 - https:\/\/yoast.com\/product\/yoast-seo-wordpress\/ -->\n<title>Stavnsb\u00e5nd | Baggaardsbaroner<\/title>\n<meta name=\"robots\" content=\"index, follow, max-snippet:-1, max-image-preview:large, max-video-preview:-1\" \/>\n<link rel=\"canonical\" href=\"https:\/\/baggaardsbaroner.com\/en\/product\/stavnsbaand\/\" \/>\n<meta property=\"og:locale\" content=\"en_GB\" \/>\n<meta property=\"og:type\" content=\"article\" \/>\n<meta property=\"og:title\" content=\"Stavnsb\u00e5nd | Baggaardsbaroner\" \/>\n<meta property=\"og:description\" content=\"VINDER AF \u00c5RETS BEDSTE BOGARBEJDE  \u2605 \u2605 \u2605 \u2605 \u2605  \u201dBaggaardsbaroner byder op til livsfilosofisk selvrefleksion og til at puslespille med alt det, vi tror, vi ved. Jeg sender mine varmeste anbefalinger\u201d - Modspor  Stavnsb\u00e5nd er en lille, fort\u00e6ttet roman om manipulation, om selvskade og om, hvor meget man vil ofre for den store k\u00e6rlighed. For hvem kan man stole p\u00e5, n\u00e5r man kun er to mennesker i et klaustrofobisk forhold, og ingen har patent p\u00e5 sandheden?\" \/>\n<meta property=\"og:url\" content=\"https:\/\/baggaardsbaroner.com\/en\/product\/stavnsbaand\/\" \/>\n<meta property=\"og:site_name\" content=\"Baggaardsbaroner\" \/>\n<meta property=\"article:modified_time\" content=\"2025-11-10T17:29:43+00:00\" \/>\n<meta property=\"og:image\" content=\"https:\/\/baggaardsbaroner.com\/wp-content\/uploads\/Baglomme_stavnsbaand_1-scaled-1.webp\" \/>\n\t<meta property=\"og:image:width\" content=\"1200\" \/>\n\t<meta property=\"og:image:height\" content=\"1200\" \/>\n\t<meta property=\"og:image:type\" content=\"image\/webp\" \/>\n<meta name=\"twitter:card\" content=\"summary_large_image\" \/>\n<meta name=\"twitter:label1\" content=\"Estimated reading time\" \/>\n\t<meta name=\"twitter:data1\" content=\"2 minutes\" \/>\n<script type=\"application\/ld+json\" class=\"yoast-schema-graph\">{\"@context\":\"https:\\\/\\\/schema.org\",\"@graph\":[{\"@type\":\"WebPage\",\"@id\":\"https:\\\/\\\/baggaardsbaroner.com\\\/vare\\\/stavnsbaand\\\/\",\"url\":\"https:\\\/\\\/baggaardsbaroner.com\\\/vare\\\/stavnsbaand\\\/\",\"name\":\"Stavnsb\u00e5nd | Baggaardsbaroner\",\"isPartOf\":{\"@id\":\"https:\\\/\\\/baggaardsbaroner.com\\\/#website\"},\"primaryImageOfPage\":{\"@id\":\"https:\\\/\\\/baggaardsbaroner.com\\\/vare\\\/stavnsbaand\\\/#primaryimage\"},\"image\":{\"@id\":\"https:\\\/\\\/baggaardsbaroner.com\\\/vare\\\/stavnsbaand\\\/#primaryimage\"},\"thumbnailUrl\":\"https:\\\/\\\/baggaardsbaroner.com\\\/wp-content\\\/uploads\\\/Baglomme_stavnsbaand_1-scaled-1.webp\",\"datePublished\":\"2025-01-23T13:58:38+00:00\",\"dateModified\":\"2025-11-10T17:29:43+00:00\",\"breadcrumb\":{\"@id\":\"https:\\\/\\\/baggaardsbaroner.com\\\/vare\\\/stavnsbaand\\\/#breadcrumb\"},\"inLanguage\":\"en-GB\",\"potentialAction\":[{\"@type\":\"ReadAction\",\"target\":[\"https:\\\/\\\/baggaardsbaroner.com\\\/vare\\\/stavnsbaand\\\/\"]}]},{\"@type\":\"ImageObject\",\"inLanguage\":\"en-GB\",\"@id\":\"https:\\\/\\\/baggaardsbaroner.com\\\/vare\\\/stavnsbaand\\\/#primaryimage\",\"url\":\"https:\\\/\\\/baggaardsbaroner.com\\\/wp-content\\\/uploads\\\/Baglomme_stavnsbaand_1-scaled-1.webp\",\"contentUrl\":\"https:\\\/\\\/baggaardsbaroner.com\\\/wp-content\\\/uploads\\\/Baglomme_stavnsbaand_1-scaled-1.webp\",\"width\":1200,\"height\":1200},{\"@type\":\"BreadcrumbList\",\"@id\":\"https:\\\/\\\/baggaardsbaroner.com\\\/vare\\\/stavnsbaand\\\/#breadcrumb\",\"itemListElement\":[{\"@type\":\"ListItem\",\"position\":1,\"name\":\"Forside\",\"item\":\"https:\\\/\\\/baggaardsbaroner.com\\\/\"},{\"@type\":\"ListItem\",\"position\":2,\"name\":\"Shop\",\"item\":\"https:\\\/\\\/baggaardsbaroner.com\\\/shop\\\/\"},{\"@type\":\"ListItem\",\"position\":3,\"name\":\"B\u00f8ger\",\"item\":\"https:\\\/\\\/baggaardsbaroner.com\\\/kategori\\\/boeger\\\/\"},{\"@type\":\"ListItem\",\"position\":4,\"name\":\"Stavnsb\u00e5nd\"}]},{\"@type\":\"WebSite\",\"@id\":\"https:\\\/\\\/baggaardsbaroner.com\\\/#website\",\"url\":\"https:\\\/\\\/baggaardsbaroner.com\\\/\",\"name\":\"Baggaardsbaroner\",\"description\":\"\",\"publisher\":{\"@id\":\"https:\\\/\\\/baggaardsbaroner.com\\\/#organization\"},\"potentialAction\":[{\"@type\":\"SearchAction\",\"target\":{\"@type\":\"EntryPoint\",\"urlTemplate\":\"https:\\\/\\\/baggaardsbaroner.com\\\/?s={search_term_string}\"},\"query-input\":{\"@type\":\"PropertyValueSpecification\",\"valueRequired\":true,\"valueName\":\"search_term_string\"}}],\"inLanguage\":\"en-GB\"},{\"@type\":\"Organization\",\"@id\":\"https:\\\/\\\/baggaardsbaroner.com\\\/#organization\",\"name\":\"Baggaardsbaroner\",\"url\":\"https:\\\/\\\/baggaardsbaroner.com\\\/\",\"logo\":{\"@type\":\"ImageObject\",\"inLanguage\":\"en-GB\",\"@id\":\"https:\\\/\\\/baggaardsbaroner.com\\\/#\\\/schema\\\/logo\\\/image\\\/\",\"url\":\"https:\\\/\\\/baggaardsbaroner.com\\\/wp-content\\\/uploads\\\/logony.png\",\"contentUrl\":\"https:\\\/\\\/baggaardsbaroner.com\\\/wp-content\\\/uploads\\\/logony.png\",\"width\":263,\"height\":103,\"caption\":\"Baggaardsbaroner\"},\"image\":{\"@id\":\"https:\\\/\\\/baggaardsbaroner.com\\\/#\\\/schema\\\/logo\\\/image\\\/\"}}]}<\/script>\n<!-- \/ Yoast SEO plugin. -->","yoast_head_json":{"title":"Stavnsb\u00e5nd | Baggaardsbaroner","robots":{"index":"index","follow":"follow","max-snippet":"max-snippet:-1","max-image-preview":"max-image-preview:large","max-video-preview":"max-video-preview:-1"},"canonical":"https:\/\/baggaardsbaroner.com\/en\/product\/stavnsbaand\/","og_locale":"en_GB","og_type":"article","og_title":"Stavnsb\u00e5nd | Baggaardsbaroner","og_description":"VINDER AF \u00c5RETS BEDSTE BOGARBEJDE  \u2605 \u2605 \u2605 \u2605 \u2605  \u201dBaggaardsbaroner byder op til livsfilosofisk selvrefleksion og til at puslespille med alt det, vi tror, vi ved. Jeg sender mine varmeste anbefalinger\u201d - Modspor  Stavnsb\u00e5nd er en lille, fort\u00e6ttet roman om manipulation, om selvskade og om, hvor meget man vil ofre for den store k\u00e6rlighed. For hvem kan man stole p\u00e5, n\u00e5r man kun er to mennesker i et klaustrofobisk forhold, og ingen har patent p\u00e5 sandheden?","og_url":"https:\/\/baggaardsbaroner.com\/en\/product\/stavnsbaand\/","og_site_name":"Baggaardsbaroner","article_modified_time":"2025-11-10T17:29:43+00:00","og_image":[{"width":1200,"height":1200,"url":"https:\/\/baggaardsbaroner.com\/wp-content\/uploads\/Baglomme_stavnsbaand_1-scaled-1.webp","type":"image\/webp"}],"twitter_card":"summary_large_image","twitter_misc":{"Estimated reading time":"2 minutes"},"schema":{"@context":"https:\/\/schema.org","@graph":[{"@type":"WebPage","@id":"https:\/\/baggaardsbaroner.com\/vare\/stavnsbaand\/","url":"https:\/\/baggaardsbaroner.com\/vare\/stavnsbaand\/","name":"Stavnsb\u00e5nd | Baggaardsbaroner","isPartOf":{"@id":"https:\/\/baggaardsbaroner.com\/#website"},"primaryImageOfPage":{"@id":"https:\/\/baggaardsbaroner.com\/vare\/stavnsbaand\/#primaryimage"},"image":{"@id":"https:\/\/baggaardsbaroner.com\/vare\/stavnsbaand\/#primaryimage"},"thumbnailUrl":"https:\/\/baggaardsbaroner.com\/wp-content\/uploads\/Baglomme_stavnsbaand_1-scaled-1.webp","datePublished":"2025-01-23T13:58:38+00:00","dateModified":"2025-11-10T17:29:43+00:00","breadcrumb":{"@id":"https:\/\/baggaardsbaroner.com\/vare\/stavnsbaand\/#breadcrumb"},"inLanguage":"en-GB","potentialAction":[{"@type":"ReadAction","target":["https:\/\/baggaardsbaroner.com\/vare\/stavnsbaand\/"]}]},{"@type":"ImageObject","inLanguage":"en-GB","@id":"https:\/\/baggaardsbaroner.com\/vare\/stavnsbaand\/#primaryimage","url":"https:\/\/baggaardsbaroner.com\/wp-content\/uploads\/Baglomme_stavnsbaand_1-scaled-1.webp","contentUrl":"https:\/\/baggaardsbaroner.com\/wp-content\/uploads\/Baglomme_stavnsbaand_1-scaled-1.webp","width":1200,"height":1200},{"@type":"BreadcrumbList","@id":"https:\/\/baggaardsbaroner.com\/vare\/stavnsbaand\/#breadcrumb","itemListElement":[{"@type":"ListItem","position":1,"name":"Forside","item":"https:\/\/baggaardsbaroner.com\/"},{"@type":"ListItem","position":2,"name":"Shop","item":"https:\/\/baggaardsbaroner.com\/shop\/"},{"@type":"ListItem","position":3,"name":"B\u00f8ger","item":"https:\/\/baggaardsbaroner.com\/kategori\/boeger\/"},{"@type":"ListItem","position":4,"name":"Stavnsb\u00e5nd"}]},{"@type":"WebSite","@id":"https:\/\/baggaardsbaroner.com\/#website","url":"https:\/\/baggaardsbaroner.com\/","name":"Baggaardsbaroner","description":"","publisher":{"@id":"https:\/\/baggaardsbaroner.com\/#organization"},"potentialAction":[{"@type":"SearchAction","target":{"@type":"EntryPoint","urlTemplate":"https:\/\/baggaardsbaroner.com\/?s={search_term_string}"},"query-input":{"@type":"PropertyValueSpecification","valueRequired":true,"valueName":"search_term_string"}}],"inLanguage":"en-GB"},{"@type":"Organization","@id":"https:\/\/baggaardsbaroner.com\/#organization","name":"Baggaardsbaroner","url":"https:\/\/baggaardsbaroner.com\/","logo":{"@type":"ImageObject","inLanguage":"en-GB","@id":"https:\/\/baggaardsbaroner.com\/#\/schema\/logo\/image\/","url":"https:\/\/baggaardsbaroner.com\/wp-content\/uploads\/logony.png","contentUrl":"https:\/\/baggaardsbaroner.com\/wp-content\/uploads\/logony.png","width":263,"height":103,"caption":"Baggaardsbaroner"},"image":{"@id":"https:\/\/baggaardsbaroner.com\/#\/schema\/logo\/image\/"}}]}},"_links":{"self":[{"href":"https:\/\/baggaardsbaroner.com\/en\/wp-json\/wp\/v2\/product\/6395","targetHints":{"allow":["GET"]}}],"collection":[{"href":"https:\/\/baggaardsbaroner.com\/en\/wp-json\/wp\/v2\/product"}],"about":[{"href":"https:\/\/baggaardsbaroner.com\/en\/wp-json\/wp\/v2\/types\/product"}],"version-history":[{"count":4,"href":"https:\/\/baggaardsbaroner.com\/en\/wp-json\/wp\/v2\/product\/6395\/revisions"}],"predecessor-version":[{"id":7230,"href":"https:\/\/baggaardsbaroner.com\/en\/wp-json\/wp\/v2\/product\/6395\/revisions\/7230"}],"wp:featuredmedia":[{"embeddable":true,"href":"https:\/\/baggaardsbaroner.com\/en\/wp-json\/wp\/v2\/media\/6431"}],"wp:attachment":[{"href":"https:\/\/baggaardsbaroner.com\/en\/wp-json\/wp\/v2\/media?parent=6395"}],"wp:term":[{"taxonomy":"product_brand","embeddable":true,"href":"https:\/\/baggaardsbaroner.com\/en\/wp-json\/wp\/v2\/product_brand?post=6395"},{"taxonomy":"product_cat","embeddable":true,"href":"https:\/\/baggaardsbaroner.com\/en\/wp-json\/wp\/v2\/product_cat?post=6395"},{"taxonomy":"product_tag","embeddable":true,"href":"https:\/\/baggaardsbaroner.com\/en\/wp-json\/wp\/v2\/product_tag?post=6395"}],"curies":[{"name":"wp","href":"https:\/\/api.w.org\/{rel}","templated":true}]}}