{"id":6451,"date":"2025-01-23T14:50:50","date_gmt":"2025-01-23T13:50:50","guid":{"rendered":"https:\/\/baggaardsbaroner.com\/\/?post_type=product&#038;p=6451"},"modified":"2025-07-09T10:49:31","modified_gmt":"2025-07-09T08:49:31","slug":"nat-over-vandholdt","status":"publish","type":"product","link":"https:\/\/baggaardsbaroner.com\/en\/product\/nat-over-vandholdt\/","title":{"rendered":"Night Over Vandholt"},"content":{"rendered":"<p>\u2605 \u2605 \u2605 \u2605 \u2605 \u2605<br \/>\n\"It all exudes the same obsession-like love and attention to detail that Langkow put into the creation of his coins and letters.\"<br \/>\n<em>&#8211; Bogmarkedet<\/em><\/p>\n<p><strong>NIGHT OVER WATERHOLE<\/strong><br \/>\nAfter several years of being left in the dark under a coffin in Christian Kirk's crypt, Kund Langkow's (Dunk Wokgnal) mysterious manuscript Night Over Waterhole finally sees the light of day.<br \/>\nThe dubious work has mutated into a hellishly delightful release with an afterword by Satan himself (Denmark's first black metal frontman Ustumallagam), gothic handwriting, obscure images, satanic seals, and a biographical foreword by Rikke Mia Skovdal.<\/p>\n<p>Let Dunk Wokgnal (1931-2004) lead you into temptation as he, with his curious voice, blends classic 70s new realism with occultism and true Satan worship. The unbelieving waterhole dwellers' gruesome deeds are concealed behind a jovial jargon and simple dialogues that seem both grotesque and satirical. Wokgnal's previously overlooked literary work conjures a bizarrely humorous piece that entertains and provokes \u2013 just as he himself preferred it.<\/p>\n<p><strong>CURSED BE THE WATERHOLE<\/strong><br \/>\nWhen the drunken Mikkel is summoned to the island of Vandholt to attend his father's funeral, he has no inkling of the mentally exhausting nightmare he is about to endure. Mikkel inherits his father's pleasure house, where well-paying tourists can satisfy even the most bizarre desires.<\/p>\n<p>But behind the local community's jovial naivety and peculiar sexual escapades lie darker secrets. What occult deeds does the conspiratorial local community protect? Do the dead walk among the living on Vandholt, or is Mikkel on the verge of losing his mind?<\/p>","protected":false},"excerpt":{"rendered":"<p>After several years of being left in the dark under a coffin in Christian Kirk's crypt, Kund Langkow's (Dunk Wokgnal) mysterious manuscript Night Over Waterhole finally sees the light of day.<br \/>\nThe dubious work has mutated into a hellishly delightful release with an afterword by Satan himself (Denmark's first black metal frontman Ustumallagam), gothic handwriting, obscure images, satanic seals, and a biographical foreword by Rikke Mia Skovdal.<\/p>\n<p>Let Dunk Wokgnal (1931-2004) lead you into temptation as he, with his curious voice, blends classic 70s new realism with occultism and true Satan worship. The unbelieving waterhole dwellers' gruesome deeds are concealed behind a jovial jargon and simple dialogues that seem both grotesque and satirical. Wokgnal's previously overlooked literary work conjures a bizarrely humorous piece that entertains and provokes \u2013 just as he himself preferred it.<\/p>","protected":false},"featured_media":6452,"template":"","meta":{"_acf_changed":false},"product_brand":[],"product_cat":[81],"product_tag":[],"class_list":{"0":"post-6451","1":"product","2":"type-product","3":"status-publish","4":"has-post-thumbnail","6":"product_cat-boeger","8":"first","9":"instock","10":"taxable","11":"shipping-taxable","12":"purchasable","13":"product-type-simple"},"acf":[],"yoast_head":"<!-- This site is optimized with the Yoast SEO plugin v27.4 - https:\/\/yoast.com\/product\/yoast-seo-wordpress\/ -->\n<title>Nat over vandholdt | Baggaardsbaroner<\/title>\n<meta name=\"robots\" content=\"index, follow, max-snippet:-1, max-image-preview:large, max-video-preview:-1\" \/>\n<link rel=\"canonical\" href=\"https:\/\/baggaardsbaroner.com\/en\/product\/nat-over-vandholdt\/\" \/>\n<meta property=\"og:locale\" content=\"en_GB\" \/>\n<meta property=\"og:type\" content=\"article\" \/>\n<meta property=\"og:title\" content=\"Nat over vandholdt | Baggaardsbaroner\" \/>\n<meta property=\"og:description\" content=\"Efter flere \u00e5rs henl\u00e6ggelse i m\u00f8rket under en kiste i Christian Kirkes krypt, kommer Kund Langkows (Dunk Wokgnal) mystiske manus &#039;Nat over vandholt&#039; endelig frem i lyset. Det tvivlsomme v\u00e6rket er muteret til en helvedes l\u00e6kker udgivelse med efterord af Satan selv (Danmarks f\u00f8rste black metalforsanger Ustumallagam), gotisk h\u00e5ndskrift, obskure billeder, satansegl og biografisk forord af Rikke Mia Skovdal.  Lad Dunk Wokgnal (1931-2004) lede dig ind i fristelse, n\u00e5r han med sin kuri\u00f8se stemme forener klassisk 70\u2019er nyrealisme med okkultisme og \u00e6gte satandyrkelse. De vantro vandholteres grufulde gerninger bliver skjult bag en jovial jargon og enfoldige dialoger, der virker b\u00e5de groteske og satiriske. Wokgnals hidtil oversete litter\u00e6re virke fremmaner et bizart-humoristisk v\u00e6rk, der underholder og provokerer \u2013 lige som han selv bedst kunne lide det.\" \/>\n<meta property=\"og:url\" content=\"https:\/\/baggaardsbaroner.com\/en\/product\/nat-over-vandholdt\/\" \/>\n<meta property=\"og:site_name\" content=\"Baggaardsbaroner\" \/>\n<meta property=\"article:modified_time\" content=\"2025-07-09T08:49:31+00:00\" \/>\n<meta property=\"og:image\" content=\"https:\/\/baggaardsbaroner.com\/wp-content\/uploads\/Nat-over-vandholt_1-1-scaled-1.webp\" \/>\n\t<meta property=\"og:image:width\" content=\"1200\" \/>\n\t<meta property=\"og:image:height\" content=\"1200\" \/>\n\t<meta property=\"og:image:type\" content=\"image\/webp\" \/>\n<meta name=\"twitter:card\" content=\"summary_large_image\" \/>\n<meta name=\"twitter:label1\" content=\"Estimated reading time\" \/>\n\t<meta name=\"twitter:data1\" content=\"2 minutes\" \/>\n<script type=\"application\/ld+json\" class=\"yoast-schema-graph\">{\"@context\":\"https:\\\/\\\/schema.org\",\"@graph\":[{\"@type\":\"WebPage\",\"@id\":\"https:\\\/\\\/baggaardsbaroner.com\\\/vare\\\/nat-over-vandholdt\\\/\",\"url\":\"https:\\\/\\\/baggaardsbaroner.com\\\/vare\\\/nat-over-vandholdt\\\/\",\"name\":\"Nat over vandholdt | Baggaardsbaroner\",\"isPartOf\":{\"@id\":\"https:\\\/\\\/baggaardsbaroner.com\\\/#website\"},\"primaryImageOfPage\":{\"@id\":\"https:\\\/\\\/baggaardsbaroner.com\\\/vare\\\/nat-over-vandholdt\\\/#primaryimage\"},\"image\":{\"@id\":\"https:\\\/\\\/baggaardsbaroner.com\\\/vare\\\/nat-over-vandholdt\\\/#primaryimage\"},\"thumbnailUrl\":\"https:\\\/\\\/baggaardsbaroner.com\\\/wp-content\\\/uploads\\\/Nat-over-vandholt_1-1-scaled-1.webp\",\"datePublished\":\"2025-01-23T13:50:50+00:00\",\"dateModified\":\"2025-07-09T08:49:31+00:00\",\"breadcrumb\":{\"@id\":\"https:\\\/\\\/baggaardsbaroner.com\\\/vare\\\/nat-over-vandholdt\\\/#breadcrumb\"},\"inLanguage\":\"en-GB\",\"potentialAction\":[{\"@type\":\"ReadAction\",\"target\":[\"https:\\\/\\\/baggaardsbaroner.com\\\/vare\\\/nat-over-vandholdt\\\/\"]}]},{\"@type\":\"ImageObject\",\"inLanguage\":\"en-GB\",\"@id\":\"https:\\\/\\\/baggaardsbaroner.com\\\/vare\\\/nat-over-vandholdt\\\/#primaryimage\",\"url\":\"https:\\\/\\\/baggaardsbaroner.com\\\/wp-content\\\/uploads\\\/Nat-over-vandholt_1-1-scaled-1.webp\",\"contentUrl\":\"https:\\\/\\\/baggaardsbaroner.com\\\/wp-content\\\/uploads\\\/Nat-over-vandholt_1-1-scaled-1.webp\",\"width\":1200,\"height\":1200},{\"@type\":\"BreadcrumbList\",\"@id\":\"https:\\\/\\\/baggaardsbaroner.com\\\/vare\\\/nat-over-vandholdt\\\/#breadcrumb\",\"itemListElement\":[{\"@type\":\"ListItem\",\"position\":1,\"name\":\"Forside\",\"item\":\"https:\\\/\\\/baggaardsbaroner.com\\\/\"},{\"@type\":\"ListItem\",\"position\":2,\"name\":\"Shop\",\"item\":\"https:\\\/\\\/baggaardsbaroner.com\\\/shop\\\/\"},{\"@type\":\"ListItem\",\"position\":3,\"name\":\"B\u00f8ger\",\"item\":\"https:\\\/\\\/baggaardsbaroner.com\\\/kategori\\\/boeger\\\/\"},{\"@type\":\"ListItem\",\"position\":4,\"name\":\"Nat over vandholdt\"}]},{\"@type\":\"WebSite\",\"@id\":\"https:\\\/\\\/baggaardsbaroner.com\\\/#website\",\"url\":\"https:\\\/\\\/baggaardsbaroner.com\\\/\",\"name\":\"Baggaardsbaroner\",\"description\":\"\",\"publisher\":{\"@id\":\"https:\\\/\\\/baggaardsbaroner.com\\\/#organization\"},\"potentialAction\":[{\"@type\":\"SearchAction\",\"target\":{\"@type\":\"EntryPoint\",\"urlTemplate\":\"https:\\\/\\\/baggaardsbaroner.com\\\/?s={search_term_string}\"},\"query-input\":{\"@type\":\"PropertyValueSpecification\",\"valueRequired\":true,\"valueName\":\"search_term_string\"}}],\"inLanguage\":\"en-GB\"},{\"@type\":\"Organization\",\"@id\":\"https:\\\/\\\/baggaardsbaroner.com\\\/#organization\",\"name\":\"Baggaardsbaroner\",\"url\":\"https:\\\/\\\/baggaardsbaroner.com\\\/\",\"logo\":{\"@type\":\"ImageObject\",\"inLanguage\":\"en-GB\",\"@id\":\"https:\\\/\\\/baggaardsbaroner.com\\\/#\\\/schema\\\/logo\\\/image\\\/\",\"url\":\"https:\\\/\\\/baggaardsbaroner.com\\\/wp-content\\\/uploads\\\/logony.png\",\"contentUrl\":\"https:\\\/\\\/baggaardsbaroner.com\\\/wp-content\\\/uploads\\\/logony.png\",\"width\":263,\"height\":103,\"caption\":\"Baggaardsbaroner\"},\"image\":{\"@id\":\"https:\\\/\\\/baggaardsbaroner.com\\\/#\\\/schema\\\/logo\\\/image\\\/\"}}]}<\/script>\n<!-- \/ Yoast SEO plugin. -->","yoast_head_json":{"title":"Nat over vandholdt | Baggaardsbaroner","robots":{"index":"index","follow":"follow","max-snippet":"max-snippet:-1","max-image-preview":"max-image-preview:large","max-video-preview":"max-video-preview:-1"},"canonical":"https:\/\/baggaardsbaroner.com\/en\/product\/nat-over-vandholdt\/","og_locale":"en_GB","og_type":"article","og_title":"Nat over vandholdt | Baggaardsbaroner","og_description":"Efter flere \u00e5rs henl\u00e6ggelse i m\u00f8rket under en kiste i Christian Kirkes krypt, kommer Kund Langkows (Dunk Wokgnal) mystiske manus 'Nat over vandholt' endelig frem i lyset. Det tvivlsomme v\u00e6rket er muteret til en helvedes l\u00e6kker udgivelse med efterord af Satan selv (Danmarks f\u00f8rste black metalforsanger Ustumallagam), gotisk h\u00e5ndskrift, obskure billeder, satansegl og biografisk forord af Rikke Mia Skovdal.  Lad Dunk Wokgnal (1931-2004) lede dig ind i fristelse, n\u00e5r han med sin kuri\u00f8se stemme forener klassisk 70\u2019er nyrealisme med okkultisme og \u00e6gte satandyrkelse. De vantro vandholteres grufulde gerninger bliver skjult bag en jovial jargon og enfoldige dialoger, der virker b\u00e5de groteske og satiriske. Wokgnals hidtil oversete litter\u00e6re virke fremmaner et bizart-humoristisk v\u00e6rk, der underholder og provokerer \u2013 lige som han selv bedst kunne lide det.","og_url":"https:\/\/baggaardsbaroner.com\/en\/product\/nat-over-vandholdt\/","og_site_name":"Baggaardsbaroner","article_modified_time":"2025-07-09T08:49:31+00:00","og_image":[{"width":1200,"height":1200,"url":"https:\/\/baggaardsbaroner.com\/wp-content\/uploads\/Nat-over-vandholt_1-1-scaled-1.webp","type":"image\/webp"}],"twitter_card":"summary_large_image","twitter_misc":{"Estimated reading time":"2 minutes"},"schema":{"@context":"https:\/\/schema.org","@graph":[{"@type":"WebPage","@id":"https:\/\/baggaardsbaroner.com\/vare\/nat-over-vandholdt\/","url":"https:\/\/baggaardsbaroner.com\/vare\/nat-over-vandholdt\/","name":"Nat over vandholdt | Baggaardsbaroner","isPartOf":{"@id":"https:\/\/baggaardsbaroner.com\/#website"},"primaryImageOfPage":{"@id":"https:\/\/baggaardsbaroner.com\/vare\/nat-over-vandholdt\/#primaryimage"},"image":{"@id":"https:\/\/baggaardsbaroner.com\/vare\/nat-over-vandholdt\/#primaryimage"},"thumbnailUrl":"https:\/\/baggaardsbaroner.com\/wp-content\/uploads\/Nat-over-vandholt_1-1-scaled-1.webp","datePublished":"2025-01-23T13:50:50+00:00","dateModified":"2025-07-09T08:49:31+00:00","breadcrumb":{"@id":"https:\/\/baggaardsbaroner.com\/vare\/nat-over-vandholdt\/#breadcrumb"},"inLanguage":"en-GB","potentialAction":[{"@type":"ReadAction","target":["https:\/\/baggaardsbaroner.com\/vare\/nat-over-vandholdt\/"]}]},{"@type":"ImageObject","inLanguage":"en-GB","@id":"https:\/\/baggaardsbaroner.com\/vare\/nat-over-vandholdt\/#primaryimage","url":"https:\/\/baggaardsbaroner.com\/wp-content\/uploads\/Nat-over-vandholt_1-1-scaled-1.webp","contentUrl":"https:\/\/baggaardsbaroner.com\/wp-content\/uploads\/Nat-over-vandholt_1-1-scaled-1.webp","width":1200,"height":1200},{"@type":"BreadcrumbList","@id":"https:\/\/baggaardsbaroner.com\/vare\/nat-over-vandholdt\/#breadcrumb","itemListElement":[{"@type":"ListItem","position":1,"name":"Forside","item":"https:\/\/baggaardsbaroner.com\/"},{"@type":"ListItem","position":2,"name":"Shop","item":"https:\/\/baggaardsbaroner.com\/shop\/"},{"@type":"ListItem","position":3,"name":"B\u00f8ger","item":"https:\/\/baggaardsbaroner.com\/kategori\/boeger\/"},{"@type":"ListItem","position":4,"name":"Nat over vandholdt"}]},{"@type":"WebSite","@id":"https:\/\/baggaardsbaroner.com\/#website","url":"https:\/\/baggaardsbaroner.com\/","name":"Baggaardsbaroner","description":"","publisher":{"@id":"https:\/\/baggaardsbaroner.com\/#organization"},"potentialAction":[{"@type":"SearchAction","target":{"@type":"EntryPoint","urlTemplate":"https:\/\/baggaardsbaroner.com\/?s={search_term_string}"},"query-input":{"@type":"PropertyValueSpecification","valueRequired":true,"valueName":"search_term_string"}}],"inLanguage":"en-GB"},{"@type":"Organization","@id":"https:\/\/baggaardsbaroner.com\/#organization","name":"Baggaardsbaroner","url":"https:\/\/baggaardsbaroner.com\/","logo":{"@type":"ImageObject","inLanguage":"en-GB","@id":"https:\/\/baggaardsbaroner.com\/#\/schema\/logo\/image\/","url":"https:\/\/baggaardsbaroner.com\/wp-content\/uploads\/logony.png","contentUrl":"https:\/\/baggaardsbaroner.com\/wp-content\/uploads\/logony.png","width":263,"height":103,"caption":"Baggaardsbaroner"},"image":{"@id":"https:\/\/baggaardsbaroner.com\/#\/schema\/logo\/image\/"}}]}},"_links":{"self":[{"href":"https:\/\/baggaardsbaroner.com\/en\/wp-json\/wp\/v2\/product\/6451","targetHints":{"allow":["GET"]}}],"collection":[{"href":"https:\/\/baggaardsbaroner.com\/en\/wp-json\/wp\/v2\/product"}],"about":[{"href":"https:\/\/baggaardsbaroner.com\/en\/wp-json\/wp\/v2\/types\/product"}],"version-history":[{"count":3,"href":"https:\/\/baggaardsbaroner.com\/en\/wp-json\/wp\/v2\/product\/6451\/revisions"}],"predecessor-version":[{"id":7214,"href":"https:\/\/baggaardsbaroner.com\/en\/wp-json\/wp\/v2\/product\/6451\/revisions\/7214"}],"wp:featuredmedia":[{"embeddable":true,"href":"https:\/\/baggaardsbaroner.com\/en\/wp-json\/wp\/v2\/media\/6452"}],"wp:attachment":[{"href":"https:\/\/baggaardsbaroner.com\/en\/wp-json\/wp\/v2\/media?parent=6451"}],"wp:term":[{"taxonomy":"product_brand","embeddable":true,"href":"https:\/\/baggaardsbaroner.com\/en\/wp-json\/wp\/v2\/product_brand?post=6451"},{"taxonomy":"product_cat","embeddable":true,"href":"https:\/\/baggaardsbaroner.com\/en\/wp-json\/wp\/v2\/product_cat?post=6451"},{"taxonomy":"product_tag","embeddable":true,"href":"https:\/\/baggaardsbaroner.com\/en\/wp-json\/wp\/v2\/product_tag?post=6451"}],"curies":[{"name":"wp","href":"https:\/\/api.w.org\/{rel}","templated":true}]}}