{"id":6458,"date":"2025-01-23T15:11:56","date_gmt":"2025-01-23T14:11:56","guid":{"rendered":"https:\/\/baggaardsbaroner.com\/\/?post_type=product&#038;p=6458"},"modified":"2025-02-26T09:11:59","modified_gmt":"2025-02-26T08:11:59","slug":"bebop-baby","status":"publish","type":"product","link":"https:\/\/baggaardsbaroner.com\/en\/product\/bebop-baby\/","title":{"rendered":"Bebop Baby"},"content":{"rendered":"<p>WINNER OF THE BEST BOOK DESIGN OF THE YEAR<\/p>\n<p>\u2605 \u2605 \u2605 \u2605 \u2605<\/p>\n<p>\"Backyard barons invite life-philosophical self-reflection and to puzzle with everything we think we know.<br \/>\nI send my warmest recommendations.\"<br \/>\n<em>&#8211; Modspor<\/em><\/p>\n<p>Bebop Baby portrays the transition from being one's own person to becoming a mother to another human being. A tightrope walk between birth and death, a balancing act between selfish drive and self-erasing care. For what does it mean to be a mother when you have lost your own?<\/p>\n<p>Julia Werup (born 1987) is a singer and poet. A divided child between Sweden and Denmark. In her early 20s, she applied for a degree in social work to follow her mother's advice on having a sensible full-time job, but later chose the abyss of the artist's life. She has published the poetry collections The Death of Lonely Men and Supernova and the albums Blixtra and The Thrill of Loving You. With this release, Julia Werup rises from the depths of the artist's abyss and presents herself as both a spiritual guide and a literary midwife.<\/p>\n<p>Baggaardens Baglommeb\u00f8ger is a series of independent and conclusive short forms that serve as an introduction to overlooked or curious voices in Danish literature.<br \/>\nZven Balslev, known for his challenging and surreal style, is affiliated as the cover illustrator for the series.<br \/>\nBebop Baby is number 5 in the series Back Pocket Books.<br \/>\nThe author's fee for the publication is donated to Maternity Worldwide.<\/p>","protected":false},"excerpt":{"rendered":"<p>WINNER OF THE BEST BOOK DESIGN OF THE YEAR<\/p>\n<p>\u2605 \u2605 \u2605 \u2605 \u2605<\/p>\n<p>\"Backyard barons invite life-philosophical self-reflection and to puzzle with everything we think we know.<br \/>\nI send my warmest recommendations.\"<br \/>\n<em>&#8211; Modspor<\/em><\/p>\n<p>Bebop Baby portrays the transition from being one's own person to becoming a mother to another human being. A tightrope walk between birth and death, a balancing act between selfish drive and self-erasing care. For what does it mean to be a mother when you have lost your own?<\/p>","protected":false},"featured_media":6459,"template":"","meta":{"_acf_changed":false},"product_brand":[],"product_cat":[81],"product_tag":[],"class_list":{"0":"post-6458","1":"product","2":"type-product","3":"status-publish","4":"has-post-thumbnail","6":"product_cat-boeger","8":"first","9":"instock","10":"taxable","11":"shipping-taxable","12":"purchasable","13":"product-type-simple"},"acf":[],"yoast_head":"<!-- This site is optimized with the Yoast SEO plugin v27.4 - https:\/\/yoast.com\/product\/yoast-seo-wordpress\/ -->\n<title>Bebop Baby | Baggaardsbaroner<\/title>\n<meta name=\"robots\" content=\"index, follow, max-snippet:-1, max-image-preview:large, max-video-preview:-1\" \/>\n<link rel=\"canonical\" href=\"https:\/\/baggaardsbaroner.com\/en\/product\/bebop-baby\/\" \/>\n<meta property=\"og:locale\" content=\"en_GB\" \/>\n<meta property=\"og:type\" content=\"article\" \/>\n<meta property=\"og:title\" content=\"Bebop Baby | Baggaardsbaroner\" \/>\n<meta property=\"og:description\" content=\"VINDER AF \u00c5RETS BEDSTE BOGARBEJDE  \u2605 \u2605 \u2605 \u2605 \u2605  \u201dBaggaardsbaroner byder op til livsfilosofisk selvrefleksion og til at puslespille med alt det, vi tror, vi ved. Jeg sender mine varmeste anbefalinger\u201d - Modspor  Bebop Baby skildrer overgangen fra at v\u00e6re sit helt eget menneske til at blive mor til et andet menneske. En linedans mellem f\u00f8dsel og d\u00f8d, en balancegang mellem egoistisk drift og selvudslettende omsorg. For hvad vil det sige at v\u00e6re mor, n\u00e5r man har mistet sin egen?\" \/>\n<meta property=\"og:url\" content=\"https:\/\/baggaardsbaroner.com\/en\/product\/bebop-baby\/\" \/>\n<meta property=\"og:site_name\" content=\"Baggaardsbaroner\" \/>\n<meta property=\"article:modified_time\" content=\"2025-02-26T08:11:59+00:00\" \/>\n<meta property=\"og:image\" content=\"https:\/\/baggaardsbaroner.com\/wp-content\/uploads\/Baglomme_bebop_1-1-scaled-1.webp\" \/>\n\t<meta property=\"og:image:width\" content=\"1200\" \/>\n\t<meta property=\"og:image:height\" content=\"1200\" \/>\n\t<meta property=\"og:image:type\" content=\"image\/webp\" \/>\n<meta name=\"twitter:card\" content=\"summary_large_image\" \/>\n<meta name=\"twitter:label1\" content=\"Estimated reading time\" \/>\n\t<meta name=\"twitter:data1\" content=\"2 minutes\" \/>\n<script type=\"application\/ld+json\" class=\"yoast-schema-graph\">{\"@context\":\"https:\\\/\\\/schema.org\",\"@graph\":[{\"@type\":\"WebPage\",\"@id\":\"https:\\\/\\\/baggaardsbaroner.com\\\/vare\\\/bebop-baby\\\/\",\"url\":\"https:\\\/\\\/baggaardsbaroner.com\\\/vare\\\/bebop-baby\\\/\",\"name\":\"Bebop Baby | Baggaardsbaroner\",\"isPartOf\":{\"@id\":\"https:\\\/\\\/baggaardsbaroner.com\\\/#website\"},\"primaryImageOfPage\":{\"@id\":\"https:\\\/\\\/baggaardsbaroner.com\\\/vare\\\/bebop-baby\\\/#primaryimage\"},\"image\":{\"@id\":\"https:\\\/\\\/baggaardsbaroner.com\\\/vare\\\/bebop-baby\\\/#primaryimage\"},\"thumbnailUrl\":\"https:\\\/\\\/baggaardsbaroner.com\\\/wp-content\\\/uploads\\\/Baglomme_bebop_1-1-scaled-1.webp\",\"datePublished\":\"2025-01-23T14:11:56+00:00\",\"dateModified\":\"2025-02-26T08:11:59+00:00\",\"breadcrumb\":{\"@id\":\"https:\\\/\\\/baggaardsbaroner.com\\\/vare\\\/bebop-baby\\\/#breadcrumb\"},\"inLanguage\":\"en-GB\",\"potentialAction\":[{\"@type\":\"ReadAction\",\"target\":[\"https:\\\/\\\/baggaardsbaroner.com\\\/vare\\\/bebop-baby\\\/\"]}]},{\"@type\":\"ImageObject\",\"inLanguage\":\"en-GB\",\"@id\":\"https:\\\/\\\/baggaardsbaroner.com\\\/vare\\\/bebop-baby\\\/#primaryimage\",\"url\":\"https:\\\/\\\/baggaardsbaroner.com\\\/wp-content\\\/uploads\\\/Baglomme_bebop_1-1-scaled-1.webp\",\"contentUrl\":\"https:\\\/\\\/baggaardsbaroner.com\\\/wp-content\\\/uploads\\\/Baglomme_bebop_1-1-scaled-1.webp\",\"width\":1200,\"height\":1200},{\"@type\":\"BreadcrumbList\",\"@id\":\"https:\\\/\\\/baggaardsbaroner.com\\\/vare\\\/bebop-baby\\\/#breadcrumb\",\"itemListElement\":[{\"@type\":\"ListItem\",\"position\":1,\"name\":\"Forside\",\"item\":\"https:\\\/\\\/baggaardsbaroner.com\\\/\"},{\"@type\":\"ListItem\",\"position\":2,\"name\":\"Shop\",\"item\":\"https:\\\/\\\/baggaardsbaroner.com\\\/shop\\\/\"},{\"@type\":\"ListItem\",\"position\":3,\"name\":\"B\u00f8ger\",\"item\":\"https:\\\/\\\/baggaardsbaroner.com\\\/kategori\\\/boeger\\\/\"},{\"@type\":\"ListItem\",\"position\":4,\"name\":\"Bebop Baby\"}]},{\"@type\":\"WebSite\",\"@id\":\"https:\\\/\\\/baggaardsbaroner.com\\\/#website\",\"url\":\"https:\\\/\\\/baggaardsbaroner.com\\\/\",\"name\":\"Baggaardsbaroner\",\"description\":\"\",\"publisher\":{\"@id\":\"https:\\\/\\\/baggaardsbaroner.com\\\/#organization\"},\"potentialAction\":[{\"@type\":\"SearchAction\",\"target\":{\"@type\":\"EntryPoint\",\"urlTemplate\":\"https:\\\/\\\/baggaardsbaroner.com\\\/?s={search_term_string}\"},\"query-input\":{\"@type\":\"PropertyValueSpecification\",\"valueRequired\":true,\"valueName\":\"search_term_string\"}}],\"inLanguage\":\"en-GB\"},{\"@type\":\"Organization\",\"@id\":\"https:\\\/\\\/baggaardsbaroner.com\\\/#organization\",\"name\":\"Baggaardsbaroner\",\"url\":\"https:\\\/\\\/baggaardsbaroner.com\\\/\",\"logo\":{\"@type\":\"ImageObject\",\"inLanguage\":\"en-GB\",\"@id\":\"https:\\\/\\\/baggaardsbaroner.com\\\/#\\\/schema\\\/logo\\\/image\\\/\",\"url\":\"https:\\\/\\\/baggaardsbaroner.com\\\/wp-content\\\/uploads\\\/logony.png\",\"contentUrl\":\"https:\\\/\\\/baggaardsbaroner.com\\\/wp-content\\\/uploads\\\/logony.png\",\"width\":263,\"height\":103,\"caption\":\"Baggaardsbaroner\"},\"image\":{\"@id\":\"https:\\\/\\\/baggaardsbaroner.com\\\/#\\\/schema\\\/logo\\\/image\\\/\"}}]}<\/script>\n<!-- \/ Yoast SEO plugin. -->","yoast_head_json":{"title":"Bebop Baby | Baggaardsbaroner","robots":{"index":"index","follow":"follow","max-snippet":"max-snippet:-1","max-image-preview":"max-image-preview:large","max-video-preview":"max-video-preview:-1"},"canonical":"https:\/\/baggaardsbaroner.com\/en\/product\/bebop-baby\/","og_locale":"en_GB","og_type":"article","og_title":"Bebop Baby | Baggaardsbaroner","og_description":"VINDER AF \u00c5RETS BEDSTE BOGARBEJDE  \u2605 \u2605 \u2605 \u2605 \u2605  \u201dBaggaardsbaroner byder op til livsfilosofisk selvrefleksion og til at puslespille med alt det, vi tror, vi ved. Jeg sender mine varmeste anbefalinger\u201d - Modspor  Bebop Baby skildrer overgangen fra at v\u00e6re sit helt eget menneske til at blive mor til et andet menneske. En linedans mellem f\u00f8dsel og d\u00f8d, en balancegang mellem egoistisk drift og selvudslettende omsorg. For hvad vil det sige at v\u00e6re mor, n\u00e5r man har mistet sin egen?","og_url":"https:\/\/baggaardsbaroner.com\/en\/product\/bebop-baby\/","og_site_name":"Baggaardsbaroner","article_modified_time":"2025-02-26T08:11:59+00:00","og_image":[{"width":1200,"height":1200,"url":"https:\/\/baggaardsbaroner.com\/wp-content\/uploads\/Baglomme_bebop_1-1-scaled-1.webp","type":"image\/webp"}],"twitter_card":"summary_large_image","twitter_misc":{"Estimated reading time":"2 minutes"},"schema":{"@context":"https:\/\/schema.org","@graph":[{"@type":"WebPage","@id":"https:\/\/baggaardsbaroner.com\/vare\/bebop-baby\/","url":"https:\/\/baggaardsbaroner.com\/vare\/bebop-baby\/","name":"Bebop Baby | Baggaardsbaroner","isPartOf":{"@id":"https:\/\/baggaardsbaroner.com\/#website"},"primaryImageOfPage":{"@id":"https:\/\/baggaardsbaroner.com\/vare\/bebop-baby\/#primaryimage"},"image":{"@id":"https:\/\/baggaardsbaroner.com\/vare\/bebop-baby\/#primaryimage"},"thumbnailUrl":"https:\/\/baggaardsbaroner.com\/wp-content\/uploads\/Baglomme_bebop_1-1-scaled-1.webp","datePublished":"2025-01-23T14:11:56+00:00","dateModified":"2025-02-26T08:11:59+00:00","breadcrumb":{"@id":"https:\/\/baggaardsbaroner.com\/vare\/bebop-baby\/#breadcrumb"},"inLanguage":"en-GB","potentialAction":[{"@type":"ReadAction","target":["https:\/\/baggaardsbaroner.com\/vare\/bebop-baby\/"]}]},{"@type":"ImageObject","inLanguage":"en-GB","@id":"https:\/\/baggaardsbaroner.com\/vare\/bebop-baby\/#primaryimage","url":"https:\/\/baggaardsbaroner.com\/wp-content\/uploads\/Baglomme_bebop_1-1-scaled-1.webp","contentUrl":"https:\/\/baggaardsbaroner.com\/wp-content\/uploads\/Baglomme_bebop_1-1-scaled-1.webp","width":1200,"height":1200},{"@type":"BreadcrumbList","@id":"https:\/\/baggaardsbaroner.com\/vare\/bebop-baby\/#breadcrumb","itemListElement":[{"@type":"ListItem","position":1,"name":"Forside","item":"https:\/\/baggaardsbaroner.com\/"},{"@type":"ListItem","position":2,"name":"Shop","item":"https:\/\/baggaardsbaroner.com\/shop\/"},{"@type":"ListItem","position":3,"name":"B\u00f8ger","item":"https:\/\/baggaardsbaroner.com\/kategori\/boeger\/"},{"@type":"ListItem","position":4,"name":"Bebop Baby"}]},{"@type":"WebSite","@id":"https:\/\/baggaardsbaroner.com\/#website","url":"https:\/\/baggaardsbaroner.com\/","name":"Baggaardsbaroner","description":"","publisher":{"@id":"https:\/\/baggaardsbaroner.com\/#organization"},"potentialAction":[{"@type":"SearchAction","target":{"@type":"EntryPoint","urlTemplate":"https:\/\/baggaardsbaroner.com\/?s={search_term_string}"},"query-input":{"@type":"PropertyValueSpecification","valueRequired":true,"valueName":"search_term_string"}}],"inLanguage":"en-GB"},{"@type":"Organization","@id":"https:\/\/baggaardsbaroner.com\/#organization","name":"Baggaardsbaroner","url":"https:\/\/baggaardsbaroner.com\/","logo":{"@type":"ImageObject","inLanguage":"en-GB","@id":"https:\/\/baggaardsbaroner.com\/#\/schema\/logo\/image\/","url":"https:\/\/baggaardsbaroner.com\/wp-content\/uploads\/logony.png","contentUrl":"https:\/\/baggaardsbaroner.com\/wp-content\/uploads\/logony.png","width":263,"height":103,"caption":"Baggaardsbaroner"},"image":{"@id":"https:\/\/baggaardsbaroner.com\/#\/schema\/logo\/image\/"}}]}},"_links":{"self":[{"href":"https:\/\/baggaardsbaroner.com\/en\/wp-json\/wp\/v2\/product\/6458","targetHints":{"allow":["GET"]}}],"collection":[{"href":"https:\/\/baggaardsbaroner.com\/en\/wp-json\/wp\/v2\/product"}],"about":[{"href":"https:\/\/baggaardsbaroner.com\/en\/wp-json\/wp\/v2\/types\/product"}],"version-history":[{"count":3,"href":"https:\/\/baggaardsbaroner.com\/en\/wp-json\/wp\/v2\/product\/6458\/revisions"}],"predecessor-version":[{"id":7216,"href":"https:\/\/baggaardsbaroner.com\/en\/wp-json\/wp\/v2\/product\/6458\/revisions\/7216"}],"wp:featuredmedia":[{"embeddable":true,"href":"https:\/\/baggaardsbaroner.com\/en\/wp-json\/wp\/v2\/media\/6459"}],"wp:attachment":[{"href":"https:\/\/baggaardsbaroner.com\/en\/wp-json\/wp\/v2\/media?parent=6458"}],"wp:term":[{"taxonomy":"product_brand","embeddable":true,"href":"https:\/\/baggaardsbaroner.com\/en\/wp-json\/wp\/v2\/product_brand?post=6458"},{"taxonomy":"product_cat","embeddable":true,"href":"https:\/\/baggaardsbaroner.com\/en\/wp-json\/wp\/v2\/product_cat?post=6458"},{"taxonomy":"product_tag","embeddable":true,"href":"https:\/\/baggaardsbaroner.com\/en\/wp-json\/wp\/v2\/product_tag?post=6458"}],"curies":[{"name":"wp","href":"https:\/\/api.w.org\/{rel}","templated":true}]}}