{"id":6464,"date":"2025-01-23T15:14:05","date_gmt":"2025-01-23T14:14:05","guid":{"rendered":"https:\/\/baggaardsbaroner.com\/\/?post_type=product&#038;p=6464"},"modified":"2026-02-04T08:35:30","modified_gmt":"2026-02-04T07:35:30","slug":"boelge-eller-otte-noter-fra-tribunen","status":"publish","type":"product","link":"https:\/\/baggaardsbaroner.com\/en\/product\/boelge-eller-otte-noter-fra-tribunen\/","title":{"rendered":"Waves or eight notes from the stands"},"content":{"rendered":"<p><strong>Nominated for Sports Book of the Year 2022<\/strong><\/p>\n<p>During Covid-19, football stadiums around the world were shut down. But the traditional Danish division clubs were, miraculously, allowed to remain open. Here, Jonas Villumsen found refuge from an overwhelming global situation and rediscovered his love for a sport and a community that often drowns in million-dollar contracts, corruption, and slave-like conditions at the elite level. Villumsen documents the quiet Danish national spirit with witty and affectionate atmospheric portraits from the local green turf, where even the uninitiated get a special insight into a Sunday sanctuary.<\/p>\n<p>Jonas Villumsen, born 1983, is a trained musician and teacher from the Rhythmic Music Conservatory. This is his debut as a fiction writer, and with his musical and satirical talent for storytelling, he conjures narratives about the quirks of everyday life and the humble undercurrents with a pen that reaches out to literary predecessors such as Lars Saabye Christensen and Hunter S. Thompson.<\/p>\n<p>Baggaardens Baglommeb\u00f8ger is a series of independent and conclusive short forms that serve as an introduction to overlooked or curious voices in Danish literature.<\/p>\n<p>Zven Balslev, known for his challenging and surreal style, is affiliated as the cover illustrator for the series.<\/p>\n<p><em>B\u00f8lge \u2013 eller otte noter fra tribunen<\/em> is number 6 in the series Back Pocket Books. The author's fee for the publication is donated to Aida Football \/ Aida Youth Center.<\/p>","protected":false},"excerpt":{"rendered":"<p><strong>Nominated for Sports Book of the Year 2022<\/strong><\/p>\n<p>During Covid-19, football stadiums around the world were shut down. But the traditional Danish division clubs were, miraculously, allowed to remain open. Here, Jonas Villumsen found refuge from an overwhelming global situation and rediscovered his love for a sport and a community that often drowns in million-dollar contracts, corruption, and slave-like conditions at the elite level. Villumsen documents the quiet Danish national spirit with witty and affectionate atmospheric portraits from the local green turf, where even the uninitiated get a special insight into a Sunday sanctuary.<\/p>","protected":false},"featured_media":6465,"template":"","meta":{"_acf_changed":false},"product_brand":[],"product_cat":[81],"product_tag":[],"class_list":{"0":"post-6464","1":"product","2":"type-product","3":"status-publish","4":"has-post-thumbnail","6":"product_cat-boeger","8":"first","9":"instock","10":"taxable","11":"shipping-taxable","12":"purchasable","13":"product-type-simple"},"acf":[],"yoast_head":"<!-- This site is optimized with the Yoast SEO plugin v27.4 - https:\/\/yoast.com\/product\/yoast-seo-wordpress\/ -->\n<title>B\u00f8lge eller otte noter fra tribunen | Baggaardsbaroner<\/title>\n<meta name=\"robots\" content=\"index, follow, max-snippet:-1, max-image-preview:large, max-video-preview:-1\" \/>\n<link rel=\"canonical\" href=\"https:\/\/baggaardsbaroner.com\/en\/product\/boelge-eller-otte-noter-fra-tribunen\/\" \/>\n<meta property=\"og:locale\" content=\"en_GB\" \/>\n<meta property=\"og:type\" content=\"article\" \/>\n<meta property=\"og:title\" content=\"B\u00f8lge eller otte noter fra tribunen | Baggaardsbaroner\" \/>\n<meta property=\"og:description\" content=\"Nomineret til \u00c5rets Sportsbog 2022  Under covid-19 lukkede fodboldstadioner over hele verden ned. Men de traditionsrige danske divisionsklubber fik p\u00e5 mirakul\u00f8s vis lov til at holde \u00e5bent. Her fandt Jonas Villumsen fristed fra en uoverskuelig verdenssituation og genfandt k\u00e6rligheden til en sportsgren og et f\u00e6llesskab, der ofte drukner i millionkontrakter, korruption og slavelignende forhold p\u00e5 eliteniveau. Villumsen dokumenterer den lavm\u00e6lte danske folke\u00e5nd med vittige og k\u00e6rlige stemningsportr\u00e6tter fra den lokale gr\u00f8nsv\u00e6r, hvor selv uindviede f\u00e5r et s\u00e6rligt indblik i en s\u00f8ndags helligdom.\" \/>\n<meta property=\"og:url\" content=\"https:\/\/baggaardsbaroner.com\/en\/product\/boelge-eller-otte-noter-fra-tribunen\/\" \/>\n<meta property=\"og:site_name\" content=\"Baggaardsbaroner\" \/>\n<meta property=\"article:modified_time\" content=\"2026-02-04T07:35:30+00:00\" \/>\n<meta property=\"og:image\" content=\"https:\/\/baggaardsbaroner.com\/wp-content\/uploads\/Baglomme_boelge_1-1-scaled-1.webp\" \/>\n\t<meta property=\"og:image:width\" content=\"1200\" \/>\n\t<meta property=\"og:image:height\" content=\"1200\" \/>\n\t<meta property=\"og:image:type\" content=\"image\/webp\" \/>\n<meta name=\"twitter:card\" content=\"summary_large_image\" \/>\n<meta name=\"twitter:label1\" content=\"Estimated reading time\" \/>\n\t<meta name=\"twitter:data1\" content=\"2 minutes\" \/>\n<script type=\"application\/ld+json\" class=\"yoast-schema-graph\">{\"@context\":\"https:\\\/\\\/schema.org\",\"@graph\":[{\"@type\":\"WebPage\",\"@id\":\"https:\\\/\\\/baggaardsbaroner.com\\\/vare\\\/boelge-eller-otte-noter-fra-tribunen\\\/\",\"url\":\"https:\\\/\\\/baggaardsbaroner.com\\\/vare\\\/boelge-eller-otte-noter-fra-tribunen\\\/\",\"name\":\"B\u00f8lge eller otte noter fra tribunen | Baggaardsbaroner\",\"isPartOf\":{\"@id\":\"https:\\\/\\\/baggaardsbaroner.com\\\/#website\"},\"primaryImageOfPage\":{\"@id\":\"https:\\\/\\\/baggaardsbaroner.com\\\/vare\\\/boelge-eller-otte-noter-fra-tribunen\\\/#primaryimage\"},\"image\":{\"@id\":\"https:\\\/\\\/baggaardsbaroner.com\\\/vare\\\/boelge-eller-otte-noter-fra-tribunen\\\/#primaryimage\"},\"thumbnailUrl\":\"https:\\\/\\\/baggaardsbaroner.com\\\/wp-content\\\/uploads\\\/Baglomme_boelge_1-1-scaled-1.webp\",\"datePublished\":\"2025-01-23T14:14:05+00:00\",\"dateModified\":\"2026-02-04T07:35:30+00:00\",\"breadcrumb\":{\"@id\":\"https:\\\/\\\/baggaardsbaroner.com\\\/vare\\\/boelge-eller-otte-noter-fra-tribunen\\\/#breadcrumb\"},\"inLanguage\":\"en-GB\",\"potentialAction\":[{\"@type\":\"ReadAction\",\"target\":[\"https:\\\/\\\/baggaardsbaroner.com\\\/vare\\\/boelge-eller-otte-noter-fra-tribunen\\\/\"]}]},{\"@type\":\"ImageObject\",\"inLanguage\":\"en-GB\",\"@id\":\"https:\\\/\\\/baggaardsbaroner.com\\\/vare\\\/boelge-eller-otte-noter-fra-tribunen\\\/#primaryimage\",\"url\":\"https:\\\/\\\/baggaardsbaroner.com\\\/wp-content\\\/uploads\\\/Baglomme_boelge_1-1-scaled-1.webp\",\"contentUrl\":\"https:\\\/\\\/baggaardsbaroner.com\\\/wp-content\\\/uploads\\\/Baglomme_boelge_1-1-scaled-1.webp\",\"width\":1200,\"height\":1200},{\"@type\":\"BreadcrumbList\",\"@id\":\"https:\\\/\\\/baggaardsbaroner.com\\\/vare\\\/boelge-eller-otte-noter-fra-tribunen\\\/#breadcrumb\",\"itemListElement\":[{\"@type\":\"ListItem\",\"position\":1,\"name\":\"Forside\",\"item\":\"https:\\\/\\\/baggaardsbaroner.com\\\/\"},{\"@type\":\"ListItem\",\"position\":2,\"name\":\"Shop\",\"item\":\"https:\\\/\\\/baggaardsbaroner.com\\\/shop\\\/\"},{\"@type\":\"ListItem\",\"position\":3,\"name\":\"B\u00f8ger\",\"item\":\"https:\\\/\\\/baggaardsbaroner.com\\\/kategori\\\/boeger\\\/\"},{\"@type\":\"ListItem\",\"position\":4,\"name\":\"B\u00f8lge eller otte noter fra tribunen\"}]},{\"@type\":\"WebSite\",\"@id\":\"https:\\\/\\\/baggaardsbaroner.com\\\/#website\",\"url\":\"https:\\\/\\\/baggaardsbaroner.com\\\/\",\"name\":\"Baggaardsbaroner\",\"description\":\"\",\"publisher\":{\"@id\":\"https:\\\/\\\/baggaardsbaroner.com\\\/#organization\"},\"potentialAction\":[{\"@type\":\"SearchAction\",\"target\":{\"@type\":\"EntryPoint\",\"urlTemplate\":\"https:\\\/\\\/baggaardsbaroner.com\\\/?s={search_term_string}\"},\"query-input\":{\"@type\":\"PropertyValueSpecification\",\"valueRequired\":true,\"valueName\":\"search_term_string\"}}],\"inLanguage\":\"en-GB\"},{\"@type\":\"Organization\",\"@id\":\"https:\\\/\\\/baggaardsbaroner.com\\\/#organization\",\"name\":\"Baggaardsbaroner\",\"url\":\"https:\\\/\\\/baggaardsbaroner.com\\\/\",\"logo\":{\"@type\":\"ImageObject\",\"inLanguage\":\"en-GB\",\"@id\":\"https:\\\/\\\/baggaardsbaroner.com\\\/#\\\/schema\\\/logo\\\/image\\\/\",\"url\":\"https:\\\/\\\/baggaardsbaroner.com\\\/wp-content\\\/uploads\\\/logony.png\",\"contentUrl\":\"https:\\\/\\\/baggaardsbaroner.com\\\/wp-content\\\/uploads\\\/logony.png\",\"width\":263,\"height\":103,\"caption\":\"Baggaardsbaroner\"},\"image\":{\"@id\":\"https:\\\/\\\/baggaardsbaroner.com\\\/#\\\/schema\\\/logo\\\/image\\\/\"}}]}<\/script>\n<!-- \/ Yoast SEO plugin. -->","yoast_head_json":{"title":"B\u00f8lge eller otte noter fra tribunen | Baggaardsbaroner","robots":{"index":"index","follow":"follow","max-snippet":"max-snippet:-1","max-image-preview":"max-image-preview:large","max-video-preview":"max-video-preview:-1"},"canonical":"https:\/\/baggaardsbaroner.com\/en\/product\/boelge-eller-otte-noter-fra-tribunen\/","og_locale":"en_GB","og_type":"article","og_title":"B\u00f8lge eller otte noter fra tribunen | Baggaardsbaroner","og_description":"Nomineret til \u00c5rets Sportsbog 2022  Under covid-19 lukkede fodboldstadioner over hele verden ned. Men de traditionsrige danske divisionsklubber fik p\u00e5 mirakul\u00f8s vis lov til at holde \u00e5bent. Her fandt Jonas Villumsen fristed fra en uoverskuelig verdenssituation og genfandt k\u00e6rligheden til en sportsgren og et f\u00e6llesskab, der ofte drukner i millionkontrakter, korruption og slavelignende forhold p\u00e5 eliteniveau. Villumsen dokumenterer den lavm\u00e6lte danske folke\u00e5nd med vittige og k\u00e6rlige stemningsportr\u00e6tter fra den lokale gr\u00f8nsv\u00e6r, hvor selv uindviede f\u00e5r et s\u00e6rligt indblik i en s\u00f8ndags helligdom.","og_url":"https:\/\/baggaardsbaroner.com\/en\/product\/boelge-eller-otte-noter-fra-tribunen\/","og_site_name":"Baggaardsbaroner","article_modified_time":"2026-02-04T07:35:30+00:00","og_image":[{"width":1200,"height":1200,"url":"https:\/\/baggaardsbaroner.com\/wp-content\/uploads\/Baglomme_boelge_1-1-scaled-1.webp","type":"image\/webp"}],"twitter_card":"summary_large_image","twitter_misc":{"Estimated reading time":"2 minutes"},"schema":{"@context":"https:\/\/schema.org","@graph":[{"@type":"WebPage","@id":"https:\/\/baggaardsbaroner.com\/vare\/boelge-eller-otte-noter-fra-tribunen\/","url":"https:\/\/baggaardsbaroner.com\/vare\/boelge-eller-otte-noter-fra-tribunen\/","name":"B\u00f8lge eller otte noter fra tribunen | Baggaardsbaroner","isPartOf":{"@id":"https:\/\/baggaardsbaroner.com\/#website"},"primaryImageOfPage":{"@id":"https:\/\/baggaardsbaroner.com\/vare\/boelge-eller-otte-noter-fra-tribunen\/#primaryimage"},"image":{"@id":"https:\/\/baggaardsbaroner.com\/vare\/boelge-eller-otte-noter-fra-tribunen\/#primaryimage"},"thumbnailUrl":"https:\/\/baggaardsbaroner.com\/wp-content\/uploads\/Baglomme_boelge_1-1-scaled-1.webp","datePublished":"2025-01-23T14:14:05+00:00","dateModified":"2026-02-04T07:35:30+00:00","breadcrumb":{"@id":"https:\/\/baggaardsbaroner.com\/vare\/boelge-eller-otte-noter-fra-tribunen\/#breadcrumb"},"inLanguage":"en-GB","potentialAction":[{"@type":"ReadAction","target":["https:\/\/baggaardsbaroner.com\/vare\/boelge-eller-otte-noter-fra-tribunen\/"]}]},{"@type":"ImageObject","inLanguage":"en-GB","@id":"https:\/\/baggaardsbaroner.com\/vare\/boelge-eller-otte-noter-fra-tribunen\/#primaryimage","url":"https:\/\/baggaardsbaroner.com\/wp-content\/uploads\/Baglomme_boelge_1-1-scaled-1.webp","contentUrl":"https:\/\/baggaardsbaroner.com\/wp-content\/uploads\/Baglomme_boelge_1-1-scaled-1.webp","width":1200,"height":1200},{"@type":"BreadcrumbList","@id":"https:\/\/baggaardsbaroner.com\/vare\/boelge-eller-otte-noter-fra-tribunen\/#breadcrumb","itemListElement":[{"@type":"ListItem","position":1,"name":"Forside","item":"https:\/\/baggaardsbaroner.com\/"},{"@type":"ListItem","position":2,"name":"Shop","item":"https:\/\/baggaardsbaroner.com\/shop\/"},{"@type":"ListItem","position":3,"name":"B\u00f8ger","item":"https:\/\/baggaardsbaroner.com\/kategori\/boeger\/"},{"@type":"ListItem","position":4,"name":"B\u00f8lge eller otte noter fra tribunen"}]},{"@type":"WebSite","@id":"https:\/\/baggaardsbaroner.com\/#website","url":"https:\/\/baggaardsbaroner.com\/","name":"Baggaardsbaroner","description":"","publisher":{"@id":"https:\/\/baggaardsbaroner.com\/#organization"},"potentialAction":[{"@type":"SearchAction","target":{"@type":"EntryPoint","urlTemplate":"https:\/\/baggaardsbaroner.com\/?s={search_term_string}"},"query-input":{"@type":"PropertyValueSpecification","valueRequired":true,"valueName":"search_term_string"}}],"inLanguage":"en-GB"},{"@type":"Organization","@id":"https:\/\/baggaardsbaroner.com\/#organization","name":"Baggaardsbaroner","url":"https:\/\/baggaardsbaroner.com\/","logo":{"@type":"ImageObject","inLanguage":"en-GB","@id":"https:\/\/baggaardsbaroner.com\/#\/schema\/logo\/image\/","url":"https:\/\/baggaardsbaroner.com\/wp-content\/uploads\/logony.png","contentUrl":"https:\/\/baggaardsbaroner.com\/wp-content\/uploads\/logony.png","width":263,"height":103,"caption":"Baggaardsbaroner"},"image":{"@id":"https:\/\/baggaardsbaroner.com\/#\/schema\/logo\/image\/"}}]}},"_links":{"self":[{"href":"https:\/\/baggaardsbaroner.com\/en\/wp-json\/wp\/v2\/product\/6464","targetHints":{"allow":["GET"]}}],"collection":[{"href":"https:\/\/baggaardsbaroner.com\/en\/wp-json\/wp\/v2\/product"}],"about":[{"href":"https:\/\/baggaardsbaroner.com\/en\/wp-json\/wp\/v2\/types\/product"}],"version-history":[{"count":3,"href":"https:\/\/baggaardsbaroner.com\/en\/wp-json\/wp\/v2\/product\/6464\/revisions"}],"predecessor-version":[{"id":7221,"href":"https:\/\/baggaardsbaroner.com\/en\/wp-json\/wp\/v2\/product\/6464\/revisions\/7221"}],"wp:featuredmedia":[{"embeddable":true,"href":"https:\/\/baggaardsbaroner.com\/en\/wp-json\/wp\/v2\/media\/6465"}],"wp:attachment":[{"href":"https:\/\/baggaardsbaroner.com\/en\/wp-json\/wp\/v2\/media?parent=6464"}],"wp:term":[{"taxonomy":"product_brand","embeddable":true,"href":"https:\/\/baggaardsbaroner.com\/en\/wp-json\/wp\/v2\/product_brand?post=6464"},{"taxonomy":"product_cat","embeddable":true,"href":"https:\/\/baggaardsbaroner.com\/en\/wp-json\/wp\/v2\/product_cat?post=6464"},{"taxonomy":"product_tag","embeddable":true,"href":"https:\/\/baggaardsbaroner.com\/en\/wp-json\/wp\/v2\/product_tag?post=6464"}],"curies":[{"name":"wp","href":"https:\/\/api.w.org\/{rel}","templated":true}]}}