{"id":6469,"date":"2025-01-23T15:16:40","date_gmt":"2025-01-23T14:16:40","guid":{"rendered":"https:\/\/baggaardsbaroner.com\/\/?post_type=product&#038;p=6469"},"modified":"2025-03-12T15:33:20","modified_gmt":"2025-03-12T14:33:20","slug":"aprosalypse","status":"publish","type":"product","link":"https:\/\/baggaardsbaroner.com\/en\/product\/aprosalypse\/","title":{"rendered":"Aprosalypse"},"content":{"rendered":"<p><strong>WINNER OF THE BEST BOOK DESIGN OF THE YEAR<\/strong><\/p>\n<p>\u2605 \u2605 \u2605 \u2605 \u2605<\/p>\n<p>\"Backyard barons invite you to life-philosophical self-reflection and to puzzle with everything we think we know. I send my warmest recommendations.\"<br \/>\n<em>&#8211; Modspor<\/em><\/p>\n<p>A grey-zone tale about losing one's footing in a world that rotates around the axis of madness. A kaleidoscopic journey from the inner space to the outer through shattered sentences, disillusionment, illness, destroyed landscapes, and cosmological heat death. Amidst all the darkness, small cracks of hope and acceptance emerge, and the book can thus be read as a novella, short prose, and a stoic self-help manual.<\/p>\n<p>Simon Kabel (born 1992) is a Danish poet whose works revolve around dark existentialism, surrealism, and a form-conscious use of language. He debuted in 2015 with the poetry collection. <em>Rummene mellem mellemrummene<\/em> and has since published <em>Returruter<\/em> and <em>Labyrint<\/em>.<\/p>\n<p>Baggaardens Baglommeb\u00f8ger is a series of independent and conclusive short forms that serve as an introduction to overlooked or curious voices in Danish literature.<br \/>\nZven Balslev, known for his challenging and surreal style, is affiliated as the cover illustrator for the series.<\/p>\n<p><em>Aprosalypse<\/em> is number 1 in the series Back Pocket Books.<br \/>\nThe author's fee for the publication is donated to World Forests.<\/p>","protected":false},"excerpt":{"rendered":"<p><strong>WINNER OF THE BEST BOOK DESIGN OF THE YEAR<\/strong><\/p>\n<p>\u2605 \u2605 \u2605 \u2605 \u2605<\/p>\n<p>\"Backyard barons invite you to life-philosophical self-reflection and to puzzle with everything we think we know. I send my warmest recommendations.\"<br \/>\n<em>&#8211; Modspor<\/em><\/p>\n<p>A grey-zone tale about losing one's footing in a world that rotates around the axis of madness. A kaleidoscopic journey from the inner space to the outer through shattered sentences, disillusionment, illness, destroyed landscapes, and cosmological heat death. Amidst all the darkness, small cracks of hope and acceptance emerge, and the book can thus be read as a novella, short prose, and a stoic self-help manual.<\/p>","protected":false},"featured_media":6470,"template":"","meta":{"_acf_changed":false},"product_brand":[],"product_cat":[81],"product_tag":[],"class_list":{"0":"post-6469","1":"product","2":"type-product","3":"status-publish","4":"has-post-thumbnail","6":"product_cat-boeger","8":"first","9":"instock","10":"taxable","11":"shipping-taxable","12":"purchasable","13":"product-type-simple"},"acf":[],"yoast_head":"<!-- This site is optimized with the Yoast SEO plugin v27.4 - https:\/\/yoast.com\/product\/yoast-seo-wordpress\/ -->\n<title>Aprosalypse | Baggaardsbaroner<\/title>\n<meta name=\"robots\" content=\"index, follow, max-snippet:-1, max-image-preview:large, max-video-preview:-1\" \/>\n<link rel=\"canonical\" href=\"https:\/\/baggaardsbaroner.com\/en\/product\/aprosalypse\/\" \/>\n<meta property=\"og:locale\" content=\"en_GB\" \/>\n<meta property=\"og:type\" content=\"article\" \/>\n<meta property=\"og:title\" content=\"Aprosalypse | Baggaardsbaroner\" \/>\n<meta property=\"og:description\" content=\"VINDER AF \u00c5RETS BEDSTE BOGARBEJDE  \u2605 \u2605 \u2605 \u2605 \u2605  \u201dBaggaardsbaroner byder op til livsfilosofisk selvrefleksion og til at puslespille med alt det, vi tror, vi ved. Jeg sender mine varmeste anbefalinger\u201d - Modspor  En gr\u00e5zonefort\u00e6lling om at miste fodf\u00e6ste i en verden, der roterer om vanviddets akse. En kalejdoskopisk rejse fra det indre rum til det ydre gennem spr\u00e6ngte s\u00e6tninger, desillusion, sygdom, \u00f8delagte landskaber og kosmologisk varmed\u00f8d. Midt i al m\u00f8rket opst\u00e5r der sm\u00e5 spr\u00e6kker af h\u00e5b og accept, og bogen kan s\u00e5ledes b\u00e5de l\u00e6ses som kortroman, kortprosa og stoisk selvhj\u00e6lpsmanual.\" \/>\n<meta property=\"og:url\" content=\"https:\/\/baggaardsbaroner.com\/en\/product\/aprosalypse\/\" \/>\n<meta property=\"og:site_name\" content=\"Baggaardsbaroner\" \/>\n<meta property=\"article:modified_time\" content=\"2025-03-12T14:33:20+00:00\" \/>\n<meta property=\"og:image\" content=\"https:\/\/baggaardsbaroner.com\/wp-content\/uploads\/Baglomme_aprosalypse_1-1-scaled-1.webp\" \/>\n\t<meta property=\"og:image:width\" content=\"1200\" \/>\n\t<meta property=\"og:image:height\" content=\"1200\" \/>\n\t<meta property=\"og:image:type\" content=\"image\/webp\" \/>\n<meta name=\"twitter:card\" content=\"summary_large_image\" \/>\n<meta name=\"twitter:label1\" content=\"Estimated reading time\" \/>\n\t<meta name=\"twitter:data1\" content=\"2 minutes\" \/>\n<script type=\"application\/ld+json\" class=\"yoast-schema-graph\">{\"@context\":\"https:\\\/\\\/schema.org\",\"@graph\":[{\"@type\":\"WebPage\",\"@id\":\"https:\\\/\\\/baggaardsbaroner.com\\\/vare\\\/aprosalypse\\\/\",\"url\":\"https:\\\/\\\/baggaardsbaroner.com\\\/vare\\\/aprosalypse\\\/\",\"name\":\"Aprosalypse | Baggaardsbaroner\",\"isPartOf\":{\"@id\":\"https:\\\/\\\/baggaardsbaroner.com\\\/#website\"},\"primaryImageOfPage\":{\"@id\":\"https:\\\/\\\/baggaardsbaroner.com\\\/vare\\\/aprosalypse\\\/#primaryimage\"},\"image\":{\"@id\":\"https:\\\/\\\/baggaardsbaroner.com\\\/vare\\\/aprosalypse\\\/#primaryimage\"},\"thumbnailUrl\":\"https:\\\/\\\/baggaardsbaroner.com\\\/wp-content\\\/uploads\\\/Baglomme_aprosalypse_1-1-scaled-1.webp\",\"datePublished\":\"2025-01-23T14:16:40+00:00\",\"dateModified\":\"2025-03-12T14:33:20+00:00\",\"breadcrumb\":{\"@id\":\"https:\\\/\\\/baggaardsbaroner.com\\\/vare\\\/aprosalypse\\\/#breadcrumb\"},\"inLanguage\":\"en-GB\",\"potentialAction\":[{\"@type\":\"ReadAction\",\"target\":[\"https:\\\/\\\/baggaardsbaroner.com\\\/vare\\\/aprosalypse\\\/\"]}]},{\"@type\":\"ImageObject\",\"inLanguage\":\"en-GB\",\"@id\":\"https:\\\/\\\/baggaardsbaroner.com\\\/vare\\\/aprosalypse\\\/#primaryimage\",\"url\":\"https:\\\/\\\/baggaardsbaroner.com\\\/wp-content\\\/uploads\\\/Baglomme_aprosalypse_1-1-scaled-1.webp\",\"contentUrl\":\"https:\\\/\\\/baggaardsbaroner.com\\\/wp-content\\\/uploads\\\/Baglomme_aprosalypse_1-1-scaled-1.webp\",\"width\":1200,\"height\":1200},{\"@type\":\"BreadcrumbList\",\"@id\":\"https:\\\/\\\/baggaardsbaroner.com\\\/vare\\\/aprosalypse\\\/#breadcrumb\",\"itemListElement\":[{\"@type\":\"ListItem\",\"position\":1,\"name\":\"Forside\",\"item\":\"https:\\\/\\\/baggaardsbaroner.com\\\/\"},{\"@type\":\"ListItem\",\"position\":2,\"name\":\"Shop\",\"item\":\"https:\\\/\\\/baggaardsbaroner.com\\\/shop\\\/\"},{\"@type\":\"ListItem\",\"position\":3,\"name\":\"B\u00f8ger\",\"item\":\"https:\\\/\\\/baggaardsbaroner.com\\\/kategori\\\/boeger\\\/\"},{\"@type\":\"ListItem\",\"position\":4,\"name\":\"Aprosalypse\"}]},{\"@type\":\"WebSite\",\"@id\":\"https:\\\/\\\/baggaardsbaroner.com\\\/#website\",\"url\":\"https:\\\/\\\/baggaardsbaroner.com\\\/\",\"name\":\"Baggaardsbaroner\",\"description\":\"\",\"publisher\":{\"@id\":\"https:\\\/\\\/baggaardsbaroner.com\\\/#organization\"},\"potentialAction\":[{\"@type\":\"SearchAction\",\"target\":{\"@type\":\"EntryPoint\",\"urlTemplate\":\"https:\\\/\\\/baggaardsbaroner.com\\\/?s={search_term_string}\"},\"query-input\":{\"@type\":\"PropertyValueSpecification\",\"valueRequired\":true,\"valueName\":\"search_term_string\"}}],\"inLanguage\":\"en-GB\"},{\"@type\":\"Organization\",\"@id\":\"https:\\\/\\\/baggaardsbaroner.com\\\/#organization\",\"name\":\"Baggaardsbaroner\",\"url\":\"https:\\\/\\\/baggaardsbaroner.com\\\/\",\"logo\":{\"@type\":\"ImageObject\",\"inLanguage\":\"en-GB\",\"@id\":\"https:\\\/\\\/baggaardsbaroner.com\\\/#\\\/schema\\\/logo\\\/image\\\/\",\"url\":\"https:\\\/\\\/baggaardsbaroner.com\\\/wp-content\\\/uploads\\\/logony.png\",\"contentUrl\":\"https:\\\/\\\/baggaardsbaroner.com\\\/wp-content\\\/uploads\\\/logony.png\",\"width\":263,\"height\":103,\"caption\":\"Baggaardsbaroner\"},\"image\":{\"@id\":\"https:\\\/\\\/baggaardsbaroner.com\\\/#\\\/schema\\\/logo\\\/image\\\/\"}}]}<\/script>\n<!-- \/ Yoast SEO plugin. -->","yoast_head_json":{"title":"Aprosalypse | Baggaardsbaroner","robots":{"index":"index","follow":"follow","max-snippet":"max-snippet:-1","max-image-preview":"max-image-preview:large","max-video-preview":"max-video-preview:-1"},"canonical":"https:\/\/baggaardsbaroner.com\/en\/product\/aprosalypse\/","og_locale":"en_GB","og_type":"article","og_title":"Aprosalypse | Baggaardsbaroner","og_description":"VINDER AF \u00c5RETS BEDSTE BOGARBEJDE  \u2605 \u2605 \u2605 \u2605 \u2605  \u201dBaggaardsbaroner byder op til livsfilosofisk selvrefleksion og til at puslespille med alt det, vi tror, vi ved. Jeg sender mine varmeste anbefalinger\u201d - Modspor  En gr\u00e5zonefort\u00e6lling om at miste fodf\u00e6ste i en verden, der roterer om vanviddets akse. En kalejdoskopisk rejse fra det indre rum til det ydre gennem spr\u00e6ngte s\u00e6tninger, desillusion, sygdom, \u00f8delagte landskaber og kosmologisk varmed\u00f8d. Midt i al m\u00f8rket opst\u00e5r der sm\u00e5 spr\u00e6kker af h\u00e5b og accept, og bogen kan s\u00e5ledes b\u00e5de l\u00e6ses som kortroman, kortprosa og stoisk selvhj\u00e6lpsmanual.","og_url":"https:\/\/baggaardsbaroner.com\/en\/product\/aprosalypse\/","og_site_name":"Baggaardsbaroner","article_modified_time":"2025-03-12T14:33:20+00:00","og_image":[{"width":1200,"height":1200,"url":"https:\/\/baggaardsbaroner.com\/wp-content\/uploads\/Baglomme_aprosalypse_1-1-scaled-1.webp","type":"image\/webp"}],"twitter_card":"summary_large_image","twitter_misc":{"Estimated reading time":"2 minutes"},"schema":{"@context":"https:\/\/schema.org","@graph":[{"@type":"WebPage","@id":"https:\/\/baggaardsbaroner.com\/vare\/aprosalypse\/","url":"https:\/\/baggaardsbaroner.com\/vare\/aprosalypse\/","name":"Aprosalypse | Baggaardsbaroner","isPartOf":{"@id":"https:\/\/baggaardsbaroner.com\/#website"},"primaryImageOfPage":{"@id":"https:\/\/baggaardsbaroner.com\/vare\/aprosalypse\/#primaryimage"},"image":{"@id":"https:\/\/baggaardsbaroner.com\/vare\/aprosalypse\/#primaryimage"},"thumbnailUrl":"https:\/\/baggaardsbaroner.com\/wp-content\/uploads\/Baglomme_aprosalypse_1-1-scaled-1.webp","datePublished":"2025-01-23T14:16:40+00:00","dateModified":"2025-03-12T14:33:20+00:00","breadcrumb":{"@id":"https:\/\/baggaardsbaroner.com\/vare\/aprosalypse\/#breadcrumb"},"inLanguage":"en-GB","potentialAction":[{"@type":"ReadAction","target":["https:\/\/baggaardsbaroner.com\/vare\/aprosalypse\/"]}]},{"@type":"ImageObject","inLanguage":"en-GB","@id":"https:\/\/baggaardsbaroner.com\/vare\/aprosalypse\/#primaryimage","url":"https:\/\/baggaardsbaroner.com\/wp-content\/uploads\/Baglomme_aprosalypse_1-1-scaled-1.webp","contentUrl":"https:\/\/baggaardsbaroner.com\/wp-content\/uploads\/Baglomme_aprosalypse_1-1-scaled-1.webp","width":1200,"height":1200},{"@type":"BreadcrumbList","@id":"https:\/\/baggaardsbaroner.com\/vare\/aprosalypse\/#breadcrumb","itemListElement":[{"@type":"ListItem","position":1,"name":"Forside","item":"https:\/\/baggaardsbaroner.com\/"},{"@type":"ListItem","position":2,"name":"Shop","item":"https:\/\/baggaardsbaroner.com\/shop\/"},{"@type":"ListItem","position":3,"name":"B\u00f8ger","item":"https:\/\/baggaardsbaroner.com\/kategori\/boeger\/"},{"@type":"ListItem","position":4,"name":"Aprosalypse"}]},{"@type":"WebSite","@id":"https:\/\/baggaardsbaroner.com\/#website","url":"https:\/\/baggaardsbaroner.com\/","name":"Baggaardsbaroner","description":"","publisher":{"@id":"https:\/\/baggaardsbaroner.com\/#organization"},"potentialAction":[{"@type":"SearchAction","target":{"@type":"EntryPoint","urlTemplate":"https:\/\/baggaardsbaroner.com\/?s={search_term_string}"},"query-input":{"@type":"PropertyValueSpecification","valueRequired":true,"valueName":"search_term_string"}}],"inLanguage":"en-GB"},{"@type":"Organization","@id":"https:\/\/baggaardsbaroner.com\/#organization","name":"Baggaardsbaroner","url":"https:\/\/baggaardsbaroner.com\/","logo":{"@type":"ImageObject","inLanguage":"en-GB","@id":"https:\/\/baggaardsbaroner.com\/#\/schema\/logo\/image\/","url":"https:\/\/baggaardsbaroner.com\/wp-content\/uploads\/logony.png","contentUrl":"https:\/\/baggaardsbaroner.com\/wp-content\/uploads\/logony.png","width":263,"height":103,"caption":"Baggaardsbaroner"},"image":{"@id":"https:\/\/baggaardsbaroner.com\/#\/schema\/logo\/image\/"}}]}},"_links":{"self":[{"href":"https:\/\/baggaardsbaroner.com\/en\/wp-json\/wp\/v2\/product\/6469","targetHints":{"allow":["GET"]}}],"collection":[{"href":"https:\/\/baggaardsbaroner.com\/en\/wp-json\/wp\/v2\/product"}],"about":[{"href":"https:\/\/baggaardsbaroner.com\/en\/wp-json\/wp\/v2\/types\/product"}],"version-history":[{"count":5,"href":"https:\/\/baggaardsbaroner.com\/en\/wp-json\/wp\/v2\/product\/6469\/revisions"}],"predecessor-version":[{"id":7274,"href":"https:\/\/baggaardsbaroner.com\/en\/wp-json\/wp\/v2\/product\/6469\/revisions\/7274"}],"wp:featuredmedia":[{"embeddable":true,"href":"https:\/\/baggaardsbaroner.com\/en\/wp-json\/wp\/v2\/media\/6470"}],"wp:attachment":[{"href":"https:\/\/baggaardsbaroner.com\/en\/wp-json\/wp\/v2\/media?parent=6469"}],"wp:term":[{"taxonomy":"product_brand","embeddable":true,"href":"https:\/\/baggaardsbaroner.com\/en\/wp-json\/wp\/v2\/product_brand?post=6469"},{"taxonomy":"product_cat","embeddable":true,"href":"https:\/\/baggaardsbaroner.com\/en\/wp-json\/wp\/v2\/product_cat?post=6469"},{"taxonomy":"product_tag","embeddable":true,"href":"https:\/\/baggaardsbaroner.com\/en\/wp-json\/wp\/v2\/product_tag?post=6469"}],"curies":[{"name":"wp","href":"https:\/\/api.w.org\/{rel}","templated":true}]}}