{"id":6474,"date":"2025-01-23T15:20:58","date_gmt":"2025-01-23T14:20:58","guid":{"rendered":"https:\/\/baggaardsbaroner.com\/\/?post_type=product&#038;p=6474"},"modified":"2025-02-26T09:22:33","modified_gmt":"2025-02-26T08:22:33","slug":"det-toerstige-land","status":"publish","type":"product","link":"https:\/\/baggaardsbaroner.com\/en\/product\/det-toerstige-land\/","title":{"rendered":"The Thirsty Land"},"content":{"rendered":"<p>\u2605 \u2605 \u2605 \u2605 \u2605<\/p>\n<p>\"Backyard barons invite you to life-philosophical self-reflection and to puzzle with everything we think we know. I send my warmest recommendations.\"<br \/>\n<em>&#8211; Modspor<\/em><\/p>\n<p>We find ourselves on the edge of the world. Mythological creatures fight for survival in a poetic and merciless race against the sun. In this work, nature gets its own beautiful and strange voice as individual elements and words are replaced by iconography that the reader must decode. *The Thirsty Land* is a pastiche consisting solely of quotes taken from the David Attenborough documentary Africa.<\/p>\n<p>Kahan Kesef (born 1991) is a Palestinian freedom fighter and wrestler. He fled to Denmark during the second intifada in 2000 and has been living here ever since.<\/p>\n<p>Baggaardens Baglommeb\u00f8ger is a series of independent and conclusive short forms that serve as an introduction to overlooked or curious voices in Danish literature.<br \/>\nZven Balslev, known for his challenging and surreal style, is affiliated as the cover illustrator for the series.<\/p>\n<p><em>The Thirsty Land<\/em> is number 2 in the series Back Pocket Books.<br \/>\nThe author's fee for the publication is donated to Music 4 Aida, a music school in a Palestinian refugee camp.<\/p>","protected":false},"excerpt":{"rendered":"<p>\u2605 \u2605 \u2605 \u2605 \u2605<\/p>\n<p>\"Backyard barons invite you to life-philosophical self-reflection and to puzzle with everything we think we know. I send my warmest recommendations.\"<br \/>\n<em>&#8211; Modspor<\/em><\/p>\n<p>We find ourselves on the edge of the world. Mythological creatures fight for survival in a poetic and merciless race against the sun. In this work, nature gets its own beautiful and strange voice as individual elements and words are replaced by iconography that the reader must decode. *The Thirsty Land* is a pastiche consisting solely of quotes taken from the David Attenborough documentary Africa.<\/p>","protected":false},"featured_media":6477,"template":"","meta":{"_acf_changed":false},"product_brand":[],"product_cat":[81],"product_tag":[],"class_list":{"0":"post-6474","1":"product","2":"type-product","3":"status-publish","4":"has-post-thumbnail","6":"product_cat-boeger","8":"first","9":"instock","10":"taxable","11":"shipping-taxable","12":"purchasable","13":"product-type-simple"},"acf":[],"yoast_head":"<!-- This site is optimized with the Yoast SEO plugin v27.4 - https:\/\/yoast.com\/product\/yoast-seo-wordpress\/ -->\n<title>Det t\u00f8rstige land | Baggaardsbaroner<\/title>\n<meta name=\"robots\" content=\"index, follow, max-snippet:-1, max-image-preview:large, max-video-preview:-1\" \/>\n<link rel=\"canonical\" href=\"https:\/\/baggaardsbaroner.com\/en\/product\/det-toerstige-land\/\" \/>\n<meta property=\"og:locale\" content=\"en_GB\" \/>\n<meta property=\"og:type\" content=\"article\" \/>\n<meta property=\"og:title\" content=\"Det t\u00f8rstige land | Baggaardsbaroner\" \/>\n<meta property=\"og:description\" content=\"\u2605 \u2605 \u2605 \u2605 \u2605  \u201dBaggaardsbaroner byder op til livsfilosofisk selvrefleksion og til at puslespille med alt det, vi tror, vi ved. Jeg sender mine varmeste anbefalinger\u201d - Modspor  Vi befinder os p\u00e5 kanten af kloden. Mytologiske v\u00e6sner k\u00e6mper for overlevelse i et poetisk og ubarmhjertigt kapl\u00f8b mod solen. I dette v\u00e6rk f\u00e5r naturen sin egen smukke og s\u00e6lsomme stemme, n\u00e5r enkelte elementer og ord udskiftes af ikonografi, l\u00e6seren selv skal afkode. Det t\u00f8rstige land er en pastiche best\u00e5ende udelukkende af citater hentet fra David Attenborough-dokumentaren Africa.\" \/>\n<meta property=\"og:url\" content=\"https:\/\/baggaardsbaroner.com\/en\/product\/det-toerstige-land\/\" \/>\n<meta property=\"og:site_name\" content=\"Baggaardsbaroner\" \/>\n<meta property=\"article:modified_time\" content=\"2025-02-26T08:22:33+00:00\" \/>\n<meta property=\"og:image\" content=\"https:\/\/baggaardsbaroner.com\/wp-content\/uploads\/Baglomme_det-toerstige-land_1-1-scaled-1.webp\" \/>\n\t<meta property=\"og:image:width\" content=\"1200\" \/>\n\t<meta property=\"og:image:height\" content=\"1200\" \/>\n\t<meta property=\"og:image:type\" content=\"image\/webp\" \/>\n<meta name=\"twitter:card\" content=\"summary_large_image\" \/>\n<meta name=\"twitter:label1\" content=\"Estimated reading time\" \/>\n\t<meta name=\"twitter:data1\" content=\"2 minutes\" \/>\n<script type=\"application\/ld+json\" class=\"yoast-schema-graph\">{\"@context\":\"https:\\\/\\\/schema.org\",\"@graph\":[{\"@type\":\"WebPage\",\"@id\":\"https:\\\/\\\/baggaardsbaroner.com\\\/vare\\\/det-toerstige-land\\\/\",\"url\":\"https:\\\/\\\/baggaardsbaroner.com\\\/vare\\\/det-toerstige-land\\\/\",\"name\":\"Det t\u00f8rstige land | Baggaardsbaroner\",\"isPartOf\":{\"@id\":\"https:\\\/\\\/baggaardsbaroner.com\\\/#website\"},\"primaryImageOfPage\":{\"@id\":\"https:\\\/\\\/baggaardsbaroner.com\\\/vare\\\/det-toerstige-land\\\/#primaryimage\"},\"image\":{\"@id\":\"https:\\\/\\\/baggaardsbaroner.com\\\/vare\\\/det-toerstige-land\\\/#primaryimage\"},\"thumbnailUrl\":\"https:\\\/\\\/baggaardsbaroner.com\\\/wp-content\\\/uploads\\\/Baglomme_det-toerstige-land_1-1-scaled-1.webp\",\"datePublished\":\"2025-01-23T14:20:58+00:00\",\"dateModified\":\"2025-02-26T08:22:33+00:00\",\"breadcrumb\":{\"@id\":\"https:\\\/\\\/baggaardsbaroner.com\\\/vare\\\/det-toerstige-land\\\/#breadcrumb\"},\"inLanguage\":\"en-GB\",\"potentialAction\":[{\"@type\":\"ReadAction\",\"target\":[\"https:\\\/\\\/baggaardsbaroner.com\\\/vare\\\/det-toerstige-land\\\/\"]}]},{\"@type\":\"ImageObject\",\"inLanguage\":\"en-GB\",\"@id\":\"https:\\\/\\\/baggaardsbaroner.com\\\/vare\\\/det-toerstige-land\\\/#primaryimage\",\"url\":\"https:\\\/\\\/baggaardsbaroner.com\\\/wp-content\\\/uploads\\\/Baglomme_det-toerstige-land_1-1-scaled-1.webp\",\"contentUrl\":\"https:\\\/\\\/baggaardsbaroner.com\\\/wp-content\\\/uploads\\\/Baglomme_det-toerstige-land_1-1-scaled-1.webp\",\"width\":1200,\"height\":1200},{\"@type\":\"BreadcrumbList\",\"@id\":\"https:\\\/\\\/baggaardsbaroner.com\\\/vare\\\/det-toerstige-land\\\/#breadcrumb\",\"itemListElement\":[{\"@type\":\"ListItem\",\"position\":1,\"name\":\"Forside\",\"item\":\"https:\\\/\\\/baggaardsbaroner.com\\\/\"},{\"@type\":\"ListItem\",\"position\":2,\"name\":\"Shop\",\"item\":\"https:\\\/\\\/baggaardsbaroner.com\\\/shop\\\/\"},{\"@type\":\"ListItem\",\"position\":3,\"name\":\"B\u00f8ger\",\"item\":\"https:\\\/\\\/baggaardsbaroner.com\\\/kategori\\\/boeger\\\/\"},{\"@type\":\"ListItem\",\"position\":4,\"name\":\"Det t\u00f8rstige land\"}]},{\"@type\":\"WebSite\",\"@id\":\"https:\\\/\\\/baggaardsbaroner.com\\\/#website\",\"url\":\"https:\\\/\\\/baggaardsbaroner.com\\\/\",\"name\":\"Baggaardsbaroner\",\"description\":\"\",\"publisher\":{\"@id\":\"https:\\\/\\\/baggaardsbaroner.com\\\/#organization\"},\"potentialAction\":[{\"@type\":\"SearchAction\",\"target\":{\"@type\":\"EntryPoint\",\"urlTemplate\":\"https:\\\/\\\/baggaardsbaroner.com\\\/?s={search_term_string}\"},\"query-input\":{\"@type\":\"PropertyValueSpecification\",\"valueRequired\":true,\"valueName\":\"search_term_string\"}}],\"inLanguage\":\"en-GB\"},{\"@type\":\"Organization\",\"@id\":\"https:\\\/\\\/baggaardsbaroner.com\\\/#organization\",\"name\":\"Baggaardsbaroner\",\"url\":\"https:\\\/\\\/baggaardsbaroner.com\\\/\",\"logo\":{\"@type\":\"ImageObject\",\"inLanguage\":\"en-GB\",\"@id\":\"https:\\\/\\\/baggaardsbaroner.com\\\/#\\\/schema\\\/logo\\\/image\\\/\",\"url\":\"https:\\\/\\\/baggaardsbaroner.com\\\/wp-content\\\/uploads\\\/logony.png\",\"contentUrl\":\"https:\\\/\\\/baggaardsbaroner.com\\\/wp-content\\\/uploads\\\/logony.png\",\"width\":263,\"height\":103,\"caption\":\"Baggaardsbaroner\"},\"image\":{\"@id\":\"https:\\\/\\\/baggaardsbaroner.com\\\/#\\\/schema\\\/logo\\\/image\\\/\"}}]}<\/script>\n<!-- \/ Yoast SEO plugin. -->","yoast_head_json":{"title":"Det t\u00f8rstige land | Baggaardsbaroner","robots":{"index":"index","follow":"follow","max-snippet":"max-snippet:-1","max-image-preview":"max-image-preview:large","max-video-preview":"max-video-preview:-1"},"canonical":"https:\/\/baggaardsbaroner.com\/en\/product\/det-toerstige-land\/","og_locale":"en_GB","og_type":"article","og_title":"Det t\u00f8rstige land | Baggaardsbaroner","og_description":"\u2605 \u2605 \u2605 \u2605 \u2605  \u201dBaggaardsbaroner byder op til livsfilosofisk selvrefleksion og til at puslespille med alt det, vi tror, vi ved. Jeg sender mine varmeste anbefalinger\u201d - Modspor  Vi befinder os p\u00e5 kanten af kloden. Mytologiske v\u00e6sner k\u00e6mper for overlevelse i et poetisk og ubarmhjertigt kapl\u00f8b mod solen. I dette v\u00e6rk f\u00e5r naturen sin egen smukke og s\u00e6lsomme stemme, n\u00e5r enkelte elementer og ord udskiftes af ikonografi, l\u00e6seren selv skal afkode. Det t\u00f8rstige land er en pastiche best\u00e5ende udelukkende af citater hentet fra David Attenborough-dokumentaren Africa.","og_url":"https:\/\/baggaardsbaroner.com\/en\/product\/det-toerstige-land\/","og_site_name":"Baggaardsbaroner","article_modified_time":"2025-02-26T08:22:33+00:00","og_image":[{"width":1200,"height":1200,"url":"https:\/\/baggaardsbaroner.com\/wp-content\/uploads\/Baglomme_det-toerstige-land_1-1-scaled-1.webp","type":"image\/webp"}],"twitter_card":"summary_large_image","twitter_misc":{"Estimated reading time":"2 minutes"},"schema":{"@context":"https:\/\/schema.org","@graph":[{"@type":"WebPage","@id":"https:\/\/baggaardsbaroner.com\/vare\/det-toerstige-land\/","url":"https:\/\/baggaardsbaroner.com\/vare\/det-toerstige-land\/","name":"Det t\u00f8rstige land | Baggaardsbaroner","isPartOf":{"@id":"https:\/\/baggaardsbaroner.com\/#website"},"primaryImageOfPage":{"@id":"https:\/\/baggaardsbaroner.com\/vare\/det-toerstige-land\/#primaryimage"},"image":{"@id":"https:\/\/baggaardsbaroner.com\/vare\/det-toerstige-land\/#primaryimage"},"thumbnailUrl":"https:\/\/baggaardsbaroner.com\/wp-content\/uploads\/Baglomme_det-toerstige-land_1-1-scaled-1.webp","datePublished":"2025-01-23T14:20:58+00:00","dateModified":"2025-02-26T08:22:33+00:00","breadcrumb":{"@id":"https:\/\/baggaardsbaroner.com\/vare\/det-toerstige-land\/#breadcrumb"},"inLanguage":"en-GB","potentialAction":[{"@type":"ReadAction","target":["https:\/\/baggaardsbaroner.com\/vare\/det-toerstige-land\/"]}]},{"@type":"ImageObject","inLanguage":"en-GB","@id":"https:\/\/baggaardsbaroner.com\/vare\/det-toerstige-land\/#primaryimage","url":"https:\/\/baggaardsbaroner.com\/wp-content\/uploads\/Baglomme_det-toerstige-land_1-1-scaled-1.webp","contentUrl":"https:\/\/baggaardsbaroner.com\/wp-content\/uploads\/Baglomme_det-toerstige-land_1-1-scaled-1.webp","width":1200,"height":1200},{"@type":"BreadcrumbList","@id":"https:\/\/baggaardsbaroner.com\/vare\/det-toerstige-land\/#breadcrumb","itemListElement":[{"@type":"ListItem","position":1,"name":"Forside","item":"https:\/\/baggaardsbaroner.com\/"},{"@type":"ListItem","position":2,"name":"Shop","item":"https:\/\/baggaardsbaroner.com\/shop\/"},{"@type":"ListItem","position":3,"name":"B\u00f8ger","item":"https:\/\/baggaardsbaroner.com\/kategori\/boeger\/"},{"@type":"ListItem","position":4,"name":"Det t\u00f8rstige land"}]},{"@type":"WebSite","@id":"https:\/\/baggaardsbaroner.com\/#website","url":"https:\/\/baggaardsbaroner.com\/","name":"Baggaardsbaroner","description":"","publisher":{"@id":"https:\/\/baggaardsbaroner.com\/#organization"},"potentialAction":[{"@type":"SearchAction","target":{"@type":"EntryPoint","urlTemplate":"https:\/\/baggaardsbaroner.com\/?s={search_term_string}"},"query-input":{"@type":"PropertyValueSpecification","valueRequired":true,"valueName":"search_term_string"}}],"inLanguage":"en-GB"},{"@type":"Organization","@id":"https:\/\/baggaardsbaroner.com\/#organization","name":"Baggaardsbaroner","url":"https:\/\/baggaardsbaroner.com\/","logo":{"@type":"ImageObject","inLanguage":"en-GB","@id":"https:\/\/baggaardsbaroner.com\/#\/schema\/logo\/image\/","url":"https:\/\/baggaardsbaroner.com\/wp-content\/uploads\/logony.png","contentUrl":"https:\/\/baggaardsbaroner.com\/wp-content\/uploads\/logony.png","width":263,"height":103,"caption":"Baggaardsbaroner"},"image":{"@id":"https:\/\/baggaardsbaroner.com\/#\/schema\/logo\/image\/"}}]}},"_links":{"self":[{"href":"https:\/\/baggaardsbaroner.com\/en\/wp-json\/wp\/v2\/product\/6474","targetHints":{"allow":["GET"]}}],"collection":[{"href":"https:\/\/baggaardsbaroner.com\/en\/wp-json\/wp\/v2\/product"}],"about":[{"href":"https:\/\/baggaardsbaroner.com\/en\/wp-json\/wp\/v2\/types\/product"}],"version-history":[{"count":2,"href":"https:\/\/baggaardsbaroner.com\/en\/wp-json\/wp\/v2\/product\/6474\/revisions"}],"predecessor-version":[{"id":7226,"href":"https:\/\/baggaardsbaroner.com\/en\/wp-json\/wp\/v2\/product\/6474\/revisions\/7226"}],"wp:featuredmedia":[{"embeddable":true,"href":"https:\/\/baggaardsbaroner.com\/en\/wp-json\/wp\/v2\/media\/6477"}],"wp:attachment":[{"href":"https:\/\/baggaardsbaroner.com\/en\/wp-json\/wp\/v2\/media?parent=6474"}],"wp:term":[{"taxonomy":"product_brand","embeddable":true,"href":"https:\/\/baggaardsbaroner.com\/en\/wp-json\/wp\/v2\/product_brand?post=6474"},{"taxonomy":"product_cat","embeddable":true,"href":"https:\/\/baggaardsbaroner.com\/en\/wp-json\/wp\/v2\/product_cat?post=6474"},{"taxonomy":"product_tag","embeddable":true,"href":"https:\/\/baggaardsbaroner.com\/en\/wp-json\/wp\/v2\/product_tag?post=6474"}],"curies":[{"name":"wp","href":"https:\/\/api.w.org\/{rel}","templated":true}]}}