{"id":6481,"date":"2025-01-23T15:24:44","date_gmt":"2025-01-23T14:24:44","guid":{"rendered":"https:\/\/baggaardsbaroner.com\/\/?post_type=product&#038;p=6481"},"modified":"2025-04-05T20:37:22","modified_gmt":"2025-04-05T18:37:22","slug":"hotellet","status":"publish","type":"product","link":"https:\/\/baggaardsbaroner.com\/en\/product\/hotellet\/","title":{"rendered":"The Hotel"},"content":{"rendered":"<p><strong>WINNER OF THE BEST BOOK DESIGN OF THE YEAR<\/strong><\/p>\n<p>\u2605 \u2605 \u2605 \u2605 \u2605<\/p>\n<p>\"The Hotel invites life-philosophical self-reflection and to puzzle with everything we think we know. I send my warmest recommendations.\"<br \/>\n<em>&#8211; Modspor<\/em><\/p>\n<p>\"A Camus-inspired novella beyond the ordinary. The plot is tightly constructed with a poetic and visual language that creates an unsettlingly rational reading of the absurd and shocking plot. Entertaining, if you\u2019re into the grotesque\u2026 Recommended for everyone.\"<br \/>\n<em>&#8211; DBC<\/em><\/p>\n<p>A grotesque and surreal story about the hardest choice of existentialism: to live meaningfully. Mersault works as head waiter at the city's most prestigious hotel. He is a slave to the habit of seemingly meaningless routines, so when he one day finds the hotel owner dead, he decides to continue running the hotel as if nothing had happened. When Mersault dismembers the deceased owner's body and serves the meat to the unsuspecting guests, it is only the first link in a chain of meaningful, bloody coincidences.<\/p>\n<p>Storm Frost (born 1986) is one of Onkel Hawaii's aliases. The anonymous author's books are known for their jazzy existentialism with a penchant for the morbid and grotesque. The author debuted with the cult classic <em>Andedrengens Bodegakronik<\/em> (2014) and has since published, among others. <em>Nyctophilia<\/em>, <em>Dark Halo<\/em> and <em>Copenhagen is white and blue<\/em>.<br \/>\nThe author was briefly part of the avant-garde English death cult. <em>Doom Patrol<\/em>.<\/p>\n<p>Baggaardens Baglommeb\u00f8ger is a series of independent and conclusive short forms that serve as an introduction to overlooked or curious voices in Danish literature.<br \/>\nZven Balslev, known for his challenging and surreal style, is affiliated as the cover illustrator for the series.<\/p>\n<p><em>The Hotel<\/em> is number 3 in the series Back Pocket Books.<br \/>\nThe author's fee for the publication is donated to the National Association for Women Affected by Violence.<\/p>","protected":false},"excerpt":{"rendered":"<p><strong>WINNER OF THE BEST BOOK DESIGN OF THE YEAR<\/strong><\/p>\n<p>\u2605 \u2605 \u2605 \u2605 \u2605<br \/>\n\"The Hotel invites life-philosophical self-reflection and to puzzle with everything we think we know. I send my warmest recommendations.\"<br \/>\n- Modspor<\/p>\n<p>\"A Camus-inspired novella beyond the ordinary. The plot is tightly constructed but with a poetic and visual language that creates an unsettlingly rational reading of the absurd and shocking plot. Entertaining, if you\u2019re into the grotesque\u2026 Recommended for everyone.\"<\/p>\n<p>A grotesque and surreal story about the hardest choice of existentialism: to live meaningfully. Mersault works as head waiter at the city's most prestigious hotel. He is a slave to the habit of seemingly meaningless routines, so when he one day finds the hotel owner dead, he decides to continue running the hotel as if nothing had happened. When Mersault dismembers the deceased owner's body and serves the meat to the unsuspecting guests, it is only the first link in a chain of meaningful, bloody coincidences.<\/p>","protected":false},"featured_media":6482,"template":"","meta":{"_acf_changed":false},"product_brand":[],"product_cat":[81],"product_tag":[],"class_list":{"0":"post-6481","1":"product","2":"type-product","3":"status-publish","4":"has-post-thumbnail","6":"product_cat-boeger","8":"first","9":"instock","10":"taxable","11":"shipping-taxable","12":"purchasable","13":"product-type-simple"},"acf":[],"yoast_head":"<!-- This site is optimized with the Yoast SEO plugin v27.4 - https:\/\/yoast.com\/product\/yoast-seo-wordpress\/ -->\n<title>Hotellet | Baggaardsbaroner<\/title>\n<meta name=\"robots\" content=\"index, follow, max-snippet:-1, max-image-preview:large, max-video-preview:-1\" \/>\n<link rel=\"canonical\" href=\"https:\/\/baggaardsbaroner.com\/en\/product\/hotellet\/\" \/>\n<meta property=\"og:locale\" content=\"en_GB\" \/>\n<meta property=\"og:type\" content=\"article\" \/>\n<meta property=\"og:title\" content=\"Hotellet | Baggaardsbaroner\" \/>\n<meta property=\"og:description\" content=\"VINDER AF \u00c5RETS BEDSTE BOGARBEJDE  \u2605 \u2605 \u2605 \u2605 \u2605 \u201dHotellet byder op til livsfilosofisk selvrefleksion og til at puslespille med alt det, vi tror, vi ved. Jeg sender mine varmeste anbefalinger\u201d Modspor  \u201dEn Camus-inspireret kortroman ud over det s\u00e6dvanlige. Handlingen er stramt skruet sam- men med et poetisk og billedligt sprog, der skaber en foruroligende rational l\u00e6sning af det absurde og chokerende plot. Underholdende, hvis man er til det groteske... Anbefales til alle\u201d  En grotesk og surrealistisk fort\u00e6lling om eksistentialismens sv\u00e6reste valg: det at leve meningsfuldt. Mersault arbejder som overtjener p\u00e5 byens mest velansete hotel. Han er slave af vanens tilsyneladende meningsl\u00f8shed, s\u00e5 da han en dag finder hotelejeren d\u00f8d, beslutter han sig for at drive hotellet videre, som om intet var sket. Da Mersault parterer den afd\u00f8de ejers lig og serverer k\u00f8det for de uvidende g\u00e6ster, er det kun f\u00f8rste led i en \u00e5rsagsk\u00e6de af meningsfulde, blodige tilf\u00e6ldigheder.\" \/>\n<meta property=\"og:url\" content=\"https:\/\/baggaardsbaroner.com\/en\/product\/hotellet\/\" \/>\n<meta property=\"og:site_name\" content=\"Baggaardsbaroner\" \/>\n<meta property=\"article:modified_time\" content=\"2025-04-05T18:37:22+00:00\" \/>\n<meta property=\"og:image\" content=\"https:\/\/baggaardsbaroner.com\/wp-content\/uploads\/Baglomme_hotellet_1-scaled-1.webp\" \/>\n\t<meta property=\"og:image:width\" content=\"1200\" \/>\n\t<meta property=\"og:image:height\" content=\"1200\" \/>\n\t<meta property=\"og:image:type\" content=\"image\/webp\" \/>\n<meta name=\"twitter:card\" content=\"summary_large_image\" \/>\n<meta name=\"twitter:label1\" content=\"Estimated reading time\" \/>\n\t<meta name=\"twitter:data1\" content=\"2 minutes\" \/>\n<script type=\"application\/ld+json\" class=\"yoast-schema-graph\">{\"@context\":\"https:\\\/\\\/schema.org\",\"@graph\":[{\"@type\":\"WebPage\",\"@id\":\"https:\\\/\\\/baggaardsbaroner.com\\\/vare\\\/hotellet\\\/\",\"url\":\"https:\\\/\\\/baggaardsbaroner.com\\\/vare\\\/hotellet\\\/\",\"name\":\"Hotellet | Baggaardsbaroner\",\"isPartOf\":{\"@id\":\"https:\\\/\\\/baggaardsbaroner.com\\\/#website\"},\"primaryImageOfPage\":{\"@id\":\"https:\\\/\\\/baggaardsbaroner.com\\\/vare\\\/hotellet\\\/#primaryimage\"},\"image\":{\"@id\":\"https:\\\/\\\/baggaardsbaroner.com\\\/vare\\\/hotellet\\\/#primaryimage\"},\"thumbnailUrl\":\"https:\\\/\\\/baggaardsbaroner.com\\\/wp-content\\\/uploads\\\/Baglomme_hotellet_1-scaled-1.webp\",\"datePublished\":\"2025-01-23T14:24:44+00:00\",\"dateModified\":\"2025-04-05T18:37:22+00:00\",\"breadcrumb\":{\"@id\":\"https:\\\/\\\/baggaardsbaroner.com\\\/vare\\\/hotellet\\\/#breadcrumb\"},\"inLanguage\":\"en-GB\",\"potentialAction\":[{\"@type\":\"ReadAction\",\"target\":[\"https:\\\/\\\/baggaardsbaroner.com\\\/vare\\\/hotellet\\\/\"]}]},{\"@type\":\"ImageObject\",\"inLanguage\":\"en-GB\",\"@id\":\"https:\\\/\\\/baggaardsbaroner.com\\\/vare\\\/hotellet\\\/#primaryimage\",\"url\":\"https:\\\/\\\/baggaardsbaroner.com\\\/wp-content\\\/uploads\\\/Baglomme_hotellet_1-scaled-1.webp\",\"contentUrl\":\"https:\\\/\\\/baggaardsbaroner.com\\\/wp-content\\\/uploads\\\/Baglomme_hotellet_1-scaled-1.webp\",\"width\":1200,\"height\":1200},{\"@type\":\"BreadcrumbList\",\"@id\":\"https:\\\/\\\/baggaardsbaroner.com\\\/vare\\\/hotellet\\\/#breadcrumb\",\"itemListElement\":[{\"@type\":\"ListItem\",\"position\":1,\"name\":\"Forside\",\"item\":\"https:\\\/\\\/baggaardsbaroner.com\\\/\"},{\"@type\":\"ListItem\",\"position\":2,\"name\":\"Shop\",\"item\":\"https:\\\/\\\/baggaardsbaroner.com\\\/shop\\\/\"},{\"@type\":\"ListItem\",\"position\":3,\"name\":\"B\u00f8ger\",\"item\":\"https:\\\/\\\/baggaardsbaroner.com\\\/kategori\\\/boeger\\\/\"},{\"@type\":\"ListItem\",\"position\":4,\"name\":\"Hotellet\"}]},{\"@type\":\"WebSite\",\"@id\":\"https:\\\/\\\/baggaardsbaroner.com\\\/#website\",\"url\":\"https:\\\/\\\/baggaardsbaroner.com\\\/\",\"name\":\"Baggaardsbaroner\",\"description\":\"\",\"publisher\":{\"@id\":\"https:\\\/\\\/baggaardsbaroner.com\\\/#organization\"},\"potentialAction\":[{\"@type\":\"SearchAction\",\"target\":{\"@type\":\"EntryPoint\",\"urlTemplate\":\"https:\\\/\\\/baggaardsbaroner.com\\\/?s={search_term_string}\"},\"query-input\":{\"@type\":\"PropertyValueSpecification\",\"valueRequired\":true,\"valueName\":\"search_term_string\"}}],\"inLanguage\":\"en-GB\"},{\"@type\":\"Organization\",\"@id\":\"https:\\\/\\\/baggaardsbaroner.com\\\/#organization\",\"name\":\"Baggaardsbaroner\",\"url\":\"https:\\\/\\\/baggaardsbaroner.com\\\/\",\"logo\":{\"@type\":\"ImageObject\",\"inLanguage\":\"en-GB\",\"@id\":\"https:\\\/\\\/baggaardsbaroner.com\\\/#\\\/schema\\\/logo\\\/image\\\/\",\"url\":\"https:\\\/\\\/baggaardsbaroner.com\\\/wp-content\\\/uploads\\\/logony.png\",\"contentUrl\":\"https:\\\/\\\/baggaardsbaroner.com\\\/wp-content\\\/uploads\\\/logony.png\",\"width\":263,\"height\":103,\"caption\":\"Baggaardsbaroner\"},\"image\":{\"@id\":\"https:\\\/\\\/baggaardsbaroner.com\\\/#\\\/schema\\\/logo\\\/image\\\/\"}}]}<\/script>\n<!-- \/ Yoast SEO plugin. -->","yoast_head_json":{"title":"Hotellet | Baggaardsbaroner","robots":{"index":"index","follow":"follow","max-snippet":"max-snippet:-1","max-image-preview":"max-image-preview:large","max-video-preview":"max-video-preview:-1"},"canonical":"https:\/\/baggaardsbaroner.com\/en\/product\/hotellet\/","og_locale":"en_GB","og_type":"article","og_title":"Hotellet | Baggaardsbaroner","og_description":"VINDER AF \u00c5RETS BEDSTE BOGARBEJDE  \u2605 \u2605 \u2605 \u2605 \u2605 \u201dHotellet byder op til livsfilosofisk selvrefleksion og til at puslespille med alt det, vi tror, vi ved. Jeg sender mine varmeste anbefalinger\u201d Modspor  \u201dEn Camus-inspireret kortroman ud over det s\u00e6dvanlige. Handlingen er stramt skruet sam- men med et poetisk og billedligt sprog, der skaber en foruroligende rational l\u00e6sning af det absurde og chokerende plot. Underholdende, hvis man er til det groteske... Anbefales til alle\u201d  En grotesk og surrealistisk fort\u00e6lling om eksistentialismens sv\u00e6reste valg: det at leve meningsfuldt. Mersault arbejder som overtjener p\u00e5 byens mest velansete hotel. Han er slave af vanens tilsyneladende meningsl\u00f8shed, s\u00e5 da han en dag finder hotelejeren d\u00f8d, beslutter han sig for at drive hotellet videre, som om intet var sket. Da Mersault parterer den afd\u00f8de ejers lig og serverer k\u00f8det for de uvidende g\u00e6ster, er det kun f\u00f8rste led i en \u00e5rsagsk\u00e6de af meningsfulde, blodige tilf\u00e6ldigheder.","og_url":"https:\/\/baggaardsbaroner.com\/en\/product\/hotellet\/","og_site_name":"Baggaardsbaroner","article_modified_time":"2025-04-05T18:37:22+00:00","og_image":[{"width":1200,"height":1200,"url":"https:\/\/baggaardsbaroner.com\/wp-content\/uploads\/Baglomme_hotellet_1-scaled-1.webp","type":"image\/webp"}],"twitter_card":"summary_large_image","twitter_misc":{"Estimated reading time":"2 minutes"},"schema":{"@context":"https:\/\/schema.org","@graph":[{"@type":"WebPage","@id":"https:\/\/baggaardsbaroner.com\/vare\/hotellet\/","url":"https:\/\/baggaardsbaroner.com\/vare\/hotellet\/","name":"Hotellet | Baggaardsbaroner","isPartOf":{"@id":"https:\/\/baggaardsbaroner.com\/#website"},"primaryImageOfPage":{"@id":"https:\/\/baggaardsbaroner.com\/vare\/hotellet\/#primaryimage"},"image":{"@id":"https:\/\/baggaardsbaroner.com\/vare\/hotellet\/#primaryimage"},"thumbnailUrl":"https:\/\/baggaardsbaroner.com\/wp-content\/uploads\/Baglomme_hotellet_1-scaled-1.webp","datePublished":"2025-01-23T14:24:44+00:00","dateModified":"2025-04-05T18:37:22+00:00","breadcrumb":{"@id":"https:\/\/baggaardsbaroner.com\/vare\/hotellet\/#breadcrumb"},"inLanguage":"en-GB","potentialAction":[{"@type":"ReadAction","target":["https:\/\/baggaardsbaroner.com\/vare\/hotellet\/"]}]},{"@type":"ImageObject","inLanguage":"en-GB","@id":"https:\/\/baggaardsbaroner.com\/vare\/hotellet\/#primaryimage","url":"https:\/\/baggaardsbaroner.com\/wp-content\/uploads\/Baglomme_hotellet_1-scaled-1.webp","contentUrl":"https:\/\/baggaardsbaroner.com\/wp-content\/uploads\/Baglomme_hotellet_1-scaled-1.webp","width":1200,"height":1200},{"@type":"BreadcrumbList","@id":"https:\/\/baggaardsbaroner.com\/vare\/hotellet\/#breadcrumb","itemListElement":[{"@type":"ListItem","position":1,"name":"Forside","item":"https:\/\/baggaardsbaroner.com\/"},{"@type":"ListItem","position":2,"name":"Shop","item":"https:\/\/baggaardsbaroner.com\/shop\/"},{"@type":"ListItem","position":3,"name":"B\u00f8ger","item":"https:\/\/baggaardsbaroner.com\/kategori\/boeger\/"},{"@type":"ListItem","position":4,"name":"Hotellet"}]},{"@type":"WebSite","@id":"https:\/\/baggaardsbaroner.com\/#website","url":"https:\/\/baggaardsbaroner.com\/","name":"Baggaardsbaroner","description":"","publisher":{"@id":"https:\/\/baggaardsbaroner.com\/#organization"},"potentialAction":[{"@type":"SearchAction","target":{"@type":"EntryPoint","urlTemplate":"https:\/\/baggaardsbaroner.com\/?s={search_term_string}"},"query-input":{"@type":"PropertyValueSpecification","valueRequired":true,"valueName":"search_term_string"}}],"inLanguage":"en-GB"},{"@type":"Organization","@id":"https:\/\/baggaardsbaroner.com\/#organization","name":"Baggaardsbaroner","url":"https:\/\/baggaardsbaroner.com\/","logo":{"@type":"ImageObject","inLanguage":"en-GB","@id":"https:\/\/baggaardsbaroner.com\/#\/schema\/logo\/image\/","url":"https:\/\/baggaardsbaroner.com\/wp-content\/uploads\/logony.png","contentUrl":"https:\/\/baggaardsbaroner.com\/wp-content\/uploads\/logony.png","width":263,"height":103,"caption":"Baggaardsbaroner"},"image":{"@id":"https:\/\/baggaardsbaroner.com\/#\/schema\/logo\/image\/"}}]}},"_links":{"self":[{"href":"https:\/\/baggaardsbaroner.com\/en\/wp-json\/wp\/v2\/product\/6481","targetHints":{"allow":["GET"]}}],"collection":[{"href":"https:\/\/baggaardsbaroner.com\/en\/wp-json\/wp\/v2\/product"}],"about":[{"href":"https:\/\/baggaardsbaroner.com\/en\/wp-json\/wp\/v2\/types\/product"}],"version-history":[{"count":4,"href":"https:\/\/baggaardsbaroner.com\/en\/wp-json\/wp\/v2\/product\/6481\/revisions"}],"predecessor-version":[{"id":7223,"href":"https:\/\/baggaardsbaroner.com\/en\/wp-json\/wp\/v2\/product\/6481\/revisions\/7223"}],"wp:featuredmedia":[{"embeddable":true,"href":"https:\/\/baggaardsbaroner.com\/en\/wp-json\/wp\/v2\/media\/6482"}],"wp:attachment":[{"href":"https:\/\/baggaardsbaroner.com\/en\/wp-json\/wp\/v2\/media?parent=6481"}],"wp:term":[{"taxonomy":"product_brand","embeddable":true,"href":"https:\/\/baggaardsbaroner.com\/en\/wp-json\/wp\/v2\/product_brand?post=6481"},{"taxonomy":"product_cat","embeddable":true,"href":"https:\/\/baggaardsbaroner.com\/en\/wp-json\/wp\/v2\/product_cat?post=6481"},{"taxonomy":"product_tag","embeddable":true,"href":"https:\/\/baggaardsbaroner.com\/en\/wp-json\/wp\/v2\/product_tag?post=6481"}],"curies":[{"name":"wp","href":"https:\/\/api.w.org\/{rel}","templated":true}]}}