{"id":6891,"date":"2025-01-24T12:16:15","date_gmt":"2025-01-24T11:16:15","guid":{"rendered":"https:\/\/baggaardsbaroner.com\/\/?post_type=product&#038;p=6891"},"modified":"2025-01-24T12:16:16","modified_gmt":"2025-01-24T11:16:16","slug":"det-raadne","status":"publish","type":"product","link":"https:\/\/baggaardsbaroner.com\/en\/product\/det-raadne\/","title":{"rendered":"The Rot"},"content":{"rendered":"<p>THE ROT<br \/>\nDarkness has descended over Helsing\u00f8r. The city's inhabitants are intertwined in a twilight landscape of murky folklore and occult nightmare tales, which feel claustrophobically impossible to wake from. Evil is given free reign\u2014and this is only to be expected when something is already rotten in the kingdom of Denmark.<\/p>\n<p>Debutante Ditte Maja Noach writes spine-chilling stories with a pen that reaches toward authors like Grete Roulund and Astrid Ehrencron-Kidde. What is refreshing about Noach's approach to the horror genre is her ability to use its alienating potential to create a socially conscious undertone, sharply addressing contemporary issues such as free abortion, free sexuality, and feminist liberation. In this way, Noach is both a breakthrough in Danish literature and a continuation of a literary tradition we have long overlooked.<\/p>\n<p>The award-winning illustrator, John Kenn Mortensen, known for his intricate lines and always a guarantor of visual horrors, has illustrated the work and added the amount of bizarre terror that the text demands.<\/p>\n<p>The book's cover can be unfolded and used as a poster.<\/p>\n<p><strong>What the press says:<\/strong><\/p>\n<p><em>\"Originally crafted and excellently written.\"<\/em><br \/>\n<strong>&#8211; Politiken<\/strong><\/p>\n<p><em>\"In short, The Rot is an excellent anthology that shows Noach is a competent storyteller, able to create atmosphere, immersion, and horror in just a few pages. Beyond the obvious appeal of acquiring a new Danish horror anthology, one of Kapellet\u2019s favorites, John Kenn Mortensen, has provided both the cover and a series of title images for each of the five stories. This, along with the beautiful layout and print (which Baggaardsbaroner excels at), makes the release look truly stunning and inviting.\"<\/em><br \/>\n<strong>&#8211; Kulturkapellet<\/strong><\/p>\n<p><em>\"It\u2019s an exceptionally beautiful debut! I\u2019m struggling to contain my excitement; even though several of the short stories are truly dark and nauseating, they are written with such a great literary surplus. I could easily be led to believe that Ditte Maja Noach and John Kenn Mortensen were not born naturally on this earth, but simply stepped out of a Hieronymus Bosch painting.\"<\/em><br \/>\n<strong>&#8211; Bogrummet<\/strong><\/p>","protected":false},"excerpt":{"rendered":"<p>THE ROT<br \/>\nDarkness has descended over Helsing\u00f8r. The city's inhabitants are intertwined in a twilight landscape of murky folklore and occult nightmare tales, which feel claustrophobically impossible to wake from. Evil is given free reign\u2014and this is only to be expected when something is already rotten in the kingdom of Denmark.<\/p>","protected":false},"featured_media":6892,"template":"","meta":{"_acf_changed":false},"product_brand":[],"product_cat":[81],"product_tag":[],"class_list":{"0":"post-6891","1":"product","2":"type-product","3":"status-publish","4":"has-post-thumbnail","6":"product_cat-boeger","8":"first","9":"instock","10":"taxable","11":"shipping-taxable","12":"purchasable","13":"product-type-simple"},"acf":[],"yoast_head":"<!-- This site is optimized with the Yoast SEO plugin v27.4 - https:\/\/yoast.com\/product\/yoast-seo-wordpress\/ -->\n<title>Det r\u00e5dne | Baggaardsbaroner<\/title>\n<meta name=\"robots\" content=\"index, follow, max-snippet:-1, max-image-preview:large, max-video-preview:-1\" \/>\n<link rel=\"canonical\" href=\"https:\/\/baggaardsbaroner.com\/en\/product\/det-raadne\/\" \/>\n<meta property=\"og:locale\" content=\"en_GB\" \/>\n<meta property=\"og:type\" content=\"article\" \/>\n<meta property=\"og:title\" content=\"Det r\u00e5dne | Baggaardsbaroner\" \/>\n<meta property=\"og:description\" content=\"DET R\u00c5DNE M\u00f8rket har s\u00e6nket sig over Helsing\u00f8r. Byens befolkning flettes sammen p\u00e5 kryds og tv\u00e6rs i et tusm\u00f8rkelandskab af dunkel folklore og okkulte mareridtsfort\u00e6llinger, som virker klaustrofobisk umulige at v\u00e5gne fra. Ondskaben f\u00e5r frit lejde \u2013 og dette er kun forventeligt, n\u00e5r noget allerede er r\u00e5ddent i Danmarks rige.\" \/>\n<meta property=\"og:url\" content=\"https:\/\/baggaardsbaroner.com\/en\/product\/det-raadne\/\" \/>\n<meta property=\"og:site_name\" content=\"Baggaardsbaroner\" \/>\n<meta property=\"article:modified_time\" content=\"2025-01-24T11:16:16+00:00\" \/>\n<meta property=\"og:image\" content=\"https:\/\/baggaardsbaroner.com\/wp-content\/uploads\/Det-raadne_1-1-scaled-1.webp\" \/>\n\t<meta property=\"og:image:width\" content=\"2048\" \/>\n\t<meta property=\"og:image:height\" content=\"2048\" \/>\n\t<meta property=\"og:image:type\" content=\"image\/webp\" \/>\n<meta name=\"twitter:card\" content=\"summary_large_image\" \/>\n<meta name=\"twitter:label1\" content=\"Estimated reading time\" \/>\n\t<meta name=\"twitter:data1\" content=\"3 minutes\" \/>\n<script type=\"application\/ld+json\" class=\"yoast-schema-graph\">{\"@context\":\"https:\\\/\\\/schema.org\",\"@graph\":[{\"@type\":\"WebPage\",\"@id\":\"https:\\\/\\\/baggaardsbaroner.com\\\/vare\\\/det-raadne\\\/\",\"url\":\"https:\\\/\\\/baggaardsbaroner.com\\\/vare\\\/det-raadne\\\/\",\"name\":\"Det r\u00e5dne | Baggaardsbaroner\",\"isPartOf\":{\"@id\":\"https:\\\/\\\/baggaardsbaroner.com\\\/#website\"},\"primaryImageOfPage\":{\"@id\":\"https:\\\/\\\/baggaardsbaroner.com\\\/vare\\\/det-raadne\\\/#primaryimage\"},\"image\":{\"@id\":\"https:\\\/\\\/baggaardsbaroner.com\\\/vare\\\/det-raadne\\\/#primaryimage\"},\"thumbnailUrl\":\"https:\\\/\\\/baggaardsbaroner.com\\\/wp-content\\\/uploads\\\/Det-raadne_1-1-scaled-1.webp\",\"datePublished\":\"2025-01-24T11:16:15+00:00\",\"dateModified\":\"2025-01-24T11:16:16+00:00\",\"breadcrumb\":{\"@id\":\"https:\\\/\\\/baggaardsbaroner.com\\\/vare\\\/det-raadne\\\/#breadcrumb\"},\"inLanguage\":\"en-GB\",\"potentialAction\":[{\"@type\":\"ReadAction\",\"target\":[\"https:\\\/\\\/baggaardsbaroner.com\\\/vare\\\/det-raadne\\\/\"]}]},{\"@type\":\"ImageObject\",\"inLanguage\":\"en-GB\",\"@id\":\"https:\\\/\\\/baggaardsbaroner.com\\\/vare\\\/det-raadne\\\/#primaryimage\",\"url\":\"https:\\\/\\\/baggaardsbaroner.com\\\/wp-content\\\/uploads\\\/Det-raadne_1-1-scaled-1.webp\",\"contentUrl\":\"https:\\\/\\\/baggaardsbaroner.com\\\/wp-content\\\/uploads\\\/Det-raadne_1-1-scaled-1.webp\",\"width\":2048,\"height\":2048},{\"@type\":\"BreadcrumbList\",\"@id\":\"https:\\\/\\\/baggaardsbaroner.com\\\/vare\\\/det-raadne\\\/#breadcrumb\",\"itemListElement\":[{\"@type\":\"ListItem\",\"position\":1,\"name\":\"Forside\",\"item\":\"https:\\\/\\\/baggaardsbaroner.com\\\/\"},{\"@type\":\"ListItem\",\"position\":2,\"name\":\"Shop\",\"item\":\"https:\\\/\\\/baggaardsbaroner.com\\\/shop\\\/\"},{\"@type\":\"ListItem\",\"position\":3,\"name\":\"B\u00f8ger\",\"item\":\"https:\\\/\\\/baggaardsbaroner.com\\\/kategori\\\/boeger\\\/\"},{\"@type\":\"ListItem\",\"position\":4,\"name\":\"Det r\u00e5dne\"}]},{\"@type\":\"WebSite\",\"@id\":\"https:\\\/\\\/baggaardsbaroner.com\\\/#website\",\"url\":\"https:\\\/\\\/baggaardsbaroner.com\\\/\",\"name\":\"Baggaardsbaroner\",\"description\":\"\",\"publisher\":{\"@id\":\"https:\\\/\\\/baggaardsbaroner.com\\\/#organization\"},\"potentialAction\":[{\"@type\":\"SearchAction\",\"target\":{\"@type\":\"EntryPoint\",\"urlTemplate\":\"https:\\\/\\\/baggaardsbaroner.com\\\/?s={search_term_string}\"},\"query-input\":{\"@type\":\"PropertyValueSpecification\",\"valueRequired\":true,\"valueName\":\"search_term_string\"}}],\"inLanguage\":\"en-GB\"},{\"@type\":\"Organization\",\"@id\":\"https:\\\/\\\/baggaardsbaroner.com\\\/#organization\",\"name\":\"Baggaardsbaroner\",\"url\":\"https:\\\/\\\/baggaardsbaroner.com\\\/\",\"logo\":{\"@type\":\"ImageObject\",\"inLanguage\":\"en-GB\",\"@id\":\"https:\\\/\\\/baggaardsbaroner.com\\\/#\\\/schema\\\/logo\\\/image\\\/\",\"url\":\"https:\\\/\\\/baggaardsbaroner.com\\\/wp-content\\\/uploads\\\/logony.png\",\"contentUrl\":\"https:\\\/\\\/baggaardsbaroner.com\\\/wp-content\\\/uploads\\\/logony.png\",\"width\":263,\"height\":103,\"caption\":\"Baggaardsbaroner\"},\"image\":{\"@id\":\"https:\\\/\\\/baggaardsbaroner.com\\\/#\\\/schema\\\/logo\\\/image\\\/\"}}]}<\/script>\n<!-- \/ Yoast SEO plugin. -->","yoast_head_json":{"title":"Det r\u00e5dne | Baggaardsbaroner","robots":{"index":"index","follow":"follow","max-snippet":"max-snippet:-1","max-image-preview":"max-image-preview:large","max-video-preview":"max-video-preview:-1"},"canonical":"https:\/\/baggaardsbaroner.com\/en\/product\/det-raadne\/","og_locale":"en_GB","og_type":"article","og_title":"Det r\u00e5dne | Baggaardsbaroner","og_description":"DET R\u00c5DNE M\u00f8rket har s\u00e6nket sig over Helsing\u00f8r. Byens befolkning flettes sammen p\u00e5 kryds og tv\u00e6rs i et tusm\u00f8rkelandskab af dunkel folklore og okkulte mareridtsfort\u00e6llinger, som virker klaustrofobisk umulige at v\u00e5gne fra. Ondskaben f\u00e5r frit lejde \u2013 og dette er kun forventeligt, n\u00e5r noget allerede er r\u00e5ddent i Danmarks rige.","og_url":"https:\/\/baggaardsbaroner.com\/en\/product\/det-raadne\/","og_site_name":"Baggaardsbaroner","article_modified_time":"2025-01-24T11:16:16+00:00","og_image":[{"width":2048,"height":2048,"url":"https:\/\/baggaardsbaroner.com\/wp-content\/uploads\/Det-raadne_1-1-scaled-1.webp","type":"image\/webp"}],"twitter_card":"summary_large_image","twitter_misc":{"Estimated reading time":"3 minutes"},"schema":{"@context":"https:\/\/schema.org","@graph":[{"@type":"WebPage","@id":"https:\/\/baggaardsbaroner.com\/vare\/det-raadne\/","url":"https:\/\/baggaardsbaroner.com\/vare\/det-raadne\/","name":"Det r\u00e5dne | Baggaardsbaroner","isPartOf":{"@id":"https:\/\/baggaardsbaroner.com\/#website"},"primaryImageOfPage":{"@id":"https:\/\/baggaardsbaroner.com\/vare\/det-raadne\/#primaryimage"},"image":{"@id":"https:\/\/baggaardsbaroner.com\/vare\/det-raadne\/#primaryimage"},"thumbnailUrl":"https:\/\/baggaardsbaroner.com\/wp-content\/uploads\/Det-raadne_1-1-scaled-1.webp","datePublished":"2025-01-24T11:16:15+00:00","dateModified":"2025-01-24T11:16:16+00:00","breadcrumb":{"@id":"https:\/\/baggaardsbaroner.com\/vare\/det-raadne\/#breadcrumb"},"inLanguage":"en-GB","potentialAction":[{"@type":"ReadAction","target":["https:\/\/baggaardsbaroner.com\/vare\/det-raadne\/"]}]},{"@type":"ImageObject","inLanguage":"en-GB","@id":"https:\/\/baggaardsbaroner.com\/vare\/det-raadne\/#primaryimage","url":"https:\/\/baggaardsbaroner.com\/wp-content\/uploads\/Det-raadne_1-1-scaled-1.webp","contentUrl":"https:\/\/baggaardsbaroner.com\/wp-content\/uploads\/Det-raadne_1-1-scaled-1.webp","width":2048,"height":2048},{"@type":"BreadcrumbList","@id":"https:\/\/baggaardsbaroner.com\/vare\/det-raadne\/#breadcrumb","itemListElement":[{"@type":"ListItem","position":1,"name":"Forside","item":"https:\/\/baggaardsbaroner.com\/"},{"@type":"ListItem","position":2,"name":"Shop","item":"https:\/\/baggaardsbaroner.com\/shop\/"},{"@type":"ListItem","position":3,"name":"B\u00f8ger","item":"https:\/\/baggaardsbaroner.com\/kategori\/boeger\/"},{"@type":"ListItem","position":4,"name":"Det r\u00e5dne"}]},{"@type":"WebSite","@id":"https:\/\/baggaardsbaroner.com\/#website","url":"https:\/\/baggaardsbaroner.com\/","name":"Baggaardsbaroner","description":"","publisher":{"@id":"https:\/\/baggaardsbaroner.com\/#organization"},"potentialAction":[{"@type":"SearchAction","target":{"@type":"EntryPoint","urlTemplate":"https:\/\/baggaardsbaroner.com\/?s={search_term_string}"},"query-input":{"@type":"PropertyValueSpecification","valueRequired":true,"valueName":"search_term_string"}}],"inLanguage":"en-GB"},{"@type":"Organization","@id":"https:\/\/baggaardsbaroner.com\/#organization","name":"Baggaardsbaroner","url":"https:\/\/baggaardsbaroner.com\/","logo":{"@type":"ImageObject","inLanguage":"en-GB","@id":"https:\/\/baggaardsbaroner.com\/#\/schema\/logo\/image\/","url":"https:\/\/baggaardsbaroner.com\/wp-content\/uploads\/logony.png","contentUrl":"https:\/\/baggaardsbaroner.com\/wp-content\/uploads\/logony.png","width":263,"height":103,"caption":"Baggaardsbaroner"},"image":{"@id":"https:\/\/baggaardsbaroner.com\/#\/schema\/logo\/image\/"}}]}},"_links":{"self":[{"href":"https:\/\/baggaardsbaroner.com\/en\/wp-json\/wp\/v2\/product\/6891","targetHints":{"allow":["GET"]}}],"collection":[{"href":"https:\/\/baggaardsbaroner.com\/en\/wp-json\/wp\/v2\/product"}],"about":[{"href":"https:\/\/baggaardsbaroner.com\/en\/wp-json\/wp\/v2\/types\/product"}],"version-history":[{"count":1,"href":"https:\/\/baggaardsbaroner.com\/en\/wp-json\/wp\/v2\/product\/6891\/revisions"}],"predecessor-version":[{"id":6894,"href":"https:\/\/baggaardsbaroner.com\/en\/wp-json\/wp\/v2\/product\/6891\/revisions\/6894"}],"wp:featuredmedia":[{"embeddable":true,"href":"https:\/\/baggaardsbaroner.com\/en\/wp-json\/wp\/v2\/media\/6892"}],"wp:attachment":[{"href":"https:\/\/baggaardsbaroner.com\/en\/wp-json\/wp\/v2\/media?parent=6891"}],"wp:term":[{"taxonomy":"product_brand","embeddable":true,"href":"https:\/\/baggaardsbaroner.com\/en\/wp-json\/wp\/v2\/product_brand?post=6891"},{"taxonomy":"product_cat","embeddable":true,"href":"https:\/\/baggaardsbaroner.com\/en\/wp-json\/wp\/v2\/product_cat?post=6891"},{"taxonomy":"product_tag","embeddable":true,"href":"https:\/\/baggaardsbaroner.com\/en\/wp-json\/wp\/v2\/product_tag?post=6891"}],"curies":[{"name":"wp","href":"https:\/\/api.w.org\/{rel}","templated":true}]}}