{"id":7056,"date":"2025-02-24T13:17:00","date_gmt":"2025-02-24T12:17:00","guid":{"rendered":"https:\/\/baggaardsbaroner.com\/\/?post_type=product&#038;p=7056"},"modified":"2026-04-19T20:28:19","modified_gmt":"2026-04-19T18:28:19","slug":"koebenhavn-er-hvid-og-blaa","status":"publish","type":"product","link":"https:\/\/baggaardsbaroner.com\/en\/product\/koebenhavn-er-hvid-og-blaa\/","title":{"rendered":"Copenhagen is white and blue"},"content":{"rendered":"<p><em>\u2665<\/em><em>\u2665<\/em><em>\u2665<\/em><em>\u2665<\/em><em>\u2665<br \/>\n<\/em><br \/>\n\"Uncle Hawaii's ability to seamlessly weave the fantastic and the existential creates a reading experience that transcends the ordinary.<br \/>\n<ins class=\"adsbygoogle adsbygoogle-noablate\" data-ad-format=\"auto\" data-ad-client=\"ca-pub-4541943642271917\" data-adsbygoogle-status=\"done\" data-ad-status=\"filled\"><\/ins>Romanen inviterer l\u00e6serne til at dykke ned i livets kompleksiteter, d\u00f8den og den menneskelige tilstand med et unikt og tankev\u00e6kkende perspektiv.<br \/>\nEn surrealistisk symfoni, der resonerer med dem, der v\u00e6rds\u00e6tter litteratur, der skubber gr\u00e6nserne for fantasi og bevidsthed&#8221;<\/p>\n<div tabindex=\"0\" title=\"Advertisement\" aria-label=\"Advertisement\">\"Ret is a rhythmic (devastation) of Tom Kristensen-like proportions, with a taste of Henry Miller \u2013 in other words, TRUE literature, the kind where honesty drips from the pages as they are turned.\"<br \/>\n\u2013 Kosmos<\/div>\n<p>\"I am completely blown away! I absolutely love it\u2014the language, the madness, the vulnerability! All of it!\"<br \/>\n\u2013 Copenhagen Main Library<\/p>\n<p>\"Hand on heart \u2013 this one is a MUST-read. I've never read a book this fast.\"<br \/>\n\u2013 Absalons Radio<\/p>\n<p><span class=\"x193iq5w xeuugli x13faqbe x1vvkbs xlh3980 xvmahel x1n0sxbx x1lliihq x1s928wv xhkezso x1gmr53x x1cpjm7i x1fgarty x1943h6x xudqn12 x3x7a5m x6prxxf xvq8zen xo1l8bm xzsf02u\" dir=\"auto\"><br \/>\nOn the anniversary of his best friend\u2019s suicide, Andedrengen sets out for the Amazon jungle. He seeks the hidden jungle temple, where the cosmic cactus brew, ayahuasca, can dissolve time and open the gateway to the dead.  \n\nA rupture in reality appears, and Andedrengen is thrust into a kaleidoscopic journey to return his friend\u2019s decaying corpse to the underworld. Without fully understanding how, he one day finds himself in a football stadium.  \n\nIt is here, with his back to the game, that he learns the beauty of sorrow, the downfall, and what it truly means to be human.<\/span><\/p>\n<p>Illustrations by Uncle Hawaii, Patrick Steptoe, Gabriel Tiedt Lange, Anna Dea Djurass, and Zven Balslev.<\/p>\n<p><strong>Onkel Hawaii <\/strong><span class=\"x193iq5w xeuugli x13faqbe x1vvkbs xlh3980 xvmahel x1n0sxbx x1lliihq x1s928wv xhkezso x1gmr53x x1cpjm7i x1fgarty x1943h6x xudqn12 x3x7a5m x6prxxf xvq8zen xo1l8bm xzsf02u\" dir=\"auto\">is a writer, illustrator, and, in reality, 13 ducks in a trench coat. His books are known for jazzy existentialism and grotesque morbidity.<br \/>\nThe author was briefly part of the avant-garde English death cult Doom Patrol. He has won\u2014but mostly lost\u2014a slew of literary awards: the Karen Blixen Prize, the Delbanco Prize, the Asger Schnack Prize, the Ping Prize, and Mr. Wet T-shirt N\u00e6stved.<br \/>\n<\/span><\/p>","protected":false},"excerpt":{"rendered":"<p><span class=\"x193iq5w xeuugli x13faqbe x1vvkbs xlh3980 xvmahel x1n0sxbx x1lliihq x1s928wv xhkezso x1gmr53x x1cpjm7i x1fgarty x1943h6x xudqn12 x3x7a5m x6prxxf xvq8zen xo1l8bm xzsf02u\" dir=\"auto\">On the anniversary of his best friend\u2019s suicide, Andedrengen sets out for the Amazon jungle. He seeks the hidden jungle temple, where the cosmic cactus brew, ayahuasca, can dissolve time and open the gateway to the dead.  \n\nA rupture in reality appears, and Andedrengen is thrust into a kaleidoscopic journey to return his friend\u2019s decaying corpse to the underworld. Without fully understanding how, he one day finds himself in a football stadium. <\/span><\/p>\n<p><span class=\"x193iq5w xeuugli x13faqbe x1vvkbs xlh3980 xvmahel x1n0sxbx x1lliihq x1s928wv xhkezso x1gmr53x x1cpjm7i x1fgarty x1943h6x xudqn12 x3x7a5m x6prxxf xvq8zen xo1l8bm xzsf02u\" dir=\"auto\">It is here, with his back to the game, that he learns the beauty of sorrow, the downfall, and what it truly means to be human.<\/span><\/p>","protected":false},"featured_media":7088,"template":"","meta":{"_acf_changed":false},"product_brand":[],"product_cat":[81],"product_tag":[],"class_list":{"0":"post-7056","1":"product","2":"type-product","3":"status-publish","4":"has-post-thumbnail","6":"product_cat-boeger","8":"first","9":"instock","10":"taxable","11":"shipping-taxable","12":"purchasable","13":"product-type-simple"},"acf":[],"yoast_head":"<!-- This site is optimized with the Yoast SEO plugin v27.4 - https:\/\/yoast.com\/product\/yoast-seo-wordpress\/ -->\n<title>K\u00f8benhavn er hvid og bl\u00e5 | Baggaardsbaroner<\/title>\n<meta name=\"robots\" content=\"index, follow, max-snippet:-1, max-image-preview:large, max-video-preview:-1\" \/>\n<link rel=\"canonical\" href=\"https:\/\/baggaardsbaroner.com\/en\/product\/koebenhavn-er-hvid-og-blaa\/\" \/>\n<meta property=\"og:locale\" content=\"en_GB\" \/>\n<meta property=\"og:type\" content=\"article\" \/>\n<meta property=\"og:title\" content=\"K\u00f8benhavn er hvid og bl\u00e5 | Baggaardsbaroner\" \/>\n<meta property=\"og:description\" content=\"P\u00e5 \u00e5rsdagen for sin bedste vens selvmord drager Andedrengen mod Amazonas jungle. Han s\u00f8ger det hemmelige jungletempel, hvis kosmiske kaktusdrik ayahuasca kan opl\u00f8se tiden og \u00e5bne porten til de d\u00f8de. En fl\u00e6nge i virkeligheden opst\u00e5r og Andedrengen m\u00e5 tage p\u00e5 en kalejdoskopisk rejse for at bringe sin vens r\u00e5dne lig tilbage til d\u00f8dsriget. Uden helt at forst\u00e5 hvordan, ender han en dag p\u00e5 et fodboldstadion.   Det er her, med ryggen til kampen, at han l\u00e6rer det smukke i sorgen, nedturen og hvad det vil sige at v\u00e6re menneske.\" \/>\n<meta property=\"og:url\" content=\"https:\/\/baggaardsbaroner.com\/en\/product\/koebenhavn-er-hvid-og-blaa\/\" \/>\n<meta property=\"og:site_name\" content=\"Baggaardsbaroner\" \/>\n<meta property=\"article:modified_time\" content=\"2026-04-19T18:28:19+00:00\" \/>\n<meta property=\"og:image\" content=\"https:\/\/baggaardsbaroner.com\/wp-content\/uploads\/KEHOB_1-scaled.jpg\" \/>\n\t<meta property=\"og:image:width\" content=\"2048\" \/>\n\t<meta property=\"og:image:height\" content=\"2048\" \/>\n\t<meta property=\"og:image:type\" content=\"image\/jpeg\" \/>\n<meta name=\"twitter:card\" content=\"summary_large_image\" \/>\n<meta name=\"twitter:label1\" content=\"Estimated reading time\" \/>\n\t<meta name=\"twitter:data1\" content=\"2 minutes\" \/>\n<script type=\"application\/ld+json\" class=\"yoast-schema-graph\">{\"@context\":\"https:\\\/\\\/schema.org\",\"@graph\":[{\"@type\":\"WebPage\",\"@id\":\"https:\\\/\\\/baggaardsbaroner.com\\\/vare\\\/koebenhavn-er-hvid-og-blaa\\\/\",\"url\":\"https:\\\/\\\/baggaardsbaroner.com\\\/vare\\\/koebenhavn-er-hvid-og-blaa\\\/\",\"name\":\"K\u00f8benhavn er hvid og bl\u00e5 | Baggaardsbaroner\",\"isPartOf\":{\"@id\":\"https:\\\/\\\/baggaardsbaroner.com\\\/#website\"},\"primaryImageOfPage\":{\"@id\":\"https:\\\/\\\/baggaardsbaroner.com\\\/vare\\\/koebenhavn-er-hvid-og-blaa\\\/#primaryimage\"},\"image\":{\"@id\":\"https:\\\/\\\/baggaardsbaroner.com\\\/vare\\\/koebenhavn-er-hvid-og-blaa\\\/#primaryimage\"},\"thumbnailUrl\":\"https:\\\/\\\/baggaardsbaroner.com\\\/wp-content\\\/uploads\\\/KEHOB_1-scaled.jpg\",\"datePublished\":\"2025-02-24T12:17:00+00:00\",\"dateModified\":\"2026-04-19T18:28:19+00:00\",\"breadcrumb\":{\"@id\":\"https:\\\/\\\/baggaardsbaroner.com\\\/vare\\\/koebenhavn-er-hvid-og-blaa\\\/#breadcrumb\"},\"inLanguage\":\"en-GB\",\"potentialAction\":[{\"@type\":\"ReadAction\",\"target\":[\"https:\\\/\\\/baggaardsbaroner.com\\\/vare\\\/koebenhavn-er-hvid-og-blaa\\\/\"]}]},{\"@type\":\"ImageObject\",\"inLanguage\":\"en-GB\",\"@id\":\"https:\\\/\\\/baggaardsbaroner.com\\\/vare\\\/koebenhavn-er-hvid-og-blaa\\\/#primaryimage\",\"url\":\"https:\\\/\\\/baggaardsbaroner.com\\\/wp-content\\\/uploads\\\/KEHOB_1-scaled.jpg\",\"contentUrl\":\"https:\\\/\\\/baggaardsbaroner.com\\\/wp-content\\\/uploads\\\/KEHOB_1-scaled.jpg\",\"width\":2048,\"height\":2048},{\"@type\":\"BreadcrumbList\",\"@id\":\"https:\\\/\\\/baggaardsbaroner.com\\\/vare\\\/koebenhavn-er-hvid-og-blaa\\\/#breadcrumb\",\"itemListElement\":[{\"@type\":\"ListItem\",\"position\":1,\"name\":\"Forside\",\"item\":\"https:\\\/\\\/baggaardsbaroner.com\\\/\"},{\"@type\":\"ListItem\",\"position\":2,\"name\":\"Shop\",\"item\":\"https:\\\/\\\/baggaardsbaroner.com\\\/shop\\\/\"},{\"@type\":\"ListItem\",\"position\":3,\"name\":\"B\u00f8ger\",\"item\":\"https:\\\/\\\/baggaardsbaroner.com\\\/kategori\\\/boeger\\\/\"},{\"@type\":\"ListItem\",\"position\":4,\"name\":\"K\u00f8benhavn er hvid og bl\u00e5\"}]},{\"@type\":\"WebSite\",\"@id\":\"https:\\\/\\\/baggaardsbaroner.com\\\/#website\",\"url\":\"https:\\\/\\\/baggaardsbaroner.com\\\/\",\"name\":\"Baggaardsbaroner\",\"description\":\"\",\"publisher\":{\"@id\":\"https:\\\/\\\/baggaardsbaroner.com\\\/#organization\"},\"potentialAction\":[{\"@type\":\"SearchAction\",\"target\":{\"@type\":\"EntryPoint\",\"urlTemplate\":\"https:\\\/\\\/baggaardsbaroner.com\\\/?s={search_term_string}\"},\"query-input\":{\"@type\":\"PropertyValueSpecification\",\"valueRequired\":true,\"valueName\":\"search_term_string\"}}],\"inLanguage\":\"en-GB\"},{\"@type\":\"Organization\",\"@id\":\"https:\\\/\\\/baggaardsbaroner.com\\\/#organization\",\"name\":\"Baggaardsbaroner\",\"url\":\"https:\\\/\\\/baggaardsbaroner.com\\\/\",\"logo\":{\"@type\":\"ImageObject\",\"inLanguage\":\"en-GB\",\"@id\":\"https:\\\/\\\/baggaardsbaroner.com\\\/#\\\/schema\\\/logo\\\/image\\\/\",\"url\":\"https:\\\/\\\/baggaardsbaroner.com\\\/wp-content\\\/uploads\\\/logony.png\",\"contentUrl\":\"https:\\\/\\\/baggaardsbaroner.com\\\/wp-content\\\/uploads\\\/logony.png\",\"width\":263,\"height\":103,\"caption\":\"Baggaardsbaroner\"},\"image\":{\"@id\":\"https:\\\/\\\/baggaardsbaroner.com\\\/#\\\/schema\\\/logo\\\/image\\\/\"}}]}<\/script>\n<!-- \/ Yoast SEO plugin. -->","yoast_head_json":{"title":"K\u00f8benhavn er hvid og bl\u00e5 | Baggaardsbaroner","robots":{"index":"index","follow":"follow","max-snippet":"max-snippet:-1","max-image-preview":"max-image-preview:large","max-video-preview":"max-video-preview:-1"},"canonical":"https:\/\/baggaardsbaroner.com\/en\/product\/koebenhavn-er-hvid-og-blaa\/","og_locale":"en_GB","og_type":"article","og_title":"K\u00f8benhavn er hvid og bl\u00e5 | Baggaardsbaroner","og_description":"P\u00e5 \u00e5rsdagen for sin bedste vens selvmord drager Andedrengen mod Amazonas jungle. Han s\u00f8ger det hemmelige jungletempel, hvis kosmiske kaktusdrik ayahuasca kan opl\u00f8se tiden og \u00e5bne porten til de d\u00f8de. En fl\u00e6nge i virkeligheden opst\u00e5r og Andedrengen m\u00e5 tage p\u00e5 en kalejdoskopisk rejse for at bringe sin vens r\u00e5dne lig tilbage til d\u00f8dsriget. Uden helt at forst\u00e5 hvordan, ender han en dag p\u00e5 et fodboldstadion.   Det er her, med ryggen til kampen, at han l\u00e6rer det smukke i sorgen, nedturen og hvad det vil sige at v\u00e6re menneske.","og_url":"https:\/\/baggaardsbaroner.com\/en\/product\/koebenhavn-er-hvid-og-blaa\/","og_site_name":"Baggaardsbaroner","article_modified_time":"2026-04-19T18:28:19+00:00","og_image":[{"width":2048,"height":2048,"url":"https:\/\/baggaardsbaroner.com\/wp-content\/uploads\/KEHOB_1-scaled.jpg","type":"image\/jpeg"}],"twitter_card":"summary_large_image","twitter_misc":{"Estimated reading time":"2 minutes"},"schema":{"@context":"https:\/\/schema.org","@graph":[{"@type":"WebPage","@id":"https:\/\/baggaardsbaroner.com\/vare\/koebenhavn-er-hvid-og-blaa\/","url":"https:\/\/baggaardsbaroner.com\/vare\/koebenhavn-er-hvid-og-blaa\/","name":"K\u00f8benhavn er hvid og bl\u00e5 | Baggaardsbaroner","isPartOf":{"@id":"https:\/\/baggaardsbaroner.com\/#website"},"primaryImageOfPage":{"@id":"https:\/\/baggaardsbaroner.com\/vare\/koebenhavn-er-hvid-og-blaa\/#primaryimage"},"image":{"@id":"https:\/\/baggaardsbaroner.com\/vare\/koebenhavn-er-hvid-og-blaa\/#primaryimage"},"thumbnailUrl":"https:\/\/baggaardsbaroner.com\/wp-content\/uploads\/KEHOB_1-scaled.jpg","datePublished":"2025-02-24T12:17:00+00:00","dateModified":"2026-04-19T18:28:19+00:00","breadcrumb":{"@id":"https:\/\/baggaardsbaroner.com\/vare\/koebenhavn-er-hvid-og-blaa\/#breadcrumb"},"inLanguage":"en-GB","potentialAction":[{"@type":"ReadAction","target":["https:\/\/baggaardsbaroner.com\/vare\/koebenhavn-er-hvid-og-blaa\/"]}]},{"@type":"ImageObject","inLanguage":"en-GB","@id":"https:\/\/baggaardsbaroner.com\/vare\/koebenhavn-er-hvid-og-blaa\/#primaryimage","url":"https:\/\/baggaardsbaroner.com\/wp-content\/uploads\/KEHOB_1-scaled.jpg","contentUrl":"https:\/\/baggaardsbaroner.com\/wp-content\/uploads\/KEHOB_1-scaled.jpg","width":2048,"height":2048},{"@type":"BreadcrumbList","@id":"https:\/\/baggaardsbaroner.com\/vare\/koebenhavn-er-hvid-og-blaa\/#breadcrumb","itemListElement":[{"@type":"ListItem","position":1,"name":"Forside","item":"https:\/\/baggaardsbaroner.com\/"},{"@type":"ListItem","position":2,"name":"Shop","item":"https:\/\/baggaardsbaroner.com\/shop\/"},{"@type":"ListItem","position":3,"name":"B\u00f8ger","item":"https:\/\/baggaardsbaroner.com\/kategori\/boeger\/"},{"@type":"ListItem","position":4,"name":"K\u00f8benhavn er hvid og bl\u00e5"}]},{"@type":"WebSite","@id":"https:\/\/baggaardsbaroner.com\/#website","url":"https:\/\/baggaardsbaroner.com\/","name":"Baggaardsbaroner","description":"","publisher":{"@id":"https:\/\/baggaardsbaroner.com\/#organization"},"potentialAction":[{"@type":"SearchAction","target":{"@type":"EntryPoint","urlTemplate":"https:\/\/baggaardsbaroner.com\/?s={search_term_string}"},"query-input":{"@type":"PropertyValueSpecification","valueRequired":true,"valueName":"search_term_string"}}],"inLanguage":"en-GB"},{"@type":"Organization","@id":"https:\/\/baggaardsbaroner.com\/#organization","name":"Baggaardsbaroner","url":"https:\/\/baggaardsbaroner.com\/","logo":{"@type":"ImageObject","inLanguage":"en-GB","@id":"https:\/\/baggaardsbaroner.com\/#\/schema\/logo\/image\/","url":"https:\/\/baggaardsbaroner.com\/wp-content\/uploads\/logony.png","contentUrl":"https:\/\/baggaardsbaroner.com\/wp-content\/uploads\/logony.png","width":263,"height":103,"caption":"Baggaardsbaroner"},"image":{"@id":"https:\/\/baggaardsbaroner.com\/#\/schema\/logo\/image\/"}}]}},"_links":{"self":[{"href":"https:\/\/baggaardsbaroner.com\/en\/wp-json\/wp\/v2\/product\/7056","targetHints":{"allow":["GET"]}}],"collection":[{"href":"https:\/\/baggaardsbaroner.com\/en\/wp-json\/wp\/v2\/product"}],"about":[{"href":"https:\/\/baggaardsbaroner.com\/en\/wp-json\/wp\/v2\/types\/product"}],"version-history":[{"count":1,"href":"https:\/\/baggaardsbaroner.com\/en\/wp-json\/wp\/v2\/product\/7056\/revisions"}],"predecessor-version":[{"id":7128,"href":"https:\/\/baggaardsbaroner.com\/en\/wp-json\/wp\/v2\/product\/7056\/revisions\/7128"}],"wp:featuredmedia":[{"embeddable":true,"href":"https:\/\/baggaardsbaroner.com\/en\/wp-json\/wp\/v2\/media\/7088"}],"wp:attachment":[{"href":"https:\/\/baggaardsbaroner.com\/en\/wp-json\/wp\/v2\/media?parent=7056"}],"wp:term":[{"taxonomy":"product_brand","embeddable":true,"href":"https:\/\/baggaardsbaroner.com\/en\/wp-json\/wp\/v2\/product_brand?post=7056"},{"taxonomy":"product_cat","embeddable":true,"href":"https:\/\/baggaardsbaroner.com\/en\/wp-json\/wp\/v2\/product_cat?post=7056"},{"taxonomy":"product_tag","embeddable":true,"href":"https:\/\/baggaardsbaroner.com\/en\/wp-json\/wp\/v2\/product_tag?post=7056"}],"curies":[{"name":"wp","href":"https:\/\/api.w.org\/{rel}","templated":true}]}}