{"id":7129,"date":"2025-02-24T14:27:00","date_gmt":"2025-02-24T13:27:00","guid":{"rendered":"https:\/\/baggaardsbaroner.com\/\/?post_type=product&#038;p=7129"},"modified":"2026-03-14T03:36:48","modified_gmt":"2026-03-14T02:36:48","slug":"kontinuum","status":"publish","type":"product","link":"https:\/\/baggaardsbaroner.com\/en\/product\/kontinuum\/","title":{"rendered":"Continuum"},"content":{"rendered":"<div class=\"et_pb_column et_pb_column_4_4 et_pb_column_2_tb_body et_pb_css_mix_blend_mode_passthrough et-last-child\">\n<div class=\"et_pb_module et_pb_post_content et_pb_post_content_0_tb_body\">\n<p>\"Continuum manages, quite impressively, to be both a dramatically well-crafted sci-fi work, with action, plot, and emotional highs, and a slow, non-linear reflection on death, memory, and sorrow.\"<strong>&#8221;<br \/>\n<\/strong><em>&#8211; Modspor<\/em><\/p>\n<p>\"Incredibly well-written. And filled with highly relevant reflections on euthanasia, views on humanity, eternal life, AI, and ethics. I can in no way give the book enough praise.\"<br \/>\n<em>&#8211; Bogrummet<\/em><\/p>\n<p>\"Continuum stands out not only because it is a Danish genre novel with international class, but it is also incredibly well-designed.\"<br \/>\n<em>&#8211; Kulturkapellet<\/em><\/p>\n<p><strong><br \/>\nWhat if you could relive your best memory in an endless loop?<\/strong><\/p>\n<p>Continuum is a science fiction novel set in a virtual afterlife. The clients of the cryo-company Continuum are all terminal patients who wish to extend or renew their lives through artificially created consciousness. They want to live in a dream that never ends. A reality more real than reality itself.<\/p>\n<p>The clients are frozen and experience a core memory in an endless loop. The system calls itself patented immortality. We follow the creator behind the system, the architect, on a strange journey through his own digital creation and the constant repetitions of fragments from his past. The form of the novel attempts to replicate this through linguistic mantras and spirals of narratives. A self-referential mosaic, where the repetitions blur the line between what is programmed and what the protagonist actually experienced in his lived life\u2014and whether there is a difference.<br \/>\n<strong><br \/>\n<\/strong>As reality blurs, the reader is invited to question the architect's own motives and the authenticity of the memories he claims to recreate.<\/p>\n<p>Continuum is a philosophical, speculative novel that explores themes such as euthanasia, grief, loss, and memory within a futuristic parallel reality.<\/p>\n<p><strong>About the creators:<br \/>\n<\/strong>S\u00f8ren Lind (1970) is a Danish author and filmmaker, and the main person behind the script for Continuum. He holds a degree in philosophy from Roskilde University and New York University and has previously published philosophy books on language and knowledge.<\/p>\n<p>The script was arranged in collaboration with Uncle Hawaii, who also created the book's graphic dimension. The pencil and note illustrations in Continuum were created by architect Jacob Kl\u00f8cker.<\/p>\n<\/div>\n<\/div>","protected":false},"excerpt":{"rendered":"<p>\"Continuum manages, quite impressively, to be both a dramatically well-crafted sci-fi work, with action, plot, and emotional highs, and a slow, non-linear reflection on death, memory, and sorrow.\"<strong>&#8221;<br \/>\n<\/strong><em>&#8211; Modspor<\/em><\/p>\n<p>\"Incredibly well-written. And filled with highly relevant reflections on euthanasia, views on humanity, eternal life, AI, and ethics. I can in no way give the book enough praise.\"<br \/>\n<em>&#8211; Bogrummet<\/em><\/p>\n<p>\"Continuum stands out not only because it is a Danish genre novel with international class, but it is also incredibly well-designed.\"<br \/>\n<em>&#8211; Kulturkapellet<\/em><\/p>\n<p><strong>What if you could relive your best memory in an endless loop?<\/strong><\/p>\n<p>Continuum is a science fiction novel set in a virtual afterlife. The clients of the cryo-company Continuum are all terminal patients who wish to extend or renew their lives through artificially created consciousness. They want to live in a dream that never ends. A reality more real than reality itself.<\/p>\n<p>The clients are frozen and experience a core memory in an endless loop. The system calls itself patented immortality. We follow the creator behind the system, the architect, on a strange journey through his own digital creation and the constant repetitions of fragments from his past. The form of the novel attempts to replicate this through linguistic mantras and spirals of narratives. A self-referential mosaic, where the repetitions blur the line between what is programmed and what the protagonist actually experienced in his lived life\u2014and whether there is a difference.<\/p>","protected":false},"featured_media":7096,"template":"","meta":{"_acf_changed":false},"product_brand":[],"product_cat":[81],"product_tag":[],"class_list":{"0":"post-7129","1":"product","2":"type-product","3":"status-publish","4":"has-post-thumbnail","6":"product_cat-boeger","8":"first","9":"instock","10":"taxable","11":"shipping-taxable","12":"purchasable","13":"product-type-simple"},"acf":[],"yoast_head":"<!-- This site is optimized with the Yoast SEO plugin v27.4 - https:\/\/yoast.com\/product\/yoast-seo-wordpress\/ -->\n<title>Kontinuum | Baggaardsbaroner<\/title>\n<meta name=\"robots\" content=\"index, follow, max-snippet:-1, max-image-preview:large, max-video-preview:-1\" \/>\n<link rel=\"canonical\" href=\"https:\/\/baggaardsbaroner.com\/en\/product\/kontinuum\/\" \/>\n<meta property=\"og:locale\" content=\"en_GB\" \/>\n<meta property=\"og:type\" content=\"article\" \/>\n<meta property=\"og:title\" content=\"Kontinuum | Baggaardsbaroner\" \/>\n<meta property=\"og:description\" content=\"&quot;Kontinuum form\u00e5r, ret imponerende, at v\u00e6re b\u00e5de et dramatisk velsammenskruet sci fi-v\u00e6rk, med action, plot og emotionelle h\u00f8jdepunkter, og en langsom, ikke-linear overvejelse over d\u00f8den, mindet, sorgen&quot; - Modspor  &quot;Utroligt velskrevet. Og fyldt med yderst vedkommende overvejelser omkring eutanasi, menneskesyn, evigt liv, AI og etik. Jeg kan p\u00e5 ingen m\u00e5de give bogen nok roser med p\u00e5 vejen&quot;. - Bogrummet  &quot;Kontinuum udm\u00e6rker sig ikke kun i og med at det er en dansk genreroman med international klasse, den er ogs\u00e5 vildt l\u00e6kkert layoutet&quot; - Kulturkapellet  Hvad hvis du kunne genleve dit bedste minde i et uendeligt loop?  Kontinuum er en science fiction-roman, der udspiller sig i et virtuelt efterliv. Klienterne hos kryo-virksomheden Kontinuum er alle terminale patienter, der \u00f8nsker at forl\u00e6nge eller forny deres liv gennem kunstigt skabt bevidsthed. De \u00f8nsker at leve i en dr\u00f8m, der aldrig slutter. En virkelighed mere virkelig end virkeligheden selv.  Klienterne fryses ned og oplever et kerneminde i et endel\u00f8st loop. Systemet kalder sig selv for patenteret ud\u00f8delighed. Vi f\u00f8lger skaberen bag systemet, arkitekten, p\u00e5 en s\u00e6lsom rejse gennem sin egen digitale kreation og de konstante gentagelser af brudstykker fra sin fortid. Det fors\u00f8ger romanens form at efterligne gennem sproglige mantraer og spiraler af narrativer. En selvrefererende mosaik, hvor gentagelserne udvisker gr\u00e6nsen mellem hvad der er programmeret og hvad hovedpersonen reelt oplevede i sit levede liv \u2013 og om der er en forskel.\" \/>\n<meta property=\"og:url\" content=\"https:\/\/baggaardsbaroner.com\/en\/product\/kontinuum\/\" \/>\n<meta property=\"og:site_name\" content=\"Baggaardsbaroner\" \/>\n<meta property=\"article:modified_time\" content=\"2026-03-14T02:36:48+00:00\" \/>\n<meta property=\"og:image\" content=\"https:\/\/baggaardsbaroner.com\/wp-content\/uploads\/Kontinuum-scaled.jpg\" \/>\n\t<meta property=\"og:image:width\" content=\"2048\" \/>\n\t<meta property=\"og:image:height\" content=\"2048\" \/>\n\t<meta property=\"og:image:type\" content=\"image\/jpeg\" \/>\n<meta name=\"twitter:card\" content=\"summary_large_image\" \/>\n<meta name=\"twitter:label1\" content=\"Estimated reading time\" \/>\n\t<meta name=\"twitter:data1\" content=\"3 minutes\" \/>\n<script type=\"application\/ld+json\" class=\"yoast-schema-graph\">{\"@context\":\"https:\\\/\\\/schema.org\",\"@graph\":[{\"@type\":\"WebPage\",\"@id\":\"https:\\\/\\\/baggaardsbaroner.com\\\/vare\\\/kontinuum\\\/\",\"url\":\"https:\\\/\\\/baggaardsbaroner.com\\\/vare\\\/kontinuum\\\/\",\"name\":\"Kontinuum | Baggaardsbaroner\",\"isPartOf\":{\"@id\":\"https:\\\/\\\/baggaardsbaroner.com\\\/#website\"},\"primaryImageOfPage\":{\"@id\":\"https:\\\/\\\/baggaardsbaroner.com\\\/vare\\\/kontinuum\\\/#primaryimage\"},\"image\":{\"@id\":\"https:\\\/\\\/baggaardsbaroner.com\\\/vare\\\/kontinuum\\\/#primaryimage\"},\"thumbnailUrl\":\"https:\\\/\\\/baggaardsbaroner.com\\\/wp-content\\\/uploads\\\/Kontinuum-scaled.jpg\",\"datePublished\":\"2025-02-24T13:27:00+00:00\",\"dateModified\":\"2026-03-14T02:36:48+00:00\",\"breadcrumb\":{\"@id\":\"https:\\\/\\\/baggaardsbaroner.com\\\/vare\\\/kontinuum\\\/#breadcrumb\"},\"inLanguage\":\"en-GB\",\"potentialAction\":[{\"@type\":\"ReadAction\",\"target\":[\"https:\\\/\\\/baggaardsbaroner.com\\\/vare\\\/kontinuum\\\/\"]}]},{\"@type\":\"ImageObject\",\"inLanguage\":\"en-GB\",\"@id\":\"https:\\\/\\\/baggaardsbaroner.com\\\/vare\\\/kontinuum\\\/#primaryimage\",\"url\":\"https:\\\/\\\/baggaardsbaroner.com\\\/wp-content\\\/uploads\\\/Kontinuum-scaled.jpg\",\"contentUrl\":\"https:\\\/\\\/baggaardsbaroner.com\\\/wp-content\\\/uploads\\\/Kontinuum-scaled.jpg\",\"width\":2048,\"height\":2048},{\"@type\":\"BreadcrumbList\",\"@id\":\"https:\\\/\\\/baggaardsbaroner.com\\\/vare\\\/kontinuum\\\/#breadcrumb\",\"itemListElement\":[{\"@type\":\"ListItem\",\"position\":1,\"name\":\"Forside\",\"item\":\"https:\\\/\\\/baggaardsbaroner.com\\\/\"},{\"@type\":\"ListItem\",\"position\":2,\"name\":\"Shop\",\"item\":\"https:\\\/\\\/baggaardsbaroner.com\\\/shop\\\/\"},{\"@type\":\"ListItem\",\"position\":3,\"name\":\"B\u00f8ger\",\"item\":\"https:\\\/\\\/baggaardsbaroner.com\\\/kategori\\\/boeger\\\/\"},{\"@type\":\"ListItem\",\"position\":4,\"name\":\"Kontinuum\"}]},{\"@type\":\"WebSite\",\"@id\":\"https:\\\/\\\/baggaardsbaroner.com\\\/#website\",\"url\":\"https:\\\/\\\/baggaardsbaroner.com\\\/\",\"name\":\"Baggaardsbaroner\",\"description\":\"\",\"publisher\":{\"@id\":\"https:\\\/\\\/baggaardsbaroner.com\\\/#organization\"},\"potentialAction\":[{\"@type\":\"SearchAction\",\"target\":{\"@type\":\"EntryPoint\",\"urlTemplate\":\"https:\\\/\\\/baggaardsbaroner.com\\\/?s={search_term_string}\"},\"query-input\":{\"@type\":\"PropertyValueSpecification\",\"valueRequired\":true,\"valueName\":\"search_term_string\"}}],\"inLanguage\":\"en-GB\"},{\"@type\":\"Organization\",\"@id\":\"https:\\\/\\\/baggaardsbaroner.com\\\/#organization\",\"name\":\"Baggaardsbaroner\",\"url\":\"https:\\\/\\\/baggaardsbaroner.com\\\/\",\"logo\":{\"@type\":\"ImageObject\",\"inLanguage\":\"en-GB\",\"@id\":\"https:\\\/\\\/baggaardsbaroner.com\\\/#\\\/schema\\\/logo\\\/image\\\/\",\"url\":\"https:\\\/\\\/baggaardsbaroner.com\\\/wp-content\\\/uploads\\\/logony.png\",\"contentUrl\":\"https:\\\/\\\/baggaardsbaroner.com\\\/wp-content\\\/uploads\\\/logony.png\",\"width\":263,\"height\":103,\"caption\":\"Baggaardsbaroner\"},\"image\":{\"@id\":\"https:\\\/\\\/baggaardsbaroner.com\\\/#\\\/schema\\\/logo\\\/image\\\/\"}}]}<\/script>\n<!-- \/ Yoast SEO plugin. -->","yoast_head_json":{"title":"Kontinuum | Baggaardsbaroner","robots":{"index":"index","follow":"follow","max-snippet":"max-snippet:-1","max-image-preview":"max-image-preview:large","max-video-preview":"max-video-preview:-1"},"canonical":"https:\/\/baggaardsbaroner.com\/en\/product\/kontinuum\/","og_locale":"en_GB","og_type":"article","og_title":"Kontinuum | Baggaardsbaroner","og_description":"\"Kontinuum form\u00e5r, ret imponerende, at v\u00e6re b\u00e5de et dramatisk velsammenskruet sci fi-v\u00e6rk, med action, plot og emotionelle h\u00f8jdepunkter, og en langsom, ikke-linear overvejelse over d\u00f8den, mindet, sorgen\" - Modspor  \"Utroligt velskrevet. Og fyldt med yderst vedkommende overvejelser omkring eutanasi, menneskesyn, evigt liv, AI og etik. Jeg kan p\u00e5 ingen m\u00e5de give bogen nok roser med p\u00e5 vejen\". - Bogrummet  \"Kontinuum udm\u00e6rker sig ikke kun i og med at det er en dansk genreroman med international klasse, den er ogs\u00e5 vildt l\u00e6kkert layoutet\" - Kulturkapellet  Hvad hvis du kunne genleve dit bedste minde i et uendeligt loop?  Kontinuum er en science fiction-roman, der udspiller sig i et virtuelt efterliv. Klienterne hos kryo-virksomheden Kontinuum er alle terminale patienter, der \u00f8nsker at forl\u00e6nge eller forny deres liv gennem kunstigt skabt bevidsthed. De \u00f8nsker at leve i en dr\u00f8m, der aldrig slutter. En virkelighed mere virkelig end virkeligheden selv.  Klienterne fryses ned og oplever et kerneminde i et endel\u00f8st loop. Systemet kalder sig selv for patenteret ud\u00f8delighed. Vi f\u00f8lger skaberen bag systemet, arkitekten, p\u00e5 en s\u00e6lsom rejse gennem sin egen digitale kreation og de konstante gentagelser af brudstykker fra sin fortid. Det fors\u00f8ger romanens form at efterligne gennem sproglige mantraer og spiraler af narrativer. En selvrefererende mosaik, hvor gentagelserne udvisker gr\u00e6nsen mellem hvad der er programmeret og hvad hovedpersonen reelt oplevede i sit levede liv \u2013 og om der er en forskel.","og_url":"https:\/\/baggaardsbaroner.com\/en\/product\/kontinuum\/","og_site_name":"Baggaardsbaroner","article_modified_time":"2026-03-14T02:36:48+00:00","og_image":[{"width":2048,"height":2048,"url":"https:\/\/baggaardsbaroner.com\/wp-content\/uploads\/Kontinuum-scaled.jpg","type":"image\/jpeg"}],"twitter_card":"summary_large_image","twitter_misc":{"Estimated reading time":"3 minutes"},"schema":{"@context":"https:\/\/schema.org","@graph":[{"@type":"WebPage","@id":"https:\/\/baggaardsbaroner.com\/vare\/kontinuum\/","url":"https:\/\/baggaardsbaroner.com\/vare\/kontinuum\/","name":"Kontinuum | Baggaardsbaroner","isPartOf":{"@id":"https:\/\/baggaardsbaroner.com\/#website"},"primaryImageOfPage":{"@id":"https:\/\/baggaardsbaroner.com\/vare\/kontinuum\/#primaryimage"},"image":{"@id":"https:\/\/baggaardsbaroner.com\/vare\/kontinuum\/#primaryimage"},"thumbnailUrl":"https:\/\/baggaardsbaroner.com\/wp-content\/uploads\/Kontinuum-scaled.jpg","datePublished":"2025-02-24T13:27:00+00:00","dateModified":"2026-03-14T02:36:48+00:00","breadcrumb":{"@id":"https:\/\/baggaardsbaroner.com\/vare\/kontinuum\/#breadcrumb"},"inLanguage":"en-GB","potentialAction":[{"@type":"ReadAction","target":["https:\/\/baggaardsbaroner.com\/vare\/kontinuum\/"]}]},{"@type":"ImageObject","inLanguage":"en-GB","@id":"https:\/\/baggaardsbaroner.com\/vare\/kontinuum\/#primaryimage","url":"https:\/\/baggaardsbaroner.com\/wp-content\/uploads\/Kontinuum-scaled.jpg","contentUrl":"https:\/\/baggaardsbaroner.com\/wp-content\/uploads\/Kontinuum-scaled.jpg","width":2048,"height":2048},{"@type":"BreadcrumbList","@id":"https:\/\/baggaardsbaroner.com\/vare\/kontinuum\/#breadcrumb","itemListElement":[{"@type":"ListItem","position":1,"name":"Forside","item":"https:\/\/baggaardsbaroner.com\/"},{"@type":"ListItem","position":2,"name":"Shop","item":"https:\/\/baggaardsbaroner.com\/shop\/"},{"@type":"ListItem","position":3,"name":"B\u00f8ger","item":"https:\/\/baggaardsbaroner.com\/kategori\/boeger\/"},{"@type":"ListItem","position":4,"name":"Kontinuum"}]},{"@type":"WebSite","@id":"https:\/\/baggaardsbaroner.com\/#website","url":"https:\/\/baggaardsbaroner.com\/","name":"Baggaardsbaroner","description":"","publisher":{"@id":"https:\/\/baggaardsbaroner.com\/#organization"},"potentialAction":[{"@type":"SearchAction","target":{"@type":"EntryPoint","urlTemplate":"https:\/\/baggaardsbaroner.com\/?s={search_term_string}"},"query-input":{"@type":"PropertyValueSpecification","valueRequired":true,"valueName":"search_term_string"}}],"inLanguage":"en-GB"},{"@type":"Organization","@id":"https:\/\/baggaardsbaroner.com\/#organization","name":"Baggaardsbaroner","url":"https:\/\/baggaardsbaroner.com\/","logo":{"@type":"ImageObject","inLanguage":"en-GB","@id":"https:\/\/baggaardsbaroner.com\/#\/schema\/logo\/image\/","url":"https:\/\/baggaardsbaroner.com\/wp-content\/uploads\/logony.png","contentUrl":"https:\/\/baggaardsbaroner.com\/wp-content\/uploads\/logony.png","width":263,"height":103,"caption":"Baggaardsbaroner"},"image":{"@id":"https:\/\/baggaardsbaroner.com\/#\/schema\/logo\/image\/"}}]}},"_links":{"self":[{"href":"https:\/\/baggaardsbaroner.com\/en\/wp-json\/wp\/v2\/product\/7129","targetHints":{"allow":["GET"]}}],"collection":[{"href":"https:\/\/baggaardsbaroner.com\/en\/wp-json\/wp\/v2\/product"}],"about":[{"href":"https:\/\/baggaardsbaroner.com\/en\/wp-json\/wp\/v2\/types\/product"}],"version-history":[{"count":2,"href":"https:\/\/baggaardsbaroner.com\/en\/wp-json\/wp\/v2\/product\/7129\/revisions"}],"predecessor-version":[{"id":7224,"href":"https:\/\/baggaardsbaroner.com\/en\/wp-json\/wp\/v2\/product\/7129\/revisions\/7224"}],"wp:featuredmedia":[{"embeddable":true,"href":"https:\/\/baggaardsbaroner.com\/en\/wp-json\/wp\/v2\/media\/7096"}],"wp:attachment":[{"href":"https:\/\/baggaardsbaroner.com\/en\/wp-json\/wp\/v2\/media?parent=7129"}],"wp:term":[{"taxonomy":"product_brand","embeddable":true,"href":"https:\/\/baggaardsbaroner.com\/en\/wp-json\/wp\/v2\/product_brand?post=7129"},{"taxonomy":"product_cat","embeddable":true,"href":"https:\/\/baggaardsbaroner.com\/en\/wp-json\/wp\/v2\/product_cat?post=7129"},{"taxonomy":"product_tag","embeddable":true,"href":"https:\/\/baggaardsbaroner.com\/en\/wp-json\/wp\/v2\/product_tag?post=7129"}],"curies":[{"name":"wp","href":"https:\/\/api.w.org\/{rel}","templated":true}]}}