{"id":7133,"date":"2025-02-24T14:37:16","date_gmt":"2025-02-24T13:37:16","guid":{"rendered":"https:\/\/baggaardsbaroner.com\/\/?post_type=product&#038;p=7133"},"modified":"2026-02-16T23:21:42","modified_gmt":"2026-02-16T22:21:42","slug":"manden-der-taenkte-ting","status":"publish","type":"product","link":"https:\/\/baggaardsbaroner.com\/en\/product\/manden-der-taenkte-ting\/","title":{"rendered":"The Man Who Thought Things"},"content":{"rendered":"<div class=\"et_pb_column et_pb_column_4_4 et_pb_column_2_tb_body  et_pb_css_mix_blend_mode_passthrough et-last-child\">\n<div class=\"et_pb_module et_pb_post_content et_pb_post_content_0_tb_body\">\n<p>\"A cult classic.\"<br \/>\n<em>\u2013 Weekendavisen<\/em><\/p>\n<p>\"A fantastic release. And so atmospherically illustrated.\"<br \/>\n<em>\u2013 Troldspejlet<\/em><\/p>\n<p>\"The Man Who Thought Things is a nightmare-like doppelg\u00e4nger story in the best gothic style, filled with plenty of unease and a good dose of humor. It belongs on your bookshelf next to classics like Stevenson's *The Strange Case of...\" <em>Dr. Jekyll and Mr. Hyde<\/em> and Dostojevskijs <em>Dobbeltg\u00e6ngeren.<\/em>The book also features a truly beautiful design and is accompanied by a well-written afterword by Felix Rothstein, who delves into doppelg\u00e4nger literature and introduces the reader to the otherwise overlooked Valdemar Holst. A truly successful release!\"<br \/>\n<em>\u2013 Litteratursiden<\/em><\/p>\n<p>\"The novel is pure world-class. Who would have thought that this fascinating doppelg\u00e4nger horror was written by a dentist from Istedgade?\"<br \/>\n<em>\u2013 Bogstavssamleren.<\/em><\/p>\n<p>\"It's quite a horror, worthy of Edgar Allan Poe.\"<br \/>\n<em>\u2013 Bogrummet<\/em><\/p>\n<p>&nbsp;<\/p>\n<p><strong>A Faustian doppelg\u00e4nger mystery.<\/strong><\/p>\n<p>When the eccentric chemist Boutard is admitted to a psychiatric hospital, he is just another patient for the respected doctor Francis.<br \/>\nBut one night, Boutard disappears from his cell without any sign of escape, and Francis is engulfed in a haze of tobacco-scented mysteries that lead him down a detour. Francis finds himself trapped in a limbo between unrealities, which can only be escaped by making a pact with the Devil's high priest.<br \/>\nEven the most basic questions seem impossible to answer. For are you truly human if no one believes it?<\/p>\n<p>Valdemar Holst (1888-1952) earned his living as a dentist on Istedgade when he wasn't writing surreal dark tales about the most powerful corners of the human mind.<\/p>\n<p>The book comes in a stunning award-winning design and features an afterword by *Politiken* journalist and pulp aficionado, Felix Rothstein.<\/p>\n<p>The Man Who Thought Things is the first release in our new classics series.<em>De K\u00e6lderkolde&#8221;<\/em>.<\/p>\n<p>&nbsp;<\/p>\n<\/div>\n<\/div>","protected":false},"excerpt":{"rendered":"<div class=\"et_pb_module et_pb_wc_description et_pb_wc_description_0_tb_body et_pb_bg_layout_light  et_pb_text_align_left\">\n<div class=\"et_pb_module_inner\">\n<p>When the eccentric chemist Boutard is admitted to a psychiatric hospital, he is just another patient for the respected doctor Francis.<br \/>\nBut one night, Boutard disappears from his cell without any sign of escape, and Francis is engulfed in a haze of tobacco-scented mysteries that lead him down a detour. Francis finds himself trapped in a limbo between unrealities, which can only be escaped by making a pact with the Devil's high priest.<br \/>\nEven the most basic questions seem impossible to answer. For are you truly human if no one believes it?<\/p>\n<\/div>\n<\/div>","protected":false},"featured_media":7097,"template":"","meta":{"_acf_changed":false},"product_brand":[],"product_cat":[81],"product_tag":[],"class_list":{"0":"post-7133","1":"product","2":"type-product","3":"status-publish","4":"has-post-thumbnail","6":"product_cat-boeger","8":"first","9":"instock","10":"taxable","11":"shipping-taxable","12":"purchasable","13":"product-type-simple"},"acf":[],"yoast_head":"<!-- This site is optimized with the Yoast SEO plugin v27.4 - https:\/\/yoast.com\/product\/yoast-seo-wordpress\/ -->\n<title>Manden der t\u00e6nkte ting | Baggaardsbaroner<\/title>\n<meta name=\"robots\" content=\"index, follow, max-snippet:-1, max-image-preview:large, max-video-preview:-1\" \/>\n<link rel=\"canonical\" href=\"https:\/\/baggaardsbaroner.com\/en\/product\/manden-der-taenkte-ting\/\" \/>\n<meta property=\"og:locale\" content=\"en_GB\" \/>\n<meta property=\"og:type\" content=\"article\" \/>\n<meta property=\"og:title\" content=\"Manden der t\u00e6nkte ting | Baggaardsbaroner\" \/>\n<meta property=\"og:description\" content=\"Da den excentriske kemiker Boutard bliver indlagt p\u00e5 et psykiatrisk hospital, er han blot endnu en patient for den respekterede l\u00e6ge Francis. Men en nat forsvinder Boutard fra sin celle uden tegn p\u00e5 flugt, og Francis indhylles i en tobakst\u00e5ge af mysterier, der sender ham ud i en deroute. Francis er udsp\u00e6ndt i et limbo mellem uvirkeligheder, som kun kan undslippes ved at indg\u00e5 en pagt med Dj\u00e6velens ypperstepr\u00e6st. Selv de mest element\u00e6re sp\u00f8rgsm\u00e5l virker umulige at finde svar p\u00e5. For er man virkelig et menneske, hvis ingen tror p\u00e5 det?\" \/>\n<meta property=\"og:url\" content=\"https:\/\/baggaardsbaroner.com\/en\/product\/manden-der-taenkte-ting\/\" \/>\n<meta property=\"og:site_name\" content=\"Baggaardsbaroner\" \/>\n<meta property=\"article:modified_time\" content=\"2026-02-16T22:21:42+00:00\" \/>\n<meta property=\"og:image\" content=\"https:\/\/baggaardsbaroner.com\/wp-content\/uploads\/Manden-der-taenkte_1-scaled.jpg\" \/>\n\t<meta property=\"og:image:width\" content=\"2048\" \/>\n\t<meta property=\"og:image:height\" content=\"2048\" \/>\n\t<meta property=\"og:image:type\" content=\"image\/jpeg\" \/>\n<meta name=\"twitter:card\" content=\"summary_large_image\" \/>\n<meta name=\"twitter:label1\" content=\"Estimated reading time\" \/>\n\t<meta name=\"twitter:data1\" content=\"2 minutes\" \/>\n<script type=\"application\/ld+json\" class=\"yoast-schema-graph\">{\"@context\":\"https:\\\/\\\/schema.org\",\"@graph\":[{\"@type\":\"WebPage\",\"@id\":\"https:\\\/\\\/baggaardsbaroner.com\\\/vare\\\/manden-der-taenkte-ting\\\/\",\"url\":\"https:\\\/\\\/baggaardsbaroner.com\\\/vare\\\/manden-der-taenkte-ting\\\/\",\"name\":\"Manden der t\u00e6nkte ting | Baggaardsbaroner\",\"isPartOf\":{\"@id\":\"https:\\\/\\\/baggaardsbaroner.com\\\/#website\"},\"primaryImageOfPage\":{\"@id\":\"https:\\\/\\\/baggaardsbaroner.com\\\/vare\\\/manden-der-taenkte-ting\\\/#primaryimage\"},\"image\":{\"@id\":\"https:\\\/\\\/baggaardsbaroner.com\\\/vare\\\/manden-der-taenkte-ting\\\/#primaryimage\"},\"thumbnailUrl\":\"https:\\\/\\\/baggaardsbaroner.com\\\/wp-content\\\/uploads\\\/Manden-der-taenkte_1-scaled.jpg\",\"datePublished\":\"2025-02-24T13:37:16+00:00\",\"dateModified\":\"2026-02-16T22:21:42+00:00\",\"breadcrumb\":{\"@id\":\"https:\\\/\\\/baggaardsbaroner.com\\\/vare\\\/manden-der-taenkte-ting\\\/#breadcrumb\"},\"inLanguage\":\"en-GB\",\"potentialAction\":[{\"@type\":\"ReadAction\",\"target\":[\"https:\\\/\\\/baggaardsbaroner.com\\\/vare\\\/manden-der-taenkte-ting\\\/\"]}]},{\"@type\":\"ImageObject\",\"inLanguage\":\"en-GB\",\"@id\":\"https:\\\/\\\/baggaardsbaroner.com\\\/vare\\\/manden-der-taenkte-ting\\\/#primaryimage\",\"url\":\"https:\\\/\\\/baggaardsbaroner.com\\\/wp-content\\\/uploads\\\/Manden-der-taenkte_1-scaled.jpg\",\"contentUrl\":\"https:\\\/\\\/baggaardsbaroner.com\\\/wp-content\\\/uploads\\\/Manden-der-taenkte_1-scaled.jpg\",\"width\":2048,\"height\":2048},{\"@type\":\"BreadcrumbList\",\"@id\":\"https:\\\/\\\/baggaardsbaroner.com\\\/vare\\\/manden-der-taenkte-ting\\\/#breadcrumb\",\"itemListElement\":[{\"@type\":\"ListItem\",\"position\":1,\"name\":\"Forside\",\"item\":\"https:\\\/\\\/baggaardsbaroner.com\\\/\"},{\"@type\":\"ListItem\",\"position\":2,\"name\":\"Shop\",\"item\":\"https:\\\/\\\/baggaardsbaroner.com\\\/shop\\\/\"},{\"@type\":\"ListItem\",\"position\":3,\"name\":\"B\u00f8ger\",\"item\":\"https:\\\/\\\/baggaardsbaroner.com\\\/kategori\\\/boeger\\\/\"},{\"@type\":\"ListItem\",\"position\":4,\"name\":\"Manden der t\u00e6nkte ting\"}]},{\"@type\":\"WebSite\",\"@id\":\"https:\\\/\\\/baggaardsbaroner.com\\\/#website\",\"url\":\"https:\\\/\\\/baggaardsbaroner.com\\\/\",\"name\":\"Baggaardsbaroner\",\"description\":\"\",\"publisher\":{\"@id\":\"https:\\\/\\\/baggaardsbaroner.com\\\/#organization\"},\"potentialAction\":[{\"@type\":\"SearchAction\",\"target\":{\"@type\":\"EntryPoint\",\"urlTemplate\":\"https:\\\/\\\/baggaardsbaroner.com\\\/?s={search_term_string}\"},\"query-input\":{\"@type\":\"PropertyValueSpecification\",\"valueRequired\":true,\"valueName\":\"search_term_string\"}}],\"inLanguage\":\"en-GB\"},{\"@type\":\"Organization\",\"@id\":\"https:\\\/\\\/baggaardsbaroner.com\\\/#organization\",\"name\":\"Baggaardsbaroner\",\"url\":\"https:\\\/\\\/baggaardsbaroner.com\\\/\",\"logo\":{\"@type\":\"ImageObject\",\"inLanguage\":\"en-GB\",\"@id\":\"https:\\\/\\\/baggaardsbaroner.com\\\/#\\\/schema\\\/logo\\\/image\\\/\",\"url\":\"https:\\\/\\\/baggaardsbaroner.com\\\/wp-content\\\/uploads\\\/logony.png\",\"contentUrl\":\"https:\\\/\\\/baggaardsbaroner.com\\\/wp-content\\\/uploads\\\/logony.png\",\"width\":263,\"height\":103,\"caption\":\"Baggaardsbaroner\"},\"image\":{\"@id\":\"https:\\\/\\\/baggaardsbaroner.com\\\/#\\\/schema\\\/logo\\\/image\\\/\"}}]}<\/script>\n<!-- \/ Yoast SEO plugin. -->","yoast_head_json":{"title":"Manden der t\u00e6nkte ting | Baggaardsbaroner","robots":{"index":"index","follow":"follow","max-snippet":"max-snippet:-1","max-image-preview":"max-image-preview:large","max-video-preview":"max-video-preview:-1"},"canonical":"https:\/\/baggaardsbaroner.com\/en\/product\/manden-der-taenkte-ting\/","og_locale":"en_GB","og_type":"article","og_title":"Manden der t\u00e6nkte ting | Baggaardsbaroner","og_description":"Da den excentriske kemiker Boutard bliver indlagt p\u00e5 et psykiatrisk hospital, er han blot endnu en patient for den respekterede l\u00e6ge Francis. Men en nat forsvinder Boutard fra sin celle uden tegn p\u00e5 flugt, og Francis indhylles i en tobakst\u00e5ge af mysterier, der sender ham ud i en deroute. Francis er udsp\u00e6ndt i et limbo mellem uvirkeligheder, som kun kan undslippes ved at indg\u00e5 en pagt med Dj\u00e6velens ypperstepr\u00e6st. Selv de mest element\u00e6re sp\u00f8rgsm\u00e5l virker umulige at finde svar p\u00e5. For er man virkelig et menneske, hvis ingen tror p\u00e5 det?","og_url":"https:\/\/baggaardsbaroner.com\/en\/product\/manden-der-taenkte-ting\/","og_site_name":"Baggaardsbaroner","article_modified_time":"2026-02-16T22:21:42+00:00","og_image":[{"width":2048,"height":2048,"url":"https:\/\/baggaardsbaroner.com\/wp-content\/uploads\/Manden-der-taenkte_1-scaled.jpg","type":"image\/jpeg"}],"twitter_card":"summary_large_image","twitter_misc":{"Estimated reading time":"2 minutes"},"schema":{"@context":"https:\/\/schema.org","@graph":[{"@type":"WebPage","@id":"https:\/\/baggaardsbaroner.com\/vare\/manden-der-taenkte-ting\/","url":"https:\/\/baggaardsbaroner.com\/vare\/manden-der-taenkte-ting\/","name":"Manden der t\u00e6nkte ting | Baggaardsbaroner","isPartOf":{"@id":"https:\/\/baggaardsbaroner.com\/#website"},"primaryImageOfPage":{"@id":"https:\/\/baggaardsbaroner.com\/vare\/manden-der-taenkte-ting\/#primaryimage"},"image":{"@id":"https:\/\/baggaardsbaroner.com\/vare\/manden-der-taenkte-ting\/#primaryimage"},"thumbnailUrl":"https:\/\/baggaardsbaroner.com\/wp-content\/uploads\/Manden-der-taenkte_1-scaled.jpg","datePublished":"2025-02-24T13:37:16+00:00","dateModified":"2026-02-16T22:21:42+00:00","breadcrumb":{"@id":"https:\/\/baggaardsbaroner.com\/vare\/manden-der-taenkte-ting\/#breadcrumb"},"inLanguage":"en-GB","potentialAction":[{"@type":"ReadAction","target":["https:\/\/baggaardsbaroner.com\/vare\/manden-der-taenkte-ting\/"]}]},{"@type":"ImageObject","inLanguage":"en-GB","@id":"https:\/\/baggaardsbaroner.com\/vare\/manden-der-taenkte-ting\/#primaryimage","url":"https:\/\/baggaardsbaroner.com\/wp-content\/uploads\/Manden-der-taenkte_1-scaled.jpg","contentUrl":"https:\/\/baggaardsbaroner.com\/wp-content\/uploads\/Manden-der-taenkte_1-scaled.jpg","width":2048,"height":2048},{"@type":"BreadcrumbList","@id":"https:\/\/baggaardsbaroner.com\/vare\/manden-der-taenkte-ting\/#breadcrumb","itemListElement":[{"@type":"ListItem","position":1,"name":"Forside","item":"https:\/\/baggaardsbaroner.com\/"},{"@type":"ListItem","position":2,"name":"Shop","item":"https:\/\/baggaardsbaroner.com\/shop\/"},{"@type":"ListItem","position":3,"name":"B\u00f8ger","item":"https:\/\/baggaardsbaroner.com\/kategori\/boeger\/"},{"@type":"ListItem","position":4,"name":"Manden der t\u00e6nkte ting"}]},{"@type":"WebSite","@id":"https:\/\/baggaardsbaroner.com\/#website","url":"https:\/\/baggaardsbaroner.com\/","name":"Baggaardsbaroner","description":"","publisher":{"@id":"https:\/\/baggaardsbaroner.com\/#organization"},"potentialAction":[{"@type":"SearchAction","target":{"@type":"EntryPoint","urlTemplate":"https:\/\/baggaardsbaroner.com\/?s={search_term_string}"},"query-input":{"@type":"PropertyValueSpecification","valueRequired":true,"valueName":"search_term_string"}}],"inLanguage":"en-GB"},{"@type":"Organization","@id":"https:\/\/baggaardsbaroner.com\/#organization","name":"Baggaardsbaroner","url":"https:\/\/baggaardsbaroner.com\/","logo":{"@type":"ImageObject","inLanguage":"en-GB","@id":"https:\/\/baggaardsbaroner.com\/#\/schema\/logo\/image\/","url":"https:\/\/baggaardsbaroner.com\/wp-content\/uploads\/logony.png","contentUrl":"https:\/\/baggaardsbaroner.com\/wp-content\/uploads\/logony.png","width":263,"height":103,"caption":"Baggaardsbaroner"},"image":{"@id":"https:\/\/baggaardsbaroner.com\/#\/schema\/logo\/image\/"}}]}},"_links":{"self":[{"href":"https:\/\/baggaardsbaroner.com\/en\/wp-json\/wp\/v2\/product\/7133","targetHints":{"allow":["GET"]}}],"collection":[{"href":"https:\/\/baggaardsbaroner.com\/en\/wp-json\/wp\/v2\/product"}],"about":[{"href":"https:\/\/baggaardsbaroner.com\/en\/wp-json\/wp\/v2\/types\/product"}],"version-history":[{"count":2,"href":"https:\/\/baggaardsbaroner.com\/en\/wp-json\/wp\/v2\/product\/7133\/revisions"}],"predecessor-version":[{"id":7135,"href":"https:\/\/baggaardsbaroner.com\/en\/wp-json\/wp\/v2\/product\/7133\/revisions\/7135"}],"wp:featuredmedia":[{"embeddable":true,"href":"https:\/\/baggaardsbaroner.com\/en\/wp-json\/wp\/v2\/media\/7097"}],"wp:attachment":[{"href":"https:\/\/baggaardsbaroner.com\/en\/wp-json\/wp\/v2\/media?parent=7133"}],"wp:term":[{"taxonomy":"product_brand","embeddable":true,"href":"https:\/\/baggaardsbaroner.com\/en\/wp-json\/wp\/v2\/product_brand?post=7133"},{"taxonomy":"product_cat","embeddable":true,"href":"https:\/\/baggaardsbaroner.com\/en\/wp-json\/wp\/v2\/product_cat?post=7133"},{"taxonomy":"product_tag","embeddable":true,"href":"https:\/\/baggaardsbaroner.com\/en\/wp-json\/wp\/v2\/product_tag?post=7133"}],"curies":[{"name":"wp","href":"https:\/\/api.w.org\/{rel}","templated":true}]}}