{"id":7138,"date":"2025-02-24T14:54:41","date_gmt":"2025-02-24T13:54:41","guid":{"rendered":"https:\/\/baggaardsbaroner.com\/\/?post_type=product&#038;p=7138"},"modified":"2025-02-24T15:10:30","modified_gmt":"2025-02-24T14:10:30","slug":"dr-murder-and-the-island-of-death","status":"publish","type":"product","link":"https:\/\/baggaardsbaroner.com\/en\/product\/dr-murder-and-the-island-of-death\/","title":{"rendered":"Dr. Murder and the island of Death"},"content":{"rendered":"<div class=\"et_pb_module et_pb_wc_description et_pb_wc_description_0_tb_body et_pb_bg_layout_light et_pb_text_align_left\">\n<div class=\"et_pb_module_inner\">\n<div class=\"et_pb_module et_pb_wc_description et_pb_wc_description_0_tb_body et_pb_bg_layout_light et_pb_text_align_left\">\n<div class=\"et_pb_module_inner\">\n<p><strong>WINNER OF THE BEST BOOK DESIGN OF THE YEAR<\/strong><br \/>\n<strong>NOMINATED FOR BEST DANISH DEBUT PING PRIZE<\/strong><br \/>\n<strong>NOMINATED FOR BEST DANISH COMIC CLAUS DELEURAN PRIZE<\/strong><\/p>\n<p>\"One of the country's most vibrant comic talents delivers big promises and fabulously beautiful drawings.\"<br \/>\n<em>\u2013 Politiken<\/em><\/p>\n<p>\"Funny, refined, touching, genuinely exciting, and playfully connected to the vast corpus of superhero comics that came before.\"<br \/>\n<em>\u2013 Atlas Magasin<\/em><\/p>\n<p>\"Friis Ernst's beautifully orchestrated visual sequences are executed with a distinct lyrical sense.\"<br \/>\n<em>\u2013 Information<\/em><\/p>\n<p>\"An impressive debut.\"<br \/>\n<em>\u2013 Kulturkapellet<\/em><\/p>\n<p>The supervillain Doctor Murder is having a truly terrible day. First, the superhero abandons him. Then his henchmen disappear. And finally, his sanity goes...<\/p>\n<p>Dr. Murder and the Island of Death is a tale of beauty and the illusions of love, of longing for the unattainable and being blinded to what is close... and what the hell is quinoa, really?<br \/>\nThis is not your typical superhero story, but rather a love child between the Bond villains of the seventies and French existentialism. Imagine the chain-smoking Albert Camus, Jean-Paul Sartre, and Simone de Beauvoir \u2013 but with a 20 trillion-dollar laser cannon, secret underground bases, and those kinds of underwear best worn on the outside of clothes. And of course... less boring.<\/p>\n<p>The artist behind it is the debuting millennium talent Emil Friis Ernst. And it is, to say the least, a huge honor to be allowed to publish his twisted mind. For almost two years, we have chased him, begged, and killed, just to have the privilege of publishing this comic.<\/p>\n<p>The work is in English.<br \/>\nExtra treats are included in the form of a poster, pinups, and other goodies.<\/p>\n<p>Offset printing on three different uncoated high-quality papers. 100% recycled paper.<\/p>\n<p><strong><span class=\"Y2IQFc\" lang=\"en\">Temporarily sold out<\/span><\/strong><\/p>\n<\/div>\n<\/div>\n<\/div>\n<\/div>","protected":false},"excerpt":{"rendered":"<p><strong>WINNER OF THE BEST BOOK DESIGN OF THE YEAR<\/strong><br \/>\n<strong>NOMINATED FOR BEST DANISH DEBUT PING PRIZE<\/strong><br \/>\n<strong>NOMINATED FOR BEST DANISH COMIC CLAUS DELEURAN PRIZE<\/strong><\/p>\n<p>The supervillain Doctor Murder is having a truly terrible day. First, the superhero abandons him. Then his henchmen disappear. And finally, his sanity goes...<\/p>\n<p>Dr. Murder and the Island of Death is a tale of beauty and the illusions of love, of longing for the unattainable and being blinded to what is close... and what the hell is quinoa, really?<br \/>\nThis is not your typical superhero story, but rather a love child between the Bond villains of the seventies and French existentialism. Imagine the chain-smoking Albert Camus, Jean-Paul Sartre, and Simone de Beauvoir \u2013 but with a 20 trillion-dollar laser cannon, secret underground bases, and those kinds of underwear best worn on the outside of clothes. And of course... less boring.<\/p>\n<pre id=\"tw-target-text\" class=\"tw-data-text tw-text-large tw-ta\" dir=\"ltr\" data-placeholder=\"Overs\u00e6ttelse\" data-ved=\"2ahUKEwjdwa23u9yLAxVch_0HHeesGEwQ3ewLegQIBxAU\"><strong><span class=\"Y2IQFc\" lang=\"en\">Temporarily sold out<\/span><\/strong><\/pre>","protected":false},"featured_media":7143,"template":"","meta":{"_acf_changed":false},"product_brand":[],"product_cat":[82],"product_tag":[],"class_list":{"0":"post-7138","1":"product","2":"type-product","3":"status-publish","4":"has-post-thumbnail","6":"product_cat-tegneserier","8":"first","9":"outofstock","10":"taxable","11":"shipping-taxable","12":"purchasable","13":"product-type-simple"},"acf":[],"yoast_head":"<!-- This site is optimized with the Yoast SEO plugin v27.4 - https:\/\/yoast.com\/product\/yoast-seo-wordpress\/ -->\n<title>Dr. Murder and the island of Death | Baggaardsbaroner<\/title>\n<meta name=\"robots\" content=\"index, follow, max-snippet:-1, max-image-preview:large, max-video-preview:-1\" \/>\n<link rel=\"canonical\" href=\"https:\/\/baggaardsbaroner.com\/en\/product\/dr-murder-and-the-island-of-death\/\" \/>\n<meta property=\"og:locale\" content=\"en_GB\" \/>\n<meta property=\"og:type\" content=\"article\" \/>\n<meta property=\"og:title\" content=\"Dr. Murder and the island of Death | Baggaardsbaroner\" \/>\n<meta property=\"og:description\" content=\"VINDER AF \u00c5RETS BEDSTE BOGARBEJDE NOMINERET FOR BEDSTE DANSKE DEBUT PING PRISEN NOMINERET FOR BEDSTE DANSKE TEGNESERIE CLAUS DELEURAN PRISEN  Superskurken Doctor Murder har en \u00e6gte skod dag. F\u00f8rst forlader superhelten ham. S\u00e5 forsvinder hans h\u00e5ndlangere. Og til sidst ryger forstanden\u2026  Dr. Murder and the Island of Death er en fort\u00e6lling om sk\u00f8nhed og k\u00e6rlighedens illusioner, om at l\u00e6nges efter det utiln\u00e6rmelige og v\u00e6re forbl\u00e6ndet mod det n\u00e6re\u2026 og hvad fanden er quinoa egentligt? Det her er ikke den typiske superheltehistorie, men n\u00e6rmere et k\u00e6rlighedsbarn mellem halvfjerdsernes Bond-skurke og den franske eksistentialisme. Forestil jer de k\u00e6derygende Albert Camus, J\u00f8rgen-Paul Sartre og Simone de Beauvoir \u2013 men med en 20 trilliarder dyr laserkanon, hemmelige undergrundsbaser og den slags underbukser, der b\u00e6res bedst udenp\u00e5 t\u00f8jet. Og jo selvf\u00f8lgelig\u2026 mindre kedelig. Temporarily sold out\" \/>\n<meta property=\"og:url\" content=\"https:\/\/baggaardsbaroner.com\/en\/product\/dr-murder-and-the-island-of-death\/\" \/>\n<meta property=\"og:site_name\" content=\"Baggaardsbaroner\" \/>\n<meta property=\"article:modified_time\" content=\"2025-02-24T14:10:30+00:00\" \/>\n<meta property=\"og:image\" content=\"https:\/\/baggaardsbaroner.com\/wp-content\/uploads\/DrMurder_1-scaled.jpg\" \/>\n\t<meta property=\"og:image:width\" content=\"2048\" \/>\n\t<meta property=\"og:image:height\" content=\"2048\" \/>\n\t<meta property=\"og:image:type\" content=\"image\/jpeg\" \/>\n<meta name=\"twitter:card\" content=\"summary_large_image\" \/>\n<meta name=\"twitter:label1\" content=\"Estimated reading time\" \/>\n\t<meta name=\"twitter:data1\" content=\"2 minutes\" \/>\n<script type=\"application\/ld+json\" class=\"yoast-schema-graph\">{\"@context\":\"https:\\\/\\\/schema.org\",\"@graph\":[{\"@type\":\"WebPage\",\"@id\":\"https:\\\/\\\/baggaardsbaroner.com\\\/vare\\\/dr-murder-and-the-island-of-death\\\/\",\"url\":\"https:\\\/\\\/baggaardsbaroner.com\\\/vare\\\/dr-murder-and-the-island-of-death\\\/\",\"name\":\"Dr. Murder and the island of Death | Baggaardsbaroner\",\"isPartOf\":{\"@id\":\"https:\\\/\\\/baggaardsbaroner.com\\\/#website\"},\"primaryImageOfPage\":{\"@id\":\"https:\\\/\\\/baggaardsbaroner.com\\\/vare\\\/dr-murder-and-the-island-of-death\\\/#primaryimage\"},\"image\":{\"@id\":\"https:\\\/\\\/baggaardsbaroner.com\\\/vare\\\/dr-murder-and-the-island-of-death\\\/#primaryimage\"},\"thumbnailUrl\":\"https:\\\/\\\/baggaardsbaroner.com\\\/wp-content\\\/uploads\\\/DrMurder_1-scaled.jpg\",\"datePublished\":\"2025-02-24T13:54:41+00:00\",\"dateModified\":\"2025-02-24T14:10:30+00:00\",\"breadcrumb\":{\"@id\":\"https:\\\/\\\/baggaardsbaroner.com\\\/vare\\\/dr-murder-and-the-island-of-death\\\/#breadcrumb\"},\"inLanguage\":\"en-GB\",\"potentialAction\":[{\"@type\":\"ReadAction\",\"target\":[\"https:\\\/\\\/baggaardsbaroner.com\\\/vare\\\/dr-murder-and-the-island-of-death\\\/\"]}]},{\"@type\":\"ImageObject\",\"inLanguage\":\"en-GB\",\"@id\":\"https:\\\/\\\/baggaardsbaroner.com\\\/vare\\\/dr-murder-and-the-island-of-death\\\/#primaryimage\",\"url\":\"https:\\\/\\\/baggaardsbaroner.com\\\/wp-content\\\/uploads\\\/DrMurder_1-scaled.jpg\",\"contentUrl\":\"https:\\\/\\\/baggaardsbaroner.com\\\/wp-content\\\/uploads\\\/DrMurder_1-scaled.jpg\",\"width\":2048,\"height\":2048},{\"@type\":\"BreadcrumbList\",\"@id\":\"https:\\\/\\\/baggaardsbaroner.com\\\/vare\\\/dr-murder-and-the-island-of-death\\\/#breadcrumb\",\"itemListElement\":[{\"@type\":\"ListItem\",\"position\":1,\"name\":\"Forside\",\"item\":\"https:\\\/\\\/baggaardsbaroner.com\\\/\"},{\"@type\":\"ListItem\",\"position\":2,\"name\":\"Shop\",\"item\":\"https:\\\/\\\/baggaardsbaroner.com\\\/shop\\\/\"},{\"@type\":\"ListItem\",\"position\":3,\"name\":\"Tegneserier\",\"item\":\"https:\\\/\\\/baggaardsbaroner.com\\\/kategori\\\/tegneserier\\\/\"},{\"@type\":\"ListItem\",\"position\":4,\"name\":\"Dr. Murder and the island of Death\"}]},{\"@type\":\"WebSite\",\"@id\":\"https:\\\/\\\/baggaardsbaroner.com\\\/#website\",\"url\":\"https:\\\/\\\/baggaardsbaroner.com\\\/\",\"name\":\"Baggaardsbaroner\",\"description\":\"\",\"publisher\":{\"@id\":\"https:\\\/\\\/baggaardsbaroner.com\\\/#organization\"},\"potentialAction\":[{\"@type\":\"SearchAction\",\"target\":{\"@type\":\"EntryPoint\",\"urlTemplate\":\"https:\\\/\\\/baggaardsbaroner.com\\\/?s={search_term_string}\"},\"query-input\":{\"@type\":\"PropertyValueSpecification\",\"valueRequired\":true,\"valueName\":\"search_term_string\"}}],\"inLanguage\":\"en-GB\"},{\"@type\":\"Organization\",\"@id\":\"https:\\\/\\\/baggaardsbaroner.com\\\/#organization\",\"name\":\"Baggaardsbaroner\",\"url\":\"https:\\\/\\\/baggaardsbaroner.com\\\/\",\"logo\":{\"@type\":\"ImageObject\",\"inLanguage\":\"en-GB\",\"@id\":\"https:\\\/\\\/baggaardsbaroner.com\\\/#\\\/schema\\\/logo\\\/image\\\/\",\"url\":\"https:\\\/\\\/baggaardsbaroner.com\\\/wp-content\\\/uploads\\\/logony.png\",\"contentUrl\":\"https:\\\/\\\/baggaardsbaroner.com\\\/wp-content\\\/uploads\\\/logony.png\",\"width\":263,\"height\":103,\"caption\":\"Baggaardsbaroner\"},\"image\":{\"@id\":\"https:\\\/\\\/baggaardsbaroner.com\\\/#\\\/schema\\\/logo\\\/image\\\/\"}}]}<\/script>\n<!-- \/ Yoast SEO plugin. -->","yoast_head_json":{"title":"Dr. Murder and the island of Death | Baggaardsbaroner","robots":{"index":"index","follow":"follow","max-snippet":"max-snippet:-1","max-image-preview":"max-image-preview:large","max-video-preview":"max-video-preview:-1"},"canonical":"https:\/\/baggaardsbaroner.com\/en\/product\/dr-murder-and-the-island-of-death\/","og_locale":"en_GB","og_type":"article","og_title":"Dr. Murder and the island of Death | Baggaardsbaroner","og_description":"VINDER AF \u00c5RETS BEDSTE BOGARBEJDE NOMINERET FOR BEDSTE DANSKE DEBUT PING PRISEN NOMINERET FOR BEDSTE DANSKE TEGNESERIE CLAUS DELEURAN PRISEN  Superskurken Doctor Murder har en \u00e6gte skod dag. F\u00f8rst forlader superhelten ham. S\u00e5 forsvinder hans h\u00e5ndlangere. Og til sidst ryger forstanden\u2026  Dr. Murder and the Island of Death er en fort\u00e6lling om sk\u00f8nhed og k\u00e6rlighedens illusioner, om at l\u00e6nges efter det utiln\u00e6rmelige og v\u00e6re forbl\u00e6ndet mod det n\u00e6re\u2026 og hvad fanden er quinoa egentligt? Det her er ikke den typiske superheltehistorie, men n\u00e6rmere et k\u00e6rlighedsbarn mellem halvfjerdsernes Bond-skurke og den franske eksistentialisme. Forestil jer de k\u00e6derygende Albert Camus, J\u00f8rgen-Paul Sartre og Simone de Beauvoir \u2013 men med en 20 trilliarder dyr laserkanon, hemmelige undergrundsbaser og den slags underbukser, der b\u00e6res bedst udenp\u00e5 t\u00f8jet. Og jo selvf\u00f8lgelig\u2026 mindre kedelig. Temporarily sold out","og_url":"https:\/\/baggaardsbaroner.com\/en\/product\/dr-murder-and-the-island-of-death\/","og_site_name":"Baggaardsbaroner","article_modified_time":"2025-02-24T14:10:30+00:00","og_image":[{"width":2048,"height":2048,"url":"https:\/\/baggaardsbaroner.com\/wp-content\/uploads\/DrMurder_1-scaled.jpg","type":"image\/jpeg"}],"twitter_card":"summary_large_image","twitter_misc":{"Estimated reading time":"2 minutes"},"schema":{"@context":"https:\/\/schema.org","@graph":[{"@type":"WebPage","@id":"https:\/\/baggaardsbaroner.com\/vare\/dr-murder-and-the-island-of-death\/","url":"https:\/\/baggaardsbaroner.com\/vare\/dr-murder-and-the-island-of-death\/","name":"Dr. Murder and the island of Death | Baggaardsbaroner","isPartOf":{"@id":"https:\/\/baggaardsbaroner.com\/#website"},"primaryImageOfPage":{"@id":"https:\/\/baggaardsbaroner.com\/vare\/dr-murder-and-the-island-of-death\/#primaryimage"},"image":{"@id":"https:\/\/baggaardsbaroner.com\/vare\/dr-murder-and-the-island-of-death\/#primaryimage"},"thumbnailUrl":"https:\/\/baggaardsbaroner.com\/wp-content\/uploads\/DrMurder_1-scaled.jpg","datePublished":"2025-02-24T13:54:41+00:00","dateModified":"2025-02-24T14:10:30+00:00","breadcrumb":{"@id":"https:\/\/baggaardsbaroner.com\/vare\/dr-murder-and-the-island-of-death\/#breadcrumb"},"inLanguage":"en-GB","potentialAction":[{"@type":"ReadAction","target":["https:\/\/baggaardsbaroner.com\/vare\/dr-murder-and-the-island-of-death\/"]}]},{"@type":"ImageObject","inLanguage":"en-GB","@id":"https:\/\/baggaardsbaroner.com\/vare\/dr-murder-and-the-island-of-death\/#primaryimage","url":"https:\/\/baggaardsbaroner.com\/wp-content\/uploads\/DrMurder_1-scaled.jpg","contentUrl":"https:\/\/baggaardsbaroner.com\/wp-content\/uploads\/DrMurder_1-scaled.jpg","width":2048,"height":2048},{"@type":"BreadcrumbList","@id":"https:\/\/baggaardsbaroner.com\/vare\/dr-murder-and-the-island-of-death\/#breadcrumb","itemListElement":[{"@type":"ListItem","position":1,"name":"Forside","item":"https:\/\/baggaardsbaroner.com\/"},{"@type":"ListItem","position":2,"name":"Shop","item":"https:\/\/baggaardsbaroner.com\/shop\/"},{"@type":"ListItem","position":3,"name":"Tegneserier","item":"https:\/\/baggaardsbaroner.com\/kategori\/tegneserier\/"},{"@type":"ListItem","position":4,"name":"Dr. Murder and the island of Death"}]},{"@type":"WebSite","@id":"https:\/\/baggaardsbaroner.com\/#website","url":"https:\/\/baggaardsbaroner.com\/","name":"Baggaardsbaroner","description":"","publisher":{"@id":"https:\/\/baggaardsbaroner.com\/#organization"},"potentialAction":[{"@type":"SearchAction","target":{"@type":"EntryPoint","urlTemplate":"https:\/\/baggaardsbaroner.com\/?s={search_term_string}"},"query-input":{"@type":"PropertyValueSpecification","valueRequired":true,"valueName":"search_term_string"}}],"inLanguage":"en-GB"},{"@type":"Organization","@id":"https:\/\/baggaardsbaroner.com\/#organization","name":"Baggaardsbaroner","url":"https:\/\/baggaardsbaroner.com\/","logo":{"@type":"ImageObject","inLanguage":"en-GB","@id":"https:\/\/baggaardsbaroner.com\/#\/schema\/logo\/image\/","url":"https:\/\/baggaardsbaroner.com\/wp-content\/uploads\/logony.png","contentUrl":"https:\/\/baggaardsbaroner.com\/wp-content\/uploads\/logony.png","width":263,"height":103,"caption":"Baggaardsbaroner"},"image":{"@id":"https:\/\/baggaardsbaroner.com\/#\/schema\/logo\/image\/"}}]}},"_links":{"self":[{"href":"https:\/\/baggaardsbaroner.com\/en\/wp-json\/wp\/v2\/product\/7138","targetHints":{"allow":["GET"]}}],"collection":[{"href":"https:\/\/baggaardsbaroner.com\/en\/wp-json\/wp\/v2\/product"}],"about":[{"href":"https:\/\/baggaardsbaroner.com\/en\/wp-json\/wp\/v2\/types\/product"}],"version-history":[{"count":2,"href":"https:\/\/baggaardsbaroner.com\/en\/wp-json\/wp\/v2\/product\/7138\/revisions"}],"predecessor-version":[{"id":7172,"href":"https:\/\/baggaardsbaroner.com\/en\/wp-json\/wp\/v2\/product\/7138\/revisions\/7172"}],"wp:featuredmedia":[{"embeddable":true,"href":"https:\/\/baggaardsbaroner.com\/en\/wp-json\/wp\/v2\/media\/7143"}],"wp:attachment":[{"href":"https:\/\/baggaardsbaroner.com\/en\/wp-json\/wp\/v2\/media?parent=7138"}],"wp:term":[{"taxonomy":"product_brand","embeddable":true,"href":"https:\/\/baggaardsbaroner.com\/en\/wp-json\/wp\/v2\/product_brand?post=7138"},{"taxonomy":"product_cat","embeddable":true,"href":"https:\/\/baggaardsbaroner.com\/en\/wp-json\/wp\/v2\/product_cat?post=7138"},{"taxonomy":"product_tag","embeddable":true,"href":"https:\/\/baggaardsbaroner.com\/en\/wp-json\/wp\/v2\/product_tag?post=7138"}],"curies":[{"name":"wp","href":"https:\/\/api.w.org\/{rel}","templated":true}]}}