{"id":7167,"date":"2025-02-24T15:01:44","date_gmt":"2025-02-24T14:01:44","guid":{"rendered":"https:\/\/baggaardsbaroner.com\/\/?post_type=product&#038;p=7167"},"modified":"2025-12-03T21:46:40","modified_gmt":"2025-12-03T20:46:40","slug":"ubermensch","status":"publish","type":"product","link":"https:\/\/baggaardsbaroner.com\/en\/product\/ubermensch\/","title":{"rendered":"\u00dcbermensch"},"content":{"rendered":"<div class=\"et_pb_module et_pb_wc_description et_pb_wc_description_0_tb_body et_pb_bg_layout_light et_pb_text_align_left\">\n<div class=\"et_pb_module_inner\">\n<div class=\"et_pb_module et_pb_wc_description et_pb_wc_description_0_tb_body et_pb_bg_layout_light et_pb_text_align_left\">\n<div>\n<p><strong>WINNER OF THE BEST BOOK DESIGN OF THE YEAR<\/strong><\/p>\n<p>\"What they do is both brilliant and original.\"<br \/>\n<em>\u2013 Troldspejlet<\/em><\/p>\n<p>\u2605 \u2605 \u2605 \u2605<br \/>\n\"Now I'm going to say something that will likely attract the right underground fans and simultaneously repel those who are uninterested: *\u00dcbermensch* is an ugly, ugly comic... I'm sold.\"<br \/>\n<em>\u2013 Nummer 9<\/em><\/p>\n<p>\u00dcbermensch spends his days on the city's rooftops, while he awkwardly swings in and out of illusions about saving the world and the prison of his growing depression. Fear is \u00dcbermensch's true sidekick, and together they fight a heroic battle to get out of bed, brush their teeth, and be a real person in a real world. For what good is it to fly and lift cars if the absurd eternity of the cosmos dictates that we will all eventually die?<\/p>\n<p>But no superhero without their supervillain. The opponent \u2013 \u00dcbermensch's own roommate and hidden infatuation \u2013 is the nemesis Madame M\u00e9chante, who, in addition to her very frivolous attachment to the shared dishes and vacuuming, bases her life on Ayn Rand \/ Ryan Air's neoliberal values of freedom. While she robs banks and creates chaos in the city, she fantasizes about the gold-embroidered business cards from *American Psycho* and Daniel Day Lewis's oil-slicked mustache from There Will Be Blood.<\/p>\n<p>In this constant interplay between the two protagonists, we follow \u00dcbermensch's self-destructive descent into depression and Madame M\u00e9chante's destructive self-realization. However, what unites them both is the search for happiness and meaning, as they, tormented by eternal inner doubt, try to philosophize their way through the struggles of colorful archetypes. While \u00dcbermensch is paralyzed by his own inadequacy, Madame M\u00e9chante is driven forward towards the next fleeting, short-lived fix of happiness.<\/p>\n<p>Nilas R\u00f8pke Driessen (born 1990) is probably best known for his work as a cleaning assistant for a mid-sized Danish company in the city center, but he has also created animated short films and award-winning comics. With his comic \u00dcbermensch in its internet comic form, he has been nominated for a Ping Prize twice, and in 2018 he won a Ping Prize with the comic *Mor*. His comics often have a surrealistic tone and play with the absurd and silly, often mixed with a healthy dose of melancholy. In his work, he is inspired by comic artists such as Olivier Schrauwen and Michael DeForge, as well as the atmosphere in films by directors like Werner Herzog and Roy Andersson.<\/p>\n<p>The work is in English.<\/p>\n<p>Offset printing on three different uncoated high-quality papers. 100% recycled paper.<\/p>\n<\/div>\n<\/div>\n<\/div>\n<\/div>","protected":false},"excerpt":{"rendered":"<div class=\"et_pb_module et_pb_wc_description et_pb_wc_description_0_tb_body et_pb_bg_layout_light et_pb_text_align_left\">\n<div class=\"et_pb_module_inner\">\n<div class=\"et_pb_column et_pb_column_4_4 et_pb_column_2_tb_body et_pb_css_mix_blend_mode_passthrough et-last-child\">\n<div class=\"et_pb_module et_pb_post_content et_pb_post_content_0_tb_body\">\n<div class=\"et_pb_column et_pb_column_4_4 et_pb_column_2_tb_body et_pb_css_mix_blend_mode_passthrough et-last-child\">\n<div class=\"et_pb_module et_pb_post_content et_pb_post_content_0_tb_body\">\u00dcbermensch spends his days on the city's rooftops, while he awkwardly swings in and out of illusions about saving the world and the prison of his growing depression. Fear is \u00dcbermensch's true sidekick, and together they fight a heroic battle to get out of bed, brush their teeth, and be a real person in a real world. For what good is it to fly and lift cars if the absurd eternity of the cosmos dictates that we will all eventually die?<\/div>\n<\/div>\n<\/div>\n<\/div>\n<\/div>\n<\/div>","protected":false},"featured_media":7161,"template":"","meta":{"_acf_changed":false},"product_brand":[],"product_cat":[82],"product_tag":[],"class_list":{"0":"post-7167","1":"product","2":"type-product","3":"status-publish","4":"has-post-thumbnail","6":"product_cat-tegneserier","8":"first","9":"instock","10":"taxable","11":"shipping-taxable","12":"purchasable","13":"product-type-simple"},"acf":[],"yoast_head":"<!-- This site is optimized with the Yoast SEO plugin v27.4 - https:\/\/yoast.com\/product\/yoast-seo-wordpress\/ -->\n<title>\u00dcbermensch | Baggaardsbaroner<\/title>\n<meta name=\"robots\" content=\"index, follow, max-snippet:-1, max-image-preview:large, max-video-preview:-1\" \/>\n<link rel=\"canonical\" href=\"https:\/\/baggaardsbaroner.com\/en\/product\/ubermensch\/\" \/>\n<meta property=\"og:locale\" content=\"en_GB\" \/>\n<meta property=\"og:type\" content=\"article\" \/>\n<meta property=\"og:title\" content=\"\u00dcbermensch | Baggaardsbaroner\" \/>\n<meta property=\"og:description\" content=\"\u00dcbermensch spekulerer sine dage itu p\u00e5 byens tage, mens han forkrampet svinger ind og ud mellem illusioner om at redde verden og sin tiltagende depressions f\u00e6ngsel. Angst er \u00dcbermensch egentlige sidekick og sammen k\u00e6mper de en heroisk kamp om at komme op ad sengen, b\u00f8rste t\u00e6nder og v\u00e6re et \u00e6gte menneske i en \u00e6gte verden. For hvad hj\u00e6lper det, at man kan flyve og l\u00f8fte biler, hvis kosmos absurde evighed alligevel dikterer, at vi alle en dag skal d\u00f8?\" \/>\n<meta property=\"og:url\" content=\"https:\/\/baggaardsbaroner.com\/en\/product\/ubermensch\/\" \/>\n<meta property=\"og:site_name\" content=\"Baggaardsbaroner\" \/>\n<meta property=\"article:modified_time\" content=\"2025-12-03T20:46:40+00:00\" \/>\n<meta property=\"og:image\" content=\"https:\/\/baggaardsbaroner.com\/wp-content\/uploads\/Ubermensch_1-scaled.jpg\" \/>\n\t<meta property=\"og:image:width\" content=\"2048\" \/>\n\t<meta property=\"og:image:height\" content=\"2048\" \/>\n\t<meta property=\"og:image:type\" content=\"image\/jpeg\" \/>\n<meta name=\"twitter:card\" content=\"summary_large_image\" \/>\n<meta name=\"twitter:label1\" content=\"Estimated reading time\" \/>\n\t<meta name=\"twitter:data1\" content=\"1 minute\" \/>\n<script type=\"application\/ld+json\" class=\"yoast-schema-graph\">{\"@context\":\"https:\\\/\\\/schema.org\",\"@graph\":[{\"@type\":\"WebPage\",\"@id\":\"https:\\\/\\\/baggaardsbaroner.com\\\/vare\\\/ubermensch\\\/\",\"url\":\"https:\\\/\\\/baggaardsbaroner.com\\\/vare\\\/ubermensch\\\/\",\"name\":\"\u00dcbermensch | Baggaardsbaroner\",\"isPartOf\":{\"@id\":\"https:\\\/\\\/baggaardsbaroner.com\\\/#website\"},\"primaryImageOfPage\":{\"@id\":\"https:\\\/\\\/baggaardsbaroner.com\\\/vare\\\/ubermensch\\\/#primaryimage\"},\"image\":{\"@id\":\"https:\\\/\\\/baggaardsbaroner.com\\\/vare\\\/ubermensch\\\/#primaryimage\"},\"thumbnailUrl\":\"https:\\\/\\\/baggaardsbaroner.com\\\/wp-content\\\/uploads\\\/Ubermensch_1-scaled.jpg\",\"datePublished\":\"2025-02-24T14:01:44+00:00\",\"dateModified\":\"2025-12-03T20:46:40+00:00\",\"breadcrumb\":{\"@id\":\"https:\\\/\\\/baggaardsbaroner.com\\\/vare\\\/ubermensch\\\/#breadcrumb\"},\"inLanguage\":\"en-GB\",\"potentialAction\":[{\"@type\":\"ReadAction\",\"target\":[\"https:\\\/\\\/baggaardsbaroner.com\\\/vare\\\/ubermensch\\\/\"]}]},{\"@type\":\"ImageObject\",\"inLanguage\":\"en-GB\",\"@id\":\"https:\\\/\\\/baggaardsbaroner.com\\\/vare\\\/ubermensch\\\/#primaryimage\",\"url\":\"https:\\\/\\\/baggaardsbaroner.com\\\/wp-content\\\/uploads\\\/Ubermensch_1-scaled.jpg\",\"contentUrl\":\"https:\\\/\\\/baggaardsbaroner.com\\\/wp-content\\\/uploads\\\/Ubermensch_1-scaled.jpg\",\"width\":2048,\"height\":2048},{\"@type\":\"BreadcrumbList\",\"@id\":\"https:\\\/\\\/baggaardsbaroner.com\\\/vare\\\/ubermensch\\\/#breadcrumb\",\"itemListElement\":[{\"@type\":\"ListItem\",\"position\":1,\"name\":\"Forside\",\"item\":\"https:\\\/\\\/baggaardsbaroner.com\\\/\"},{\"@type\":\"ListItem\",\"position\":2,\"name\":\"Shop\",\"item\":\"https:\\\/\\\/baggaardsbaroner.com\\\/shop\\\/\"},{\"@type\":\"ListItem\",\"position\":3,\"name\":\"Tegneserier\",\"item\":\"https:\\\/\\\/baggaardsbaroner.com\\\/kategori\\\/tegneserier\\\/\"},{\"@type\":\"ListItem\",\"position\":4,\"name\":\"\u00dcbermensch\"}]},{\"@type\":\"WebSite\",\"@id\":\"https:\\\/\\\/baggaardsbaroner.com\\\/#website\",\"url\":\"https:\\\/\\\/baggaardsbaroner.com\\\/\",\"name\":\"Baggaardsbaroner\",\"description\":\"\",\"publisher\":{\"@id\":\"https:\\\/\\\/baggaardsbaroner.com\\\/#organization\"},\"potentialAction\":[{\"@type\":\"SearchAction\",\"target\":{\"@type\":\"EntryPoint\",\"urlTemplate\":\"https:\\\/\\\/baggaardsbaroner.com\\\/?s={search_term_string}\"},\"query-input\":{\"@type\":\"PropertyValueSpecification\",\"valueRequired\":true,\"valueName\":\"search_term_string\"}}],\"inLanguage\":\"en-GB\"},{\"@type\":\"Organization\",\"@id\":\"https:\\\/\\\/baggaardsbaroner.com\\\/#organization\",\"name\":\"Baggaardsbaroner\",\"url\":\"https:\\\/\\\/baggaardsbaroner.com\\\/\",\"logo\":{\"@type\":\"ImageObject\",\"inLanguage\":\"en-GB\",\"@id\":\"https:\\\/\\\/baggaardsbaroner.com\\\/#\\\/schema\\\/logo\\\/image\\\/\",\"url\":\"https:\\\/\\\/baggaardsbaroner.com\\\/wp-content\\\/uploads\\\/logony.png\",\"contentUrl\":\"https:\\\/\\\/baggaardsbaroner.com\\\/wp-content\\\/uploads\\\/logony.png\",\"width\":263,\"height\":103,\"caption\":\"Baggaardsbaroner\"},\"image\":{\"@id\":\"https:\\\/\\\/baggaardsbaroner.com\\\/#\\\/schema\\\/logo\\\/image\\\/\"}}]}<\/script>\n<!-- \/ Yoast SEO plugin. -->","yoast_head_json":{"title":"\u00dcbermensch | Baggaardsbaroner","robots":{"index":"index","follow":"follow","max-snippet":"max-snippet:-1","max-image-preview":"max-image-preview:large","max-video-preview":"max-video-preview:-1"},"canonical":"https:\/\/baggaardsbaroner.com\/en\/product\/ubermensch\/","og_locale":"en_GB","og_type":"article","og_title":"\u00dcbermensch | Baggaardsbaroner","og_description":"\u00dcbermensch spekulerer sine dage itu p\u00e5 byens tage, mens han forkrampet svinger ind og ud mellem illusioner om at redde verden og sin tiltagende depressions f\u00e6ngsel. Angst er \u00dcbermensch egentlige sidekick og sammen k\u00e6mper de en heroisk kamp om at komme op ad sengen, b\u00f8rste t\u00e6nder og v\u00e6re et \u00e6gte menneske i en \u00e6gte verden. For hvad hj\u00e6lper det, at man kan flyve og l\u00f8fte biler, hvis kosmos absurde evighed alligevel dikterer, at vi alle en dag skal d\u00f8?","og_url":"https:\/\/baggaardsbaroner.com\/en\/product\/ubermensch\/","og_site_name":"Baggaardsbaroner","article_modified_time":"2025-12-03T20:46:40+00:00","og_image":[{"width":2048,"height":2048,"url":"https:\/\/baggaardsbaroner.com\/wp-content\/uploads\/Ubermensch_1-scaled.jpg","type":"image\/jpeg"}],"twitter_card":"summary_large_image","twitter_misc":{"Estimated reading time":"1 minute"},"schema":{"@context":"https:\/\/schema.org","@graph":[{"@type":"WebPage","@id":"https:\/\/baggaardsbaroner.com\/vare\/ubermensch\/","url":"https:\/\/baggaardsbaroner.com\/vare\/ubermensch\/","name":"\u00dcbermensch | Baggaardsbaroner","isPartOf":{"@id":"https:\/\/baggaardsbaroner.com\/#website"},"primaryImageOfPage":{"@id":"https:\/\/baggaardsbaroner.com\/vare\/ubermensch\/#primaryimage"},"image":{"@id":"https:\/\/baggaardsbaroner.com\/vare\/ubermensch\/#primaryimage"},"thumbnailUrl":"https:\/\/baggaardsbaroner.com\/wp-content\/uploads\/Ubermensch_1-scaled.jpg","datePublished":"2025-02-24T14:01:44+00:00","dateModified":"2025-12-03T20:46:40+00:00","breadcrumb":{"@id":"https:\/\/baggaardsbaroner.com\/vare\/ubermensch\/#breadcrumb"},"inLanguage":"en-GB","potentialAction":[{"@type":"ReadAction","target":["https:\/\/baggaardsbaroner.com\/vare\/ubermensch\/"]}]},{"@type":"ImageObject","inLanguage":"en-GB","@id":"https:\/\/baggaardsbaroner.com\/vare\/ubermensch\/#primaryimage","url":"https:\/\/baggaardsbaroner.com\/wp-content\/uploads\/Ubermensch_1-scaled.jpg","contentUrl":"https:\/\/baggaardsbaroner.com\/wp-content\/uploads\/Ubermensch_1-scaled.jpg","width":2048,"height":2048},{"@type":"BreadcrumbList","@id":"https:\/\/baggaardsbaroner.com\/vare\/ubermensch\/#breadcrumb","itemListElement":[{"@type":"ListItem","position":1,"name":"Forside","item":"https:\/\/baggaardsbaroner.com\/"},{"@type":"ListItem","position":2,"name":"Shop","item":"https:\/\/baggaardsbaroner.com\/shop\/"},{"@type":"ListItem","position":3,"name":"Tegneserier","item":"https:\/\/baggaardsbaroner.com\/kategori\/tegneserier\/"},{"@type":"ListItem","position":4,"name":"\u00dcbermensch"}]},{"@type":"WebSite","@id":"https:\/\/baggaardsbaroner.com\/#website","url":"https:\/\/baggaardsbaroner.com\/","name":"Baggaardsbaroner","description":"","publisher":{"@id":"https:\/\/baggaardsbaroner.com\/#organization"},"potentialAction":[{"@type":"SearchAction","target":{"@type":"EntryPoint","urlTemplate":"https:\/\/baggaardsbaroner.com\/?s={search_term_string}"},"query-input":{"@type":"PropertyValueSpecification","valueRequired":true,"valueName":"search_term_string"}}],"inLanguage":"en-GB"},{"@type":"Organization","@id":"https:\/\/baggaardsbaroner.com\/#organization","name":"Baggaardsbaroner","url":"https:\/\/baggaardsbaroner.com\/","logo":{"@type":"ImageObject","inLanguage":"en-GB","@id":"https:\/\/baggaardsbaroner.com\/#\/schema\/logo\/image\/","url":"https:\/\/baggaardsbaroner.com\/wp-content\/uploads\/logony.png","contentUrl":"https:\/\/baggaardsbaroner.com\/wp-content\/uploads\/logony.png","width":263,"height":103,"caption":"Baggaardsbaroner"},"image":{"@id":"https:\/\/baggaardsbaroner.com\/#\/schema\/logo\/image\/"}}]}},"_links":{"self":[{"href":"https:\/\/baggaardsbaroner.com\/en\/wp-json\/wp\/v2\/product\/7167","targetHints":{"allow":["GET"]}}],"collection":[{"href":"https:\/\/baggaardsbaroner.com\/en\/wp-json\/wp\/v2\/product"}],"about":[{"href":"https:\/\/baggaardsbaroner.com\/en\/wp-json\/wp\/v2\/types\/product"}],"version-history":[{"count":2,"href":"https:\/\/baggaardsbaroner.com\/en\/wp-json\/wp\/v2\/product\/7167\/revisions"}],"predecessor-version":[{"id":7171,"href":"https:\/\/baggaardsbaroner.com\/en\/wp-json\/wp\/v2\/product\/7167\/revisions\/7171"}],"wp:featuredmedia":[{"embeddable":true,"href":"https:\/\/baggaardsbaroner.com\/en\/wp-json\/wp\/v2\/media\/7161"}],"wp:attachment":[{"href":"https:\/\/baggaardsbaroner.com\/en\/wp-json\/wp\/v2\/media?parent=7167"}],"wp:term":[{"taxonomy":"product_brand","embeddable":true,"href":"https:\/\/baggaardsbaroner.com\/en\/wp-json\/wp\/v2\/product_brand?post=7167"},{"taxonomy":"product_cat","embeddable":true,"href":"https:\/\/baggaardsbaroner.com\/en\/wp-json\/wp\/v2\/product_cat?post=7167"},{"taxonomy":"product_tag","embeddable":true,"href":"https:\/\/baggaardsbaroner.com\/en\/wp-json\/wp\/v2\/product_tag?post=7167"}],"curies":[{"name":"wp","href":"https:\/\/api.w.org\/{rel}","templated":true}]}}