{"id":7169,"date":"2025-02-24T15:05:13","date_gmt":"2025-02-24T14:05:13","guid":{"rendered":"https:\/\/baggaardsbaroner.com\/\/?post_type=product&#038;p=7169"},"modified":"2025-12-03T15:43:23","modified_gmt":"2025-12-03T14:43:23","slug":"repulsive-attraction","status":"publish","type":"product","link":"https:\/\/baggaardsbaroner.com\/en\/product\/repulsive-attraction\/","title":{"rendered":"Repulsive Attraction"},"content":{"rendered":"<div class=\"et_pb_module et_pb_wc_description et_pb_wc_description_0_tb_body et_pb_bg_layout_light et_pb_text_align_left\">\n<div class=\"et_pb_module_inner\">\n<div class=\"et_pb_module et_pb_wc_description et_pb_wc_description_0_tb_body et_pb_bg_layout_light et_pb_text_align_left\">\n<div class=\"et_pb_module_inner\">\n<div class=\"et_pb_module et_pb_wc_description et_pb_wc_description_0_tb_body et_pb_bg_layout_light et_pb_text_align_left\">\n<div class=\"et_pb_module_inner\">\n<div class=\"et_pb_module et_pb_post_content et_pb_post_content_0_tb_body\">\n<p><strong>WINNER OF THE PING PRIZE<\/strong><br \/>\n<strong>WINNER OF THE BEST BOOK DESIGN OF THE YEAR<\/strong><\/p>\n<p>\u2605 \u2605 \u2605 \u2605 \u2605 \u2605<br \/>\n\"BOOK OF THE YEAR\"<br \/>\n<em>\u2013 Troldspejlet<\/em><\/p>\n<p>\"A rarely well-rounded and utterly uncompromising debut.\"<br \/>\n<em>\u2013 Weekendavisen<\/em><\/p>\n<p>\"A striking and provocative collection of graphic<br \/>\nsurprises, der fuldt fortjent vandt Pingprisen\u201d<br \/>\n<em>\u2013 Litteratursiden<\/em><\/p>\n<p>surprises, which fully deservedly won the Ping Prize.\"<br \/>\n<em>\u2013 Politiken<\/em><\/p>\n<p>\"Impressive debut... an acid trip of dimensions.\"<br \/>\n<em>\u2013 Nummer9<\/em><\/p>\n<p class=\"translation-block\">\"... a release like this is closer to an actual work of art.\"  <br>\n\u2013 Kulturkapellet<\/p>\n<p>Repulsive Attraction is a socio- and eco-critical short story collection in a toxic color palette. A collection of dystopian pantomime narratives about the imminent societal collapse, capitalism's greedy mutants, and the absurd and repulsive future visions of the apocalypse. Here, there is no text or speech bubbles, only radioactive, psychedelic colors.<\/p>\n<p>The release is an introductory cornucopia to Patrick Steptoe's quirky, surreal microcosm \u2013 and, not least, his distinctive line, characterized by a meticulous underlying level of detail and a conscious play with the limitations of panels. *Repulsive Attraction* is a groundbreaking debut that manages to swing between neo-impressionistic colors and formal expressions, and darkly humorous, almost Dadaist depictions of a self-destructive society.<\/p>\n<p>Repulsive Attraction won the Ping Prize for Best Debut of 2020 and was also chosen as the Best Graphic Novel Release of the Year on the TV show Troldspejlet &amp; Co..<\/p>\n<p>The second edition is released with a new front cover, back cover, new edge color, and three new stories.<\/p>\n<p>The work is in English.<\/p>\n<p>Offset printing on three different uncoated high-quality papers. 100% recycled paper.<\/p>\n<\/div>\n<\/div>\n<\/div>\n<\/div>\n<\/div>\n<\/div>\n<\/div>","protected":false},"excerpt":{"rendered":"<div class=\"et_pb_module et_pb_wc_description et_pb_wc_description_0_tb_body et_pb_bg_layout_light et_pb_text_align_left\">\n<div class=\"et_pb_module_inner\">\n<div class=\"et_pb_column et_pb_column_4_4 et_pb_column_2_tb_body et_pb_css_mix_blend_mode_passthrough et-last-child\">\n<div class=\"et_pb_module et_pb_post_content et_pb_post_content_0_tb_body\">\n<div class=\"et_pb_column et_pb_column_4_4 et_pb_column_2_tb_body et_pb_css_mix_blend_mode_passthrough et-last-child\">\n<div class=\"et_pb_module et_pb_post_content et_pb_post_content_0_tb_body\">\n<p><strong>WINNER OF THE PING PRIZE<\/strong><br \/>\n<strong>WINNER OF THE BEST BOOK DESIGN OF THE YEAR<\/strong><\/p>\n<p>\u2605 \u2605 \u2605 \u2605 \u2605 \u2605<\/p>\n<\/div>\n<div class=\"et_pb_module et_pb_wc_description et_pb_wc_description_0_tb_body et_pb_bg_layout_light et_pb_text_align_left\">\n<div class=\"et_pb_module_inner\">\n<p>Repulsive Attraction is a socio- and eco-critical short story collection in a toxic color palette. A collection of dystopian pantomime narratives about the imminent societal collapse, capitalism's greedy mutants, and the absurd and repulsive future visions of the apocalypse. Here, there is no text or speech bubbles, only radioactive, psychedelic colors.<\/p>\n<p>The release is an introductory cornucopia to Patrick Steptoe's quirky, surreal microcosm \u2013 and, not least, his distinctive line, characterized by a meticulous underlying level of detail and a conscious play with the limitations of panels. *Repulsive Attraction* is a groundbreaking debut that manages to swing between neo-impressionistic colors and formal expressions, and darkly humorous, almost Dadaist depictions of a self-destructive society.<\/p>\n<\/div>\n<\/div>\n<\/div>\n<\/div>\n<\/div>\n<\/div>\n<\/div>","protected":false},"featured_media":7156,"template":"","meta":{"_acf_changed":false},"product_brand":[],"product_cat":[82],"product_tag":[],"class_list":{"0":"post-7169","1":"product","2":"type-product","3":"status-publish","4":"has-post-thumbnail","6":"product_cat-tegneserier","8":"first","9":"instock","10":"taxable","11":"shipping-taxable","12":"purchasable","13":"product-type-simple"},"acf":[],"yoast_head":"<!-- This site is optimized with the Yoast SEO plugin v27.4 - https:\/\/yoast.com\/product\/yoast-seo-wordpress\/ -->\n<title>Repulsive Attraction | Baggaardsbaroner<\/title>\n<meta name=\"robots\" content=\"index, follow, max-snippet:-1, max-image-preview:large, max-video-preview:-1\" \/>\n<link rel=\"canonical\" href=\"https:\/\/baggaardsbaroner.com\/en\/product\/repulsive-attraction\/\" \/>\n<meta property=\"og:locale\" content=\"en_GB\" \/>\n<meta property=\"og:type\" content=\"article\" \/>\n<meta property=\"og:title\" content=\"Repulsive Attraction | Baggaardsbaroner\" \/>\n<meta property=\"og:description\" content=\"VINDER AF PING PRIS VINDER AF \u00c5RETS BEDSTE BOGARBEJDE  \u2605 \u2605 \u2605 \u2605 \u2605 \u2605      Repulsive Attraction er en socio- og \u00f8kokritisk novellesamling i toksisk farvepalet. En samling dystopiske pantomimefort\u00e6llinger om det snarligt forest\u00e5ende samfundsnedbrud, kapitalismens gr\u00e5dige mutanter og dommedagens absurde og frast\u00f8dende fremtidsvisioner. Her er der ingen tekst eller talebobler, kun radioaktive, psykedeliske farver.  Udgivelsen er et introduktionsm\u00e6ssigt overfl\u00f8dighedshorn til Patrick Steptoes finurlige, surrealistiske mikrokosmos \u2013 og ikke mindst s\u00e6regne streg, kendetegnet af en minuti\u00f8s, underliggende detaljegrad og en bevidst leg med panelers begr\u00e6nsning. Repulsive Attraction er en skels\u00e6ttende debut, der form\u00e5r at svinge mellem neoimpressionistiske farver og formudtryk og m\u00f8rkhumoristiske, n\u00e6sten dadaistiske afbildninger af et selvdestruktivt samfund.\" \/>\n<meta property=\"og:url\" content=\"https:\/\/baggaardsbaroner.com\/en\/product\/repulsive-attraction\/\" \/>\n<meta property=\"og:site_name\" content=\"Baggaardsbaroner\" \/>\n<meta property=\"article:modified_time\" content=\"2025-12-03T14:43:23+00:00\" \/>\n<meta property=\"og:image\" content=\"https:\/\/baggaardsbaroner.com\/wp-content\/uploads\/Repulsive_1-scaled.jpg\" \/>\n\t<meta property=\"og:image:width\" content=\"2048\" \/>\n\t<meta property=\"og:image:height\" content=\"2048\" \/>\n\t<meta property=\"og:image:type\" content=\"image\/jpeg\" \/>\n<meta name=\"twitter:card\" content=\"summary_large_image\" \/>\n<meta name=\"twitter:label1\" content=\"Estimated reading time\" \/>\n\t<meta name=\"twitter:data1\" content=\"2 minutes\" \/>\n<script type=\"application\/ld+json\" class=\"yoast-schema-graph\">{\"@context\":\"https:\\\/\\\/schema.org\",\"@graph\":[{\"@type\":\"WebPage\",\"@id\":\"https:\\\/\\\/baggaardsbaroner.com\\\/vare\\\/repulsive-attraction\\\/\",\"url\":\"https:\\\/\\\/baggaardsbaroner.com\\\/vare\\\/repulsive-attraction\\\/\",\"name\":\"Repulsive Attraction | Baggaardsbaroner\",\"isPartOf\":{\"@id\":\"https:\\\/\\\/baggaardsbaroner.com\\\/#website\"},\"primaryImageOfPage\":{\"@id\":\"https:\\\/\\\/baggaardsbaroner.com\\\/vare\\\/repulsive-attraction\\\/#primaryimage\"},\"image\":{\"@id\":\"https:\\\/\\\/baggaardsbaroner.com\\\/vare\\\/repulsive-attraction\\\/#primaryimage\"},\"thumbnailUrl\":\"https:\\\/\\\/baggaardsbaroner.com\\\/wp-content\\\/uploads\\\/Repulsive_1-scaled.jpg\",\"datePublished\":\"2025-02-24T14:05:13+00:00\",\"dateModified\":\"2025-12-03T14:43:23+00:00\",\"breadcrumb\":{\"@id\":\"https:\\\/\\\/baggaardsbaroner.com\\\/vare\\\/repulsive-attraction\\\/#breadcrumb\"},\"inLanguage\":\"en-GB\",\"potentialAction\":[{\"@type\":\"ReadAction\",\"target\":[\"https:\\\/\\\/baggaardsbaroner.com\\\/vare\\\/repulsive-attraction\\\/\"]}]},{\"@type\":\"ImageObject\",\"inLanguage\":\"en-GB\",\"@id\":\"https:\\\/\\\/baggaardsbaroner.com\\\/vare\\\/repulsive-attraction\\\/#primaryimage\",\"url\":\"https:\\\/\\\/baggaardsbaroner.com\\\/wp-content\\\/uploads\\\/Repulsive_1-scaled.jpg\",\"contentUrl\":\"https:\\\/\\\/baggaardsbaroner.com\\\/wp-content\\\/uploads\\\/Repulsive_1-scaled.jpg\",\"width\":2048,\"height\":2048},{\"@type\":\"BreadcrumbList\",\"@id\":\"https:\\\/\\\/baggaardsbaroner.com\\\/vare\\\/repulsive-attraction\\\/#breadcrumb\",\"itemListElement\":[{\"@type\":\"ListItem\",\"position\":1,\"name\":\"Forside\",\"item\":\"https:\\\/\\\/baggaardsbaroner.com\\\/\"},{\"@type\":\"ListItem\",\"position\":2,\"name\":\"Shop\",\"item\":\"https:\\\/\\\/baggaardsbaroner.com\\\/shop\\\/\"},{\"@type\":\"ListItem\",\"position\":3,\"name\":\"Tegneserier\",\"item\":\"https:\\\/\\\/baggaardsbaroner.com\\\/kategori\\\/tegneserier\\\/\"},{\"@type\":\"ListItem\",\"position\":4,\"name\":\"Repulsive Attraction\"}]},{\"@type\":\"WebSite\",\"@id\":\"https:\\\/\\\/baggaardsbaroner.com\\\/#website\",\"url\":\"https:\\\/\\\/baggaardsbaroner.com\\\/\",\"name\":\"Baggaardsbaroner\",\"description\":\"\",\"publisher\":{\"@id\":\"https:\\\/\\\/baggaardsbaroner.com\\\/#organization\"},\"potentialAction\":[{\"@type\":\"SearchAction\",\"target\":{\"@type\":\"EntryPoint\",\"urlTemplate\":\"https:\\\/\\\/baggaardsbaroner.com\\\/?s={search_term_string}\"},\"query-input\":{\"@type\":\"PropertyValueSpecification\",\"valueRequired\":true,\"valueName\":\"search_term_string\"}}],\"inLanguage\":\"en-GB\"},{\"@type\":\"Organization\",\"@id\":\"https:\\\/\\\/baggaardsbaroner.com\\\/#organization\",\"name\":\"Baggaardsbaroner\",\"url\":\"https:\\\/\\\/baggaardsbaroner.com\\\/\",\"logo\":{\"@type\":\"ImageObject\",\"inLanguage\":\"en-GB\",\"@id\":\"https:\\\/\\\/baggaardsbaroner.com\\\/#\\\/schema\\\/logo\\\/image\\\/\",\"url\":\"https:\\\/\\\/baggaardsbaroner.com\\\/wp-content\\\/uploads\\\/logony.png\",\"contentUrl\":\"https:\\\/\\\/baggaardsbaroner.com\\\/wp-content\\\/uploads\\\/logony.png\",\"width\":263,\"height\":103,\"caption\":\"Baggaardsbaroner\"},\"image\":{\"@id\":\"https:\\\/\\\/baggaardsbaroner.com\\\/#\\\/schema\\\/logo\\\/image\\\/\"}}]}<\/script>\n<!-- \/ Yoast SEO plugin. -->","yoast_head_json":{"title":"Repulsive Attraction | Baggaardsbaroner","robots":{"index":"index","follow":"follow","max-snippet":"max-snippet:-1","max-image-preview":"max-image-preview:large","max-video-preview":"max-video-preview:-1"},"canonical":"https:\/\/baggaardsbaroner.com\/en\/product\/repulsive-attraction\/","og_locale":"en_GB","og_type":"article","og_title":"Repulsive Attraction | Baggaardsbaroner","og_description":"VINDER AF PING PRIS VINDER AF \u00c5RETS BEDSTE BOGARBEJDE  \u2605 \u2605 \u2605 \u2605 \u2605 \u2605      Repulsive Attraction er en socio- og \u00f8kokritisk novellesamling i toksisk farvepalet. En samling dystopiske pantomimefort\u00e6llinger om det snarligt forest\u00e5ende samfundsnedbrud, kapitalismens gr\u00e5dige mutanter og dommedagens absurde og frast\u00f8dende fremtidsvisioner. Her er der ingen tekst eller talebobler, kun radioaktive, psykedeliske farver.  Udgivelsen er et introduktionsm\u00e6ssigt overfl\u00f8dighedshorn til Patrick Steptoes finurlige, surrealistiske mikrokosmos \u2013 og ikke mindst s\u00e6regne streg, kendetegnet af en minuti\u00f8s, underliggende detaljegrad og en bevidst leg med panelers begr\u00e6nsning. Repulsive Attraction er en skels\u00e6ttende debut, der form\u00e5r at svinge mellem neoimpressionistiske farver og formudtryk og m\u00f8rkhumoristiske, n\u00e6sten dadaistiske afbildninger af et selvdestruktivt samfund.","og_url":"https:\/\/baggaardsbaroner.com\/en\/product\/repulsive-attraction\/","og_site_name":"Baggaardsbaroner","article_modified_time":"2025-12-03T14:43:23+00:00","og_image":[{"width":2048,"height":2048,"url":"https:\/\/baggaardsbaroner.com\/wp-content\/uploads\/Repulsive_1-scaled.jpg","type":"image\/jpeg"}],"twitter_card":"summary_large_image","twitter_misc":{"Estimated reading time":"2 minutes"},"schema":{"@context":"https:\/\/schema.org","@graph":[{"@type":"WebPage","@id":"https:\/\/baggaardsbaroner.com\/vare\/repulsive-attraction\/","url":"https:\/\/baggaardsbaroner.com\/vare\/repulsive-attraction\/","name":"Repulsive Attraction | Baggaardsbaroner","isPartOf":{"@id":"https:\/\/baggaardsbaroner.com\/#website"},"primaryImageOfPage":{"@id":"https:\/\/baggaardsbaroner.com\/vare\/repulsive-attraction\/#primaryimage"},"image":{"@id":"https:\/\/baggaardsbaroner.com\/vare\/repulsive-attraction\/#primaryimage"},"thumbnailUrl":"https:\/\/baggaardsbaroner.com\/wp-content\/uploads\/Repulsive_1-scaled.jpg","datePublished":"2025-02-24T14:05:13+00:00","dateModified":"2025-12-03T14:43:23+00:00","breadcrumb":{"@id":"https:\/\/baggaardsbaroner.com\/vare\/repulsive-attraction\/#breadcrumb"},"inLanguage":"en-GB","potentialAction":[{"@type":"ReadAction","target":["https:\/\/baggaardsbaroner.com\/vare\/repulsive-attraction\/"]}]},{"@type":"ImageObject","inLanguage":"en-GB","@id":"https:\/\/baggaardsbaroner.com\/vare\/repulsive-attraction\/#primaryimage","url":"https:\/\/baggaardsbaroner.com\/wp-content\/uploads\/Repulsive_1-scaled.jpg","contentUrl":"https:\/\/baggaardsbaroner.com\/wp-content\/uploads\/Repulsive_1-scaled.jpg","width":2048,"height":2048},{"@type":"BreadcrumbList","@id":"https:\/\/baggaardsbaroner.com\/vare\/repulsive-attraction\/#breadcrumb","itemListElement":[{"@type":"ListItem","position":1,"name":"Forside","item":"https:\/\/baggaardsbaroner.com\/"},{"@type":"ListItem","position":2,"name":"Shop","item":"https:\/\/baggaardsbaroner.com\/shop\/"},{"@type":"ListItem","position":3,"name":"Tegneserier","item":"https:\/\/baggaardsbaroner.com\/kategori\/tegneserier\/"},{"@type":"ListItem","position":4,"name":"Repulsive Attraction"}]},{"@type":"WebSite","@id":"https:\/\/baggaardsbaroner.com\/#website","url":"https:\/\/baggaardsbaroner.com\/","name":"Baggaardsbaroner","description":"","publisher":{"@id":"https:\/\/baggaardsbaroner.com\/#organization"},"potentialAction":[{"@type":"SearchAction","target":{"@type":"EntryPoint","urlTemplate":"https:\/\/baggaardsbaroner.com\/?s={search_term_string}"},"query-input":{"@type":"PropertyValueSpecification","valueRequired":true,"valueName":"search_term_string"}}],"inLanguage":"en-GB"},{"@type":"Organization","@id":"https:\/\/baggaardsbaroner.com\/#organization","name":"Baggaardsbaroner","url":"https:\/\/baggaardsbaroner.com\/","logo":{"@type":"ImageObject","inLanguage":"en-GB","@id":"https:\/\/baggaardsbaroner.com\/#\/schema\/logo\/image\/","url":"https:\/\/baggaardsbaroner.com\/wp-content\/uploads\/logony.png","contentUrl":"https:\/\/baggaardsbaroner.com\/wp-content\/uploads\/logony.png","width":263,"height":103,"caption":"Baggaardsbaroner"},"image":{"@id":"https:\/\/baggaardsbaroner.com\/#\/schema\/logo\/image\/"}}]}},"_links":{"self":[{"href":"https:\/\/baggaardsbaroner.com\/en\/wp-json\/wp\/v2\/product\/7169","targetHints":{"allow":["GET"]}}],"collection":[{"href":"https:\/\/baggaardsbaroner.com\/en\/wp-json\/wp\/v2\/product"}],"about":[{"href":"https:\/\/baggaardsbaroner.com\/en\/wp-json\/wp\/v2\/types\/product"}],"version-history":[{"count":1,"href":"https:\/\/baggaardsbaroner.com\/en\/wp-json\/wp\/v2\/product\/7169\/revisions"}],"predecessor-version":[{"id":7170,"href":"https:\/\/baggaardsbaroner.com\/en\/wp-json\/wp\/v2\/product\/7169\/revisions\/7170"}],"wp:featuredmedia":[{"embeddable":true,"href":"https:\/\/baggaardsbaroner.com\/en\/wp-json\/wp\/v2\/media\/7156"}],"wp:attachment":[{"href":"https:\/\/baggaardsbaroner.com\/en\/wp-json\/wp\/v2\/media?parent=7169"}],"wp:term":[{"taxonomy":"product_brand","embeddable":true,"href":"https:\/\/baggaardsbaroner.com\/en\/wp-json\/wp\/v2\/product_brand?post=7169"},{"taxonomy":"product_cat","embeddable":true,"href":"https:\/\/baggaardsbaroner.com\/en\/wp-json\/wp\/v2\/product_cat?post=7169"},{"taxonomy":"product_tag","embeddable":true,"href":"https:\/\/baggaardsbaroner.com\/en\/wp-json\/wp\/v2\/product_tag?post=7169"}],"curies":[{"name":"wp","href":"https:\/\/api.w.org\/{rel}","templated":true}]}}