{"id":7174,"date":"2025-02-25T10:42:22","date_gmt":"2025-02-25T09:42:22","guid":{"rendered":"https:\/\/baggaardsbaroner.com\/\/?post_type=product&#038;p=7174"},"modified":"2025-10-20T08:14:54","modified_gmt":"2025-10-20T06:14:54","slug":"future","status":"publish","type":"product","link":"https:\/\/baggaardsbaroner.com\/en\/product\/future\/","title":{"rendered":"Future"},"content":{"rendered":"<div class=\"et_pb_module et_pb_wc_description et_pb_wc_description_0_tb_body et_pb_bg_layout_light et_pb_text_align_left\">\n<div class=\"et_pb_module_inner\">\n<div class=\"et_pb_module et_pb_wc_description et_pb_wc_description_0_tb_body et_pb_bg_layout_light et_pb_text_align_left\">\n<div class=\"et_pb_module_inner\">\n<div class=\"et_pb_module et_pb_wc_description et_pb_wc_description_0_tb_body et_pb_bg_layout_light et_pb_text_align_left\">\n<div class=\"et_pb_module_inner\">\n<div class=\"et_pb_module et_pb_post_content et_pb_post_content_0_tb_body\">\n<p><strong>WINNER OF THE BEST BOOK DESIGN OF THE YEAR<br \/>\n<\/strong><\/p>\n<p>Future is an interestingly conceived project that challenges our usual reading patterns. Musturi shows that his mind is more twisted and innovative than most.<br \/>\n<em>\u2013 Nummer9<\/em><\/p>\n<p>Future is an impressive work. It is art in comic form. Be ready to be overwhelmed! Take a trip to the future, as it hopefully only appears here.<br \/>\n<em>\u2013 Kulturkapellet<\/em><\/p>\n<div class=\"et_pb_column et_pb_column_4_4 et_pb_column_2_tb_body  et_pb_css_mix_blend_mode_passthrough et-last-child\">\n<div class=\"et_pb_module et_pb_post_content et_pb_post_content_0_tb_body\">\n<p>Tommi Musturi's Future is a multiverse of stories that unfold across different timelines in human history. Past, present, and future: from imaginary future worlds to current societal events and historical references. All these narratives intertwine in various ways, offering a perspective on humanity's possible aftermath; our utopias, ideals, and hubris. The work is, to say the least, a sci-fi spectacle that draws on the countless tropes of the genre. Embark on an intergalactic journey in a giant plastic bag, aimlessly drifting through the barren universe. Or meet, among others, the elderly couple, the last survivors on Earth, who have amassed all the world's material wealth; Centra, a utopia created by the dreams of the homeless; or AI IDA, who wants to eradicate humanity, update after update...<\/p>\n<p>Future is a virtuoso comic that constantly shifts styles in illustration and narrative, in line with our ever-changing reality.<\/p>\n<div><strong>Tommi Musturi<\/strong> (born 1975) is a Finnish cartoonist, illustrator, graphic designer, and artist based in Siuro, Finland. He is educated at the University of Arts and Design in Helsinki. Musturi is one of the artistic directors of the Helsinki Comics Festival and is also involved in music, graphic design, illustration, art, and performance art. He has been published in 20 countries.<\/div>\n<\/div>\n<\/div>\n<p>The work is in Danish.<\/p>\n<p>Offset printing on three different types of paper.<\/p>\n<\/div>\n<\/div>\n<\/div>\n<\/div>\n<\/div>\n<\/div>\n<\/div>","protected":false},"excerpt":{"rendered":"<div class=\"et_pb_module et_pb_wc_description et_pb_wc_description_0_tb_body et_pb_bg_layout_light et_pb_text_align_left\">\n<div class=\"et_pb_module_inner\">\n<div class=\"et_pb_column et_pb_column_4_4 et_pb_column_2_tb_body et_pb_css_mix_blend_mode_passthrough et-last-child\">\n<div class=\"et_pb_module et_pb_post_content et_pb_post_content_0_tb_body\">\n<div class=\"et_pb_column et_pb_column_4_4 et_pb_column_2_tb_body et_pb_css_mix_blend_mode_passthrough et-last-child\">\n<div class=\"et_pb_module et_pb_post_content et_pb_post_content_0_tb_body\">\n<p><strong>WINNER OF THE BEST BOOK DESIGN OF THE YEAR<\/strong><\/p>\n<\/div>\n<div class=\"et_pb_module et_pb_wc_description et_pb_wc_description_0_tb_body et_pb_bg_layout_light et_pb_text_align_left\">\n<div class=\"et_pb_module_inner\">\n<p>Tommi Musturi's Future is a multiverse of stories that unfold across different timelines in human history. Past, present, and future: from imaginary future worlds to current societal events and historical references. All these narratives intertwine in various ways, offering a perspective on humanity's possible aftermath; our utopias, ideals, and hubris. The work is, to say the least, a sci-fi spectacle that draws on the countless tropes of the genre. Embark on an intergalactic journey in a giant plastic bag, aimlessly drifting through the barren universe. Or meet, among others, the elderly couple, the last survivors on Earth, who have amassed all the world's material wealth; Centra, a utopia created by the dreams of the homeless; or AI IDA, who wants to eradicate humanity, update after update...<\/p>\n<\/div>\n<\/div>\n<\/div>\n<\/div>\n<\/div>\n<\/div>\n<\/div>","protected":false},"featured_media":7148,"template":"","meta":{"_acf_changed":false},"product_brand":[],"product_cat":[82],"product_tag":[],"class_list":{"0":"post-7174","1":"product","2":"type-product","3":"status-publish","4":"has-post-thumbnail","6":"product_cat-tegneserier","8":"first","9":"instock","10":"taxable","11":"shipping-taxable","12":"purchasable","13":"product-type-simple"},"acf":[],"yoast_head":"<!-- This site is optimized with the Yoast SEO plugin v27.4 - https:\/\/yoast.com\/product\/yoast-seo-wordpress\/ -->\n<title>Future | Baggaardsbaroner<\/title>\n<meta name=\"robots\" content=\"index, follow, max-snippet:-1, max-image-preview:large, max-video-preview:-1\" \/>\n<link rel=\"canonical\" href=\"https:\/\/baggaardsbaroner.com\/en\/product\/future\/\" \/>\n<meta property=\"og:locale\" content=\"en_GB\" \/>\n<meta property=\"og:type\" content=\"article\" \/>\n<meta property=\"og:title\" content=\"Future | Baggaardsbaroner\" \/>\n<meta property=\"og:description\" content=\"VINDER AF \u00c5RETS BEDSTE BOGARBEJDE      Tommi Musturis \u201dFuture\u201d er et multivers af historier, der udspiller sig i forskellige tidslinjer i menneskets historie. Fortid, nutid og fremtid: fra imagin\u00e6re fremtidige verdener til aktuelle samfundsm\u00e6ssige begivenheder og historiske referencer. Alle disse fort\u00e6llinger vikler sig ind i hinanden p\u00e5 kryds og tv\u00e6rs, og giver et perspektiv p\u00e5 menneskehedens mulige eftertid; vores utopier, idealer og hybris. V\u00e6rket er mildest talt et sci-fi spektakel, der tr\u00e6kker p\u00e5 genrens uttalige troper. Tag p\u00e5 intergalaktisk rejse i en k\u00e6mpe plastikpose, der vandrer form\u00e5lsl\u00f8st rundt i det golde univers. Eller m\u00f8d bl.a. det \u00e6ldre \u00e6gtepar, de sidste overlevende p\u00e5 jorden, der har samlet alverdens materialistiske rigdom, byen Centra, et utopia skabt af alle hjeml\u00f8ses dr\u00f8mme eller AI\u2019en IDA, der \u00f8nsker at udslette menneskeheden opdatering efter opdatering\u2026\" \/>\n<meta property=\"og:url\" content=\"https:\/\/baggaardsbaroner.com\/en\/product\/future\/\" \/>\n<meta property=\"og:site_name\" content=\"Baggaardsbaroner\" \/>\n<meta property=\"article:modified_time\" content=\"2025-10-20T06:14:54+00:00\" \/>\n<meta property=\"og:image\" content=\"https:\/\/baggaardsbaroner.com\/wp-content\/uploads\/Future_1-scaled.jpg\" \/>\n\t<meta property=\"og:image:width\" content=\"2048\" \/>\n\t<meta property=\"og:image:height\" content=\"2048\" \/>\n\t<meta property=\"og:image:type\" content=\"image\/jpeg\" \/>\n<meta name=\"twitter:card\" content=\"summary_large_image\" \/>\n<meta name=\"twitter:label1\" content=\"Estimated reading time\" \/>\n\t<meta name=\"twitter:data1\" content=\"2 minutes\" \/>\n<script type=\"application\/ld+json\" class=\"yoast-schema-graph\">{\"@context\":\"https:\\\/\\\/schema.org\",\"@graph\":[{\"@type\":\"WebPage\",\"@id\":\"https:\\\/\\\/baggaardsbaroner.com\\\/vare\\\/future\\\/\",\"url\":\"https:\\\/\\\/baggaardsbaroner.com\\\/vare\\\/future\\\/\",\"name\":\"Future | Baggaardsbaroner\",\"isPartOf\":{\"@id\":\"https:\\\/\\\/baggaardsbaroner.com\\\/#website\"},\"primaryImageOfPage\":{\"@id\":\"https:\\\/\\\/baggaardsbaroner.com\\\/vare\\\/future\\\/#primaryimage\"},\"image\":{\"@id\":\"https:\\\/\\\/baggaardsbaroner.com\\\/vare\\\/future\\\/#primaryimage\"},\"thumbnailUrl\":\"https:\\\/\\\/baggaardsbaroner.com\\\/wp-content\\\/uploads\\\/Future_1-scaled.jpg\",\"datePublished\":\"2025-02-25T09:42:22+00:00\",\"dateModified\":\"2025-10-20T06:14:54+00:00\",\"breadcrumb\":{\"@id\":\"https:\\\/\\\/baggaardsbaroner.com\\\/vare\\\/future\\\/#breadcrumb\"},\"inLanguage\":\"en-GB\",\"potentialAction\":[{\"@type\":\"ReadAction\",\"target\":[\"https:\\\/\\\/baggaardsbaroner.com\\\/vare\\\/future\\\/\"]}]},{\"@type\":\"ImageObject\",\"inLanguage\":\"en-GB\",\"@id\":\"https:\\\/\\\/baggaardsbaroner.com\\\/vare\\\/future\\\/#primaryimage\",\"url\":\"https:\\\/\\\/baggaardsbaroner.com\\\/wp-content\\\/uploads\\\/Future_1-scaled.jpg\",\"contentUrl\":\"https:\\\/\\\/baggaardsbaroner.com\\\/wp-content\\\/uploads\\\/Future_1-scaled.jpg\",\"width\":2048,\"height\":2048},{\"@type\":\"BreadcrumbList\",\"@id\":\"https:\\\/\\\/baggaardsbaroner.com\\\/vare\\\/future\\\/#breadcrumb\",\"itemListElement\":[{\"@type\":\"ListItem\",\"position\":1,\"name\":\"Forside\",\"item\":\"https:\\\/\\\/baggaardsbaroner.com\\\/\"},{\"@type\":\"ListItem\",\"position\":2,\"name\":\"Shop\",\"item\":\"https:\\\/\\\/baggaardsbaroner.com\\\/shop\\\/\"},{\"@type\":\"ListItem\",\"position\":3,\"name\":\"Tegneserier\",\"item\":\"https:\\\/\\\/baggaardsbaroner.com\\\/kategori\\\/tegneserier\\\/\"},{\"@type\":\"ListItem\",\"position\":4,\"name\":\"Future\"}]},{\"@type\":\"WebSite\",\"@id\":\"https:\\\/\\\/baggaardsbaroner.com\\\/#website\",\"url\":\"https:\\\/\\\/baggaardsbaroner.com\\\/\",\"name\":\"Baggaardsbaroner\",\"description\":\"\",\"publisher\":{\"@id\":\"https:\\\/\\\/baggaardsbaroner.com\\\/#organization\"},\"potentialAction\":[{\"@type\":\"SearchAction\",\"target\":{\"@type\":\"EntryPoint\",\"urlTemplate\":\"https:\\\/\\\/baggaardsbaroner.com\\\/?s={search_term_string}\"},\"query-input\":{\"@type\":\"PropertyValueSpecification\",\"valueRequired\":true,\"valueName\":\"search_term_string\"}}],\"inLanguage\":\"en-GB\"},{\"@type\":\"Organization\",\"@id\":\"https:\\\/\\\/baggaardsbaroner.com\\\/#organization\",\"name\":\"Baggaardsbaroner\",\"url\":\"https:\\\/\\\/baggaardsbaroner.com\\\/\",\"logo\":{\"@type\":\"ImageObject\",\"inLanguage\":\"en-GB\",\"@id\":\"https:\\\/\\\/baggaardsbaroner.com\\\/#\\\/schema\\\/logo\\\/image\\\/\",\"url\":\"https:\\\/\\\/baggaardsbaroner.com\\\/wp-content\\\/uploads\\\/logony.png\",\"contentUrl\":\"https:\\\/\\\/baggaardsbaroner.com\\\/wp-content\\\/uploads\\\/logony.png\",\"width\":263,\"height\":103,\"caption\":\"Baggaardsbaroner\"},\"image\":{\"@id\":\"https:\\\/\\\/baggaardsbaroner.com\\\/#\\\/schema\\\/logo\\\/image\\\/\"}}]}<\/script>\n<!-- \/ Yoast SEO plugin. -->","yoast_head_json":{"title":"Future | Baggaardsbaroner","robots":{"index":"index","follow":"follow","max-snippet":"max-snippet:-1","max-image-preview":"max-image-preview:large","max-video-preview":"max-video-preview:-1"},"canonical":"https:\/\/baggaardsbaroner.com\/en\/product\/future\/","og_locale":"en_GB","og_type":"article","og_title":"Future | Baggaardsbaroner","og_description":"VINDER AF \u00c5RETS BEDSTE BOGARBEJDE      Tommi Musturis \u201dFuture\u201d er et multivers af historier, der udspiller sig i forskellige tidslinjer i menneskets historie. Fortid, nutid og fremtid: fra imagin\u00e6re fremtidige verdener til aktuelle samfundsm\u00e6ssige begivenheder og historiske referencer. Alle disse fort\u00e6llinger vikler sig ind i hinanden p\u00e5 kryds og tv\u00e6rs, og giver et perspektiv p\u00e5 menneskehedens mulige eftertid; vores utopier, idealer og hybris. V\u00e6rket er mildest talt et sci-fi spektakel, der tr\u00e6kker p\u00e5 genrens uttalige troper. Tag p\u00e5 intergalaktisk rejse i en k\u00e6mpe plastikpose, der vandrer form\u00e5lsl\u00f8st rundt i det golde univers. Eller m\u00f8d bl.a. det \u00e6ldre \u00e6gtepar, de sidste overlevende p\u00e5 jorden, der har samlet alverdens materialistiske rigdom, byen Centra, et utopia skabt af alle hjeml\u00f8ses dr\u00f8mme eller AI\u2019en IDA, der \u00f8nsker at udslette menneskeheden opdatering efter opdatering\u2026","og_url":"https:\/\/baggaardsbaroner.com\/en\/product\/future\/","og_site_name":"Baggaardsbaroner","article_modified_time":"2025-10-20T06:14:54+00:00","og_image":[{"width":2048,"height":2048,"url":"https:\/\/baggaardsbaroner.com\/wp-content\/uploads\/Future_1-scaled.jpg","type":"image\/jpeg"}],"twitter_card":"summary_large_image","twitter_misc":{"Estimated reading time":"2 minutes"},"schema":{"@context":"https:\/\/schema.org","@graph":[{"@type":"WebPage","@id":"https:\/\/baggaardsbaroner.com\/vare\/future\/","url":"https:\/\/baggaardsbaroner.com\/vare\/future\/","name":"Future | Baggaardsbaroner","isPartOf":{"@id":"https:\/\/baggaardsbaroner.com\/#website"},"primaryImageOfPage":{"@id":"https:\/\/baggaardsbaroner.com\/vare\/future\/#primaryimage"},"image":{"@id":"https:\/\/baggaardsbaroner.com\/vare\/future\/#primaryimage"},"thumbnailUrl":"https:\/\/baggaardsbaroner.com\/wp-content\/uploads\/Future_1-scaled.jpg","datePublished":"2025-02-25T09:42:22+00:00","dateModified":"2025-10-20T06:14:54+00:00","breadcrumb":{"@id":"https:\/\/baggaardsbaroner.com\/vare\/future\/#breadcrumb"},"inLanguage":"en-GB","potentialAction":[{"@type":"ReadAction","target":["https:\/\/baggaardsbaroner.com\/vare\/future\/"]}]},{"@type":"ImageObject","inLanguage":"en-GB","@id":"https:\/\/baggaardsbaroner.com\/vare\/future\/#primaryimage","url":"https:\/\/baggaardsbaroner.com\/wp-content\/uploads\/Future_1-scaled.jpg","contentUrl":"https:\/\/baggaardsbaroner.com\/wp-content\/uploads\/Future_1-scaled.jpg","width":2048,"height":2048},{"@type":"BreadcrumbList","@id":"https:\/\/baggaardsbaroner.com\/vare\/future\/#breadcrumb","itemListElement":[{"@type":"ListItem","position":1,"name":"Forside","item":"https:\/\/baggaardsbaroner.com\/"},{"@type":"ListItem","position":2,"name":"Shop","item":"https:\/\/baggaardsbaroner.com\/shop\/"},{"@type":"ListItem","position":3,"name":"Tegneserier","item":"https:\/\/baggaardsbaroner.com\/kategori\/tegneserier\/"},{"@type":"ListItem","position":4,"name":"Future"}]},{"@type":"WebSite","@id":"https:\/\/baggaardsbaroner.com\/#website","url":"https:\/\/baggaardsbaroner.com\/","name":"Baggaardsbaroner","description":"","publisher":{"@id":"https:\/\/baggaardsbaroner.com\/#organization"},"potentialAction":[{"@type":"SearchAction","target":{"@type":"EntryPoint","urlTemplate":"https:\/\/baggaardsbaroner.com\/?s={search_term_string}"},"query-input":{"@type":"PropertyValueSpecification","valueRequired":true,"valueName":"search_term_string"}}],"inLanguage":"en-GB"},{"@type":"Organization","@id":"https:\/\/baggaardsbaroner.com\/#organization","name":"Baggaardsbaroner","url":"https:\/\/baggaardsbaroner.com\/","logo":{"@type":"ImageObject","inLanguage":"en-GB","@id":"https:\/\/baggaardsbaroner.com\/#\/schema\/logo\/image\/","url":"https:\/\/baggaardsbaroner.com\/wp-content\/uploads\/logony.png","contentUrl":"https:\/\/baggaardsbaroner.com\/wp-content\/uploads\/logony.png","width":263,"height":103,"caption":"Baggaardsbaroner"},"image":{"@id":"https:\/\/baggaardsbaroner.com\/#\/schema\/logo\/image\/"}}]}},"_links":{"self":[{"href":"https:\/\/baggaardsbaroner.com\/en\/wp-json\/wp\/v2\/product\/7174","targetHints":{"allow":["GET"]}}],"collection":[{"href":"https:\/\/baggaardsbaroner.com\/en\/wp-json\/wp\/v2\/product"}],"about":[{"href":"https:\/\/baggaardsbaroner.com\/en\/wp-json\/wp\/v2\/types\/product"}],"version-history":[{"count":1,"href":"https:\/\/baggaardsbaroner.com\/en\/wp-json\/wp\/v2\/product\/7174\/revisions"}],"predecessor-version":[{"id":7175,"href":"https:\/\/baggaardsbaroner.com\/en\/wp-json\/wp\/v2\/product\/7174\/revisions\/7175"}],"wp:featuredmedia":[{"embeddable":true,"href":"https:\/\/baggaardsbaroner.com\/en\/wp-json\/wp\/v2\/media\/7148"}],"wp:attachment":[{"href":"https:\/\/baggaardsbaroner.com\/en\/wp-json\/wp\/v2\/media?parent=7174"}],"wp:term":[{"taxonomy":"product_brand","embeddable":true,"href":"https:\/\/baggaardsbaroner.com\/en\/wp-json\/wp\/v2\/product_brand?post=7174"},{"taxonomy":"product_cat","embeddable":true,"href":"https:\/\/baggaardsbaroner.com\/en\/wp-json\/wp\/v2\/product_cat?post=7174"},{"taxonomy":"product_tag","embeddable":true,"href":"https:\/\/baggaardsbaroner.com\/en\/wp-json\/wp\/v2\/product_tag?post=7174"}],"curies":[{"name":"wp","href":"https:\/\/api.w.org\/{rel}","templated":true}]}}