{"id":7179,"date":"2025-02-25T11:51:19","date_gmt":"2025-02-25T10:51:19","guid":{"rendered":"https:\/\/baggaardsbaroner.com\/\/?post_type=product&#038;p=7179"},"modified":"2026-02-16T23:21:42","modified_gmt":"2026-02-16T22:21:42","slug":"jeg-vil-gerne-tildeles-ridderkorset-for-min-eminente-elskovskunst","status":"publish","type":"product","link":"https:\/\/baggaardsbaroner.com\/en\/product\/jeg-vil-gerne-tildeles-ridderkorset-for-min-eminente-elskovskunst\/","title":{"rendered":"I would like to be awarded the Knight's Cross for my eminent art of love."},"content":{"rendered":"<div class=\"et_pb_module et_pb_wc_description et_pb_wc_description_0_tb_body et_pb_bg_layout_light et_pb_text_align_left\">\n<div class=\"et_pb_module_inner\">\n<div class=\"et_pb_column et_pb_column_4_4 et_pb_column_2_tb_body  et_pb_css_mix_blend_mode_passthrough et-last-child\">\n<div class=\"et_pb_module et_pb_post_content et_pb_post_content_0_tb_body\">\n<p>\"A literary delicacy. Read this little gem from the obscure publisher Baggaardsbaroner before you yourself become normal. It\u2019s worth it.\"<br \/>\n<em>&#8211; Modspor<\/em><\/p>\n<p>\"Jesus Almodov\u00e1r is an aesthetic poet. And his book, his poetry collection, is an unfiltered delight.\"<br \/>\n\"Not least because the book is a little solar system. A real solar system, a living being.\"<br \/>\n<em>&#8211; Den smalle bog<\/em><\/p>\n<p><em>\"A linguistic explosion.\"<\/em><br \/>\n&#8211; \u00d8rkendr\u00f8mme<\/p>\n<p>\"In his debut, Jesus Almodov\u00e1r writes himself out of the psychiatric ward and into the unreal reality with a modest wish:\"<br \/>\n<em>\"I just want to conform.\"<\/em><br \/>\n<em>\"To converse with cultured people.\"<\/em><br \/>\n<em>\"And retain my self.\"<\/em><\/p>\n<p>\"The style is explosively expressionistic, and rumor has it that Jesus is Broby-Johansen resurrected on the third day.\"<\/p>\n<p>\"The poetry collection contains 0% computer-generated text, as everything is hand-drawn and handwritten.\"<br \/>\n\"The book is yellow and square\u2014multiply that, and you have a poetry collection in the shape of an oversized post-it note.\"<\/p>\n<p>Page count: 48<br \/>\nGenre: Poetry collection<br \/>\nAuthor: Jesus Almodovar<br \/>\nWhy the price: Because this is the anniversary of the author's first positive chlamydia test.<\/p>\n<\/div>\n<\/div>\n<\/div>\n<\/div>","protected":false},"excerpt":{"rendered":"<div class=\"et_pb_module et_pb_wc_description et_pb_wc_description_0_tb_body et_pb_bg_layout_light et_pb_text_align_left\">\n<div class=\"et_pb_module_inner\">\n<div class=\"et_pb_module et_pb_wc_description et_pb_wc_description_0_tb_body et_pb_bg_layout_light  et_pb_text_align_left\">\n<div class=\"et_pb_module_inner\">\n<p>\"A literary delicacy. Read this little gem from the obscure publisher Baggaardsbaroner before you yourself become normal. It\u2019s worth it.\"<br \/>\n<em>&#8211; Modspor<\/em><\/p>\n<p>\"Jesus Almodov\u00e1r is an aesthetic poet. And his book, his poetry collection, is an unfiltered delight.\"<br \/>\n\"Not least because the book is a little solar system. A real solar system, a living being.\"<br \/>\n<em>&#8211; Den smalle bog<\/em><\/p>\n<p><em>\"A linguistic explosion.\"<\/em><br \/>\n&#8211; \u00d8rkendr\u00f8mme<\/p>\n<p>\"In his debut, Jesus Almodov\u00e1r writes himself out of the psychiatric ward and into the unreal reality with a modest wish:\"<br \/>\n<em>\"I just want to conform.\"<\/em><br \/>\n<em>\"To converse with cultured people.\"<\/em><br \/>\n<em>\"And retain my self.\"<\/em><\/p>\n<\/div>\n<\/div>\n<\/div>\n<\/div>","protected":false},"featured_media":7124,"template":"","meta":{"_acf_changed":false},"product_brand":[],"product_cat":[81],"product_tag":[],"class_list":{"0":"post-7179","1":"product","2":"type-product","3":"status-publish","4":"has-post-thumbnail","6":"product_cat-boeger","8":"first","9":"instock","10":"taxable","11":"shipping-taxable","12":"purchasable","13":"product-type-simple"},"acf":[],"yoast_head":"<!-- This site is optimized with the Yoast SEO plugin v27.4 - https:\/\/yoast.com\/product\/yoast-seo-wordpress\/ -->\n<title>Jeg vil gerne tildeles ridderkorset for min eminente elskovskunst | Baggaardsbaroner<\/title>\n<meta name=\"robots\" content=\"index, follow, max-snippet:-1, max-image-preview:large, max-video-preview:-1\" \/>\n<link rel=\"canonical\" href=\"https:\/\/baggaardsbaroner.com\/en\/product\/jeg-vil-gerne-tildeles-ridderkorset-for-min-eminente-elskovskunst\/\" \/>\n<meta property=\"og:locale\" content=\"en_GB\" \/>\n<meta property=\"og:type\" content=\"article\" \/>\n<meta property=\"og:title\" content=\"Jeg vil gerne tildeles ridderkorset for min eminente elskovskunst | Baggaardsbaroner\" \/>\n<meta property=\"og:description\" content=\"\u201dEn litter\u00e6r l\u00e6kkerbisken. Fa\u030a nu l\u00e6st denne lille perle fra det obskure forlag Baggaardsbaroner, f\u00f8r du selv bliver normal. Den er det v\u00e6rd\u201d - Modspor  \u201dJesus Almodova\u0301r er en \u00e6stetisk digter. Og hans bog, hans digtsamling er en ublandet forn\u00f8jelse. Ikke mindst, fordi bogen er et lille solsystem. Altsa\u030a et rigtigt solsystem, et levende v\u00e6sen\u201d - Den smalle bog  \u201dEn sproglig eksplosion\u201d - \u00d8rkendr\u00f8mme  Jesus Almodovar skriver sig i sin debut fra psykiatrisk afdeling og ud i den uvirkelig virkelighed med et beskedent \u00f8nske: jeg vil gerne indordne mig konversere med dannede mennesker og bibeholde mit jeg\" \/>\n<meta property=\"og:url\" content=\"https:\/\/baggaardsbaroner.com\/en\/product\/jeg-vil-gerne-tildeles-ridderkorset-for-min-eminente-elskovskunst\/\" \/>\n<meta property=\"og:site_name\" content=\"Baggaardsbaroner\" \/>\n<meta property=\"article:modified_time\" content=\"2026-02-16T22:21:42+00:00\" \/>\n<meta property=\"og:image\" content=\"https:\/\/baggaardsbaroner.com\/wp-content\/uploads\/Ridderkors_1-scaled.jpg\" \/>\n\t<meta property=\"og:image:width\" content=\"2048\" \/>\n\t<meta property=\"og:image:height\" content=\"2048\" \/>\n\t<meta property=\"og:image:type\" content=\"image\/jpeg\" \/>\n<meta name=\"twitter:card\" content=\"summary_large_image\" \/>\n<meta name=\"twitter:label1\" content=\"Estimated reading time\" \/>\n\t<meta name=\"twitter:data1\" content=\"2 minutes\" \/>\n<script type=\"application\/ld+json\" class=\"yoast-schema-graph\">{\"@context\":\"https:\\\/\\\/schema.org\",\"@graph\":[{\"@type\":\"WebPage\",\"@id\":\"https:\\\/\\\/baggaardsbaroner.com\\\/vare\\\/jeg-vil-gerne-tildeles-ridderkorset-for-min-eminente-elskovskunst\\\/\",\"url\":\"https:\\\/\\\/baggaardsbaroner.com\\\/vare\\\/jeg-vil-gerne-tildeles-ridderkorset-for-min-eminente-elskovskunst\\\/\",\"name\":\"Jeg vil gerne tildeles ridderkorset for min eminente elskovskunst | Baggaardsbaroner\",\"isPartOf\":{\"@id\":\"https:\\\/\\\/baggaardsbaroner.com\\\/#website\"},\"primaryImageOfPage\":{\"@id\":\"https:\\\/\\\/baggaardsbaroner.com\\\/vare\\\/jeg-vil-gerne-tildeles-ridderkorset-for-min-eminente-elskovskunst\\\/#primaryimage\"},\"image\":{\"@id\":\"https:\\\/\\\/baggaardsbaroner.com\\\/vare\\\/jeg-vil-gerne-tildeles-ridderkorset-for-min-eminente-elskovskunst\\\/#primaryimage\"},\"thumbnailUrl\":\"https:\\\/\\\/baggaardsbaroner.com\\\/wp-content\\\/uploads\\\/Ridderkors_1-scaled.jpg\",\"datePublished\":\"2025-02-25T10:51:19+00:00\",\"dateModified\":\"2026-02-16T22:21:42+00:00\",\"breadcrumb\":{\"@id\":\"https:\\\/\\\/baggaardsbaroner.com\\\/vare\\\/jeg-vil-gerne-tildeles-ridderkorset-for-min-eminente-elskovskunst\\\/#breadcrumb\"},\"inLanguage\":\"en-GB\",\"potentialAction\":[{\"@type\":\"ReadAction\",\"target\":[\"https:\\\/\\\/baggaardsbaroner.com\\\/vare\\\/jeg-vil-gerne-tildeles-ridderkorset-for-min-eminente-elskovskunst\\\/\"]}]},{\"@type\":\"ImageObject\",\"inLanguage\":\"en-GB\",\"@id\":\"https:\\\/\\\/baggaardsbaroner.com\\\/vare\\\/jeg-vil-gerne-tildeles-ridderkorset-for-min-eminente-elskovskunst\\\/#primaryimage\",\"url\":\"https:\\\/\\\/baggaardsbaroner.com\\\/wp-content\\\/uploads\\\/Ridderkors_1-scaled.jpg\",\"contentUrl\":\"https:\\\/\\\/baggaardsbaroner.com\\\/wp-content\\\/uploads\\\/Ridderkors_1-scaled.jpg\",\"width\":2048,\"height\":2048},{\"@type\":\"BreadcrumbList\",\"@id\":\"https:\\\/\\\/baggaardsbaroner.com\\\/vare\\\/jeg-vil-gerne-tildeles-ridderkorset-for-min-eminente-elskovskunst\\\/#breadcrumb\",\"itemListElement\":[{\"@type\":\"ListItem\",\"position\":1,\"name\":\"Forside\",\"item\":\"https:\\\/\\\/baggaardsbaroner.com\\\/\"},{\"@type\":\"ListItem\",\"position\":2,\"name\":\"Shop\",\"item\":\"https:\\\/\\\/baggaardsbaroner.com\\\/shop\\\/\"},{\"@type\":\"ListItem\",\"position\":3,\"name\":\"B\u00f8ger\",\"item\":\"https:\\\/\\\/baggaardsbaroner.com\\\/kategori\\\/boeger\\\/\"},{\"@type\":\"ListItem\",\"position\":4,\"name\":\"Jeg vil gerne tildeles ridderkorset for min eminente elskovskunst\"}]},{\"@type\":\"WebSite\",\"@id\":\"https:\\\/\\\/baggaardsbaroner.com\\\/#website\",\"url\":\"https:\\\/\\\/baggaardsbaroner.com\\\/\",\"name\":\"Baggaardsbaroner\",\"description\":\"\",\"publisher\":{\"@id\":\"https:\\\/\\\/baggaardsbaroner.com\\\/#organization\"},\"potentialAction\":[{\"@type\":\"SearchAction\",\"target\":{\"@type\":\"EntryPoint\",\"urlTemplate\":\"https:\\\/\\\/baggaardsbaroner.com\\\/?s={search_term_string}\"},\"query-input\":{\"@type\":\"PropertyValueSpecification\",\"valueRequired\":true,\"valueName\":\"search_term_string\"}}],\"inLanguage\":\"en-GB\"},{\"@type\":\"Organization\",\"@id\":\"https:\\\/\\\/baggaardsbaroner.com\\\/#organization\",\"name\":\"Baggaardsbaroner\",\"url\":\"https:\\\/\\\/baggaardsbaroner.com\\\/\",\"logo\":{\"@type\":\"ImageObject\",\"inLanguage\":\"en-GB\",\"@id\":\"https:\\\/\\\/baggaardsbaroner.com\\\/#\\\/schema\\\/logo\\\/image\\\/\",\"url\":\"https:\\\/\\\/baggaardsbaroner.com\\\/wp-content\\\/uploads\\\/logony.png\",\"contentUrl\":\"https:\\\/\\\/baggaardsbaroner.com\\\/wp-content\\\/uploads\\\/logony.png\",\"width\":263,\"height\":103,\"caption\":\"Baggaardsbaroner\"},\"image\":{\"@id\":\"https:\\\/\\\/baggaardsbaroner.com\\\/#\\\/schema\\\/logo\\\/image\\\/\"}}]}<\/script>\n<!-- \/ Yoast SEO plugin. -->","yoast_head_json":{"title":"Jeg vil gerne tildeles ridderkorset for min eminente elskovskunst | Baggaardsbaroner","robots":{"index":"index","follow":"follow","max-snippet":"max-snippet:-1","max-image-preview":"max-image-preview:large","max-video-preview":"max-video-preview:-1"},"canonical":"https:\/\/baggaardsbaroner.com\/en\/product\/jeg-vil-gerne-tildeles-ridderkorset-for-min-eminente-elskovskunst\/","og_locale":"en_GB","og_type":"article","og_title":"Jeg vil gerne tildeles ridderkorset for min eminente elskovskunst | Baggaardsbaroner","og_description":"\u201dEn litter\u00e6r l\u00e6kkerbisken. Fa\u030a nu l\u00e6st denne lille perle fra det obskure forlag Baggaardsbaroner, f\u00f8r du selv bliver normal. Den er det v\u00e6rd\u201d - Modspor  \u201dJesus Almodova\u0301r er en \u00e6stetisk digter. Og hans bog, hans digtsamling er en ublandet forn\u00f8jelse. Ikke mindst, fordi bogen er et lille solsystem. Altsa\u030a et rigtigt solsystem, et levende v\u00e6sen\u201d - Den smalle bog  \u201dEn sproglig eksplosion\u201d - \u00d8rkendr\u00f8mme  Jesus Almodovar skriver sig i sin debut fra psykiatrisk afdeling og ud i den uvirkelig virkelighed med et beskedent \u00f8nske: jeg vil gerne indordne mig konversere med dannede mennesker og bibeholde mit jeg","og_url":"https:\/\/baggaardsbaroner.com\/en\/product\/jeg-vil-gerne-tildeles-ridderkorset-for-min-eminente-elskovskunst\/","og_site_name":"Baggaardsbaroner","article_modified_time":"2026-02-16T22:21:42+00:00","og_image":[{"width":2048,"height":2048,"url":"https:\/\/baggaardsbaroner.com\/wp-content\/uploads\/Ridderkors_1-scaled.jpg","type":"image\/jpeg"}],"twitter_card":"summary_large_image","twitter_misc":{"Estimated reading time":"2 minutes"},"schema":{"@context":"https:\/\/schema.org","@graph":[{"@type":"WebPage","@id":"https:\/\/baggaardsbaroner.com\/vare\/jeg-vil-gerne-tildeles-ridderkorset-for-min-eminente-elskovskunst\/","url":"https:\/\/baggaardsbaroner.com\/vare\/jeg-vil-gerne-tildeles-ridderkorset-for-min-eminente-elskovskunst\/","name":"Jeg vil gerne tildeles ridderkorset for min eminente elskovskunst | Baggaardsbaroner","isPartOf":{"@id":"https:\/\/baggaardsbaroner.com\/#website"},"primaryImageOfPage":{"@id":"https:\/\/baggaardsbaroner.com\/vare\/jeg-vil-gerne-tildeles-ridderkorset-for-min-eminente-elskovskunst\/#primaryimage"},"image":{"@id":"https:\/\/baggaardsbaroner.com\/vare\/jeg-vil-gerne-tildeles-ridderkorset-for-min-eminente-elskovskunst\/#primaryimage"},"thumbnailUrl":"https:\/\/baggaardsbaroner.com\/wp-content\/uploads\/Ridderkors_1-scaled.jpg","datePublished":"2025-02-25T10:51:19+00:00","dateModified":"2026-02-16T22:21:42+00:00","breadcrumb":{"@id":"https:\/\/baggaardsbaroner.com\/vare\/jeg-vil-gerne-tildeles-ridderkorset-for-min-eminente-elskovskunst\/#breadcrumb"},"inLanguage":"en-GB","potentialAction":[{"@type":"ReadAction","target":["https:\/\/baggaardsbaroner.com\/vare\/jeg-vil-gerne-tildeles-ridderkorset-for-min-eminente-elskovskunst\/"]}]},{"@type":"ImageObject","inLanguage":"en-GB","@id":"https:\/\/baggaardsbaroner.com\/vare\/jeg-vil-gerne-tildeles-ridderkorset-for-min-eminente-elskovskunst\/#primaryimage","url":"https:\/\/baggaardsbaroner.com\/wp-content\/uploads\/Ridderkors_1-scaled.jpg","contentUrl":"https:\/\/baggaardsbaroner.com\/wp-content\/uploads\/Ridderkors_1-scaled.jpg","width":2048,"height":2048},{"@type":"BreadcrumbList","@id":"https:\/\/baggaardsbaroner.com\/vare\/jeg-vil-gerne-tildeles-ridderkorset-for-min-eminente-elskovskunst\/#breadcrumb","itemListElement":[{"@type":"ListItem","position":1,"name":"Forside","item":"https:\/\/baggaardsbaroner.com\/"},{"@type":"ListItem","position":2,"name":"Shop","item":"https:\/\/baggaardsbaroner.com\/shop\/"},{"@type":"ListItem","position":3,"name":"B\u00f8ger","item":"https:\/\/baggaardsbaroner.com\/kategori\/boeger\/"},{"@type":"ListItem","position":4,"name":"Jeg vil gerne tildeles ridderkorset for min eminente elskovskunst"}]},{"@type":"WebSite","@id":"https:\/\/baggaardsbaroner.com\/#website","url":"https:\/\/baggaardsbaroner.com\/","name":"Baggaardsbaroner","description":"","publisher":{"@id":"https:\/\/baggaardsbaroner.com\/#organization"},"potentialAction":[{"@type":"SearchAction","target":{"@type":"EntryPoint","urlTemplate":"https:\/\/baggaardsbaroner.com\/?s={search_term_string}"},"query-input":{"@type":"PropertyValueSpecification","valueRequired":true,"valueName":"search_term_string"}}],"inLanguage":"en-GB"},{"@type":"Organization","@id":"https:\/\/baggaardsbaroner.com\/#organization","name":"Baggaardsbaroner","url":"https:\/\/baggaardsbaroner.com\/","logo":{"@type":"ImageObject","inLanguage":"en-GB","@id":"https:\/\/baggaardsbaroner.com\/#\/schema\/logo\/image\/","url":"https:\/\/baggaardsbaroner.com\/wp-content\/uploads\/logony.png","contentUrl":"https:\/\/baggaardsbaroner.com\/wp-content\/uploads\/logony.png","width":263,"height":103,"caption":"Baggaardsbaroner"},"image":{"@id":"https:\/\/baggaardsbaroner.com\/#\/schema\/logo\/image\/"}}]}},"_links":{"self":[{"href":"https:\/\/baggaardsbaroner.com\/en\/wp-json\/wp\/v2\/product\/7179","targetHints":{"allow":["GET"]}}],"collection":[{"href":"https:\/\/baggaardsbaroner.com\/en\/wp-json\/wp\/v2\/product"}],"about":[{"href":"https:\/\/baggaardsbaroner.com\/en\/wp-json\/wp\/v2\/types\/product"}],"version-history":[{"count":1,"href":"https:\/\/baggaardsbaroner.com\/en\/wp-json\/wp\/v2\/product\/7179\/revisions"}],"predecessor-version":[{"id":7180,"href":"https:\/\/baggaardsbaroner.com\/en\/wp-json\/wp\/v2\/product\/7179\/revisions\/7180"}],"wp:featuredmedia":[{"embeddable":true,"href":"https:\/\/baggaardsbaroner.com\/en\/wp-json\/wp\/v2\/media\/7124"}],"wp:attachment":[{"href":"https:\/\/baggaardsbaroner.com\/en\/wp-json\/wp\/v2\/media?parent=7179"}],"wp:term":[{"taxonomy":"product_brand","embeddable":true,"href":"https:\/\/baggaardsbaroner.com\/en\/wp-json\/wp\/v2\/product_brand?post=7179"},{"taxonomy":"product_cat","embeddable":true,"href":"https:\/\/baggaardsbaroner.com\/en\/wp-json\/wp\/v2\/product_cat?post=7179"},{"taxonomy":"product_tag","embeddable":true,"href":"https:\/\/baggaardsbaroner.com\/en\/wp-json\/wp\/v2\/product_tag?post=7179"}],"curies":[{"name":"wp","href":"https:\/\/api.w.org\/{rel}","templated":true}]}}