{"id":7181,"date":"2025-02-25T11:57:49","date_gmt":"2025-02-25T10:57:49","guid":{"rendered":"https:\/\/baggaardsbaroner.com\/\/?post_type=product&#038;p=7181"},"modified":"2025-02-25T12:01:06","modified_gmt":"2025-02-25T11:01:06","slug":"godt-nok-en-ordentlig-gang-pommes","status":"publish","type":"product","link":"https:\/\/baggaardsbaroner.com\/en\/product\/godt-nok-en-ordentlig-gang-pommes\/","title":{"rendered":"Good Enough A Proper Serving of Fries"},"content":{"rendered":"<div class=\"et_pb_module et_pb_wc_description et_pb_wc_description_0_tb_body et_pb_bg_layout_light et_pb_text_align_left\">\n<div class=\"et_pb_module_inner\">\n<div class=\"et_pb_column et_pb_column_4_4 et_pb_column_2_tb_body et_pb_css_mix_blend_mode_passthrough et-last-child\">\n<div class=\"et_pb_module et_pb_post_content et_pb_post_content_0_tb_body\">\n<div class=\"et_pb_module et_pb_post_content et_pb_post_content_0_tb_body\">\n<p>It\u2019s freshness poetry 2.0. Just faster, fresher, colder.<\/p>\n<p>The publisher's Finnish street carpenter returns in grandly boiled form. In his finely honed and ultra-minimalist bouillon poetry, he once again tells you truths from the shadows of life. Learn, for example, how to smoke cigarettes on a plane without setting off the smoke alarm or how to smuggle good amphetamines in your backside.<br \/>\n<em>Spoiler alert: You later shit it out through a sieve over the toilet.<\/em><\/p>\n<p>Photographer F011101001101 has traveled around the world and captured over 200 encounters with the brutality of the men's restroom. All four continents are represented with its dirty, shitted-on, over-urinated, grimy, coke-sniffed, syringe-inflicted porcelain.<br \/>\nOur lovely hardcover is thus a scent-free rendezvous with everything from Romania's brown faience architecture to the Californian swinger clubs' tin shacks of dubious hygiene.<\/p>\n<p>Genre: Bouillon Poetry<br \/>\nAuthor: PastaMikael &amp; F011101001101<br \/>\nWhy the price: The average number of fries in a large serving of fries is <em>Gonzales Cantina<\/em> in Hiller\u00f8d<\/p>\n<\/div>\n<\/div>\n<\/div>\n<\/div>\n<\/div>","protected":false},"excerpt":{"rendered":"<div class=\"et_pb_module et_pb_wc_description et_pb_wc_description_0_tb_body et_pb_bg_layout_light et_pb_text_align_left\">\n<div class=\"et_pb_module_inner\">\n<div class=\"et_pb_module et_pb_wc_description et_pb_wc_description_0_tb_body et_pb_bg_layout_light et_pb_text_align_left\">\n<div class=\"et_pb_module_inner\">The publisher's Finnish street carpenter returns in grandly boiled form.<\/div>\n<div class=\"et_pb_module_inner\">In his finely honed and ultra-minimalist bouillon poetry, he once again tells you truths from the shadows of life. Learn, for example, how to smoke cigarettes on a plane without setting off the smoke alarm or how to smuggle good amphetamines in your backside.<\/div>\n<div class=\"et_pb_module_inner\"><em>Spoilet alert:<\/em> You later shit it out through a sieve over the toilet.<\/div>\n<\/div>\n<\/div>\n<\/div>","protected":false},"featured_media":7119,"template":"","meta":{"_acf_changed":false},"product_brand":[],"product_cat":[81],"product_tag":[],"class_list":{"0":"post-7181","1":"product","2":"type-product","3":"status-publish","4":"has-post-thumbnail","6":"product_cat-boeger","8":"first","9":"outofstock","10":"taxable","11":"shipping-taxable","12":"purchasable","13":"product-type-simple"},"acf":[],"yoast_head":"<!-- This site is optimized with the Yoast SEO plugin v27.4 - https:\/\/yoast.com\/product\/yoast-seo-wordpress\/ -->\n<title>Godt Nok En Ordentlig Gang Pommes | Baggaardsbaroner<\/title>\n<meta name=\"robots\" content=\"index, follow, max-snippet:-1, max-image-preview:large, max-video-preview:-1\" \/>\n<link rel=\"canonical\" href=\"https:\/\/baggaardsbaroner.com\/en\/product\/godt-nok-en-ordentlig-gang-pommes\/\" \/>\n<meta property=\"og:locale\" content=\"en_GB\" \/>\n<meta property=\"og:type\" content=\"article\" \/>\n<meta property=\"og:title\" content=\"Godt Nok En Ordentlig Gang Pommes | Baggaardsbaroner\" \/>\n<meta property=\"og:description\" content=\"Forlagets finske gadesnedker vender tilbage i storformet kogthed. I sin skarpslebne og ultraminimalistiske boullionpoesi fort\u00e6ller han dig atter sandheder fra livets skyggesider. L\u00e6r eksempelvis hvordan du ryger cigaretter p\u00e5 et fly uden r\u00f8galarmen g\u00e5r i gang eller hvordan man smugler god amf i r\u00f8vhullet. Spoilet alert: man skider det senere ud i en si over lokummet.\" \/>\n<meta property=\"og:url\" content=\"https:\/\/baggaardsbaroner.com\/en\/product\/godt-nok-en-ordentlig-gang-pommes\/\" \/>\n<meta property=\"og:site_name\" content=\"Baggaardsbaroner\" \/>\n<meta property=\"article:modified_time\" content=\"2025-02-25T11:01:06+00:00\" \/>\n<meta property=\"og:image\" content=\"https:\/\/baggaardsbaroner.com\/wp-content\/uploads\/Pommes_1-scaled.jpg\" \/>\n\t<meta property=\"og:image:width\" content=\"2048\" \/>\n\t<meta property=\"og:image:height\" content=\"2048\" \/>\n\t<meta property=\"og:image:type\" content=\"image\/jpeg\" \/>\n<meta name=\"twitter:card\" content=\"summary_large_image\" \/>\n<meta name=\"twitter:label1\" content=\"Estimated reading time\" \/>\n\t<meta name=\"twitter:data1\" content=\"1 minute\" \/>\n<script type=\"application\/ld+json\" class=\"yoast-schema-graph\">{\"@context\":\"https:\\\/\\\/schema.org\",\"@graph\":[{\"@type\":\"WebPage\",\"@id\":\"https:\\\/\\\/baggaardsbaroner.com\\\/vare\\\/godt-nok-en-ordentlig-gang-pommes\\\/\",\"url\":\"https:\\\/\\\/baggaardsbaroner.com\\\/vare\\\/godt-nok-en-ordentlig-gang-pommes\\\/\",\"name\":\"Godt Nok En Ordentlig Gang Pommes | Baggaardsbaroner\",\"isPartOf\":{\"@id\":\"https:\\\/\\\/baggaardsbaroner.com\\\/#website\"},\"primaryImageOfPage\":{\"@id\":\"https:\\\/\\\/baggaardsbaroner.com\\\/vare\\\/godt-nok-en-ordentlig-gang-pommes\\\/#primaryimage\"},\"image\":{\"@id\":\"https:\\\/\\\/baggaardsbaroner.com\\\/vare\\\/godt-nok-en-ordentlig-gang-pommes\\\/#primaryimage\"},\"thumbnailUrl\":\"https:\\\/\\\/baggaardsbaroner.com\\\/wp-content\\\/uploads\\\/Pommes_1-scaled.jpg\",\"datePublished\":\"2025-02-25T10:57:49+00:00\",\"dateModified\":\"2025-02-25T11:01:06+00:00\",\"breadcrumb\":{\"@id\":\"https:\\\/\\\/baggaardsbaroner.com\\\/vare\\\/godt-nok-en-ordentlig-gang-pommes\\\/#breadcrumb\"},\"inLanguage\":\"en-GB\",\"potentialAction\":[{\"@type\":\"ReadAction\",\"target\":[\"https:\\\/\\\/baggaardsbaroner.com\\\/vare\\\/godt-nok-en-ordentlig-gang-pommes\\\/\"]}]},{\"@type\":\"ImageObject\",\"inLanguage\":\"en-GB\",\"@id\":\"https:\\\/\\\/baggaardsbaroner.com\\\/vare\\\/godt-nok-en-ordentlig-gang-pommes\\\/#primaryimage\",\"url\":\"https:\\\/\\\/baggaardsbaroner.com\\\/wp-content\\\/uploads\\\/Pommes_1-scaled.jpg\",\"contentUrl\":\"https:\\\/\\\/baggaardsbaroner.com\\\/wp-content\\\/uploads\\\/Pommes_1-scaled.jpg\",\"width\":2048,\"height\":2048},{\"@type\":\"BreadcrumbList\",\"@id\":\"https:\\\/\\\/baggaardsbaroner.com\\\/vare\\\/godt-nok-en-ordentlig-gang-pommes\\\/#breadcrumb\",\"itemListElement\":[{\"@type\":\"ListItem\",\"position\":1,\"name\":\"Forside\",\"item\":\"https:\\\/\\\/baggaardsbaroner.com\\\/\"},{\"@type\":\"ListItem\",\"position\":2,\"name\":\"Shop\",\"item\":\"https:\\\/\\\/baggaardsbaroner.com\\\/shop\\\/\"},{\"@type\":\"ListItem\",\"position\":3,\"name\":\"B\u00f8ger\",\"item\":\"https:\\\/\\\/baggaardsbaroner.com\\\/kategori\\\/boeger\\\/\"},{\"@type\":\"ListItem\",\"position\":4,\"name\":\"Godt Nok En Ordentlig Gang Pommes\"}]},{\"@type\":\"WebSite\",\"@id\":\"https:\\\/\\\/baggaardsbaroner.com\\\/#website\",\"url\":\"https:\\\/\\\/baggaardsbaroner.com\\\/\",\"name\":\"Baggaardsbaroner\",\"description\":\"\",\"publisher\":{\"@id\":\"https:\\\/\\\/baggaardsbaroner.com\\\/#organization\"},\"potentialAction\":[{\"@type\":\"SearchAction\",\"target\":{\"@type\":\"EntryPoint\",\"urlTemplate\":\"https:\\\/\\\/baggaardsbaroner.com\\\/?s={search_term_string}\"},\"query-input\":{\"@type\":\"PropertyValueSpecification\",\"valueRequired\":true,\"valueName\":\"search_term_string\"}}],\"inLanguage\":\"en-GB\"},{\"@type\":\"Organization\",\"@id\":\"https:\\\/\\\/baggaardsbaroner.com\\\/#organization\",\"name\":\"Baggaardsbaroner\",\"url\":\"https:\\\/\\\/baggaardsbaroner.com\\\/\",\"logo\":{\"@type\":\"ImageObject\",\"inLanguage\":\"en-GB\",\"@id\":\"https:\\\/\\\/baggaardsbaroner.com\\\/#\\\/schema\\\/logo\\\/image\\\/\",\"url\":\"https:\\\/\\\/baggaardsbaroner.com\\\/wp-content\\\/uploads\\\/logony.png\",\"contentUrl\":\"https:\\\/\\\/baggaardsbaroner.com\\\/wp-content\\\/uploads\\\/logony.png\",\"width\":263,\"height\":103,\"caption\":\"Baggaardsbaroner\"},\"image\":{\"@id\":\"https:\\\/\\\/baggaardsbaroner.com\\\/#\\\/schema\\\/logo\\\/image\\\/\"}}]}<\/script>\n<!-- \/ Yoast SEO plugin. -->","yoast_head_json":{"title":"Godt Nok En Ordentlig Gang Pommes | Baggaardsbaroner","robots":{"index":"index","follow":"follow","max-snippet":"max-snippet:-1","max-image-preview":"max-image-preview:large","max-video-preview":"max-video-preview:-1"},"canonical":"https:\/\/baggaardsbaroner.com\/en\/product\/godt-nok-en-ordentlig-gang-pommes\/","og_locale":"en_GB","og_type":"article","og_title":"Godt Nok En Ordentlig Gang Pommes | Baggaardsbaroner","og_description":"Forlagets finske gadesnedker vender tilbage i storformet kogthed. I sin skarpslebne og ultraminimalistiske boullionpoesi fort\u00e6ller han dig atter sandheder fra livets skyggesider. L\u00e6r eksempelvis hvordan du ryger cigaretter p\u00e5 et fly uden r\u00f8galarmen g\u00e5r i gang eller hvordan man smugler god amf i r\u00f8vhullet. Spoilet alert: man skider det senere ud i en si over lokummet.","og_url":"https:\/\/baggaardsbaroner.com\/en\/product\/godt-nok-en-ordentlig-gang-pommes\/","og_site_name":"Baggaardsbaroner","article_modified_time":"2025-02-25T11:01:06+00:00","og_image":[{"width":2048,"height":2048,"url":"https:\/\/baggaardsbaroner.com\/wp-content\/uploads\/Pommes_1-scaled.jpg","type":"image\/jpeg"}],"twitter_card":"summary_large_image","twitter_misc":{"Estimated reading time":"1 minute"},"schema":{"@context":"https:\/\/schema.org","@graph":[{"@type":"WebPage","@id":"https:\/\/baggaardsbaroner.com\/vare\/godt-nok-en-ordentlig-gang-pommes\/","url":"https:\/\/baggaardsbaroner.com\/vare\/godt-nok-en-ordentlig-gang-pommes\/","name":"Godt Nok En Ordentlig Gang Pommes | Baggaardsbaroner","isPartOf":{"@id":"https:\/\/baggaardsbaroner.com\/#website"},"primaryImageOfPage":{"@id":"https:\/\/baggaardsbaroner.com\/vare\/godt-nok-en-ordentlig-gang-pommes\/#primaryimage"},"image":{"@id":"https:\/\/baggaardsbaroner.com\/vare\/godt-nok-en-ordentlig-gang-pommes\/#primaryimage"},"thumbnailUrl":"https:\/\/baggaardsbaroner.com\/wp-content\/uploads\/Pommes_1-scaled.jpg","datePublished":"2025-02-25T10:57:49+00:00","dateModified":"2025-02-25T11:01:06+00:00","breadcrumb":{"@id":"https:\/\/baggaardsbaroner.com\/vare\/godt-nok-en-ordentlig-gang-pommes\/#breadcrumb"},"inLanguage":"en-GB","potentialAction":[{"@type":"ReadAction","target":["https:\/\/baggaardsbaroner.com\/vare\/godt-nok-en-ordentlig-gang-pommes\/"]}]},{"@type":"ImageObject","inLanguage":"en-GB","@id":"https:\/\/baggaardsbaroner.com\/vare\/godt-nok-en-ordentlig-gang-pommes\/#primaryimage","url":"https:\/\/baggaardsbaroner.com\/wp-content\/uploads\/Pommes_1-scaled.jpg","contentUrl":"https:\/\/baggaardsbaroner.com\/wp-content\/uploads\/Pommes_1-scaled.jpg","width":2048,"height":2048},{"@type":"BreadcrumbList","@id":"https:\/\/baggaardsbaroner.com\/vare\/godt-nok-en-ordentlig-gang-pommes\/#breadcrumb","itemListElement":[{"@type":"ListItem","position":1,"name":"Forside","item":"https:\/\/baggaardsbaroner.com\/"},{"@type":"ListItem","position":2,"name":"Shop","item":"https:\/\/baggaardsbaroner.com\/shop\/"},{"@type":"ListItem","position":3,"name":"B\u00f8ger","item":"https:\/\/baggaardsbaroner.com\/kategori\/boeger\/"},{"@type":"ListItem","position":4,"name":"Godt Nok En Ordentlig Gang Pommes"}]},{"@type":"WebSite","@id":"https:\/\/baggaardsbaroner.com\/#website","url":"https:\/\/baggaardsbaroner.com\/","name":"Baggaardsbaroner","description":"","publisher":{"@id":"https:\/\/baggaardsbaroner.com\/#organization"},"potentialAction":[{"@type":"SearchAction","target":{"@type":"EntryPoint","urlTemplate":"https:\/\/baggaardsbaroner.com\/?s={search_term_string}"},"query-input":{"@type":"PropertyValueSpecification","valueRequired":true,"valueName":"search_term_string"}}],"inLanguage":"en-GB"},{"@type":"Organization","@id":"https:\/\/baggaardsbaroner.com\/#organization","name":"Baggaardsbaroner","url":"https:\/\/baggaardsbaroner.com\/","logo":{"@type":"ImageObject","inLanguage":"en-GB","@id":"https:\/\/baggaardsbaroner.com\/#\/schema\/logo\/image\/","url":"https:\/\/baggaardsbaroner.com\/wp-content\/uploads\/logony.png","contentUrl":"https:\/\/baggaardsbaroner.com\/wp-content\/uploads\/logony.png","width":263,"height":103,"caption":"Baggaardsbaroner"},"image":{"@id":"https:\/\/baggaardsbaroner.com\/#\/schema\/logo\/image\/"}}]}},"_links":{"self":[{"href":"https:\/\/baggaardsbaroner.com\/en\/wp-json\/wp\/v2\/product\/7181","targetHints":{"allow":["GET"]}}],"collection":[{"href":"https:\/\/baggaardsbaroner.com\/en\/wp-json\/wp\/v2\/product"}],"about":[{"href":"https:\/\/baggaardsbaroner.com\/en\/wp-json\/wp\/v2\/types\/product"}],"version-history":[{"count":1,"href":"https:\/\/baggaardsbaroner.com\/en\/wp-json\/wp\/v2\/product\/7181\/revisions"}],"predecessor-version":[{"id":7182,"href":"https:\/\/baggaardsbaroner.com\/en\/wp-json\/wp\/v2\/product\/7181\/revisions\/7182"}],"wp:featuredmedia":[{"embeddable":true,"href":"https:\/\/baggaardsbaroner.com\/en\/wp-json\/wp\/v2\/media\/7119"}],"wp:attachment":[{"href":"https:\/\/baggaardsbaroner.com\/en\/wp-json\/wp\/v2\/media?parent=7181"}],"wp:term":[{"taxonomy":"product_brand","embeddable":true,"href":"https:\/\/baggaardsbaroner.com\/en\/wp-json\/wp\/v2\/product_brand?post=7181"},{"taxonomy":"product_cat","embeddable":true,"href":"https:\/\/baggaardsbaroner.com\/en\/wp-json\/wp\/v2\/product_cat?post=7181"},{"taxonomy":"product_tag","embeddable":true,"href":"https:\/\/baggaardsbaroner.com\/en\/wp-json\/wp\/v2\/product_tag?post=7181"}],"curies":[{"name":"wp","href":"https:\/\/api.w.org\/{rel}","templated":true}]}}