{"id":7183,"date":"2025-02-25T12:01:29","date_gmt":"2025-02-25T11:01:29","guid":{"rendered":"https:\/\/baggaardsbaroner.com\/\/?post_type=product&#038;p=7183"},"modified":"2025-02-25T12:07:31","modified_gmt":"2025-02-25T11:07:31","slug":"midnatskollektionen","status":"publish","type":"product","link":"https:\/\/baggaardsbaroner.com\/en\/product\/midnatskollektionen\/","title":{"rendered":"Midnatskollektionen"},"content":{"rendered":"<div class=\"et_pb_module et_pb_wc_description et_pb_wc_description_0_tb_body et_pb_bg_layout_light et_pb_text_align_left\">\n<div class=\"et_pb_module_inner\">\n<div class=\"et_pb_column et_pb_column_4_4 et_pb_column_2_tb_body et_pb_css_mix_blend_mode_passthrough et-last-child\">\n<div class=\"et_pb_module et_pb_post_content et_pb_post_content_0_tb_body\">\n<div class=\"et_pb_module et_pb_wc_description et_pb_wc_description_0_tb_body et_pb_bg_layout_light  et_pb_text_align_left\">\n<div class=\"et_pb_module_inner\">\n<p>\u2605 \u2605 \u2605 \u2605 \u2605 \u2605<\/p>\n<p>\u201dDet er litteratur pa\u030a et virkelig h\u00f8jt niveau, og jeg har faktisk sv\u00e6rt ved at fa\u030a armene ned af blot begejstring. L\u00e6s den, og l\u00e6s den sa\u030a igen\u201d<br \/>\n<em>&#8211; Litteraturformidleren<\/em><\/p>\n<\/div>\n<p>\"Extremely hard to be unaffected by as a reader.\"<br \/>\n<em>&#8211; Littina.nu<\/em><\/p>\n<div class=\"et_pb_module_inner\">\n<p>\"It\u2019s rare to come across a book in your hands that is as inviting as this one.\"<br \/>\n<em>&#8211; Himmelskibet<\/em><\/p>\n<p>En samling af forlagets anmelderroste efter\u00e5rskollektion.<br \/>\nIndeholder de tre b\u00f8ger:<\/p>\n<ol>\n<li>Welcome to the continent<\/li>\n<li>Nyctophilia<\/li>\n<li>Mysteriet om et menneske<\/li>\n<\/ol>\n<\/div>\n<\/div>\n<\/div>\n<\/div>\n<\/div>\n<\/div>","protected":false},"excerpt":{"rendered":"<div class=\"et_pb_module et_pb_wc_description et_pb_wc_description_0_tb_body et_pb_bg_layout_light et_pb_text_align_left\">\n<div class=\"et_pb_module_inner\">\n<div class=\"et_pb_module et_pb_wc_description et_pb_wc_description_0_tb_body et_pb_bg_layout_light et_pb_text_align_left\">\n<div class=\"et_pb_module_inner\">\n<div class=\"et_pb_module_inner\">\n<p>\u2605 \u2605 \u2605 \u2605 \u2605 \u2605<\/p>\n<p>\u201dDet er litteratur pa\u030a et virkelig h\u00f8jt niveau, og jeg har faktisk sv\u00e6rt ved at fa\u030a armene ned af blot begejstring. L\u00e6s den, og l\u00e6s den sa\u030a igen\u201d<br \/>\n<em>&#8211; Litteraturformidleren<\/em><\/p>\n<\/div>\n<p>\"Extremely hard to be unaffected by as a reader.\"<br \/>\n<em>&#8211; Littina.nu<\/em><\/p>\n<div class=\"et_pb_module_inner\">\n<p>\"It\u2019s rare to come across a book in your hands that is as inviting as this one.\"<br \/>\n<em>&#8211; Himmelskibet<\/em><\/p>\n<p>En samling af forlagets anmelderroste efter\u00e5rskollektion.<br \/>\nIndeholder de tre b\u00f8ger:<\/p>\n<p><em>Welcome to the continent<\/em><br \/>\n<em>Nyctophilia<\/em><br \/>\n<em>Mysteriet om et menneske<\/em><\/p>\n<\/div>\n<p>&nbsp;<\/p>\n<p><strong>Om bogen Velkommen til kontinentet<\/strong><br \/>\nKatla Styx er et barn af rastepladserne langs motorvejene i Europa. I sin romandebut byder hun velkommen til \u00f8demarkerne og ensomheden langs rastepladserne. Hun byder velkommen til storbyerne, bodegan\u00e6tterne og en masse fremmede m\u00e6nd.<br \/>\nVelkommen til kontinentet er en hvirvelstr\u00f8m af kropsv\u00e6sker, ar og dybe hemmeligheder.<br \/>\nBag pseudonymet Katla Styx (f. 1992) gemmer sig borgeren Anna Schmidt Andersen. Hun har det med at skrive b\u00f8ger, som folk f\u00e5r det lidt d\u00e5rligt af at l\u00e6se. Hendes tekster tager ofte udgangspunkt i steder og erindringer.<\/p>\n<p><strong>Om bogen Nyctophilia<\/strong><br \/>\nNyctophilia er et spekulativt noirmareridt. En novellesamling, hvor man st\u00f8der p\u00e5 neondetektiver, heroinafh\u00e6ngige gravere, hjems\u00f8gte fyrt\u00e5rne og psykedeliske tidsrejser. Der er en dj\u00e6vel p\u00e5 hver skulder og p\u00e5 hvert gadehj\u00f8rne. Et forvr\u00e6nget, dystopisk Gotham uden Batman.<br \/>\nStorm Frost (f. 1986) er et af Onkel Hawaiis aliasser. Den anonyme forfatters b\u00f8ger er kendt for deres jazzede eksistentialisme med hang til det morbide og groteske.<\/p>\n<p><strong>Om bogen Mysteriet om et menneske<\/strong><br \/>\nForlaget modtog i 2015 et fragmenteret manuskript af en ung forfatter, der kort tid efter tog sit eget liv. I samarbejde med forfatterens efterladte familie og venner er bogprojektet fortsat og sammensat af det oprindelige manuskript, mailkorrespondancer, notesb\u00f8ger, gamle k\u00e6restebreve, sms\u2019er og uf\u00e6rdige dokumenter og tekster.<br \/>\nI L.A. Nissalovitz\u2019 s\u00e6regne og skarpe stemme bindes de mange fragmenter sammen i en s\u00e5rbar fort\u00e6lling, der breder sig over norsk \u00f8demark, bef\u00e6rdede k\u00f8benhavnergader og franske druemarker. Dette er beretningen om den absolutte frihed.<\/p>\n<p>Genre: Eksistentialisme, sk\u00e6bnefort\u00e6llinger og magisk realisme<\/p>\n<\/div>\n<\/div>\n<\/div>\n<\/div>","protected":false},"featured_media":7103,"template":"","meta":{"_acf_changed":false},"product_brand":[],"product_cat":[81],"product_tag":[],"class_list":{"0":"post-7183","1":"product","2":"type-product","3":"status-publish","4":"has-post-thumbnail","6":"product_cat-boeger","8":"first","9":"outofstock","10":"taxable","11":"shipping-taxable","12":"purchasable","13":"product-type-simple"},"acf":[],"yoast_head":"<!-- This site is optimized with the Yoast SEO plugin v27.4 - https:\/\/yoast.com\/product\/yoast-seo-wordpress\/ -->\n<title>Midnatskollektionen | Baggaardsbaroner<\/title>\n<meta name=\"robots\" content=\"index, follow, max-snippet:-1, max-image-preview:large, max-video-preview:-1\" \/>\n<link rel=\"canonical\" href=\"https:\/\/baggaardsbaroner.com\/en\/product\/midnatskollektionen\/\" \/>\n<meta property=\"og:locale\" content=\"en_GB\" \/>\n<meta property=\"og:type\" content=\"article\" \/>\n<meta property=\"og:title\" content=\"Midnatskollektionen | Baggaardsbaroner\" \/>\n<meta property=\"og:description\" content=\"\u2605 \u2605 \u2605 \u2605 \u2605 \u2605  \u201dDet er litteratur pa\u030a et virkelig h\u00f8jt niveau, og jeg har faktisk sv\u00e6rt ved at fa\u030a armene ned af blot begejstring. L\u00e6s den, og l\u00e6s den sa\u030a igen\u201d - Litteraturformidleren   \u201dUma\u030adeligt sv\u00e6rt at v\u00e6re upa\u030avirket af som l\u00e6ser\u201d - Littina.nu   \u201dDet ga\u030ar langt imellem at man fa\u030ar en bog i ha\u030anden der er sa\u030a indbydende som denne\u201d - Himmelskibet  En samling af forlagets anmelderroste efter\u00e5rskollektion. Indeholder de tre b\u00f8ger:  Velkommen til kontinentet Nyctophilia Mysteriet om et menneske   &nbsp;  Om bogen Velkommen til kontinentet Katla Styx er et barn af rastepladserne langs motorvejene i Europa. I sin romandebut byder hun velkommen til \u00f8demarkerne og ensomheden langs rastepladserne. Hun byder velkommen til storbyerne, bodegan\u00e6tterne og en masse fremmede m\u00e6nd. Velkommen til kontinentet er en hvirvelstr\u00f8m af kropsv\u00e6sker, ar og dybe hemmeligheder. Bag pseudonymet Katla Styx (f. 1992) gemmer sig borgeren Anna Schmidt Andersen. Hun har det med at skrive b\u00f8ger, som folk f\u00e5r det lidt d\u00e5rligt af at l\u00e6se. Hendes tekster tager ofte udgangspunkt i steder og erindringer.  Om bogen Nyctophilia Nyctophilia er et spekulativt noirmareridt. En novellesamling, hvor man st\u00f8der p\u00e5 neondetektiver, heroinafh\u00e6ngige gravere, hjems\u00f8gte fyrt\u00e5rne og psykedeliske tidsrejser. Der er en dj\u00e6vel p\u00e5 hver skulder og p\u00e5 hvert gadehj\u00f8rne. Et forvr\u00e6nget, dystopisk Gotham uden Batman. Storm Frost (f. 1986) er et af Onkel Hawaiis aliasser. Den anonyme forfatters b\u00f8ger er kendt for deres jazzede eksistentialisme med hang til det morbide og groteske.  Om bogen Mysteriet om et menneske Forlaget modtog i 2015 et fragmenteret manuskript af en ung forfatter, der kort tid efter tog sit eget liv. I samarbejde med forfatterens efterladte familie og venner er bogprojektet fortsat og sammensat af det oprindelige manuskript, mailkorrespondancer, notesb\u00f8ger, gamle k\u00e6restebreve, sms\u2019er og uf\u00e6rdige dokumenter og tekster. I L.A. Nissalovitz\u2019 s\u00e6regne og skarpe stemme bindes de mange fragmenter sammen i en s\u00e5rbar fort\u00e6lling, der breder sig over norsk \u00f8demark, bef\u00e6rdede k\u00f8benhavnergader og franske druemarker. Dette er beretningen om den absolutte frihed.  Genre: Eksistentialisme, sk\u00e6bnefort\u00e6llinger og magisk realisme\" \/>\n<meta property=\"og:url\" content=\"https:\/\/baggaardsbaroner.com\/en\/product\/midnatskollektionen\/\" \/>\n<meta property=\"og:site_name\" content=\"Baggaardsbaroner\" \/>\n<meta property=\"article:modified_time\" content=\"2025-02-25T11:07:31+00:00\" \/>\n<meta property=\"og:image\" content=\"https:\/\/baggaardsbaroner.com\/wp-content\/uploads\/Midnatskollektionen_3-scaled.jpg\" \/>\n\t<meta property=\"og:image:width\" content=\"2048\" \/>\n\t<meta property=\"og:image:height\" content=\"2048\" \/>\n\t<meta property=\"og:image:type\" content=\"image\/jpeg\" \/>\n<meta name=\"twitter:card\" content=\"summary_large_image\" \/>\n<meta name=\"twitter:label1\" content=\"Estimated reading time\" \/>\n\t<meta name=\"twitter:data1\" content=\"1 minute\" \/>\n<script type=\"application\/ld+json\" class=\"yoast-schema-graph\">{\"@context\":\"https:\\\/\\\/schema.org\",\"@graph\":[{\"@type\":\"WebPage\",\"@id\":\"https:\\\/\\\/baggaardsbaroner.com\\\/vare\\\/midnatskollektionen\\\/\",\"url\":\"https:\\\/\\\/baggaardsbaroner.com\\\/vare\\\/midnatskollektionen\\\/\",\"name\":\"Midnatskollektionen | Baggaardsbaroner\",\"isPartOf\":{\"@id\":\"https:\\\/\\\/baggaardsbaroner.com\\\/#website\"},\"primaryImageOfPage\":{\"@id\":\"https:\\\/\\\/baggaardsbaroner.com\\\/vare\\\/midnatskollektionen\\\/#primaryimage\"},\"image\":{\"@id\":\"https:\\\/\\\/baggaardsbaroner.com\\\/vare\\\/midnatskollektionen\\\/#primaryimage\"},\"thumbnailUrl\":\"https:\\\/\\\/baggaardsbaroner.com\\\/wp-content\\\/uploads\\\/Midnatskollektionen_3-scaled.jpg\",\"datePublished\":\"2025-02-25T11:01:29+00:00\",\"dateModified\":\"2025-02-25T11:07:31+00:00\",\"breadcrumb\":{\"@id\":\"https:\\\/\\\/baggaardsbaroner.com\\\/vare\\\/midnatskollektionen\\\/#breadcrumb\"},\"inLanguage\":\"en-GB\",\"potentialAction\":[{\"@type\":\"ReadAction\",\"target\":[\"https:\\\/\\\/baggaardsbaroner.com\\\/vare\\\/midnatskollektionen\\\/\"]}]},{\"@type\":\"ImageObject\",\"inLanguage\":\"en-GB\",\"@id\":\"https:\\\/\\\/baggaardsbaroner.com\\\/vare\\\/midnatskollektionen\\\/#primaryimage\",\"url\":\"https:\\\/\\\/baggaardsbaroner.com\\\/wp-content\\\/uploads\\\/Midnatskollektionen_3-scaled.jpg\",\"contentUrl\":\"https:\\\/\\\/baggaardsbaroner.com\\\/wp-content\\\/uploads\\\/Midnatskollektionen_3-scaled.jpg\",\"width\":2048,\"height\":2048},{\"@type\":\"BreadcrumbList\",\"@id\":\"https:\\\/\\\/baggaardsbaroner.com\\\/vare\\\/midnatskollektionen\\\/#breadcrumb\",\"itemListElement\":[{\"@type\":\"ListItem\",\"position\":1,\"name\":\"Forside\",\"item\":\"https:\\\/\\\/baggaardsbaroner.com\\\/\"},{\"@type\":\"ListItem\",\"position\":2,\"name\":\"Shop\",\"item\":\"https:\\\/\\\/baggaardsbaroner.com\\\/shop\\\/\"},{\"@type\":\"ListItem\",\"position\":3,\"name\":\"B\u00f8ger\",\"item\":\"https:\\\/\\\/baggaardsbaroner.com\\\/kategori\\\/boeger\\\/\"},{\"@type\":\"ListItem\",\"position\":4,\"name\":\"Midnatskollektionen\"}]},{\"@type\":\"WebSite\",\"@id\":\"https:\\\/\\\/baggaardsbaroner.com\\\/#website\",\"url\":\"https:\\\/\\\/baggaardsbaroner.com\\\/\",\"name\":\"Baggaardsbaroner\",\"description\":\"\",\"publisher\":{\"@id\":\"https:\\\/\\\/baggaardsbaroner.com\\\/#organization\"},\"potentialAction\":[{\"@type\":\"SearchAction\",\"target\":{\"@type\":\"EntryPoint\",\"urlTemplate\":\"https:\\\/\\\/baggaardsbaroner.com\\\/?s={search_term_string}\"},\"query-input\":{\"@type\":\"PropertyValueSpecification\",\"valueRequired\":true,\"valueName\":\"search_term_string\"}}],\"inLanguage\":\"en-GB\"},{\"@type\":\"Organization\",\"@id\":\"https:\\\/\\\/baggaardsbaroner.com\\\/#organization\",\"name\":\"Baggaardsbaroner\",\"url\":\"https:\\\/\\\/baggaardsbaroner.com\\\/\",\"logo\":{\"@type\":\"ImageObject\",\"inLanguage\":\"en-GB\",\"@id\":\"https:\\\/\\\/baggaardsbaroner.com\\\/#\\\/schema\\\/logo\\\/image\\\/\",\"url\":\"https:\\\/\\\/baggaardsbaroner.com\\\/wp-content\\\/uploads\\\/logony.png\",\"contentUrl\":\"https:\\\/\\\/baggaardsbaroner.com\\\/wp-content\\\/uploads\\\/logony.png\",\"width\":263,\"height\":103,\"caption\":\"Baggaardsbaroner\"},\"image\":{\"@id\":\"https:\\\/\\\/baggaardsbaroner.com\\\/#\\\/schema\\\/logo\\\/image\\\/\"}}]}<\/script>\n<!-- \/ Yoast SEO plugin. -->","yoast_head_json":{"title":"Midnatskollektionen | Baggaardsbaroner","robots":{"index":"index","follow":"follow","max-snippet":"max-snippet:-1","max-image-preview":"max-image-preview:large","max-video-preview":"max-video-preview:-1"},"canonical":"https:\/\/baggaardsbaroner.com\/en\/product\/midnatskollektionen\/","og_locale":"en_GB","og_type":"article","og_title":"Midnatskollektionen | Baggaardsbaroner","og_description":"\u2605 \u2605 \u2605 \u2605 \u2605 \u2605  \u201dDet er litteratur pa\u030a et virkelig h\u00f8jt niveau, og jeg har faktisk sv\u00e6rt ved at fa\u030a armene ned af blot begejstring. L\u00e6s den, og l\u00e6s den sa\u030a igen\u201d - Litteraturformidleren   \u201dUma\u030adeligt sv\u00e6rt at v\u00e6re upa\u030avirket af som l\u00e6ser\u201d - Littina.nu   \u201dDet ga\u030ar langt imellem at man fa\u030ar en bog i ha\u030anden der er sa\u030a indbydende som denne\u201d - Himmelskibet  En samling af forlagets anmelderroste efter\u00e5rskollektion. Indeholder de tre b\u00f8ger:  Velkommen til kontinentet Nyctophilia Mysteriet om et menneske   &nbsp;  Om bogen Velkommen til kontinentet Katla Styx er et barn af rastepladserne langs motorvejene i Europa. I sin romandebut byder hun velkommen til \u00f8demarkerne og ensomheden langs rastepladserne. Hun byder velkommen til storbyerne, bodegan\u00e6tterne og en masse fremmede m\u00e6nd. Velkommen til kontinentet er en hvirvelstr\u00f8m af kropsv\u00e6sker, ar og dybe hemmeligheder. Bag pseudonymet Katla Styx (f. 1992) gemmer sig borgeren Anna Schmidt Andersen. Hun har det med at skrive b\u00f8ger, som folk f\u00e5r det lidt d\u00e5rligt af at l\u00e6se. Hendes tekster tager ofte udgangspunkt i steder og erindringer.  Om bogen Nyctophilia Nyctophilia er et spekulativt noirmareridt. En novellesamling, hvor man st\u00f8der p\u00e5 neondetektiver, heroinafh\u00e6ngige gravere, hjems\u00f8gte fyrt\u00e5rne og psykedeliske tidsrejser. Der er en dj\u00e6vel p\u00e5 hver skulder og p\u00e5 hvert gadehj\u00f8rne. Et forvr\u00e6nget, dystopisk Gotham uden Batman. Storm Frost (f. 1986) er et af Onkel Hawaiis aliasser. Den anonyme forfatters b\u00f8ger er kendt for deres jazzede eksistentialisme med hang til det morbide og groteske.  Om bogen Mysteriet om et menneske Forlaget modtog i 2015 et fragmenteret manuskript af en ung forfatter, der kort tid efter tog sit eget liv. I samarbejde med forfatterens efterladte familie og venner er bogprojektet fortsat og sammensat af det oprindelige manuskript, mailkorrespondancer, notesb\u00f8ger, gamle k\u00e6restebreve, sms\u2019er og uf\u00e6rdige dokumenter og tekster. I L.A. Nissalovitz\u2019 s\u00e6regne og skarpe stemme bindes de mange fragmenter sammen i en s\u00e5rbar fort\u00e6lling, der breder sig over norsk \u00f8demark, bef\u00e6rdede k\u00f8benhavnergader og franske druemarker. Dette er beretningen om den absolutte frihed.  Genre: Eksistentialisme, sk\u00e6bnefort\u00e6llinger og magisk realisme","og_url":"https:\/\/baggaardsbaroner.com\/en\/product\/midnatskollektionen\/","og_site_name":"Baggaardsbaroner","article_modified_time":"2025-02-25T11:07:31+00:00","og_image":[{"width":2048,"height":2048,"url":"https:\/\/baggaardsbaroner.com\/wp-content\/uploads\/Midnatskollektionen_3-scaled.jpg","type":"image\/jpeg"}],"twitter_card":"summary_large_image","twitter_misc":{"Estimated reading time":"1 minute"},"schema":{"@context":"https:\/\/schema.org","@graph":[{"@type":"WebPage","@id":"https:\/\/baggaardsbaroner.com\/vare\/midnatskollektionen\/","url":"https:\/\/baggaardsbaroner.com\/vare\/midnatskollektionen\/","name":"Midnatskollektionen | Baggaardsbaroner","isPartOf":{"@id":"https:\/\/baggaardsbaroner.com\/#website"},"primaryImageOfPage":{"@id":"https:\/\/baggaardsbaroner.com\/vare\/midnatskollektionen\/#primaryimage"},"image":{"@id":"https:\/\/baggaardsbaroner.com\/vare\/midnatskollektionen\/#primaryimage"},"thumbnailUrl":"https:\/\/baggaardsbaroner.com\/wp-content\/uploads\/Midnatskollektionen_3-scaled.jpg","datePublished":"2025-02-25T11:01:29+00:00","dateModified":"2025-02-25T11:07:31+00:00","breadcrumb":{"@id":"https:\/\/baggaardsbaroner.com\/vare\/midnatskollektionen\/#breadcrumb"},"inLanguage":"en-GB","potentialAction":[{"@type":"ReadAction","target":["https:\/\/baggaardsbaroner.com\/vare\/midnatskollektionen\/"]}]},{"@type":"ImageObject","inLanguage":"en-GB","@id":"https:\/\/baggaardsbaroner.com\/vare\/midnatskollektionen\/#primaryimage","url":"https:\/\/baggaardsbaroner.com\/wp-content\/uploads\/Midnatskollektionen_3-scaled.jpg","contentUrl":"https:\/\/baggaardsbaroner.com\/wp-content\/uploads\/Midnatskollektionen_3-scaled.jpg","width":2048,"height":2048},{"@type":"BreadcrumbList","@id":"https:\/\/baggaardsbaroner.com\/vare\/midnatskollektionen\/#breadcrumb","itemListElement":[{"@type":"ListItem","position":1,"name":"Forside","item":"https:\/\/baggaardsbaroner.com\/"},{"@type":"ListItem","position":2,"name":"Shop","item":"https:\/\/baggaardsbaroner.com\/shop\/"},{"@type":"ListItem","position":3,"name":"B\u00f8ger","item":"https:\/\/baggaardsbaroner.com\/kategori\/boeger\/"},{"@type":"ListItem","position":4,"name":"Midnatskollektionen"}]},{"@type":"WebSite","@id":"https:\/\/baggaardsbaroner.com\/#website","url":"https:\/\/baggaardsbaroner.com\/","name":"Baggaardsbaroner","description":"","publisher":{"@id":"https:\/\/baggaardsbaroner.com\/#organization"},"potentialAction":[{"@type":"SearchAction","target":{"@type":"EntryPoint","urlTemplate":"https:\/\/baggaardsbaroner.com\/?s={search_term_string}"},"query-input":{"@type":"PropertyValueSpecification","valueRequired":true,"valueName":"search_term_string"}}],"inLanguage":"en-GB"},{"@type":"Organization","@id":"https:\/\/baggaardsbaroner.com\/#organization","name":"Baggaardsbaroner","url":"https:\/\/baggaardsbaroner.com\/","logo":{"@type":"ImageObject","inLanguage":"en-GB","@id":"https:\/\/baggaardsbaroner.com\/#\/schema\/logo\/image\/","url":"https:\/\/baggaardsbaroner.com\/wp-content\/uploads\/logony.png","contentUrl":"https:\/\/baggaardsbaroner.com\/wp-content\/uploads\/logony.png","width":263,"height":103,"caption":"Baggaardsbaroner"},"image":{"@id":"https:\/\/baggaardsbaroner.com\/#\/schema\/logo\/image\/"}}]}},"_links":{"self":[{"href":"https:\/\/baggaardsbaroner.com\/en\/wp-json\/wp\/v2\/product\/7183","targetHints":{"allow":["GET"]}}],"collection":[{"href":"https:\/\/baggaardsbaroner.com\/en\/wp-json\/wp\/v2\/product"}],"about":[{"href":"https:\/\/baggaardsbaroner.com\/en\/wp-json\/wp\/v2\/types\/product"}],"version-history":[{"count":2,"href":"https:\/\/baggaardsbaroner.com\/en\/wp-json\/wp\/v2\/product\/7183\/revisions"}],"predecessor-version":[{"id":7185,"href":"https:\/\/baggaardsbaroner.com\/en\/wp-json\/wp\/v2\/product\/7183\/revisions\/7185"}],"wp:featuredmedia":[{"embeddable":true,"href":"https:\/\/baggaardsbaroner.com\/en\/wp-json\/wp\/v2\/media\/7103"}],"wp:attachment":[{"href":"https:\/\/baggaardsbaroner.com\/en\/wp-json\/wp\/v2\/media?parent=7183"}],"wp:term":[{"taxonomy":"product_brand","embeddable":true,"href":"https:\/\/baggaardsbaroner.com\/en\/wp-json\/wp\/v2\/product_brand?post=7183"},{"taxonomy":"product_cat","embeddable":true,"href":"https:\/\/baggaardsbaroner.com\/en\/wp-json\/wp\/v2\/product_cat?post=7183"},{"taxonomy":"product_tag","embeddable":true,"href":"https:\/\/baggaardsbaroner.com\/en\/wp-json\/wp\/v2\/product_tag?post=7183"}],"curies":[{"name":"wp","href":"https:\/\/api.w.org\/{rel}","templated":true}]}}