{"id":7186,"date":"2025-02-25T12:12:52","date_gmt":"2025-02-25T11:12:52","guid":{"rendered":"https:\/\/baggaardsbaroner.com\/\/?post_type=product&#038;p=7186"},"modified":"2025-02-25T15:18:46","modified_gmt":"2025-02-25T14:18:46","slug":"velkommen-til-kontinentet","status":"publish","type":"product","link":"https:\/\/baggaardsbaroner.com\/en\/product\/velkommen-til-kontinentet\/","title":{"rendered":"Welcome to the continent"},"content":{"rendered":"<div class=\"et_pb_module et_pb_wc_description et_pb_wc_description_0_tb_body et_pb_bg_layout_light et_pb_text_align_left\">\n<div class=\"et_pb_module_inner\">\n<div class=\"et_pb_column et_pb_column_4_4 et_pb_column_2_tb_body et_pb_css_mix_blend_mode_passthrough et-last-child\">\n<div class=\"et_pb_module et_pb_post_content et_pb_post_content_0_tb_body\">\n<div class=\"et_pb_module et_pb_wc_description et_pb_wc_description_0_tb_body et_pb_bg_layout_light et_pb_text_align_left\">\n<div class=\"et_pb_module_inner\">\n<p>\u2605 \u2605 \u2605 \u2605 \u2605 \u2605<\/p>\n<p><span class=\"eo3yc3v0 css-izy8n8-StyledText-StyledProductDescription e1w70fa50\">\u2665\ufe0e \u2665\ufe0e \u2665\ufe0e \u2665\ufe0e \u2665\ufe0e \u2665\ufe0e<\/span><\/p>\n<\/div>\n<p><span class=\"eo3yc3v0 css-izy8n8-StyledText-StyledProductDescription e1w70fa50\">\"Well-written, captivating, and poetic, with an incredibly beautiful visual side. It\u2019s literature at a truly high level, and I honestly can\u2019t contain my excitement. Read it, and then read it again.\"<br \/>\n<\/span><em>&#8211; Litteraturformidleren<\/em><\/p>\n<p>\"Extremely hard to be unaffected by as a reader.\"<br \/>\n<em>&#8211; Littina.nu<\/em><\/p>\n<p>&nbsp;<\/p>\n<div class=\"et_pb_module_inner\"><span class=\"eo3yc3v0 css-izy8n8-StyledText-StyledProductDescription e1w70fa50\">Katla Styx is a child of the rest areas along Europe\u2019s highways. She takes us on a journey through physical and psychological landscapes \u2013 from mountain peaks shrouded in fog, to smoke-filled bodegas in Copenhagen, and further into the dark bedrooms, desires, and fractures of strange men. A journey through the mundane and the madness; a journey made with heavy stones in the chest, reaching all the way to the point on the horizon where the sun dies, the heart shatters, and language loses its meaning.<\/p>\n<p><em>\"Back when she disappeared. Smoke chasm, heavy lungs. Gravel in her shoes. The most precious thing she owns. What he said, he said: my intention was actually to rape you. She said: \u2013 I had an inkling. The sky was gray, the sea was gray, the sea from the other side of the globe. Is there anything else other than the concrete floor of the beach house, is there anything else anywhere, is there any other feeling, other than him on top of her? Heavy, warm, heavy, there\u2019s nothing else to do, she cannot move. She looks ahead, she lies on her back and stares up, eyes, rings. Stubble, rough. It hurts, there\u2019s nothing left of her, he has taken it all. The cement scratches her back. Her body is gone, from now on she will have to pretend. She wants to disappear. Rough. Her lower body is a crater. Slippage. Cement. There is a comet.\"<\/em><br \/>\n<\/span><\/div>\n<\/div>\n<\/div>\n<\/div>\n<\/div>\n<\/div>","protected":false},"excerpt":{"rendered":"<div class=\"et_pb_module et_pb_wc_description et_pb_wc_description_0_tb_body et_pb_bg_layout_light et_pb_text_align_left\">\n<div class=\"et_pb_module_inner\">\n<div class=\"et_pb_module et_pb_wc_description et_pb_wc_description_0_tb_body et_pb_bg_layout_light et_pb_text_align_left\">\n<div class=\"et_pb_module_inner\">\n<div class=\"et_pb_module_inner\">\n<p>\u2605 \u2605 \u2605 \u2605 \u2605 \u2605<\/p>\n<p><span class=\"eo3yc3v0 css-izy8n8-StyledText-StyledProductDescription e1w70fa50\">\u2665\ufe0e \u2665\ufe0e \u2665\ufe0e \u2665\ufe0e \u2665\ufe0e \u2665\ufe0e<\/span><\/p>\n<\/div>\n<p><span class=\"eo3yc3v0 css-izy8n8-StyledText-StyledProductDescription e1w70fa50\">\"Well-written, captivating, and poetic, with an incredibly beautiful visual side. It\u2019s literature at a truly high level, and I honestly can\u2019t contain my excitement. Read it, and then read it again.\"<br \/>\n<\/span><em>&#8211; Litteraturformidleren<\/em><\/p>\n<p>\"Extremely hard to be unaffected by as a reader.\"<br \/>\n<em>&#8211; Littina.nu<\/em><\/p>\n<\/div>\n<p><span class=\"eo3yc3v0 css-izy8n8-StyledText-StyledProductDescription e1w70fa50\">Katla Styx is a child of the rest areas along Europe\u2019s highways. She takes us on a journey through physical and psychological landscapes \u2013 from mountain peaks shrouded in fog, to smoke-filled bodegas in Copenhagen, and further into the dark bedrooms, desires, and fractures of strange men. A journey through the mundane and the madness; a journey made with heavy stones in the chest, reaching all the way to the point on the horizon where the sun dies, the heart shatters, and language loses its meaning.<br \/>\n<\/span><\/p>\n<\/div>\n<\/div>\n<\/div>","protected":false},"featured_media":7188,"template":"","meta":{"_acf_changed":false},"product_brand":[],"product_cat":[81],"product_tag":[],"class_list":{"0":"post-7186","1":"product","2":"type-product","3":"status-publish","4":"has-post-thumbnail","6":"product_cat-boeger","8":"first","9":"instock","10":"taxable","11":"shipping-taxable","12":"purchasable","13":"product-type-simple"},"acf":[],"yoast_head":"<!-- This site is optimized with the Yoast SEO plugin v27.4 - https:\/\/yoast.com\/product\/yoast-seo-wordpress\/ -->\n<title>Velkommen til kontinentet | Baggaardsbaroner<\/title>\n<meta name=\"robots\" content=\"index, follow, max-snippet:-1, max-image-preview:large, max-video-preview:-1\" \/>\n<link rel=\"canonical\" href=\"https:\/\/baggaardsbaroner.com\/en\/product\/velkommen-til-kontinentet\/\" \/>\n<meta property=\"og:locale\" content=\"en_GB\" \/>\n<meta property=\"og:type\" content=\"article\" \/>\n<meta property=\"og:title\" content=\"Velkommen til kontinentet | Baggaardsbaroner\" \/>\n<meta property=\"og:description\" content=\"\u2605 \u2605 \u2605 \u2605 \u2605 \u2605  \u2665\ufe0e \u2665\ufe0e \u2665\ufe0e \u2665\ufe0e \u2665\ufe0e \u2665\ufe0e   &quot;Velskrevet, dragende og poetisk og med en fantastisk fin billedside. Det er litteratur p\u00e5 et virkelig h\u00f8jt niveau, og jeg har faktisk sv\u00e6rt ved at f\u00e5 armene ned af blot begejstring. L\u00e6s den, og l\u00e6s den sa\u030a igen&quot; - Litteraturformidleren  \u201dUma\u030adeligt sv\u00e6rt at v\u00e6re upa\u030avirket af som l\u00e6ser\u201d - Littina.nu   Katla Styx er barn af rastepladserne langs motorvejene i Europa. Hun inviterer os med p\u00e5 en rejse gennem fysiske og psykiske landskaber \u2013 fra fjeldtoppe indhyllet i t\u00e5ge, til r\u00f8gfyldte bodegaer i K\u00f8benhavn og videre ind i fremmede m\u00e6nds m\u00f8rke sovev\u00e6relser, lyster og brister. En rejse gennem hverdag og vanvid; en rejse som foretages med tunge kampesten i brystet og n\u00e5r helt ud til det punkt i horisonten hvor solen d\u00f8r, hjertet sl\u00e5r sk\u00e5r og sproget mister sin betydning.\" \/>\n<meta property=\"og:url\" content=\"https:\/\/baggaardsbaroner.com\/en\/product\/velkommen-til-kontinentet\/\" \/>\n<meta property=\"og:site_name\" content=\"Baggaardsbaroner\" \/>\n<meta property=\"article:modified_time\" content=\"2025-02-25T14:18:46+00:00\" \/>\n<meta property=\"og:image\" content=\"https:\/\/baggaardsbaroner.com\/wp-content\/uploads\/Kontinentet-1-scaled.jpg\" \/>\n\t<meta property=\"og:image:width\" content=\"2048\" \/>\n\t<meta property=\"og:image:height\" content=\"2048\" \/>\n\t<meta property=\"og:image:type\" content=\"image\/jpeg\" \/>\n<meta name=\"twitter:card\" content=\"summary_large_image\" \/>\n<meta name=\"twitter:label1\" content=\"Estimated reading time\" \/>\n\t<meta name=\"twitter:data1\" content=\"2 minutes\" \/>\n<script type=\"application\/ld+json\" class=\"yoast-schema-graph\">{\"@context\":\"https:\\\/\\\/schema.org\",\"@graph\":[{\"@type\":\"WebPage\",\"@id\":\"https:\\\/\\\/baggaardsbaroner.com\\\/vare\\\/velkommen-til-kontinentet\\\/\",\"url\":\"https:\\\/\\\/baggaardsbaroner.com\\\/vare\\\/velkommen-til-kontinentet\\\/\",\"name\":\"Velkommen til kontinentet | Baggaardsbaroner\",\"isPartOf\":{\"@id\":\"https:\\\/\\\/baggaardsbaroner.com\\\/#website\"},\"primaryImageOfPage\":{\"@id\":\"https:\\\/\\\/baggaardsbaroner.com\\\/vare\\\/velkommen-til-kontinentet\\\/#primaryimage\"},\"image\":{\"@id\":\"https:\\\/\\\/baggaardsbaroner.com\\\/vare\\\/velkommen-til-kontinentet\\\/#primaryimage\"},\"thumbnailUrl\":\"https:\\\/\\\/baggaardsbaroner.com\\\/wp-content\\\/uploads\\\/Kontinentet-1-scaled.jpg\",\"datePublished\":\"2025-02-25T11:12:52+00:00\",\"dateModified\":\"2025-02-25T14:18:46+00:00\",\"breadcrumb\":{\"@id\":\"https:\\\/\\\/baggaardsbaroner.com\\\/vare\\\/velkommen-til-kontinentet\\\/#breadcrumb\"},\"inLanguage\":\"en-GB\",\"potentialAction\":[{\"@type\":\"ReadAction\",\"target\":[\"https:\\\/\\\/baggaardsbaroner.com\\\/vare\\\/velkommen-til-kontinentet\\\/\"]}]},{\"@type\":\"ImageObject\",\"inLanguage\":\"en-GB\",\"@id\":\"https:\\\/\\\/baggaardsbaroner.com\\\/vare\\\/velkommen-til-kontinentet\\\/#primaryimage\",\"url\":\"https:\\\/\\\/baggaardsbaroner.com\\\/wp-content\\\/uploads\\\/Kontinentet-1-scaled.jpg\",\"contentUrl\":\"https:\\\/\\\/baggaardsbaroner.com\\\/wp-content\\\/uploads\\\/Kontinentet-1-scaled.jpg\",\"width\":2048,\"height\":2048},{\"@type\":\"BreadcrumbList\",\"@id\":\"https:\\\/\\\/baggaardsbaroner.com\\\/vare\\\/velkommen-til-kontinentet\\\/#breadcrumb\",\"itemListElement\":[{\"@type\":\"ListItem\",\"position\":1,\"name\":\"Forside\",\"item\":\"https:\\\/\\\/baggaardsbaroner.com\\\/\"},{\"@type\":\"ListItem\",\"position\":2,\"name\":\"Shop\",\"item\":\"https:\\\/\\\/baggaardsbaroner.com\\\/shop\\\/\"},{\"@type\":\"ListItem\",\"position\":3,\"name\":\"B\u00f8ger\",\"item\":\"https:\\\/\\\/baggaardsbaroner.com\\\/kategori\\\/boeger\\\/\"},{\"@type\":\"ListItem\",\"position\":4,\"name\":\"Velkommen til kontinentet\"}]},{\"@type\":\"WebSite\",\"@id\":\"https:\\\/\\\/baggaardsbaroner.com\\\/#website\",\"url\":\"https:\\\/\\\/baggaardsbaroner.com\\\/\",\"name\":\"Baggaardsbaroner\",\"description\":\"\",\"publisher\":{\"@id\":\"https:\\\/\\\/baggaardsbaroner.com\\\/#organization\"},\"potentialAction\":[{\"@type\":\"SearchAction\",\"target\":{\"@type\":\"EntryPoint\",\"urlTemplate\":\"https:\\\/\\\/baggaardsbaroner.com\\\/?s={search_term_string}\"},\"query-input\":{\"@type\":\"PropertyValueSpecification\",\"valueRequired\":true,\"valueName\":\"search_term_string\"}}],\"inLanguage\":\"en-GB\"},{\"@type\":\"Organization\",\"@id\":\"https:\\\/\\\/baggaardsbaroner.com\\\/#organization\",\"name\":\"Baggaardsbaroner\",\"url\":\"https:\\\/\\\/baggaardsbaroner.com\\\/\",\"logo\":{\"@type\":\"ImageObject\",\"inLanguage\":\"en-GB\",\"@id\":\"https:\\\/\\\/baggaardsbaroner.com\\\/#\\\/schema\\\/logo\\\/image\\\/\",\"url\":\"https:\\\/\\\/baggaardsbaroner.com\\\/wp-content\\\/uploads\\\/logony.png\",\"contentUrl\":\"https:\\\/\\\/baggaardsbaroner.com\\\/wp-content\\\/uploads\\\/logony.png\",\"width\":263,\"height\":103,\"caption\":\"Baggaardsbaroner\"},\"image\":{\"@id\":\"https:\\\/\\\/baggaardsbaroner.com\\\/#\\\/schema\\\/logo\\\/image\\\/\"}}]}<\/script>\n<!-- \/ Yoast SEO plugin. -->","yoast_head_json":{"title":"Velkommen til kontinentet | Baggaardsbaroner","robots":{"index":"index","follow":"follow","max-snippet":"max-snippet:-1","max-image-preview":"max-image-preview:large","max-video-preview":"max-video-preview:-1"},"canonical":"https:\/\/baggaardsbaroner.com\/en\/product\/velkommen-til-kontinentet\/","og_locale":"en_GB","og_type":"article","og_title":"Velkommen til kontinentet | Baggaardsbaroner","og_description":"\u2605 \u2605 \u2605 \u2605 \u2605 \u2605  \u2665\ufe0e \u2665\ufe0e \u2665\ufe0e \u2665\ufe0e \u2665\ufe0e \u2665\ufe0e   \"Velskrevet, dragende og poetisk og med en fantastisk fin billedside. Det er litteratur p\u00e5 et virkelig h\u00f8jt niveau, og jeg har faktisk sv\u00e6rt ved at f\u00e5 armene ned af blot begejstring. L\u00e6s den, og l\u00e6s den sa\u030a igen\" - Litteraturformidleren  \u201dUma\u030adeligt sv\u00e6rt at v\u00e6re upa\u030avirket af som l\u00e6ser\u201d - Littina.nu   Katla Styx er barn af rastepladserne langs motorvejene i Europa. Hun inviterer os med p\u00e5 en rejse gennem fysiske og psykiske landskaber \u2013 fra fjeldtoppe indhyllet i t\u00e5ge, til r\u00f8gfyldte bodegaer i K\u00f8benhavn og videre ind i fremmede m\u00e6nds m\u00f8rke sovev\u00e6relser, lyster og brister. En rejse gennem hverdag og vanvid; en rejse som foretages med tunge kampesten i brystet og n\u00e5r helt ud til det punkt i horisonten hvor solen d\u00f8r, hjertet sl\u00e5r sk\u00e5r og sproget mister sin betydning.","og_url":"https:\/\/baggaardsbaroner.com\/en\/product\/velkommen-til-kontinentet\/","og_site_name":"Baggaardsbaroner","article_modified_time":"2025-02-25T14:18:46+00:00","og_image":[{"width":2048,"height":2048,"url":"https:\/\/baggaardsbaroner.com\/wp-content\/uploads\/Kontinentet-1-scaled.jpg","type":"image\/jpeg"}],"twitter_card":"summary_large_image","twitter_misc":{"Estimated reading time":"2 minutes"},"schema":{"@context":"https:\/\/schema.org","@graph":[{"@type":"WebPage","@id":"https:\/\/baggaardsbaroner.com\/vare\/velkommen-til-kontinentet\/","url":"https:\/\/baggaardsbaroner.com\/vare\/velkommen-til-kontinentet\/","name":"Velkommen til kontinentet | Baggaardsbaroner","isPartOf":{"@id":"https:\/\/baggaardsbaroner.com\/#website"},"primaryImageOfPage":{"@id":"https:\/\/baggaardsbaroner.com\/vare\/velkommen-til-kontinentet\/#primaryimage"},"image":{"@id":"https:\/\/baggaardsbaroner.com\/vare\/velkommen-til-kontinentet\/#primaryimage"},"thumbnailUrl":"https:\/\/baggaardsbaroner.com\/wp-content\/uploads\/Kontinentet-1-scaled.jpg","datePublished":"2025-02-25T11:12:52+00:00","dateModified":"2025-02-25T14:18:46+00:00","breadcrumb":{"@id":"https:\/\/baggaardsbaroner.com\/vare\/velkommen-til-kontinentet\/#breadcrumb"},"inLanguage":"en-GB","potentialAction":[{"@type":"ReadAction","target":["https:\/\/baggaardsbaroner.com\/vare\/velkommen-til-kontinentet\/"]}]},{"@type":"ImageObject","inLanguage":"en-GB","@id":"https:\/\/baggaardsbaroner.com\/vare\/velkommen-til-kontinentet\/#primaryimage","url":"https:\/\/baggaardsbaroner.com\/wp-content\/uploads\/Kontinentet-1-scaled.jpg","contentUrl":"https:\/\/baggaardsbaroner.com\/wp-content\/uploads\/Kontinentet-1-scaled.jpg","width":2048,"height":2048},{"@type":"BreadcrumbList","@id":"https:\/\/baggaardsbaroner.com\/vare\/velkommen-til-kontinentet\/#breadcrumb","itemListElement":[{"@type":"ListItem","position":1,"name":"Forside","item":"https:\/\/baggaardsbaroner.com\/"},{"@type":"ListItem","position":2,"name":"Shop","item":"https:\/\/baggaardsbaroner.com\/shop\/"},{"@type":"ListItem","position":3,"name":"B\u00f8ger","item":"https:\/\/baggaardsbaroner.com\/kategori\/boeger\/"},{"@type":"ListItem","position":4,"name":"Velkommen til kontinentet"}]},{"@type":"WebSite","@id":"https:\/\/baggaardsbaroner.com\/#website","url":"https:\/\/baggaardsbaroner.com\/","name":"Baggaardsbaroner","description":"","publisher":{"@id":"https:\/\/baggaardsbaroner.com\/#organization"},"potentialAction":[{"@type":"SearchAction","target":{"@type":"EntryPoint","urlTemplate":"https:\/\/baggaardsbaroner.com\/?s={search_term_string}"},"query-input":{"@type":"PropertyValueSpecification","valueRequired":true,"valueName":"search_term_string"}}],"inLanguage":"en-GB"},{"@type":"Organization","@id":"https:\/\/baggaardsbaroner.com\/#organization","name":"Baggaardsbaroner","url":"https:\/\/baggaardsbaroner.com\/","logo":{"@type":"ImageObject","inLanguage":"en-GB","@id":"https:\/\/baggaardsbaroner.com\/#\/schema\/logo\/image\/","url":"https:\/\/baggaardsbaroner.com\/wp-content\/uploads\/logony.png","contentUrl":"https:\/\/baggaardsbaroner.com\/wp-content\/uploads\/logony.png","width":263,"height":103,"caption":"Baggaardsbaroner"},"image":{"@id":"https:\/\/baggaardsbaroner.com\/#\/schema\/logo\/image\/"}}]}},"_links":{"self":[{"href":"https:\/\/baggaardsbaroner.com\/en\/wp-json\/wp\/v2\/product\/7186","targetHints":{"allow":["GET"]}}],"collection":[{"href":"https:\/\/baggaardsbaroner.com\/en\/wp-json\/wp\/v2\/product"}],"about":[{"href":"https:\/\/baggaardsbaroner.com\/en\/wp-json\/wp\/v2\/types\/product"}],"version-history":[{"count":4,"href":"https:\/\/baggaardsbaroner.com\/en\/wp-json\/wp\/v2\/product\/7186\/revisions"}],"predecessor-version":[{"id":7209,"href":"https:\/\/baggaardsbaroner.com\/en\/wp-json\/wp\/v2\/product\/7186\/revisions\/7209"}],"wp:featuredmedia":[{"embeddable":true,"href":"https:\/\/baggaardsbaroner.com\/en\/wp-json\/wp\/v2\/media\/7188"}],"wp:attachment":[{"href":"https:\/\/baggaardsbaroner.com\/en\/wp-json\/wp\/v2\/media?parent=7186"}],"wp:term":[{"taxonomy":"product_brand","embeddable":true,"href":"https:\/\/baggaardsbaroner.com\/en\/wp-json\/wp\/v2\/product_brand?post=7186"},{"taxonomy":"product_cat","embeddable":true,"href":"https:\/\/baggaardsbaroner.com\/en\/wp-json\/wp\/v2\/product_cat?post=7186"},{"taxonomy":"product_tag","embeddable":true,"href":"https:\/\/baggaardsbaroner.com\/en\/wp-json\/wp\/v2\/product_tag?post=7186"}],"curies":[{"name":"wp","href":"https:\/\/api.w.org\/{rel}","templated":true}]}}