{"id":7193,"date":"2025-02-25T12:40:59","date_gmt":"2025-02-25T11:40:59","guid":{"rendered":"https:\/\/baggaardsbaroner.com\/\/?post_type=product&#038;p=7193"},"modified":"2026-03-14T03:36:48","modified_gmt":"2026-03-14T02:36:48","slug":"is-anna-kavan","status":"publish","type":"product","link":"https:\/\/baggaardsbaroner.com\/en\/product\/is-anna-kavan\/","title":{"rendered":"ICE"},"content":{"rendered":"<div class=\"et_pb_module et_pb_wc_description et_pb_wc_description_0_tb_body et_pb_bg_layout_light et_pb_text_align_left\">\n<div class=\"et_pb_module_inner\">\n<div class=\"et_pb_column et_pb_column_4_4 et_pb_column_2_tb_body et_pb_css_mix_blend_mode_passthrough et-last-child\">\n<div class=\"et_pb_module et_pb_post_content et_pb_post_content_0_tb_body\">\n<div class=\"et_pb_module et_pb_wc_description et_pb_wc_description_0_tb_body et_pb_bg_layout_light et_pb_text_align_left\">\n<div class=\"et_pb_module et_pb_post_content et_pb_post_content_0_tb_body\">\n<p>\u2665 \u2665 \u2665 \u2665 \u2665<\/p>\n<p><em>\"It is a deeply unsettling and eerie book \u2013 with its blend of clarity and catastrophe, ice and irrationality.\"<br \/>\n<\/em>\u2013 Politiken<\/p>\n<p>\u201c<em>\"It is masterful, feminist eco-criticism, and it is wonderful that this shattering novel is now available in Danish.  \n  \nAlso, praise to illustrator Uncle Hawaii, who has given the publication a beautifully dark aesthetic in ice blue, petroleum, and dusty deep carnation red.\"<\/em>\u201d<br \/>\n\u2013 Weekendavisen<\/p>\n<p><em>\"An action-packed death drive toward the end of the world. It is unsettling on countless levels and contains striking moments of bizarre poetry. This book can mess with your head like no other novel.\"<br \/>\n<\/em>\u2013 Vagant<\/p>\n<p><em>\u201c\u2026 a dream play \u2026 However we choose to classify the book, there is nothing else like it.\u201d<\/em><br \/>\n\u2013 Doris Lessing<\/p>\n<p><em>\u201c\u2026 a book that hides, that glimmers, like \u2018the girl\u2019 at the center of its stark, fable-like tableau of disasters, persecution, and compulsive repetition. \u2026 Though *Ice* is always luminous and easily comprehensible, nothing within it is simple, as it concentrates the qualities of both the labyrinth and the mirror.\u201d<\/em><br \/>\n\u2013 Jonathan Lethem<\/p>\n<p><em>\"Anna Kavan's novel from the 1960s about misogyny and climate change possesses an almost prophetic dimension.\"<\/em><br \/>\n\u2013 Ida Th\u00e9ren, <em>Svenska Dagbladet <\/em><\/p>\n<p>&nbsp;<\/p>\n<p>Day by day, hour by hour, second by second, walls of ice advance from the North and South Poles. Cities are abandoned, waves of refugees are driven back and forth, civilians are massacred, and nuclear missiles are deployed. War rages everywhere, and no one knows who is friend or foe as nature and civilization collapse around them.<br \/>\nAnd amid this collapse unfolds an intense love triangle between the narrator, the young woman, and the tyrannical Commander, who sadistically torments the woman\u2014who, more or less willingly, submits in one hallucinatory tableau after another.<\/p>\n<p><em>\"<\/em> ICE\" is considered a modern British classic and a key work in an authorship that was once known only to the initiated but is now undergoing extensive rediscovery and reevaluation.  \n\nIn Denmark, authors such as Olga Ravn, Harald Voetmann, and Fine Gr\u00e5b\u00f8l are fans; internationally, figures like Patti Smith, Ana\u00efs Nin, Deborah Levy, and J.G. Ballard have expressed their admiration over the years.  \n\nWith its focus on opioid addiction, psychopathology, female oppression, and violent sexuality, Kavan may have been ahead of her time\u2014and perhaps for that very reason, she feels strangely contemporary today.<\/p>\n<p>The novel has been interpreted as feminist, eco-critical, and post-apocalyptic science fiction, a disaster novel, *roman nouveau*, Cold War thriller, and even as an allegory of the author's own heroin addiction. But above all, it is profoundly unstable\u2014layering unreality upon unreality, constructing a dreamlike and dystopian universe.<\/p>\n<p>\u201c<em>I was lost, and it was already getting dark. I had been driving for hours and was nearly out of gas. The thought of being stranded in the darkness in these desolate mountain regions made me uneasy, so I was relieved to see a road sign and an exit leading to a gas station.  \n\nAs I rolled down the window to speak with the attendant, I had to turn up my collar against the cold. He chatted about the weather as he filled the car\u2019s tank.<br \/>\n\"It has never been this cold at this time of year before. The weather forecast says everything is freezing over.\"<br \/>\n\"Most of my life had been spent abroad, either as a soldier or a globetrotter in distant lands. But even though I had recently returned from the tropics and the harsh frost didn\u2019t bother me much, I was struck by the ominous tone in his words.  \n\nEager to move on, I asked for directions to the small town I was looking for.\"<br \/>\n\"You'll never find it in this darkness. It's quite remote, and the mountain roads are deadly when iced over.\"<\/em>\u201d<\/p>\n<p>Anna Kavan (1901-1968), born Helen Emily Woods, grew up as an only child in a wealthy British family that frequently traveled between<br \/>\nEurope, England, and the USA. She debuted as a writer in 1929 and wrote a number of novels under her married name, Helen Ferguson. However, after a stay at a sanatorium in Switzerland just before World War II, she reinvented herself as the platinum blonde Anna Kavan, named after a character in one of her early novels. *Ice* was published in 1967 and is considered Kavan's magnum opus. She died of a heart attack the following year.<\/p>\n<p>Published in collaboration with FORLAGET SIDSTE \u00c5RHUNDREDE.<\/p>\n<p>Illustrations by Uncle Hawaii<\/p>\n<\/div>\n<\/div>\n<\/div>\n<\/div>\n<\/div>\n<\/div>","protected":false},"excerpt":{"rendered":"<div class=\"et_pb_module et_pb_wc_description et_pb_wc_description_0_tb_body et_pb_bg_layout_light et_pb_text_align_left\">\n<div class=\"et_pb_module_inner\">\n<div class=\"et_pb_module et_pb_wc_description et_pb_wc_description_0_tb_body et_pb_bg_layout_light et_pb_text_align_left\">\n<div class=\"et_pb_module et_pb_wc_description et_pb_wc_description_0_tb_body et_pb_bg_layout_light  et_pb_text_align_left\">\n<div class=\"et_pb_module_inner\">\n<p>\u2665 \u2665 \u2665 \u2665 \u2665<\/p>\n<p><em>\"It is a deeply unsettling and eerie book \u2013 with its blend of clarity and catastrophe, ice and irrationality.\"<br \/>\n<\/em>\u2013 Politiken<\/p>\n<p>\u201c<em>\"It is masterful, feminist eco-criticism, and it is wonderful that this shattering novel is now available in Danish.  \n  \nAlso, praise to illustrator Uncle Hawaii, who has given the publication a beautifully dark aesthetic in ice blue, petroleum, and dusty deep carnation red.\"<\/em>\u201d<br \/>\n\u2013 Weekendavisen<\/p>\n<p><em>\"An action-packed death drive toward the end of the world. It is unsettling on countless levels and contains striking moments of bizarre poetry. This book can mess with your head like no other novel.\"<br \/>\n<\/em>\u2013 Vagant<\/p>\n<p>A man sets out into the world to rescue a young woman from the clutches of a sadistic figure known as the Commander. Around him, a climate catastrophe rages, triggered by the weapons of mass destruction from a world war. Permafrost and glaciers are covering more and more of the planet.<\/p>\n<p>The novel has been interpreted as feminist, eco-critical, and post-apocalyptic science fiction, a disaster novel, *roman nouveau*, Cold War thriller, and even as an allegory of the author's own heroin addiction. But above all, it is profoundly unstable\u2014layering unreality upon unreality, constructing a dreamlike and dystopian universe.<\/p>\n<\/div>\n<\/div>\n<\/div>\n<\/div>\n<\/div>","protected":false},"featured_media":7059,"template":"","meta":{"_acf_changed":false},"product_brand":[],"product_cat":[81],"product_tag":[],"class_list":{"0":"post-7193","1":"product","2":"type-product","3":"status-publish","4":"has-post-thumbnail","6":"product_cat-boeger","8":"first","9":"instock","10":"taxable","11":"shipping-taxable","12":"purchasable","13":"product-type-simple"},"acf":[],"yoast_head":"<!-- This site is optimized with the Yoast SEO plugin v27.4 - https:\/\/yoast.com\/product\/yoast-seo-wordpress\/ -->\n<title>IS | Baggaardsbaroner<\/title>\n<meta name=\"robots\" content=\"index, follow, max-snippet:-1, max-image-preview:large, max-video-preview:-1\" \/>\n<link rel=\"canonical\" href=\"https:\/\/baggaardsbaroner.com\/en\/product\/is-anna-kavan\/\" \/>\n<meta property=\"og:locale\" content=\"en_GB\" \/>\n<meta property=\"og:type\" content=\"article\" \/>\n<meta property=\"og:title\" content=\"IS | Baggaardsbaroner\" \/>\n<meta property=\"og:description\" content=\"\u2665 \u2665 \u2665 \u2665 \u2665  &quot;Det er en dybt ubehagelig og uhyggelig bog \u2013 med dens blanding af: klarhed og katastrofe, is og irrationalitet&quot; \u2013 Politiken  \u201cDet er ferm, feministisk \u00f8kokritik, og det er dejligt, at denne splintrende roman nu findes p\u00e5 dansk.\u00a0Ros ogs\u00e5 til illustrator Onkel Hawaii, som har givet udgivelsen en flot-dyster \u00e6stetik i isbl\u00e5, petroleum og st\u00f8vet m\u00f8rk nelliker\u00f8d\u201d \u2013 Weekendavisen  &quot;En actionfyldt d\u00f8dsdrift mod verdens ende. Det er ubehagelig p\u00e5 et utal af niveauer og indeholder frapperende \u00f8jeblikke af bizar poesi. Den kan fucke med dit hoved som ingen anden roman&quot; \u2013 Vagant  En mand drager ud i verden for at redde en ung kvinde ud af kl\u00f8erne p\u00e5 en sadistisk mand kaldet Kommandanten. Omkring ham h\u00e6rger en klimakatastrofe udl\u00f8st af en verdenskrigs masse\u00f8del\u00e6ggelsesv\u00e5ben. Permafrost og gletsjere d\u00e6kker st\u00f8rre og st\u00f8rre dele af jordkloden.  Romanen er blevet l\u00e6st som feministisk, \u00f8kokritisk og postapokalyptisk science fiction, katastroferoman, roman nouveau, koldkrigsthriller og som en allegori over forfatterens eget heroinmisbrug, Men den er f\u00f8rst og fremmest h\u00f8jst ustabil, l\u00e6gger lag p\u00e5 lag af uvirkelighed oven i hinanden og fremskriver et dr\u00f8mmelignende og dystopisk univers.\" \/>\n<meta property=\"og:url\" content=\"https:\/\/baggaardsbaroner.com\/en\/product\/is-anna-kavan\/\" \/>\n<meta property=\"og:site_name\" content=\"Baggaardsbaroner\" \/>\n<meta property=\"article:modified_time\" content=\"2026-03-14T02:36:48+00:00\" \/>\n<meta property=\"og:image\" content=\"https:\/\/baggaardsbaroner.com\/wp-content\/uploads\/3-scaled.jpg\" \/>\n\t<meta property=\"og:image:width\" content=\"2048\" \/>\n\t<meta property=\"og:image:height\" content=\"2048\" \/>\n\t<meta property=\"og:image:type\" content=\"image\/jpeg\" \/>\n<meta name=\"twitter:card\" content=\"summary_large_image\" \/>\n<meta name=\"twitter:label1\" content=\"Estimated reading time\" \/>\n\t<meta name=\"twitter:data1\" content=\"4 minutes\" \/>\n<script type=\"application\/ld+json\" class=\"yoast-schema-graph\">{\"@context\":\"https:\\\/\\\/schema.org\",\"@graph\":[{\"@type\":\"WebPage\",\"@id\":\"https:\\\/\\\/baggaardsbaroner.com\\\/vare\\\/is-anna-kavan\\\/\",\"url\":\"https:\\\/\\\/baggaardsbaroner.com\\\/vare\\\/is-anna-kavan\\\/\",\"name\":\"IS | Baggaardsbaroner\",\"isPartOf\":{\"@id\":\"https:\\\/\\\/baggaardsbaroner.com\\\/#website\"},\"primaryImageOfPage\":{\"@id\":\"https:\\\/\\\/baggaardsbaroner.com\\\/vare\\\/is-anna-kavan\\\/#primaryimage\"},\"image\":{\"@id\":\"https:\\\/\\\/baggaardsbaroner.com\\\/vare\\\/is-anna-kavan\\\/#primaryimage\"},\"thumbnailUrl\":\"https:\\\/\\\/baggaardsbaroner.com\\\/wp-content\\\/uploads\\\/3-scaled.jpg\",\"datePublished\":\"2025-02-25T11:40:59+00:00\",\"dateModified\":\"2026-03-14T02:36:48+00:00\",\"breadcrumb\":{\"@id\":\"https:\\\/\\\/baggaardsbaroner.com\\\/vare\\\/is-anna-kavan\\\/#breadcrumb\"},\"inLanguage\":\"en-GB\",\"potentialAction\":[{\"@type\":\"ReadAction\",\"target\":[\"https:\\\/\\\/baggaardsbaroner.com\\\/vare\\\/is-anna-kavan\\\/\"]}]},{\"@type\":\"ImageObject\",\"inLanguage\":\"en-GB\",\"@id\":\"https:\\\/\\\/baggaardsbaroner.com\\\/vare\\\/is-anna-kavan\\\/#primaryimage\",\"url\":\"https:\\\/\\\/baggaardsbaroner.com\\\/wp-content\\\/uploads\\\/3-scaled.jpg\",\"contentUrl\":\"https:\\\/\\\/baggaardsbaroner.com\\\/wp-content\\\/uploads\\\/3-scaled.jpg\",\"width\":2048,\"height\":2048},{\"@type\":\"BreadcrumbList\",\"@id\":\"https:\\\/\\\/baggaardsbaroner.com\\\/vare\\\/is-anna-kavan\\\/#breadcrumb\",\"itemListElement\":[{\"@type\":\"ListItem\",\"position\":1,\"name\":\"Forside\",\"item\":\"https:\\\/\\\/baggaardsbaroner.com\\\/\"},{\"@type\":\"ListItem\",\"position\":2,\"name\":\"Shop\",\"item\":\"https:\\\/\\\/baggaardsbaroner.com\\\/shop\\\/\"},{\"@type\":\"ListItem\",\"position\":3,\"name\":\"B\u00f8ger\",\"item\":\"https:\\\/\\\/baggaardsbaroner.com\\\/kategori\\\/boeger\\\/\"},{\"@type\":\"ListItem\",\"position\":4,\"name\":\"IS\"}]},{\"@type\":\"WebSite\",\"@id\":\"https:\\\/\\\/baggaardsbaroner.com\\\/#website\",\"url\":\"https:\\\/\\\/baggaardsbaroner.com\\\/\",\"name\":\"Baggaardsbaroner\",\"description\":\"\",\"publisher\":{\"@id\":\"https:\\\/\\\/baggaardsbaroner.com\\\/#organization\"},\"potentialAction\":[{\"@type\":\"SearchAction\",\"target\":{\"@type\":\"EntryPoint\",\"urlTemplate\":\"https:\\\/\\\/baggaardsbaroner.com\\\/?s={search_term_string}\"},\"query-input\":{\"@type\":\"PropertyValueSpecification\",\"valueRequired\":true,\"valueName\":\"search_term_string\"}}],\"inLanguage\":\"en-GB\"},{\"@type\":\"Organization\",\"@id\":\"https:\\\/\\\/baggaardsbaroner.com\\\/#organization\",\"name\":\"Baggaardsbaroner\",\"url\":\"https:\\\/\\\/baggaardsbaroner.com\\\/\",\"logo\":{\"@type\":\"ImageObject\",\"inLanguage\":\"en-GB\",\"@id\":\"https:\\\/\\\/baggaardsbaroner.com\\\/#\\\/schema\\\/logo\\\/image\\\/\",\"url\":\"https:\\\/\\\/baggaardsbaroner.com\\\/wp-content\\\/uploads\\\/logony.png\",\"contentUrl\":\"https:\\\/\\\/baggaardsbaroner.com\\\/wp-content\\\/uploads\\\/logony.png\",\"width\":263,\"height\":103,\"caption\":\"Baggaardsbaroner\"},\"image\":{\"@id\":\"https:\\\/\\\/baggaardsbaroner.com\\\/#\\\/schema\\\/logo\\\/image\\\/\"}}]}<\/script>\n<!-- \/ Yoast SEO plugin. -->","yoast_head_json":{"title":"IS | Baggaardsbaroner","robots":{"index":"index","follow":"follow","max-snippet":"max-snippet:-1","max-image-preview":"max-image-preview:large","max-video-preview":"max-video-preview:-1"},"canonical":"https:\/\/baggaardsbaroner.com\/en\/product\/is-anna-kavan\/","og_locale":"en_GB","og_type":"article","og_title":"IS | Baggaardsbaroner","og_description":"\u2665 \u2665 \u2665 \u2665 \u2665  \"Det er en dybt ubehagelig og uhyggelig bog \u2013 med dens blanding af: klarhed og katastrofe, is og irrationalitet\" \u2013 Politiken  \u201cDet er ferm, feministisk \u00f8kokritik, og det er dejligt, at denne splintrende roman nu findes p\u00e5 dansk.\u00a0Ros ogs\u00e5 til illustrator Onkel Hawaii, som har givet udgivelsen en flot-dyster \u00e6stetik i isbl\u00e5, petroleum og st\u00f8vet m\u00f8rk nelliker\u00f8d\u201d \u2013 Weekendavisen  \"En actionfyldt d\u00f8dsdrift mod verdens ende. Det er ubehagelig p\u00e5 et utal af niveauer og indeholder frapperende \u00f8jeblikke af bizar poesi. Den kan fucke med dit hoved som ingen anden roman\" \u2013 Vagant  En mand drager ud i verden for at redde en ung kvinde ud af kl\u00f8erne p\u00e5 en sadistisk mand kaldet Kommandanten. Omkring ham h\u00e6rger en klimakatastrofe udl\u00f8st af en verdenskrigs masse\u00f8del\u00e6ggelsesv\u00e5ben. Permafrost og gletsjere d\u00e6kker st\u00f8rre og st\u00f8rre dele af jordkloden.  Romanen er blevet l\u00e6st som feministisk, \u00f8kokritisk og postapokalyptisk science fiction, katastroferoman, roman nouveau, koldkrigsthriller og som en allegori over forfatterens eget heroinmisbrug, Men den er f\u00f8rst og fremmest h\u00f8jst ustabil, l\u00e6gger lag p\u00e5 lag af uvirkelighed oven i hinanden og fremskriver et dr\u00f8mmelignende og dystopisk univers.","og_url":"https:\/\/baggaardsbaroner.com\/en\/product\/is-anna-kavan\/","og_site_name":"Baggaardsbaroner","article_modified_time":"2026-03-14T02:36:48+00:00","og_image":[{"width":2048,"height":2048,"url":"https:\/\/baggaardsbaroner.com\/wp-content\/uploads\/3-scaled.jpg","type":"image\/jpeg"}],"twitter_card":"summary_large_image","twitter_misc":{"Estimated reading time":"4 minutes"},"schema":{"@context":"https:\/\/schema.org","@graph":[{"@type":"WebPage","@id":"https:\/\/baggaardsbaroner.com\/vare\/is-anna-kavan\/","url":"https:\/\/baggaardsbaroner.com\/vare\/is-anna-kavan\/","name":"IS | Baggaardsbaroner","isPartOf":{"@id":"https:\/\/baggaardsbaroner.com\/#website"},"primaryImageOfPage":{"@id":"https:\/\/baggaardsbaroner.com\/vare\/is-anna-kavan\/#primaryimage"},"image":{"@id":"https:\/\/baggaardsbaroner.com\/vare\/is-anna-kavan\/#primaryimage"},"thumbnailUrl":"https:\/\/baggaardsbaroner.com\/wp-content\/uploads\/3-scaled.jpg","datePublished":"2025-02-25T11:40:59+00:00","dateModified":"2026-03-14T02:36:48+00:00","breadcrumb":{"@id":"https:\/\/baggaardsbaroner.com\/vare\/is-anna-kavan\/#breadcrumb"},"inLanguage":"en-GB","potentialAction":[{"@type":"ReadAction","target":["https:\/\/baggaardsbaroner.com\/vare\/is-anna-kavan\/"]}]},{"@type":"ImageObject","inLanguage":"en-GB","@id":"https:\/\/baggaardsbaroner.com\/vare\/is-anna-kavan\/#primaryimage","url":"https:\/\/baggaardsbaroner.com\/wp-content\/uploads\/3-scaled.jpg","contentUrl":"https:\/\/baggaardsbaroner.com\/wp-content\/uploads\/3-scaled.jpg","width":2048,"height":2048},{"@type":"BreadcrumbList","@id":"https:\/\/baggaardsbaroner.com\/vare\/is-anna-kavan\/#breadcrumb","itemListElement":[{"@type":"ListItem","position":1,"name":"Forside","item":"https:\/\/baggaardsbaroner.com\/"},{"@type":"ListItem","position":2,"name":"Shop","item":"https:\/\/baggaardsbaroner.com\/shop\/"},{"@type":"ListItem","position":3,"name":"B\u00f8ger","item":"https:\/\/baggaardsbaroner.com\/kategori\/boeger\/"},{"@type":"ListItem","position":4,"name":"IS"}]},{"@type":"WebSite","@id":"https:\/\/baggaardsbaroner.com\/#website","url":"https:\/\/baggaardsbaroner.com\/","name":"Baggaardsbaroner","description":"","publisher":{"@id":"https:\/\/baggaardsbaroner.com\/#organization"},"potentialAction":[{"@type":"SearchAction","target":{"@type":"EntryPoint","urlTemplate":"https:\/\/baggaardsbaroner.com\/?s={search_term_string}"},"query-input":{"@type":"PropertyValueSpecification","valueRequired":true,"valueName":"search_term_string"}}],"inLanguage":"en-GB"},{"@type":"Organization","@id":"https:\/\/baggaardsbaroner.com\/#organization","name":"Baggaardsbaroner","url":"https:\/\/baggaardsbaroner.com\/","logo":{"@type":"ImageObject","inLanguage":"en-GB","@id":"https:\/\/baggaardsbaroner.com\/#\/schema\/logo\/image\/","url":"https:\/\/baggaardsbaroner.com\/wp-content\/uploads\/logony.png","contentUrl":"https:\/\/baggaardsbaroner.com\/wp-content\/uploads\/logony.png","width":263,"height":103,"caption":"Baggaardsbaroner"},"image":{"@id":"https:\/\/baggaardsbaroner.com\/#\/schema\/logo\/image\/"}}]}},"_links":{"self":[{"href":"https:\/\/baggaardsbaroner.com\/en\/wp-json\/wp\/v2\/product\/7193","targetHints":{"allow":["GET"]}}],"collection":[{"href":"https:\/\/baggaardsbaroner.com\/en\/wp-json\/wp\/v2\/product"}],"about":[{"href":"https:\/\/baggaardsbaroner.com\/en\/wp-json\/wp\/v2\/types\/product"}],"version-history":[{"count":1,"href":"https:\/\/baggaardsbaroner.com\/en\/wp-json\/wp\/v2\/product\/7193\/revisions"}],"predecessor-version":[{"id":7194,"href":"https:\/\/baggaardsbaroner.com\/en\/wp-json\/wp\/v2\/product\/7193\/revisions\/7194"}],"wp:featuredmedia":[{"embeddable":true,"href":"https:\/\/baggaardsbaroner.com\/en\/wp-json\/wp\/v2\/media\/7059"}],"wp:attachment":[{"href":"https:\/\/baggaardsbaroner.com\/en\/wp-json\/wp\/v2\/media?parent=7193"}],"wp:term":[{"taxonomy":"product_brand","embeddable":true,"href":"https:\/\/baggaardsbaroner.com\/en\/wp-json\/wp\/v2\/product_brand?post=7193"},{"taxonomy":"product_cat","embeddable":true,"href":"https:\/\/baggaardsbaroner.com\/en\/wp-json\/wp\/v2\/product_cat?post=7193"},{"taxonomy":"product_tag","embeddable":true,"href":"https:\/\/baggaardsbaroner.com\/en\/wp-json\/wp\/v2\/product_tag?post=7193"}],"curies":[{"name":"wp","href":"https:\/\/api.w.org\/{rel}","templated":true}]}}