{"id":7195,"date":"2025-02-25T13:01:45","date_gmt":"2025-02-25T12:01:45","guid":{"rendered":"https:\/\/baggaardsbaroner.com\/\/?post_type=product&#038;p=7195"},"modified":"2025-12-13T21:11:33","modified_gmt":"2025-12-13T20:11:33","slug":"offertraeet","status":"publish","type":"product","link":"https:\/\/baggaardsbaroner.com\/en\/product\/offertraeet\/","title":{"rendered":"The Sacrificial Tree"},"content":{"rendered":"<div class=\"et_pb_module et_pb_wc_description et_pb_wc_description_0_tb_body et_pb_bg_layout_light et_pb_text_align_left\">\n<div class=\"et_pb_module_inner\">\n<div class=\"et_pb_column et_pb_column_4_4 et_pb_column_2_tb_body et_pb_css_mix_blend_mode_passthrough et-last-child\">\n<div class=\"et_pb_module et_pb_post_content et_pb_post_content_0_tb_body\">\n<div class=\"et_pb_module et_pb_wc_description et_pb_wc_description_0_tb_body et_pb_bg_layout_light et_pb_text_align_left\">\n<div class=\"et_pb_module et_pb_post_content et_pb_post_content_0_tb_body\">\n<div class=\"et_pb_module et_pb_post_content et_pb_post_content_0_tb_body\">\n<p><strong>The Sacrificial Tree<\/strong> It consists of forty-four folk gothic horror stories, all based on the northern Swedish peasantry and their folklore. The stories take place high in the mountains, deep within the pine forests, and in isolated village communities, where you can encounter vengeful witches, malevolent spirits, and murderous farmers...<\/p>\n<p><em>Some days, she thought about taking a rope from the shed and hanging herself from a ceiling beam in the barn. These were big and heavy thoughts for an eleven-year-old, and perhaps they weren\u2019t meant entirely seriously. More and more often, her walks ended in a grove dominated by an ancient elm tree. Something drew her there. Winter came, and she continued to visit the grove. Nine days before the winter solstice, she was chased by the neighbor\u2019s angry dog while on her way to the grove. The dog cornered her by the neighbor\u2019s barn. Sofie grabbed a piece of plank and knocked the dog unconscious. \"I\u2019ll show that beast,\" she thought. After searching for a while, she found a rope and a sack in the barn, which she used to stuff the dog into.<\/em><\/p>\n<p><em>Once in the grove, Sofia hung the dog from a branch and felt a rare shiver of pleasure course through her body as the dog thrashed and whined before being strangled. She bowed her head in respect for death, and when she lifted her gaze again, she had a vision. In it, she saw how the tree had been used for sacrifices in pagan times. Nine dogs, nine horses, and nine people hung there. The bodies looked so real, as if they were actually hanging there in this moment in the year 1845. The ropes creaked as the dead bodies swayed slowly in the cold winter wind blowing in from the field. The midday sun reflected in the sacrificed ones\u2019 wide, bloodshot eyes.<br \/>\n<\/em>(From the short story <em>The Sacrificial Tree<\/em>)<\/p>\n<p>The author behind this is Per Faxneld (b. 1978). He is a researcher in religious history and a specialist in occultism and satanism. On these topics, he has written several provocative books, which have been published both in Sweden and internationally. The Sacrificial Tree is his debut work of fiction.<\/p>\n<p>The book is also richly and atmospherically illustrated by Swedish artist Mimmi Strinnholm (b. 1990). Her artistic expression spans techniques such as assemblage, embroidery, photography, drawing, and silhouette cutting.<\/p>\n<p>The Sacrificial Tree is released in a devilish packaging. Inspiration for the format, font, and paper was drawn from old, occult curse and worship books found in the basement of the Royal Library.<br \/>\nThe book is fully illustrated with 44 illustrations and printed on 100% recyclable paper.<\/p>\n<p><strong>What the reviewers say:<\/strong><\/p>\n<p>\"Whether you want to curl up under a blanket with Per Faxneld's horror miniatures as cozy reading, or take it a step further and reflect more deeply on the symbols and societal context of the texts, I can only recommend grabbing The Sacrificial Tree. It is definitely worth reading.\"<br \/>\n<em>\u2013 Gyseren<\/em><\/p>\n<p>\"The stories are structured as small, unsettling tableaux and are beautifully supported by Mimi Strinnholm's dark, black-and-white illustrations. The Sacrificial Tree is, in other words, a real treat for horror fans.\"<br \/>\n<em>\u2013 Litteratursiden<\/em><\/p>\n<p>A fine and (un)settling little book, which I highly recommend if you have a penchant for devils, witches, malevolent spirits, and murderous farmers.<br \/>\n<em>\u2013 Bogrummet<\/em><\/p>\n<\/div>\n<\/div>\n<\/div>\n<\/div>\n<\/div>\n<\/div>\n<\/div>","protected":false},"excerpt":{"rendered":"<div class=\"et_pb_module et_pb_wc_description et_pb_wc_description_0_tb_body et_pb_bg_layout_light et_pb_text_align_left\">\n<div class=\"et_pb_module_inner\">\n<div class=\"et_pb_module et_pb_wc_description et_pb_wc_description_0_tb_body et_pb_bg_layout_light et_pb_text_align_left\">\n<div class=\"et_pb_module et_pb_wc_description et_pb_wc_description_0_tb_body et_pb_bg_layout_light et_pb_text_align_left\">\n<div class=\"et_pb_module_inner\">\n<div class=\"et_pb_module et_pb_wc_description et_pb_wc_description_0_tb_body et_pb_bg_layout_light  et_pb_text_align_left\">\n<div class=\"et_pb_module_inner\">\n<p><strong>The Sacrificial Tree<\/strong> consists of forty-four folk gothic horror stories, all based on the traditions of the northern Swedish peasantry and their folklore. The stories take place high in the mountains, deep within the pine forests, and in isolated village communities, where you can encounter vengeful witches, malevolent spirits, and murderous farmers.<\/p>\n<p>The Sacrificial Tree is released in a devilish packaging. Inspiration for the format, font, and paper was drawn from old, occult curse and worship books found in the basement of the Royal Library.<br \/>\nThe book is fully illustrated with 44 illustrations and printed on 100% recyclable paper.<\/p>\n<\/div>\n<\/div>\n<\/div>\n<\/div>\n<\/div>\n<\/div>\n<\/div>","protected":false},"featured_media":7117,"template":"","meta":{"_acf_changed":false},"product_brand":[],"product_cat":[81],"product_tag":[],"class_list":{"0":"post-7195","1":"product","2":"type-product","3":"status-publish","4":"has-post-thumbnail","6":"product_cat-boeger","8":"first","9":"instock","10":"taxable","11":"shipping-taxable","12":"purchasable","13":"product-type-simple"},"acf":[],"yoast_head":"<!-- This site is optimized with the Yoast SEO plugin v27.4 - https:\/\/yoast.com\/product\/yoast-seo-wordpress\/ -->\n<title>Offertr\u00e6et | Baggaardsbaroner<\/title>\n<meta name=\"robots\" content=\"index, follow, max-snippet:-1, max-image-preview:large, max-video-preview:-1\" \/>\n<link rel=\"canonical\" href=\"https:\/\/baggaardsbaroner.com\/en\/product\/offertraeet\/\" \/>\n<meta property=\"og:locale\" content=\"en_GB\" \/>\n<meta property=\"og:type\" content=\"article\" \/>\n<meta property=\"og:title\" content=\"Offertr\u00e6et | Baggaardsbaroner\" \/>\n<meta property=\"og:description\" content=\"Offertr\u00e6et best\u00e5r af fireogfyrre folkegotiske skr\u00e6khistorier, som alle tager udgangspunkt i den nordsvenske almue og deres folketro. Historierne foreg\u00e5r h\u00f8jt oppe i fjeldene, dybt inde i granskovene og i isolerede landsbysamfund, hvor du blandt andet kan m\u00f8de h\u00e6vngerrige hekse, ondsindede \u00e5nder og morderiske b\u00f8nder.  Offertr\u00e6et udkommer i en dj\u00e6velsk indpakning. Inspiration til format, font og papir er hentet fra gamle, okkulte forbandelses- og tilbedelsesb\u00f8ger fundet i k\u00e6lderen p\u00e5 Det Kongelige Bibliotek. Bogen er gennemillustreret med 44 illustrationer og trykt p\u00e5 100 % genbrugeligt papir.\" \/>\n<meta property=\"og:url\" content=\"https:\/\/baggaardsbaroner.com\/en\/product\/offertraeet\/\" \/>\n<meta property=\"og:site_name\" content=\"Baggaardsbaroner\" \/>\n<meta property=\"article:modified_time\" content=\"2025-12-13T20:11:33+00:00\" \/>\n<meta property=\"og:image\" content=\"https:\/\/baggaardsbaroner.com\/wp-content\/uploads\/Offertraeet-scaled.jpg\" \/>\n\t<meta property=\"og:image:width\" content=\"2048\" \/>\n\t<meta property=\"og:image:height\" content=\"2048\" \/>\n\t<meta property=\"og:image:type\" content=\"image\/jpeg\" \/>\n<meta name=\"twitter:card\" content=\"summary_large_image\" \/>\n<meta name=\"twitter:label1\" content=\"Estimated reading time\" \/>\n\t<meta name=\"twitter:data1\" content=\"4 minutes\" \/>\n<script type=\"application\/ld+json\" class=\"yoast-schema-graph\">{\"@context\":\"https:\\\/\\\/schema.org\",\"@graph\":[{\"@type\":\"WebPage\",\"@id\":\"https:\\\/\\\/baggaardsbaroner.com\\\/vare\\\/offertraeet\\\/\",\"url\":\"https:\\\/\\\/baggaardsbaroner.com\\\/vare\\\/offertraeet\\\/\",\"name\":\"Offertr\u00e6et | Baggaardsbaroner\",\"isPartOf\":{\"@id\":\"https:\\\/\\\/baggaardsbaroner.com\\\/#website\"},\"primaryImageOfPage\":{\"@id\":\"https:\\\/\\\/baggaardsbaroner.com\\\/vare\\\/offertraeet\\\/#primaryimage\"},\"image\":{\"@id\":\"https:\\\/\\\/baggaardsbaroner.com\\\/vare\\\/offertraeet\\\/#primaryimage\"},\"thumbnailUrl\":\"https:\\\/\\\/baggaardsbaroner.com\\\/wp-content\\\/uploads\\\/Offertraeet-scaled.jpg\",\"datePublished\":\"2025-02-25T12:01:45+00:00\",\"dateModified\":\"2025-12-13T20:11:33+00:00\",\"breadcrumb\":{\"@id\":\"https:\\\/\\\/baggaardsbaroner.com\\\/vare\\\/offertraeet\\\/#breadcrumb\"},\"inLanguage\":\"en-GB\",\"potentialAction\":[{\"@type\":\"ReadAction\",\"target\":[\"https:\\\/\\\/baggaardsbaroner.com\\\/vare\\\/offertraeet\\\/\"]}]},{\"@type\":\"ImageObject\",\"inLanguage\":\"en-GB\",\"@id\":\"https:\\\/\\\/baggaardsbaroner.com\\\/vare\\\/offertraeet\\\/#primaryimage\",\"url\":\"https:\\\/\\\/baggaardsbaroner.com\\\/wp-content\\\/uploads\\\/Offertraeet-scaled.jpg\",\"contentUrl\":\"https:\\\/\\\/baggaardsbaroner.com\\\/wp-content\\\/uploads\\\/Offertraeet-scaled.jpg\",\"width\":2048,\"height\":2048},{\"@type\":\"BreadcrumbList\",\"@id\":\"https:\\\/\\\/baggaardsbaroner.com\\\/vare\\\/offertraeet\\\/#breadcrumb\",\"itemListElement\":[{\"@type\":\"ListItem\",\"position\":1,\"name\":\"Forside\",\"item\":\"https:\\\/\\\/baggaardsbaroner.com\\\/\"},{\"@type\":\"ListItem\",\"position\":2,\"name\":\"Shop\",\"item\":\"https:\\\/\\\/baggaardsbaroner.com\\\/shop\\\/\"},{\"@type\":\"ListItem\",\"position\":3,\"name\":\"B\u00f8ger\",\"item\":\"https:\\\/\\\/baggaardsbaroner.com\\\/kategori\\\/boeger\\\/\"},{\"@type\":\"ListItem\",\"position\":4,\"name\":\"Offertr\u00e6et\"}]},{\"@type\":\"WebSite\",\"@id\":\"https:\\\/\\\/baggaardsbaroner.com\\\/#website\",\"url\":\"https:\\\/\\\/baggaardsbaroner.com\\\/\",\"name\":\"Baggaardsbaroner\",\"description\":\"\",\"publisher\":{\"@id\":\"https:\\\/\\\/baggaardsbaroner.com\\\/#organization\"},\"potentialAction\":[{\"@type\":\"SearchAction\",\"target\":{\"@type\":\"EntryPoint\",\"urlTemplate\":\"https:\\\/\\\/baggaardsbaroner.com\\\/?s={search_term_string}\"},\"query-input\":{\"@type\":\"PropertyValueSpecification\",\"valueRequired\":true,\"valueName\":\"search_term_string\"}}],\"inLanguage\":\"en-GB\"},{\"@type\":\"Organization\",\"@id\":\"https:\\\/\\\/baggaardsbaroner.com\\\/#organization\",\"name\":\"Baggaardsbaroner\",\"url\":\"https:\\\/\\\/baggaardsbaroner.com\\\/\",\"logo\":{\"@type\":\"ImageObject\",\"inLanguage\":\"en-GB\",\"@id\":\"https:\\\/\\\/baggaardsbaroner.com\\\/#\\\/schema\\\/logo\\\/image\\\/\",\"url\":\"https:\\\/\\\/baggaardsbaroner.com\\\/wp-content\\\/uploads\\\/logony.png\",\"contentUrl\":\"https:\\\/\\\/baggaardsbaroner.com\\\/wp-content\\\/uploads\\\/logony.png\",\"width\":263,\"height\":103,\"caption\":\"Baggaardsbaroner\"},\"image\":{\"@id\":\"https:\\\/\\\/baggaardsbaroner.com\\\/#\\\/schema\\\/logo\\\/image\\\/\"}}]}<\/script>\n<!-- \/ Yoast SEO plugin. -->","yoast_head_json":{"title":"Offertr\u00e6et | Baggaardsbaroner","robots":{"index":"index","follow":"follow","max-snippet":"max-snippet:-1","max-image-preview":"max-image-preview:large","max-video-preview":"max-video-preview:-1"},"canonical":"https:\/\/baggaardsbaroner.com\/en\/product\/offertraeet\/","og_locale":"en_GB","og_type":"article","og_title":"Offertr\u00e6et | Baggaardsbaroner","og_description":"Offertr\u00e6et best\u00e5r af fireogfyrre folkegotiske skr\u00e6khistorier, som alle tager udgangspunkt i den nordsvenske almue og deres folketro. Historierne foreg\u00e5r h\u00f8jt oppe i fjeldene, dybt inde i granskovene og i isolerede landsbysamfund, hvor du blandt andet kan m\u00f8de h\u00e6vngerrige hekse, ondsindede \u00e5nder og morderiske b\u00f8nder.  Offertr\u00e6et udkommer i en dj\u00e6velsk indpakning. Inspiration til format, font og papir er hentet fra gamle, okkulte forbandelses- og tilbedelsesb\u00f8ger fundet i k\u00e6lderen p\u00e5 Det Kongelige Bibliotek. Bogen er gennemillustreret med 44 illustrationer og trykt p\u00e5 100 % genbrugeligt papir.","og_url":"https:\/\/baggaardsbaroner.com\/en\/product\/offertraeet\/","og_site_name":"Baggaardsbaroner","article_modified_time":"2025-12-13T20:11:33+00:00","og_image":[{"width":2048,"height":2048,"url":"https:\/\/baggaardsbaroner.com\/wp-content\/uploads\/Offertraeet-scaled.jpg","type":"image\/jpeg"}],"twitter_card":"summary_large_image","twitter_misc":{"Estimated reading time":"4 minutes"},"schema":{"@context":"https:\/\/schema.org","@graph":[{"@type":"WebPage","@id":"https:\/\/baggaardsbaroner.com\/vare\/offertraeet\/","url":"https:\/\/baggaardsbaroner.com\/vare\/offertraeet\/","name":"Offertr\u00e6et | Baggaardsbaroner","isPartOf":{"@id":"https:\/\/baggaardsbaroner.com\/#website"},"primaryImageOfPage":{"@id":"https:\/\/baggaardsbaroner.com\/vare\/offertraeet\/#primaryimage"},"image":{"@id":"https:\/\/baggaardsbaroner.com\/vare\/offertraeet\/#primaryimage"},"thumbnailUrl":"https:\/\/baggaardsbaroner.com\/wp-content\/uploads\/Offertraeet-scaled.jpg","datePublished":"2025-02-25T12:01:45+00:00","dateModified":"2025-12-13T20:11:33+00:00","breadcrumb":{"@id":"https:\/\/baggaardsbaroner.com\/vare\/offertraeet\/#breadcrumb"},"inLanguage":"en-GB","potentialAction":[{"@type":"ReadAction","target":["https:\/\/baggaardsbaroner.com\/vare\/offertraeet\/"]}]},{"@type":"ImageObject","inLanguage":"en-GB","@id":"https:\/\/baggaardsbaroner.com\/vare\/offertraeet\/#primaryimage","url":"https:\/\/baggaardsbaroner.com\/wp-content\/uploads\/Offertraeet-scaled.jpg","contentUrl":"https:\/\/baggaardsbaroner.com\/wp-content\/uploads\/Offertraeet-scaled.jpg","width":2048,"height":2048},{"@type":"BreadcrumbList","@id":"https:\/\/baggaardsbaroner.com\/vare\/offertraeet\/#breadcrumb","itemListElement":[{"@type":"ListItem","position":1,"name":"Forside","item":"https:\/\/baggaardsbaroner.com\/"},{"@type":"ListItem","position":2,"name":"Shop","item":"https:\/\/baggaardsbaroner.com\/shop\/"},{"@type":"ListItem","position":3,"name":"B\u00f8ger","item":"https:\/\/baggaardsbaroner.com\/kategori\/boeger\/"},{"@type":"ListItem","position":4,"name":"Offertr\u00e6et"}]},{"@type":"WebSite","@id":"https:\/\/baggaardsbaroner.com\/#website","url":"https:\/\/baggaardsbaroner.com\/","name":"Baggaardsbaroner","description":"","publisher":{"@id":"https:\/\/baggaardsbaroner.com\/#organization"},"potentialAction":[{"@type":"SearchAction","target":{"@type":"EntryPoint","urlTemplate":"https:\/\/baggaardsbaroner.com\/?s={search_term_string}"},"query-input":{"@type":"PropertyValueSpecification","valueRequired":true,"valueName":"search_term_string"}}],"inLanguage":"en-GB"},{"@type":"Organization","@id":"https:\/\/baggaardsbaroner.com\/#organization","name":"Baggaardsbaroner","url":"https:\/\/baggaardsbaroner.com\/","logo":{"@type":"ImageObject","inLanguage":"en-GB","@id":"https:\/\/baggaardsbaroner.com\/#\/schema\/logo\/image\/","url":"https:\/\/baggaardsbaroner.com\/wp-content\/uploads\/logony.png","contentUrl":"https:\/\/baggaardsbaroner.com\/wp-content\/uploads\/logony.png","width":263,"height":103,"caption":"Baggaardsbaroner"},"image":{"@id":"https:\/\/baggaardsbaroner.com\/#\/schema\/logo\/image\/"}}]}},"_links":{"self":[{"href":"https:\/\/baggaardsbaroner.com\/en\/wp-json\/wp\/v2\/product\/7195","targetHints":{"allow":["GET"]}}],"collection":[{"href":"https:\/\/baggaardsbaroner.com\/en\/wp-json\/wp\/v2\/product"}],"about":[{"href":"https:\/\/baggaardsbaroner.com\/en\/wp-json\/wp\/v2\/types\/product"}],"version-history":[{"count":1,"href":"https:\/\/baggaardsbaroner.com\/en\/wp-json\/wp\/v2\/product\/7195\/revisions"}],"predecessor-version":[{"id":7196,"href":"https:\/\/baggaardsbaroner.com\/en\/wp-json\/wp\/v2\/product\/7195\/revisions\/7196"}],"wp:featuredmedia":[{"embeddable":true,"href":"https:\/\/baggaardsbaroner.com\/en\/wp-json\/wp\/v2\/media\/7117"}],"wp:attachment":[{"href":"https:\/\/baggaardsbaroner.com\/en\/wp-json\/wp\/v2\/media?parent=7195"}],"wp:term":[{"taxonomy":"product_brand","embeddable":true,"href":"https:\/\/baggaardsbaroner.com\/en\/wp-json\/wp\/v2\/product_brand?post=7195"},{"taxonomy":"product_cat","embeddable":true,"href":"https:\/\/baggaardsbaroner.com\/en\/wp-json\/wp\/v2\/product_cat?post=7195"},{"taxonomy":"product_tag","embeddable":true,"href":"https:\/\/baggaardsbaroner.com\/en\/wp-json\/wp\/v2\/product_tag?post=7195"}],"curies":[{"name":"wp","href":"https:\/\/api.w.org\/{rel}","templated":true}]}}