{"id":7227,"date":"2025-02-26T09:25:56","date_gmt":"2025-02-26T08:25:56","guid":{"rendered":"https:\/\/baggaardsbaroner.com\/\/?post_type=product&#038;p=7227"},"modified":"2025-02-26T09:29:45","modified_gmt":"2025-02-26T08:29:45","slug":"necropolis","status":"publish","type":"product","link":"https:\/\/baggaardsbaroner.com\/en\/product\/necropolis\/","title":{"rendered":"Necropolis"},"content":{"rendered":"<div class=\"et_pb_module et_pb_wc_description et_pb_wc_description_0_tb_body et_pb_bg_layout_light et_pb_text_align_left\">\n<div class=\"et_pb_module_inner\">\n<div class=\"et_pb_module et_pb_wc_description et_pb_wc_description_0_tb_body et_pb_bg_layout_light et_pb_text_align_left\">\n<div class=\"et_pb_module_inner\">\n<div class=\"et_pb_module et_pb_wc_description et_pb_wc_description_0_tb_body et_pb_bg_layout_light et_pb_text_align_left\">\n<div class=\"et_pb_module_inner\">\n<div class=\"et_pb_module et_pb_post_content et_pb_post_content_0_tb_body\">\n<p><strong>WINNER OF THE BEST BOOK DESIGN OF THE YEAR<\/p>\n<p><\/strong><span class=\"article__trumpet headline--theme\"><span class=\"bog-review-score-symbol bog-review-score-symbol-hearts\">\u2665\ufe0e<\/span><span class=\"bog-review-score-symbol bog-review-score-symbol-hearts\">\u2665\ufe0e<\/span><span class=\"bog-review-score-symbol bog-review-score-symbol-hearts\">\u2665\ufe0e<\/span><span class=\"bog-review-score-symbol bog-review-score-symbol-hearts\">\u2665\ufe0e<\/span><br \/>\n<\/span><span class=\"article__trumpet headline--theme\">\"Great resurrection: <\/span>It sparkles and simmers in the comic about the bleak existence of the afterlife in the dead city of Necropolis.\"<br \/>\n<em>&#8211; Politiken<\/p>\n<p><\/em>\"A grand little piece of morbid humor over any form of top-down control \u2013 whether it takes the form of a divinity or a bureaucratic system.\"<br \/>\n<em>&#8211; Nummer 9<\/em><\/p>\n<p>After an overdose of acid and sour cream, the punk Nigel is transported to the dead city of Necropolis. In the shadowy nightmare city of bones and decaying structures, inhabited by skeletons and mutated horrors, Nigel must try to escape before he is consumed by Necropolis' madness and the black Sisyphean curse of eternity.<\/p>\n<div>\n<p>In 2003, Simon Petersen and Cav B\u00f8gelund made their comic debut <em>Necropolis<\/em>. A small, stapled booklet, published by their own pulp publisher Eksem Comics. In underground comic circles, it is regarded as <em>Necropolis<\/em> it was Denmark's first graphic novel. A colorless monstrosity on the Danish comic book market and a significant break with the French\/Belgian album tradition of 48 pages with serial, unfinished stories that had previously dominated the market. And although the two creators won the Talent of the Year award, the work unfortunately never gained popular appeal. The comic was simply not yet in vogue, and the relatively low print run meant that <em>Necropolis<\/em> it quickly vanished into oblivion and the hands of collectors.<\/p>\n<p>It is therefore with a certain sense of reverence that the work once again sees the light of day. <em>Necropolis<\/em> has been dusted off and given a facelift. The deluxe edition comes with a lot of extra material, such as variant cover art from some of the comic scene's coolest artists, a secret extra book, posters, and much more.<\/p>\n<p>Cav B\u00f8gelund passed away in 2018 at the age of 39.<\/p>\n<\/div>\n<\/div>\n<\/div>\n<\/div>\n<\/div>\n<\/div>\n<\/div>\n<\/div>","protected":false},"excerpt":{"rendered":"<div class=\"et_pb_module et_pb_wc_description et_pb_wc_description_0_tb_body et_pb_bg_layout_light et_pb_text_align_left\">\n<div class=\"et_pb_module_inner\">\n<div class=\"et_pb_column et_pb_column_4_4 et_pb_column_2_tb_body et_pb_css_mix_blend_mode_passthrough et-last-child\">\n<div class=\"et_pb_module et_pb_post_content et_pb_post_content_0_tb_body\">\n<div class=\"et_pb_column et_pb_column_4_4 et_pb_column_2_tb_body et_pb_css_mix_blend_mode_passthrough et-last-child\">\n<div class=\"et_pb_module et_pb_wc_description et_pb_wc_description_0_tb_body et_pb_bg_layout_light et_pb_text_align_left\">\n<div class=\"et_pb_module_inner\">\n<p><strong>WINNER OF THE BEST BOOK DESIGN OF THE YEAR<\/p>\n<p><\/strong><span class=\"article__trumpet headline--theme\"><span class=\"bog-review-score-symbol bog-review-score-symbol-hearts\">\u2665\ufe0e<\/span><span class=\"bog-review-score-symbol bog-review-score-symbol-hearts\">\u2665\ufe0e<\/span><span class=\"bog-review-score-symbol bog-review-score-symbol-hearts\">\u2665\ufe0e<\/span><span class=\"bog-review-score-symbol bog-review-score-symbol-hearts\">\u2665\ufe0e<\/span><br \/>\n<\/span><span class=\"article__trumpet headline--theme\">\"Great resurrection: <\/span>It sparkles and simmers in the comic about the bleak existence of the afterlife in the dead city of Necropolis.\"<br \/>\n<em>&#8211; Politiken<\/p>\n<p><\/em>\"A grand little piece of morbid humor over any form of top-down control \u2013 whether it takes the form of a divinity or a bureaucratic system.\"<br \/>\n<em>&#8211; Nummer 9<\/em><\/p>\n<p>After an overdose of acid and sour cream, the punk Nigel is transported to the dead city of Necropolis. In the shadowy nightmare city of bones and decaying structures, inhabited by skeletons and mutated horrors, Nigel must try to escape before he is consumed by Necropolis' madness and the black Sisyphean curse of eternity.<\/p>\n<div>\n<p>In 2003, Simon Petersen and Cav B\u00f8gelund made their comic debut <em>Necropolis<\/em>. A small, stapled booklet, published by their own pulp publisher Eksem Comics. In underground comic circles, it is regarded as <em>Necropolis<\/em> it was Denmark's first graphic novel. A colorless monstrosity on the Danish comic book market and a significant break with the French\/Belgian album tradition of 48 pages with serial, unfinished stories that had previously dominated the market. And although the two creators won the Talent of the Year award, the work unfortunately never gained popular appeal. The comic was simply not yet in vogue, and the relatively low print run meant that <em>Necropolis<\/em> it quickly vanished into oblivion and the hands of collectors.<\/p>\n<p>It is therefore with a certain sense of reverence that the work once again sees the light of day. <em>Necropolis<\/em> has been dusted off and given a facelift. The deluxe edition comes with a lot of extra material, such as variant cover art from some of the comic scene's coolest artists, a secret extra book, posters, and much more.<\/p>\n<p>Cav B\u00f8gelund passed away in 2018 at the age of 39.<\/p>\n<\/div>\n<\/div>\n<\/div>\n<\/div>\n<\/div>\n<\/div>\n<\/div>\n<\/div>","protected":false},"featured_media":7198,"template":"","meta":{"_acf_changed":false},"product_brand":[],"product_cat":[82],"product_tag":[],"class_list":{"0":"post-7227","1":"product","2":"type-product","3":"status-publish","4":"has-post-thumbnail","6":"product_cat-tegneserier","8":"first","9":"outofstock","10":"taxable","11":"shipping-taxable","12":"purchasable","13":"product-type-simple"},"acf":[],"yoast_head":"<!-- This site is optimized with the Yoast SEO plugin v27.4 - https:\/\/yoast.com\/product\/yoast-seo-wordpress\/ -->\n<title>Necropolis | Baggaardsbaroner<\/title>\n<meta name=\"robots\" content=\"index, follow, max-snippet:-1, max-image-preview:large, max-video-preview:-1\" \/>\n<link rel=\"canonical\" href=\"https:\/\/baggaardsbaroner.com\/en\/product\/necropolis\/\" \/>\n<meta property=\"og:locale\" content=\"en_GB\" \/>\n<meta property=\"og:type\" content=\"article\" \/>\n<meta property=\"og:title\" content=\"Necropolis | Baggaardsbaroner\" \/>\n<meta property=\"og:description\" content=\"VINDER AF \u00c5RETS BEDSTE BOGARBEJDE  \u2665\ufe0e\u2665\ufe0e\u2665\ufe0e\u2665\ufe0e &quot;Flot genopstandelse: Det sprudler og syder i tegneserien om efterlivets dystre tilv\u00e6relse i d\u00f8debyen Necropolis&quot; - Politiken  &quot;Et storladent lille stykke morbid humor over enhver form for topstyring \u2013 hvad end den tager form af en guddommelighed eller et bureaukratisk system&quot; - Nummer 9  Efter en overdosis p\u00e5 syre og cremefraiche fragtes punkeren Nigel til d\u00f8debyen Necropolis. I den skyggebelagte mareridtsby af knogler og forfaldne konstruktioner, beboet af skeletter og muterede r\u00e6dsler, m\u00e5 Nigel fors\u00f8ge at slippe ud, inden han opsluges af Necropolis\u2019 vanvid, og evighedens sorte sisyfos-forbandelse.   I 2003 udkom Simon Petersen og Cav B\u00f8gelunds tegneseriedebut Necropolis. Et lille sammenklipset h\u00e6fte, udgivet p\u00e5 eget pulpede forlag Eksem Comics. I undergrundens tegnekredse anses Necropolis som Danmarks f\u00f8rste graphic novel. En farvel\u00f8s vanskabning p\u00e5 det danske tegneseriemarked og et betydeligt brud med den fransk\/belgiske albumtradition for 48 sider med serielle, uafsluttede fort\u00e6llinger, der dengang dominerede markedet. og selvom de to skabere vandt \u00e5rets talentpris, fik v\u00e6rket desv\u00e6rre aldrig en folkelig appel. Tegneserien var desv\u00e6rre endnu ikke p\u00e5 mode, og det forholdsvis lave oplag bet\u00f8d, at Necropolis hurtigt forsvandt i glemsel og samlerh\u00e6nder.  Det er derfor med en vis \u00e6refrygt, at v\u00e6rket atter ser dagens lys. Necropolis er blevet st\u00f8vet af og har f\u00e5et et ansigtsl\u00f8ft. Deluxe-udgaven kommer med en masse ekstramateriale s\u00e5som variant cover art fra nogle af tegneseriemilj\u00f8ets spr\u00f8deste tegnere, en hemmelig ekstra bog, plakater og meget mere.  Cav B\u00f8gelund gik bort i 2018 i en alder af 39 \u00e5r.\" \/>\n<meta property=\"og:url\" content=\"https:\/\/baggaardsbaroner.com\/en\/product\/necropolis\/\" \/>\n<meta property=\"og:site_name\" content=\"Baggaardsbaroner\" \/>\n<meta property=\"article:modified_time\" content=\"2025-02-26T08:29:45+00:00\" \/>\n<meta property=\"og:image\" content=\"https:\/\/baggaardsbaroner.com\/wp-content\/uploads\/Necro_a-scaled.jpg\" \/>\n\t<meta property=\"og:image:width\" content=\"2048\" \/>\n\t<meta property=\"og:image:height\" content=\"2048\" \/>\n\t<meta property=\"og:image:type\" content=\"image\/jpeg\" \/>\n<meta name=\"twitter:card\" content=\"summary_large_image\" \/>\n<meta name=\"twitter:label1\" content=\"Estimated reading time\" \/>\n\t<meta name=\"twitter:data1\" content=\"2 minutes\" \/>\n<script type=\"application\/ld+json\" class=\"yoast-schema-graph\">{\"@context\":\"https:\\\/\\\/schema.org\",\"@graph\":[{\"@type\":\"WebPage\",\"@id\":\"https:\\\/\\\/baggaardsbaroner.com\\\/vare\\\/necropolis\\\/\",\"url\":\"https:\\\/\\\/baggaardsbaroner.com\\\/vare\\\/necropolis\\\/\",\"name\":\"Necropolis | Baggaardsbaroner\",\"isPartOf\":{\"@id\":\"https:\\\/\\\/baggaardsbaroner.com\\\/#website\"},\"primaryImageOfPage\":{\"@id\":\"https:\\\/\\\/baggaardsbaroner.com\\\/vare\\\/necropolis\\\/#primaryimage\"},\"image\":{\"@id\":\"https:\\\/\\\/baggaardsbaroner.com\\\/vare\\\/necropolis\\\/#primaryimage\"},\"thumbnailUrl\":\"https:\\\/\\\/baggaardsbaroner.com\\\/wp-content\\\/uploads\\\/Necro_a-scaled.jpg\",\"datePublished\":\"2025-02-26T08:25:56+00:00\",\"dateModified\":\"2025-02-26T08:29:45+00:00\",\"breadcrumb\":{\"@id\":\"https:\\\/\\\/baggaardsbaroner.com\\\/vare\\\/necropolis\\\/#breadcrumb\"},\"inLanguage\":\"en-GB\",\"potentialAction\":[{\"@type\":\"ReadAction\",\"target\":[\"https:\\\/\\\/baggaardsbaroner.com\\\/vare\\\/necropolis\\\/\"]}]},{\"@type\":\"ImageObject\",\"inLanguage\":\"en-GB\",\"@id\":\"https:\\\/\\\/baggaardsbaroner.com\\\/vare\\\/necropolis\\\/#primaryimage\",\"url\":\"https:\\\/\\\/baggaardsbaroner.com\\\/wp-content\\\/uploads\\\/Necro_a-scaled.jpg\",\"contentUrl\":\"https:\\\/\\\/baggaardsbaroner.com\\\/wp-content\\\/uploads\\\/Necro_a-scaled.jpg\",\"width\":2048,\"height\":2048},{\"@type\":\"BreadcrumbList\",\"@id\":\"https:\\\/\\\/baggaardsbaroner.com\\\/vare\\\/necropolis\\\/#breadcrumb\",\"itemListElement\":[{\"@type\":\"ListItem\",\"position\":1,\"name\":\"Forside\",\"item\":\"https:\\\/\\\/baggaardsbaroner.com\\\/\"},{\"@type\":\"ListItem\",\"position\":2,\"name\":\"Shop\",\"item\":\"https:\\\/\\\/baggaardsbaroner.com\\\/shop\\\/\"},{\"@type\":\"ListItem\",\"position\":3,\"name\":\"Tegneserier\",\"item\":\"https:\\\/\\\/baggaardsbaroner.com\\\/kategori\\\/tegneserier\\\/\"},{\"@type\":\"ListItem\",\"position\":4,\"name\":\"Necropolis\"}]},{\"@type\":\"WebSite\",\"@id\":\"https:\\\/\\\/baggaardsbaroner.com\\\/#website\",\"url\":\"https:\\\/\\\/baggaardsbaroner.com\\\/\",\"name\":\"Baggaardsbaroner\",\"description\":\"\",\"publisher\":{\"@id\":\"https:\\\/\\\/baggaardsbaroner.com\\\/#organization\"},\"potentialAction\":[{\"@type\":\"SearchAction\",\"target\":{\"@type\":\"EntryPoint\",\"urlTemplate\":\"https:\\\/\\\/baggaardsbaroner.com\\\/?s={search_term_string}\"},\"query-input\":{\"@type\":\"PropertyValueSpecification\",\"valueRequired\":true,\"valueName\":\"search_term_string\"}}],\"inLanguage\":\"en-GB\"},{\"@type\":\"Organization\",\"@id\":\"https:\\\/\\\/baggaardsbaroner.com\\\/#organization\",\"name\":\"Baggaardsbaroner\",\"url\":\"https:\\\/\\\/baggaardsbaroner.com\\\/\",\"logo\":{\"@type\":\"ImageObject\",\"inLanguage\":\"en-GB\",\"@id\":\"https:\\\/\\\/baggaardsbaroner.com\\\/#\\\/schema\\\/logo\\\/image\\\/\",\"url\":\"https:\\\/\\\/baggaardsbaroner.com\\\/wp-content\\\/uploads\\\/logony.png\",\"contentUrl\":\"https:\\\/\\\/baggaardsbaroner.com\\\/wp-content\\\/uploads\\\/logony.png\",\"width\":263,\"height\":103,\"caption\":\"Baggaardsbaroner\"},\"image\":{\"@id\":\"https:\\\/\\\/baggaardsbaroner.com\\\/#\\\/schema\\\/logo\\\/image\\\/\"}}]}<\/script>\n<!-- \/ Yoast SEO plugin. -->","yoast_head_json":{"title":"Necropolis | Baggaardsbaroner","robots":{"index":"index","follow":"follow","max-snippet":"max-snippet:-1","max-image-preview":"max-image-preview:large","max-video-preview":"max-video-preview:-1"},"canonical":"https:\/\/baggaardsbaroner.com\/en\/product\/necropolis\/","og_locale":"en_GB","og_type":"article","og_title":"Necropolis | Baggaardsbaroner","og_description":"VINDER AF \u00c5RETS BEDSTE BOGARBEJDE  \u2665\ufe0e\u2665\ufe0e\u2665\ufe0e\u2665\ufe0e \"Flot genopstandelse: Det sprudler og syder i tegneserien om efterlivets dystre tilv\u00e6relse i d\u00f8debyen Necropolis\" - Politiken  \"Et storladent lille stykke morbid humor over enhver form for topstyring \u2013 hvad end den tager form af en guddommelighed eller et bureaukratisk system\" - Nummer 9  Efter en overdosis p\u00e5 syre og cremefraiche fragtes punkeren Nigel til d\u00f8debyen Necropolis. I den skyggebelagte mareridtsby af knogler og forfaldne konstruktioner, beboet af skeletter og muterede r\u00e6dsler, m\u00e5 Nigel fors\u00f8ge at slippe ud, inden han opsluges af Necropolis\u2019 vanvid, og evighedens sorte sisyfos-forbandelse.   I 2003 udkom Simon Petersen og Cav B\u00f8gelunds tegneseriedebut Necropolis. Et lille sammenklipset h\u00e6fte, udgivet p\u00e5 eget pulpede forlag Eksem Comics. I undergrundens tegnekredse anses Necropolis som Danmarks f\u00f8rste graphic novel. En farvel\u00f8s vanskabning p\u00e5 det danske tegneseriemarked og et betydeligt brud med den fransk\/belgiske albumtradition for 48 sider med serielle, uafsluttede fort\u00e6llinger, der dengang dominerede markedet. og selvom de to skabere vandt \u00e5rets talentpris, fik v\u00e6rket desv\u00e6rre aldrig en folkelig appel. Tegneserien var desv\u00e6rre endnu ikke p\u00e5 mode, og det forholdsvis lave oplag bet\u00f8d, at Necropolis hurtigt forsvandt i glemsel og samlerh\u00e6nder.  Det er derfor med en vis \u00e6refrygt, at v\u00e6rket atter ser dagens lys. Necropolis er blevet st\u00f8vet af og har f\u00e5et et ansigtsl\u00f8ft. Deluxe-udgaven kommer med en masse ekstramateriale s\u00e5som variant cover art fra nogle af tegneseriemilj\u00f8ets spr\u00f8deste tegnere, en hemmelig ekstra bog, plakater og meget mere.  Cav B\u00f8gelund gik bort i 2018 i en alder af 39 \u00e5r.","og_url":"https:\/\/baggaardsbaroner.com\/en\/product\/necropolis\/","og_site_name":"Baggaardsbaroner","article_modified_time":"2025-02-26T08:29:45+00:00","og_image":[{"width":2048,"height":2048,"url":"https:\/\/baggaardsbaroner.com\/wp-content\/uploads\/Necro_a-scaled.jpg","type":"image\/jpeg"}],"twitter_card":"summary_large_image","twitter_misc":{"Estimated reading time":"2 minutes"},"schema":{"@context":"https:\/\/schema.org","@graph":[{"@type":"WebPage","@id":"https:\/\/baggaardsbaroner.com\/vare\/necropolis\/","url":"https:\/\/baggaardsbaroner.com\/vare\/necropolis\/","name":"Necropolis | Baggaardsbaroner","isPartOf":{"@id":"https:\/\/baggaardsbaroner.com\/#website"},"primaryImageOfPage":{"@id":"https:\/\/baggaardsbaroner.com\/vare\/necropolis\/#primaryimage"},"image":{"@id":"https:\/\/baggaardsbaroner.com\/vare\/necropolis\/#primaryimage"},"thumbnailUrl":"https:\/\/baggaardsbaroner.com\/wp-content\/uploads\/Necro_a-scaled.jpg","datePublished":"2025-02-26T08:25:56+00:00","dateModified":"2025-02-26T08:29:45+00:00","breadcrumb":{"@id":"https:\/\/baggaardsbaroner.com\/vare\/necropolis\/#breadcrumb"},"inLanguage":"en-GB","potentialAction":[{"@type":"ReadAction","target":["https:\/\/baggaardsbaroner.com\/vare\/necropolis\/"]}]},{"@type":"ImageObject","inLanguage":"en-GB","@id":"https:\/\/baggaardsbaroner.com\/vare\/necropolis\/#primaryimage","url":"https:\/\/baggaardsbaroner.com\/wp-content\/uploads\/Necro_a-scaled.jpg","contentUrl":"https:\/\/baggaardsbaroner.com\/wp-content\/uploads\/Necro_a-scaled.jpg","width":2048,"height":2048},{"@type":"BreadcrumbList","@id":"https:\/\/baggaardsbaroner.com\/vare\/necropolis\/#breadcrumb","itemListElement":[{"@type":"ListItem","position":1,"name":"Forside","item":"https:\/\/baggaardsbaroner.com\/"},{"@type":"ListItem","position":2,"name":"Shop","item":"https:\/\/baggaardsbaroner.com\/shop\/"},{"@type":"ListItem","position":3,"name":"Tegneserier","item":"https:\/\/baggaardsbaroner.com\/kategori\/tegneserier\/"},{"@type":"ListItem","position":4,"name":"Necropolis"}]},{"@type":"WebSite","@id":"https:\/\/baggaardsbaroner.com\/#website","url":"https:\/\/baggaardsbaroner.com\/","name":"Baggaardsbaroner","description":"","publisher":{"@id":"https:\/\/baggaardsbaroner.com\/#organization"},"potentialAction":[{"@type":"SearchAction","target":{"@type":"EntryPoint","urlTemplate":"https:\/\/baggaardsbaroner.com\/?s={search_term_string}"},"query-input":{"@type":"PropertyValueSpecification","valueRequired":true,"valueName":"search_term_string"}}],"inLanguage":"en-GB"},{"@type":"Organization","@id":"https:\/\/baggaardsbaroner.com\/#organization","name":"Baggaardsbaroner","url":"https:\/\/baggaardsbaroner.com\/","logo":{"@type":"ImageObject","inLanguage":"en-GB","@id":"https:\/\/baggaardsbaroner.com\/#\/schema\/logo\/image\/","url":"https:\/\/baggaardsbaroner.com\/wp-content\/uploads\/logony.png","contentUrl":"https:\/\/baggaardsbaroner.com\/wp-content\/uploads\/logony.png","width":263,"height":103,"caption":"Baggaardsbaroner"},"image":{"@id":"https:\/\/baggaardsbaroner.com\/#\/schema\/logo\/image\/"}}]}},"_links":{"self":[{"href":"https:\/\/baggaardsbaroner.com\/en\/wp-json\/wp\/v2\/product\/7227","targetHints":{"allow":["GET"]}}],"collection":[{"href":"https:\/\/baggaardsbaroner.com\/en\/wp-json\/wp\/v2\/product"}],"about":[{"href":"https:\/\/baggaardsbaroner.com\/en\/wp-json\/wp\/v2\/types\/product"}],"version-history":[{"count":1,"href":"https:\/\/baggaardsbaroner.com\/en\/wp-json\/wp\/v2\/product\/7227\/revisions"}],"predecessor-version":[{"id":7228,"href":"https:\/\/baggaardsbaroner.com\/en\/wp-json\/wp\/v2\/product\/7227\/revisions\/7228"}],"wp:featuredmedia":[{"embeddable":true,"href":"https:\/\/baggaardsbaroner.com\/en\/wp-json\/wp\/v2\/media\/7198"}],"wp:attachment":[{"href":"https:\/\/baggaardsbaroner.com\/en\/wp-json\/wp\/v2\/media?parent=7227"}],"wp:term":[{"taxonomy":"product_brand","embeddable":true,"href":"https:\/\/baggaardsbaroner.com\/en\/wp-json\/wp\/v2\/product_brand?post=7227"},{"taxonomy":"product_cat","embeddable":true,"href":"https:\/\/baggaardsbaroner.com\/en\/wp-json\/wp\/v2\/product_cat?post=7227"},{"taxonomy":"product_tag","embeddable":true,"href":"https:\/\/baggaardsbaroner.com\/en\/wp-json\/wp\/v2\/product_tag?post=7227"}],"curies":[{"name":"wp","href":"https:\/\/api.w.org\/{rel}","templated":true}]}}