{"id":7229,"date":"2025-02-26T09:33:48","date_gmt":"2025-02-26T08:33:48","guid":{"rendered":"https:\/\/baggaardsbaroner.com\/\/?post_type=product&#038;p=7229"},"modified":"2026-01-22T12:08:29","modified_gmt":"2026-01-22T11:08:29","slug":"baglommeboeger-kombination","status":"publish","type":"product","link":"https:\/\/baggaardsbaroner.com\/en\/product\/baglommeboeger-kombination\/","title":{"rendered":"3 x Back Pocket Books"},"content":{"rendered":"<p><strong>WINNER OF THE BEST BOOK DESIGN OF THE YEAR<\/strong><\/p>\n<p>\u2605 \u2605 \u2605 \u2605 \u2605<\/p>\n<p>\"Backyard barons invite you to life-philosophical self-reflection and to puzzle with everything we think we know. I send my warmest recommendations.\"<br \/>\n<em>&#8211; Modspor<\/em><\/p>\n<p>Choose 3 different books in the series for only 200 kroner.<br \/>\nWrite in the comment field which three you want.<\/p>\n<p><strong>The Hotel:<\/strong><br \/>\nA grotesque and surreal story about the hardest choice of existentialism: to live meaningfully. Mersault works as head waiter at the city's most prestigious hotel. He is a slave to the habit of seemingly meaningless routines, so when he one day finds the hotel owner dead, he decides to continue running the hotel as if nothing had happened. When Mersault dismembers the deceased owner's body and serves the meat to the unsuspecting guests, it is only the first link in a chain of meaningful, bloody coincidences.<\/p>\n<p><strong>Serfdom:<\/strong><br \/>\nStavnsb\u00e5nd is a small, intense novel about manipulation, self-harm, and how much one is willing to sacrifice for great love. For who can you trust when there are only two people in a claustrophobic relationship, and no one has a monopoly on the truth?<\/p>\n<p><strong>Waves \u2013 or eight notes from the stands:<\/strong><br \/>\nDuring Covid-19, football stadiums around the world were shut down. But the traditional Danish division clubs were, miraculously, allowed to remain open. Here, Jonas Villumsen found refuge from an overwhelming global situation and rediscovered his love for a sport and a community that often drowns in million-dollar contracts, corruption, and slave-like conditions at the elite level. Villumsen documents the quiet Danish national spirit with witty and affectionate atmospheric portraits from the local green turf, where even the uninitiated get a special insight into a Sunday sanctuary.<\/p>\n<p><strong>Aprosalypse:<\/strong><br \/>\nA grey-zone tale about losing one's footing in a world that rotates around the axis of madness. A kaleidoscopic journey from the inner space to the outer through shattered sentences, disillusionment, illness, destroyed landscapes, and cosmological heat death. Amidst all the darkness, small cracks of hope and acceptance emerge, and the book can thus be read as a novella, short prose, and a stoic self-help manual.<\/p>\n<p><strong>Bebop Baby<\/strong><br \/>\nA poetry collection that portrays the transition from being one's own person to becoming a mother to another human being. A tightrope walk between birth and death, a balancing act between selfish drive and self-erasing care. For what does it mean to be a mother when you have lost your own?<\/p>\n<p><strong>The Thirsty Land<\/strong><br \/>\nWe find ourselves on the edge of the world. Mythological creatures fight for survival in a poetic and merciless race against the sun. In this work, nature gets its own beautiful and strange voice as individual elements and words are replaced by iconography that the reader must decode. *The Thirsty Land* is a pastiche consisting solely of quotes taken from the David Attenborough documentary Africa.<\/p>\n<p>Baggaardens Baglommeb\u00f8ger is a series of independent and conclusive short forms that serve as an introduction to overlooked or curious voices in Danish literature.<br \/>\nZven Balslev, known for his challenging and surreal style, is affiliated as the cover illustrator for the series.<\/p>","protected":false},"excerpt":{"rendered":"<p><strong>WINNER OF THE BEST BOOK DESIGN OF THE YEAR<\/strong><\/p>\n<p>\u2605 \u2605 \u2605 \u2605 \u2605<\/p>\n<p>\"Backyard barons invite you to life-philosophical self-reflection and to puzzle with everything we think we know. I send my warmest recommendations.\"<br \/>\n<em>&#8211; Modspor<\/em><\/p>\n<p>Choose 3 different books in the series for only 200 kroner.<br \/>\nWrite in the comment field which three you want.<\/p>\n<p><strong>The Hotel:<\/strong><br \/>\nA grotesque and surreal story about the hardest choice of existentialism: to live meaningfully. Mersault works as head waiter at the city's most prestigious hotel. He is a slave to the habit of seemingly meaningless routines, so when he one day finds the hotel owner dead, he decides to continue running the hotel as if nothing had happened. When Mersault dismembers the deceased owner's body and serves the meat to the unsuspecting guests, it is only the first link in a chain of meaningful, bloody coincidences.<\/p>\n<p><strong>Serfdom:<\/strong><br \/>\nStavnsb\u00e5nd is a small, intense novel about manipulation, self-harm, and how much one is willing to sacrifice for great love. For who can you trust when there are only two people in a claustrophobic relationship, and no one has a monopoly on the truth?<\/p>\n<p><strong>Waves \u2013 or eight notes from the stands:<\/strong><br \/>\nDuring Covid-19, football stadiums around the world were shut down. But the traditional Danish division clubs were, miraculously, allowed to remain open. Here, Jonas Villumsen found refuge from an overwhelming global situation and rediscovered his love for a sport and a community that often drowns in million-dollar contracts, corruption, and slave-like conditions at the elite level. Villumsen documents the quiet Danish national spirit with witty and affectionate atmospheric portraits from the local green turf, where even the uninitiated get a special insight into a Sunday sanctuary.<\/p>\n<p><strong>Aprosalypse:<\/strong><br \/>\nA grey-zone tale about losing one's footing in a world that rotates around the axis of madness. A kaleidoscopic journey from the inner space to the outer through shattered sentences, disillusionment, illness, destroyed landscapes, and cosmological heat death. Amidst all the darkness, small cracks of hope and acceptance emerge, and the book can thus be read as a novella, short prose, and a stoic self-help manual.<\/p>\n<p><strong>Bebop Baby<\/strong><br \/>\nA poetry collection that portrays the transition from being one's own person to becoming a mother to another human being. A tightrope walk between birth and death, a balancing act between selfish drive and self-erasing care. For what does it mean to be a mother when you have lost your own?<\/p>\n<p><strong>The Thirsty Land<\/strong><br \/>\nWe find ourselves on the edge of the world. Mythological creatures fight for survival in a poetic and merciless race against the sun. In this work, nature gets its own beautiful and strange voice as individual elements and words are replaced by iconography that the reader must decode. *The Thirsty Land* is a pastiche consisting solely of quotes taken from the David Attenborough documentary Africa.<\/p>","protected":false},"featured_media":7063,"template":"","meta":{"_acf_changed":false},"product_brand":[],"product_cat":[81],"product_tag":[],"class_list":{"0":"post-7229","1":"product","2":"type-product","3":"status-publish","4":"has-post-thumbnail","6":"product_cat-boeger","8":"first","9":"instock","10":"taxable","11":"shipping-taxable","12":"purchasable","13":"product-type-simple"},"acf":[],"yoast_head":"<!-- This site is optimized with the Yoast SEO plugin v27.4 - https:\/\/yoast.com\/product\/yoast-seo-wordpress\/ -->\n<title>3 x Baglommeb\u00f8ger | Baggaardsbaroner<\/title>\n<meta name=\"robots\" content=\"index, follow, max-snippet:-1, max-image-preview:large, max-video-preview:-1\" \/>\n<link rel=\"canonical\" href=\"https:\/\/baggaardsbaroner.com\/en\/product\/baglommeboeger-kombination\/\" \/>\n<meta property=\"og:locale\" content=\"en_GB\" \/>\n<meta property=\"og:type\" content=\"article\" \/>\n<meta property=\"og:title\" content=\"3 x Baglommeb\u00f8ger | Baggaardsbaroner\" \/>\n<meta property=\"og:description\" content=\"VINDER AF \u00c5RETS BEDSTE BOGARBEJDE  \u2605 \u2605 \u2605 \u2605 \u2605  \u201dBaggaardsbaroner byder op til livsfilosofisk selvrefleksion og til at puslespille med alt det, vi tror, vi ved. Jeg sender mine varmeste anbefalinger\u201d - Modspor  V\u00e6lg 3 forskellige b\u00f8ger i serien for kun 200 kroner. Skriv i kommentarfeltet, hvilke tre du \u00f8nsker.  Hotellet: En grotesk og surrealistisk fort\u00e6lling om eksistentialismens sv\u00e6reste valg: det at leve meningsfuldt. Mersault arbejder som overtjener p\u00e5 byens mest velansete hotel. Han er slave af vanens tilsyneladende meningsl\u00f8shed, s\u00e5 da han en dag finder hotelejeren d\u00f8d, beslutter han sig for at drive hotellet videre, som om intet var sket. Da Mersault parterer den afd\u00f8de ejers lig og serverer k\u00f8det for de uvidende g\u00e6ster, er det kun f\u00f8rste led i en \u00e5rsagsk\u00e6de af meningsfulde, blodige tilf\u00e6ldigheder.  Stavnsb\u00e5nd: Stavnsb\u00e5nd er en lille, fort\u00e6ttet roman om manipulation, om selvskade og om, hvor meget man vil ofre for den store k\u00e6rlighed. For hvem kan man stole p\u00e5, n\u00e5r man kun er to mennesker i et klaustrofobisk forhold, og ingen har patent p\u00e5 sandheden?  B\u00f8lge \u2013 eller otte noter fra tribunen: Under covid-19 lukkede fodboldstadioner over hele verden ned. Men de traditionsrige danske divisionsklubber fik p\u00e5 mirakul\u00f8s vis lov til at holde \u00e5bent. Her fandt Jonas Villumsen fristed fra en uoverskuelig verdenssituation og genfandt k\u00e6rligheden til en sportsgren og et f\u00e6llesskab, der ofte drukner i millionkontrakter, korruption og slavelignende forhold p\u00e5 eliteniveau. Villumsen dokumenterer den lavm\u00e6lte danske folke\u00e5nd med vittige og k\u00e6rlige stemningsportr\u00e6tter fra den lokale gr\u00f8nsv\u00e6r, hvor selv uindviede f\u00e5r et s\u00e6rligt indblik i en s\u00f8ndags helligdom.  Aprosalypse: En gr\u00e5zonefort\u00e6lling om at miste fodf\u00e6ste i en verden, der roterer om vanviddets akse. En kalejdoskopisk rejse fra det indre rum til det ydre gennem spr\u00e6ngte s\u00e6tninger, desillusion, sygdom, \u00f8delagte landskaber og kosmologisk varmed\u00f8d. Midt i al m\u00f8rket opst\u00e5r der sm\u00e5 spr\u00e6kker af h\u00e5b og accept, og bogen kan s\u00e5ledes b\u00e5de l\u00e6ses som kortroman, kortprosa og stoisk selvhj\u00e6lpsmanual.  Bebop Baby En digtsamling, der skildrer overgangen fra at v\u00e6re sit helt eget menneske til at blive mor til et andet menneske. En linedans mellem f\u00f8dsel og d\u00f8d, en balancegang mellem egoistisk drift og selvudslettende omsorg. For hvad vil det sige at v\u00e6re mor, n\u00e5r man har mistet sin egen?  Det t\u00f8rstige land Vi befinder os p\u00e5 kanten af kloden. Mytologiske v\u00e6sner k\u00e6mper for overlevelse i et poetisk og ubarmhjertigt kapl\u00f8b mod solen. I dette v\u00e6rk f\u00e5r naturen sin egen smukke og s\u00e6lsomme stemme, n\u00e5r enkelte elementer og ord udskiftes af ikonografi, l\u00e6seren selv skal afkode. Det t\u00f8rstige land er en pastiche best\u00e5ende udelukkende af citater hentet fra David Attenborough-dokumentaren Africa.\" \/>\n<meta property=\"og:url\" content=\"https:\/\/baggaardsbaroner.com\/en\/product\/baglommeboeger-kombination\/\" \/>\n<meta property=\"og:site_name\" content=\"Baggaardsbaroner\" \/>\n<meta property=\"article:modified_time\" content=\"2026-01-22T11:08:29+00:00\" \/>\n<meta property=\"og:image\" content=\"https:\/\/baggaardsbaroner.com\/wp-content\/uploads\/Baglomme_aprosalypse_4-scaled.jpg\" \/>\n\t<meta property=\"og:image:width\" content=\"2048\" \/>\n\t<meta property=\"og:image:height\" content=\"2048\" \/>\n\t<meta property=\"og:image:type\" content=\"image\/jpeg\" \/>\n<meta name=\"twitter:card\" content=\"summary_large_image\" \/>\n<meta name=\"twitter:label1\" content=\"Estimated reading time\" \/>\n\t<meta name=\"twitter:data1\" content=\"3 minutes\" \/>\n<script type=\"application\/ld+json\" class=\"yoast-schema-graph\">{\"@context\":\"https:\\\/\\\/schema.org\",\"@graph\":[{\"@type\":\"WebPage\",\"@id\":\"https:\\\/\\\/baggaardsbaroner.com\\\/vare\\\/baglommeboeger-kombination\\\/\",\"url\":\"https:\\\/\\\/baggaardsbaroner.com\\\/vare\\\/baglommeboeger-kombination\\\/\",\"name\":\"3 x Baglommeb\u00f8ger | Baggaardsbaroner\",\"isPartOf\":{\"@id\":\"https:\\\/\\\/baggaardsbaroner.com\\\/#website\"},\"primaryImageOfPage\":{\"@id\":\"https:\\\/\\\/baggaardsbaroner.com\\\/vare\\\/baglommeboeger-kombination\\\/#primaryimage\"},\"image\":{\"@id\":\"https:\\\/\\\/baggaardsbaroner.com\\\/vare\\\/baglommeboeger-kombination\\\/#primaryimage\"},\"thumbnailUrl\":\"https:\\\/\\\/baggaardsbaroner.com\\\/wp-content\\\/uploads\\\/Baglomme_aprosalypse_4-scaled.jpg\",\"datePublished\":\"2025-02-26T08:33:48+00:00\",\"dateModified\":\"2026-01-22T11:08:29+00:00\",\"breadcrumb\":{\"@id\":\"https:\\\/\\\/baggaardsbaroner.com\\\/vare\\\/baglommeboeger-kombination\\\/#breadcrumb\"},\"inLanguage\":\"en-GB\",\"potentialAction\":[{\"@type\":\"ReadAction\",\"target\":[\"https:\\\/\\\/baggaardsbaroner.com\\\/vare\\\/baglommeboeger-kombination\\\/\"]}]},{\"@type\":\"ImageObject\",\"inLanguage\":\"en-GB\",\"@id\":\"https:\\\/\\\/baggaardsbaroner.com\\\/vare\\\/baglommeboeger-kombination\\\/#primaryimage\",\"url\":\"https:\\\/\\\/baggaardsbaroner.com\\\/wp-content\\\/uploads\\\/Baglomme_aprosalypse_4-scaled.jpg\",\"contentUrl\":\"https:\\\/\\\/baggaardsbaroner.com\\\/wp-content\\\/uploads\\\/Baglomme_aprosalypse_4-scaled.jpg\",\"width\":2048,\"height\":2048},{\"@type\":\"BreadcrumbList\",\"@id\":\"https:\\\/\\\/baggaardsbaroner.com\\\/vare\\\/baglommeboeger-kombination\\\/#breadcrumb\",\"itemListElement\":[{\"@type\":\"ListItem\",\"position\":1,\"name\":\"Forside\",\"item\":\"https:\\\/\\\/baggaardsbaroner.com\\\/\"},{\"@type\":\"ListItem\",\"position\":2,\"name\":\"Shop\",\"item\":\"https:\\\/\\\/baggaardsbaroner.com\\\/shop\\\/\"},{\"@type\":\"ListItem\",\"position\":3,\"name\":\"B\u00f8ger\",\"item\":\"https:\\\/\\\/baggaardsbaroner.com\\\/kategori\\\/boeger\\\/\"},{\"@type\":\"ListItem\",\"position\":4,\"name\":\"3 x Baglommeb\u00f8ger\"}]},{\"@type\":\"WebSite\",\"@id\":\"https:\\\/\\\/baggaardsbaroner.com\\\/#website\",\"url\":\"https:\\\/\\\/baggaardsbaroner.com\\\/\",\"name\":\"Baggaardsbaroner\",\"description\":\"\",\"publisher\":{\"@id\":\"https:\\\/\\\/baggaardsbaroner.com\\\/#organization\"},\"potentialAction\":[{\"@type\":\"SearchAction\",\"target\":{\"@type\":\"EntryPoint\",\"urlTemplate\":\"https:\\\/\\\/baggaardsbaroner.com\\\/?s={search_term_string}\"},\"query-input\":{\"@type\":\"PropertyValueSpecification\",\"valueRequired\":true,\"valueName\":\"search_term_string\"}}],\"inLanguage\":\"en-GB\"},{\"@type\":\"Organization\",\"@id\":\"https:\\\/\\\/baggaardsbaroner.com\\\/#organization\",\"name\":\"Baggaardsbaroner\",\"url\":\"https:\\\/\\\/baggaardsbaroner.com\\\/\",\"logo\":{\"@type\":\"ImageObject\",\"inLanguage\":\"en-GB\",\"@id\":\"https:\\\/\\\/baggaardsbaroner.com\\\/#\\\/schema\\\/logo\\\/image\\\/\",\"url\":\"https:\\\/\\\/baggaardsbaroner.com\\\/wp-content\\\/uploads\\\/logony.png\",\"contentUrl\":\"https:\\\/\\\/baggaardsbaroner.com\\\/wp-content\\\/uploads\\\/logony.png\",\"width\":263,\"height\":103,\"caption\":\"Baggaardsbaroner\"},\"image\":{\"@id\":\"https:\\\/\\\/baggaardsbaroner.com\\\/#\\\/schema\\\/logo\\\/image\\\/\"}}]}<\/script>\n<!-- \/ Yoast SEO plugin. -->","yoast_head_json":{"title":"3 x Baglommeb\u00f8ger | Baggaardsbaroner","robots":{"index":"index","follow":"follow","max-snippet":"max-snippet:-1","max-image-preview":"max-image-preview:large","max-video-preview":"max-video-preview:-1"},"canonical":"https:\/\/baggaardsbaroner.com\/en\/product\/baglommeboeger-kombination\/","og_locale":"en_GB","og_type":"article","og_title":"3 x Baglommeb\u00f8ger | Baggaardsbaroner","og_description":"VINDER AF \u00c5RETS BEDSTE BOGARBEJDE  \u2605 \u2605 \u2605 \u2605 \u2605  \u201dBaggaardsbaroner byder op til livsfilosofisk selvrefleksion og til at puslespille med alt det, vi tror, vi ved. Jeg sender mine varmeste anbefalinger\u201d - Modspor  V\u00e6lg 3 forskellige b\u00f8ger i serien for kun 200 kroner. Skriv i kommentarfeltet, hvilke tre du \u00f8nsker.  Hotellet: En grotesk og surrealistisk fort\u00e6lling om eksistentialismens sv\u00e6reste valg: det at leve meningsfuldt. Mersault arbejder som overtjener p\u00e5 byens mest velansete hotel. Han er slave af vanens tilsyneladende meningsl\u00f8shed, s\u00e5 da han en dag finder hotelejeren d\u00f8d, beslutter han sig for at drive hotellet videre, som om intet var sket. Da Mersault parterer den afd\u00f8de ejers lig og serverer k\u00f8det for de uvidende g\u00e6ster, er det kun f\u00f8rste led i en \u00e5rsagsk\u00e6de af meningsfulde, blodige tilf\u00e6ldigheder.  Stavnsb\u00e5nd: Stavnsb\u00e5nd er en lille, fort\u00e6ttet roman om manipulation, om selvskade og om, hvor meget man vil ofre for den store k\u00e6rlighed. For hvem kan man stole p\u00e5, n\u00e5r man kun er to mennesker i et klaustrofobisk forhold, og ingen har patent p\u00e5 sandheden?  B\u00f8lge \u2013 eller otte noter fra tribunen: Under covid-19 lukkede fodboldstadioner over hele verden ned. Men de traditionsrige danske divisionsklubber fik p\u00e5 mirakul\u00f8s vis lov til at holde \u00e5bent. Her fandt Jonas Villumsen fristed fra en uoverskuelig verdenssituation og genfandt k\u00e6rligheden til en sportsgren og et f\u00e6llesskab, der ofte drukner i millionkontrakter, korruption og slavelignende forhold p\u00e5 eliteniveau. Villumsen dokumenterer den lavm\u00e6lte danske folke\u00e5nd med vittige og k\u00e6rlige stemningsportr\u00e6tter fra den lokale gr\u00f8nsv\u00e6r, hvor selv uindviede f\u00e5r et s\u00e6rligt indblik i en s\u00f8ndags helligdom.  Aprosalypse: En gr\u00e5zonefort\u00e6lling om at miste fodf\u00e6ste i en verden, der roterer om vanviddets akse. En kalejdoskopisk rejse fra det indre rum til det ydre gennem spr\u00e6ngte s\u00e6tninger, desillusion, sygdom, \u00f8delagte landskaber og kosmologisk varmed\u00f8d. Midt i al m\u00f8rket opst\u00e5r der sm\u00e5 spr\u00e6kker af h\u00e5b og accept, og bogen kan s\u00e5ledes b\u00e5de l\u00e6ses som kortroman, kortprosa og stoisk selvhj\u00e6lpsmanual.  Bebop Baby En digtsamling, der skildrer overgangen fra at v\u00e6re sit helt eget menneske til at blive mor til et andet menneske. En linedans mellem f\u00f8dsel og d\u00f8d, en balancegang mellem egoistisk drift og selvudslettende omsorg. For hvad vil det sige at v\u00e6re mor, n\u00e5r man har mistet sin egen?  Det t\u00f8rstige land Vi befinder os p\u00e5 kanten af kloden. Mytologiske v\u00e6sner k\u00e6mper for overlevelse i et poetisk og ubarmhjertigt kapl\u00f8b mod solen. I dette v\u00e6rk f\u00e5r naturen sin egen smukke og s\u00e6lsomme stemme, n\u00e5r enkelte elementer og ord udskiftes af ikonografi, l\u00e6seren selv skal afkode. Det t\u00f8rstige land er en pastiche best\u00e5ende udelukkende af citater hentet fra David Attenborough-dokumentaren Africa.","og_url":"https:\/\/baggaardsbaroner.com\/en\/product\/baglommeboeger-kombination\/","og_site_name":"Baggaardsbaroner","article_modified_time":"2026-01-22T11:08:29+00:00","og_image":[{"width":2048,"height":2048,"url":"https:\/\/baggaardsbaroner.com\/wp-content\/uploads\/Baglomme_aprosalypse_4-scaled.jpg","type":"image\/jpeg"}],"twitter_card":"summary_large_image","twitter_misc":{"Estimated reading time":"3 minutes"},"schema":{"@context":"https:\/\/schema.org","@graph":[{"@type":"WebPage","@id":"https:\/\/baggaardsbaroner.com\/vare\/baglommeboeger-kombination\/","url":"https:\/\/baggaardsbaroner.com\/vare\/baglommeboeger-kombination\/","name":"3 x Baglommeb\u00f8ger | Baggaardsbaroner","isPartOf":{"@id":"https:\/\/baggaardsbaroner.com\/#website"},"primaryImageOfPage":{"@id":"https:\/\/baggaardsbaroner.com\/vare\/baglommeboeger-kombination\/#primaryimage"},"image":{"@id":"https:\/\/baggaardsbaroner.com\/vare\/baglommeboeger-kombination\/#primaryimage"},"thumbnailUrl":"https:\/\/baggaardsbaroner.com\/wp-content\/uploads\/Baglomme_aprosalypse_4-scaled.jpg","datePublished":"2025-02-26T08:33:48+00:00","dateModified":"2026-01-22T11:08:29+00:00","breadcrumb":{"@id":"https:\/\/baggaardsbaroner.com\/vare\/baglommeboeger-kombination\/#breadcrumb"},"inLanguage":"en-GB","potentialAction":[{"@type":"ReadAction","target":["https:\/\/baggaardsbaroner.com\/vare\/baglommeboeger-kombination\/"]}]},{"@type":"ImageObject","inLanguage":"en-GB","@id":"https:\/\/baggaardsbaroner.com\/vare\/baglommeboeger-kombination\/#primaryimage","url":"https:\/\/baggaardsbaroner.com\/wp-content\/uploads\/Baglomme_aprosalypse_4-scaled.jpg","contentUrl":"https:\/\/baggaardsbaroner.com\/wp-content\/uploads\/Baglomme_aprosalypse_4-scaled.jpg","width":2048,"height":2048},{"@type":"BreadcrumbList","@id":"https:\/\/baggaardsbaroner.com\/vare\/baglommeboeger-kombination\/#breadcrumb","itemListElement":[{"@type":"ListItem","position":1,"name":"Forside","item":"https:\/\/baggaardsbaroner.com\/"},{"@type":"ListItem","position":2,"name":"Shop","item":"https:\/\/baggaardsbaroner.com\/shop\/"},{"@type":"ListItem","position":3,"name":"B\u00f8ger","item":"https:\/\/baggaardsbaroner.com\/kategori\/boeger\/"},{"@type":"ListItem","position":4,"name":"3 x Baglommeb\u00f8ger"}]},{"@type":"WebSite","@id":"https:\/\/baggaardsbaroner.com\/#website","url":"https:\/\/baggaardsbaroner.com\/","name":"Baggaardsbaroner","description":"","publisher":{"@id":"https:\/\/baggaardsbaroner.com\/#organization"},"potentialAction":[{"@type":"SearchAction","target":{"@type":"EntryPoint","urlTemplate":"https:\/\/baggaardsbaroner.com\/?s={search_term_string}"},"query-input":{"@type":"PropertyValueSpecification","valueRequired":true,"valueName":"search_term_string"}}],"inLanguage":"en-GB"},{"@type":"Organization","@id":"https:\/\/baggaardsbaroner.com\/#organization","name":"Baggaardsbaroner","url":"https:\/\/baggaardsbaroner.com\/","logo":{"@type":"ImageObject","inLanguage":"en-GB","@id":"https:\/\/baggaardsbaroner.com\/#\/schema\/logo\/image\/","url":"https:\/\/baggaardsbaroner.com\/wp-content\/uploads\/logony.png","contentUrl":"https:\/\/baggaardsbaroner.com\/wp-content\/uploads\/logony.png","width":263,"height":103,"caption":"Baggaardsbaroner"},"image":{"@id":"https:\/\/baggaardsbaroner.com\/#\/schema\/logo\/image\/"}}]}},"_links":{"self":[{"href":"https:\/\/baggaardsbaroner.com\/en\/wp-json\/wp\/v2\/product\/7229","targetHints":{"allow":["GET"]}}],"collection":[{"href":"https:\/\/baggaardsbaroner.com\/en\/wp-json\/wp\/v2\/product"}],"about":[{"href":"https:\/\/baggaardsbaroner.com\/en\/wp-json\/wp\/v2\/types\/product"}],"version-history":[{"count":1,"href":"https:\/\/baggaardsbaroner.com\/en\/wp-json\/wp\/v2\/product\/7229\/revisions"}],"predecessor-version":[{"id":7231,"href":"https:\/\/baggaardsbaroner.com\/en\/wp-json\/wp\/v2\/product\/7229\/revisions\/7231"}],"wp:featuredmedia":[{"embeddable":true,"href":"https:\/\/baggaardsbaroner.com\/en\/wp-json\/wp\/v2\/media\/7063"}],"wp:attachment":[{"href":"https:\/\/baggaardsbaroner.com\/en\/wp-json\/wp\/v2\/media?parent=7229"}],"wp:term":[{"taxonomy":"product_brand","embeddable":true,"href":"https:\/\/baggaardsbaroner.com\/en\/wp-json\/wp\/v2\/product_brand?post=7229"},{"taxonomy":"product_cat","embeddable":true,"href":"https:\/\/baggaardsbaroner.com\/en\/wp-json\/wp\/v2\/product_cat?post=7229"},{"taxonomy":"product_tag","embeddable":true,"href":"https:\/\/baggaardsbaroner.com\/en\/wp-json\/wp\/v2\/product_tag?post=7229"}],"curies":[{"name":"wp","href":"https:\/\/api.w.org\/{rel}","templated":true}]}}