{"id":7232,"date":"2025-02-26T09:42:17","date_gmt":"2025-02-26T08:42:17","guid":{"rendered":"https:\/\/baggaardsbaroner.com\/\/?post_type=product&#038;p=7232"},"modified":"2025-02-26T09:51:00","modified_gmt":"2025-02-26T08:51:00","slug":"landet-paa-livet","status":"publish","type":"product","link":"https:\/\/baggaardsbaroner.com\/en\/product\/landet-paa-livet\/","title":{"rendered":"Landed on life"},"content":{"rendered":"<div class=\"et_pb_column et_pb_column_4_4 et_pb_column_2_tb_body  et_pb_css_mix_blend_mode_passthrough et-last-child\">\n<div class=\"et_pb_module et_pb_post_content et_pb_post_content_0_tb_body\">\n<p><span class=\"x4k7w5x x1h91t0o x1h9r5lt xv2umb2 x1beo9mf xaigb6o x12ejxvf x3igimt xarpa2k xedcshv x1lytzrv x1t2pt76 x7ja8zs x1qrby5j x1jfb8zj\"><strong>LANDED ON LIFE<\/strong> Landed on Life is a wave of stories washed up from the western coast of Jutland. About a place you most likely don\u2019t know. A family\u2019s experiences form the framework for the tales of the town of Rungholt, which, like another Atlantis, sank into the sea one night; of the bank robbery that was forgiven by the police before it even went to trial; of the father who went into debt and had to flee to Canada; and of the time when a group of sixteen whales stranded on the beach of R\u00f8m\u00f8.<\/span><\/p>\n<p><span class=\"x4k7w5x x1h91t0o x1h9r5lt xv2umb2 x1beo9mf xaigb6o x12ejxvf x3igimt xarpa2k xedcshv x1lytzrv x1t2pt76 x7ja8zs x1qrby5j x1jfb8zj\">The author behind The Danish Techno King Third Wife, who now debuts under his South Jutland name Mikkel S\u00f6nnichsen. After a year as one of the most played Danish techno musicians on Spotify, he has now ventured into childhood anecdotes and guides on how to, for example, best perform a quality cannonball in a swimming pool.<\/span><\/p>\n<p>The novel is richly illustrated by the artist and techno prince, Thomas Lyngfeldt Skov. <span class=\"x4k7w5x x1h91t0o x1h9r5lt xv2umb2 x1beo9mf xaigb6o x12ejxvf x3igimt xarpa2k xedcshv x1lytzrv x1t2pt76 x7ja8zs x1qrby5j x1jfb8zj\">Like Mikkel, Thomas has abandoned the dark rhythms and now lives in harmony with the cormorant on Or\u00f8.<\/span><\/p>\n<p><strong>What the reviewers say:<\/strong><\/p>\n<p>\u201c\u2026It is not easily swayed by the need for a grand existential justification, instead keeping its focus on telling a small slice of life in a small corner of Southern Jutland. And through that humility, it comes across as incredibly powerful.\"<em>&#8221;<br \/>\n\u2013 Litteraturnu, Harald Toksv\u00e6rd<\/p>\n<p><\/em>\"Landed on Life\" steps lightly outside the conventional boundaries of contemporary, pathos-inducing memoir literature, and largely avoids the often predictable literary path through the provincial landscape of childhood. All of this with an energetic and simultaneously understated protest.<em>.&#8221;<br \/>\n\u2013 Modspor<br \/>\n<\/em><\/p>\n<\/div>\n<\/div>","protected":false},"excerpt":{"rendered":"<p><span class=\"x4k7w5x x1h91t0o x1h9r5lt xv2umb2 x1beo9mf xaigb6o x12ejxvf x3igimt xarpa2k xedcshv x1lytzrv x1t2pt76 x7ja8zs x1qrby5j x1jfb8zj\"><strong>LANDED ON LIFE<\/strong> Landed on Life is a wave of stories washed up from the western coast of Jutland. About a place you most likely don\u2019t know. A family\u2019s experiences form the framework for the tales of the town of Rungholt, which, like another Atlantis, sank into the sea one night; of the bank robbery that was forgiven by the police before it even went to trial; of the father who went into debt and had to flee to Canada; and of the time when a group of sixteen whales stranded on the beach of R\u00f8m\u00f8.<\/span><\/p>\n<p><span class=\"x4k7w5x x1h91t0o x1h9r5lt xv2umb2 x1beo9mf xaigb6o x12ejxvf x3igimt xarpa2k xedcshv x1lytzrv x1t2pt76 x7ja8zs x1qrby5j x1jfb8zj\">The author behind The Danish Techno King Third Wife, who now debuts under his South Jutland name Mikkel S\u00f6nnichsen. After a year as one of the most played Danish techno musicians on Spotify, he has now ventured into childhood anecdotes and guides on how to, for example, best perform a quality cannonball in a swimming pool.<\/span><\/p>\n<p>The novel is richly illustrated by the artist and techno prince, Thomas Lyngfeldt Skov. <span class=\"x4k7w5x x1h91t0o x1h9r5lt xv2umb2 x1beo9mf xaigb6o x12ejxvf x3igimt xarpa2k xedcshv x1lytzrv x1t2pt76 x7ja8zs x1qrby5j x1jfb8zj\">Like Mikkel, Thomas has abandoned the dark rhythms and now lives in harmony with the cormorant on Or\u00f8.<\/span><\/p>\n<p><strong>What the reviewers say:<\/strong><\/p>\n<p>\u201c\u2026It is not easily swayed by the need for a grand existential justification, instead keeping its focus on telling a small slice of life in a small corner of Southern Jutland. And through that humility, it comes across as incredibly powerful.\"<em>&#8221;<br \/>\n\u2013 Litteraturnu, Harald Toksv\u00e6rd<\/p>\n<p><\/em>\"Landed on Life\" steps lightly outside the conventional boundaries of contemporary, pathos-inducing memoir literature, and largely avoids the often predictable literary path through the provincial landscape of childhood. All of this with an energetic and simultaneously understated protest.<em>.&#8221;<br \/>\n\u2013 Modspor<\/em><\/p>","protected":false},"featured_media":7235,"template":"","meta":{"_acf_changed":false},"product_brand":[],"product_cat":[81],"product_tag":[],"class_list":{"0":"post-7232","1":"product","2":"type-product","3":"status-publish","4":"has-post-thumbnail","6":"product_cat-boeger","8":"first","9":"instock","10":"taxable","11":"shipping-taxable","12":"purchasable","13":"product-type-simple"},"acf":[],"yoast_head":"<!-- This site is optimized with the Yoast SEO plugin v27.4 - https:\/\/yoast.com\/product\/yoast-seo-wordpress\/ -->\n<title>Landet p\u00e5 livet | Baggaardsbaroner<\/title>\n<meta name=\"robots\" content=\"index, follow, max-snippet:-1, max-image-preview:large, max-video-preview:-1\" \/>\n<link rel=\"canonical\" href=\"https:\/\/baggaardsbaroner.com\/en\/product\/landet-paa-livet\/\" \/>\n<meta property=\"og:locale\" content=\"en_GB\" \/>\n<meta property=\"og:type\" content=\"article\" \/>\n<meta property=\"og:title\" content=\"Landet p\u00e5 livet | Baggaardsbaroner\" \/>\n<meta property=\"og:description\" content=\"LANDET P\u00c5 LIVET er en b\u00f8lge af fort\u00e6llinger skyllet op fra den jyske vestkyst. Om et sted, du h\u00f8jst sandsynligt ikke kender. En families oplevelser danner rammen for fort\u00e6llingerne om byen Rungholt, der som et andet Atlantis sank i havet p\u00e5 en nat, om bankr\u00f8veriet der blev tilgivet af politiet, f\u00f8r det kom for retten, om familiefaren der forg\u00e6ldede sig og m\u00e5tte flygte til Canada, og om dengang en flok p\u00e5 seksten hvaler strandede p\u00e5 R\u00f8m\u00f8 strand.  Forfatteren bag af den danske technokonge Third Wife, der nu debuterer under sit s\u00f8nderjyske navn Mikkel S\u00f6nnichsen. Efter et \u00e5r som \u00e9n af de mest afspillede danske technomusikere p\u00e5 Spotify, har han nu bev\u00e6get sig ind barndommens anekdoter og vejledninger til hvordan man eksempelvis bedst gokker kvalitetsbadder ud i en sv\u00f8mmehal.  Roman er rigt illustreret af kunstneren og technoprinsen, Thomas Lyngfeldt Skov. Thomas har, lige som Mikkel, afsagt de m\u00f8rke rytmer og lever nu i harmoni med skarven p\u00e5 Or\u00f8.  Det skrev anmelderne:  &quot;\u2026N\u00e6rmere lader den sig ikke overtale af behovet for en storladen eksistensberettigelse, og holder fokus p\u00e5 at fort\u00e6lle om et lille udsnit af liv i et lille udsnit af S\u00f8nderjylland. Og i kraft af den ydmyghed, kommer den til at fremst\u00e5 enormt st\u00e6rkt.&quot; \u2013 Litteraturnu, Harald Toksv\u00e6rd  &quot;Landet p\u00e5 livet tr\u00e6der p\u00e5 listef\u00f8dder uden for de konventionelle rammer for samtidens patosfremkaldende erindringslitteratur, og den undg\u00e5r i h\u00f8j grad den ofte forudsigelige litter\u00e6re sti gennem barndommens provinslandskab. Alt sammen med en energisk og samtidig underspillet protest.&quot; \u2013 Modspor\" \/>\n<meta property=\"og:url\" content=\"https:\/\/baggaardsbaroner.com\/en\/product\/landet-paa-livet\/\" \/>\n<meta property=\"og:site_name\" content=\"Baggaardsbaroner\" \/>\n<meta property=\"article:modified_time\" content=\"2025-02-26T08:51:00+00:00\" \/>\n<meta property=\"og:image\" content=\"https:\/\/baggaardsbaroner.com\/wp-content\/uploads\/Skaermbillede-2025-02-26-kl.-09.47.02.png\" \/>\n\t<meta property=\"og:image:width\" content=\"1134\" \/>\n\t<meta property=\"og:image:height\" content=\"1135\" \/>\n\t<meta property=\"og:image:type\" content=\"image\/png\" \/>\n<meta name=\"twitter:card\" content=\"summary_large_image\" \/>\n<meta name=\"twitter:label1\" content=\"Estimated reading time\" \/>\n\t<meta name=\"twitter:data1\" content=\"2 minutes\" \/>\n<script type=\"application\/ld+json\" class=\"yoast-schema-graph\">{\"@context\":\"https:\\\/\\\/schema.org\",\"@graph\":[{\"@type\":\"WebPage\",\"@id\":\"https:\\\/\\\/baggaardsbaroner.com\\\/vare\\\/landet-paa-livet\\\/\",\"url\":\"https:\\\/\\\/baggaardsbaroner.com\\\/vare\\\/landet-paa-livet\\\/\",\"name\":\"Landet p\u00e5 livet | Baggaardsbaroner\",\"isPartOf\":{\"@id\":\"https:\\\/\\\/baggaardsbaroner.com\\\/#website\"},\"primaryImageOfPage\":{\"@id\":\"https:\\\/\\\/baggaardsbaroner.com\\\/vare\\\/landet-paa-livet\\\/#primaryimage\"},\"image\":{\"@id\":\"https:\\\/\\\/baggaardsbaroner.com\\\/vare\\\/landet-paa-livet\\\/#primaryimage\"},\"thumbnailUrl\":\"https:\\\/\\\/baggaardsbaroner.com\\\/wp-content\\\/uploads\\\/Skaermbillede-2025-02-26-kl.-09.47.02.png\",\"datePublished\":\"2025-02-26T08:42:17+00:00\",\"dateModified\":\"2025-02-26T08:51:00+00:00\",\"breadcrumb\":{\"@id\":\"https:\\\/\\\/baggaardsbaroner.com\\\/vare\\\/landet-paa-livet\\\/#breadcrumb\"},\"inLanguage\":\"en-GB\",\"potentialAction\":[{\"@type\":\"ReadAction\",\"target\":[\"https:\\\/\\\/baggaardsbaroner.com\\\/vare\\\/landet-paa-livet\\\/\"]}]},{\"@type\":\"ImageObject\",\"inLanguage\":\"en-GB\",\"@id\":\"https:\\\/\\\/baggaardsbaroner.com\\\/vare\\\/landet-paa-livet\\\/#primaryimage\",\"url\":\"https:\\\/\\\/baggaardsbaroner.com\\\/wp-content\\\/uploads\\\/Skaermbillede-2025-02-26-kl.-09.47.02.png\",\"contentUrl\":\"https:\\\/\\\/baggaardsbaroner.com\\\/wp-content\\\/uploads\\\/Skaermbillede-2025-02-26-kl.-09.47.02.png\",\"width\":1134,\"height\":1135},{\"@type\":\"BreadcrumbList\",\"@id\":\"https:\\\/\\\/baggaardsbaroner.com\\\/vare\\\/landet-paa-livet\\\/#breadcrumb\",\"itemListElement\":[{\"@type\":\"ListItem\",\"position\":1,\"name\":\"Forside\",\"item\":\"https:\\\/\\\/baggaardsbaroner.com\\\/\"},{\"@type\":\"ListItem\",\"position\":2,\"name\":\"Shop\",\"item\":\"https:\\\/\\\/baggaardsbaroner.com\\\/shop\\\/\"},{\"@type\":\"ListItem\",\"position\":3,\"name\":\"B\u00f8ger\",\"item\":\"https:\\\/\\\/baggaardsbaroner.com\\\/kategori\\\/boeger\\\/\"},{\"@type\":\"ListItem\",\"position\":4,\"name\":\"Landet p\u00e5 livet\"}]},{\"@type\":\"WebSite\",\"@id\":\"https:\\\/\\\/baggaardsbaroner.com\\\/#website\",\"url\":\"https:\\\/\\\/baggaardsbaroner.com\\\/\",\"name\":\"Baggaardsbaroner\",\"description\":\"\",\"publisher\":{\"@id\":\"https:\\\/\\\/baggaardsbaroner.com\\\/#organization\"},\"potentialAction\":[{\"@type\":\"SearchAction\",\"target\":{\"@type\":\"EntryPoint\",\"urlTemplate\":\"https:\\\/\\\/baggaardsbaroner.com\\\/?s={search_term_string}\"},\"query-input\":{\"@type\":\"PropertyValueSpecification\",\"valueRequired\":true,\"valueName\":\"search_term_string\"}}],\"inLanguage\":\"en-GB\"},{\"@type\":\"Organization\",\"@id\":\"https:\\\/\\\/baggaardsbaroner.com\\\/#organization\",\"name\":\"Baggaardsbaroner\",\"url\":\"https:\\\/\\\/baggaardsbaroner.com\\\/\",\"logo\":{\"@type\":\"ImageObject\",\"inLanguage\":\"en-GB\",\"@id\":\"https:\\\/\\\/baggaardsbaroner.com\\\/#\\\/schema\\\/logo\\\/image\\\/\",\"url\":\"https:\\\/\\\/baggaardsbaroner.com\\\/wp-content\\\/uploads\\\/logony.png\",\"contentUrl\":\"https:\\\/\\\/baggaardsbaroner.com\\\/wp-content\\\/uploads\\\/logony.png\",\"width\":263,\"height\":103,\"caption\":\"Baggaardsbaroner\"},\"image\":{\"@id\":\"https:\\\/\\\/baggaardsbaroner.com\\\/#\\\/schema\\\/logo\\\/image\\\/\"}}]}<\/script>\n<!-- \/ Yoast SEO plugin. -->","yoast_head_json":{"title":"Landet p\u00e5 livet | Baggaardsbaroner","robots":{"index":"index","follow":"follow","max-snippet":"max-snippet:-1","max-image-preview":"max-image-preview:large","max-video-preview":"max-video-preview:-1"},"canonical":"https:\/\/baggaardsbaroner.com\/en\/product\/landet-paa-livet\/","og_locale":"en_GB","og_type":"article","og_title":"Landet p\u00e5 livet | Baggaardsbaroner","og_description":"LANDET P\u00c5 LIVET er en b\u00f8lge af fort\u00e6llinger skyllet op fra den jyske vestkyst. Om et sted, du h\u00f8jst sandsynligt ikke kender. En families oplevelser danner rammen for fort\u00e6llingerne om byen Rungholt, der som et andet Atlantis sank i havet p\u00e5 en nat, om bankr\u00f8veriet der blev tilgivet af politiet, f\u00f8r det kom for retten, om familiefaren der forg\u00e6ldede sig og m\u00e5tte flygte til Canada, og om dengang en flok p\u00e5 seksten hvaler strandede p\u00e5 R\u00f8m\u00f8 strand.  Forfatteren bag af den danske technokonge Third Wife, der nu debuterer under sit s\u00f8nderjyske navn Mikkel S\u00f6nnichsen. Efter et \u00e5r som \u00e9n af de mest afspillede danske technomusikere p\u00e5 Spotify, har han nu bev\u00e6get sig ind barndommens anekdoter og vejledninger til hvordan man eksempelvis bedst gokker kvalitetsbadder ud i en sv\u00f8mmehal.  Roman er rigt illustreret af kunstneren og technoprinsen, Thomas Lyngfeldt Skov. Thomas har, lige som Mikkel, afsagt de m\u00f8rke rytmer og lever nu i harmoni med skarven p\u00e5 Or\u00f8.  Det skrev anmelderne:  \"\u2026N\u00e6rmere lader den sig ikke overtale af behovet for en storladen eksistensberettigelse, og holder fokus p\u00e5 at fort\u00e6lle om et lille udsnit af liv i et lille udsnit af S\u00f8nderjylland. Og i kraft af den ydmyghed, kommer den til at fremst\u00e5 enormt st\u00e6rkt.\" \u2013 Litteraturnu, Harald Toksv\u00e6rd  \"Landet p\u00e5 livet tr\u00e6der p\u00e5 listef\u00f8dder uden for de konventionelle rammer for samtidens patosfremkaldende erindringslitteratur, og den undg\u00e5r i h\u00f8j grad den ofte forudsigelige litter\u00e6re sti gennem barndommens provinslandskab. Alt sammen med en energisk og samtidig underspillet protest.\" \u2013 Modspor","og_url":"https:\/\/baggaardsbaroner.com\/en\/product\/landet-paa-livet\/","og_site_name":"Baggaardsbaroner","article_modified_time":"2025-02-26T08:51:00+00:00","og_image":[{"width":1134,"height":1135,"url":"https:\/\/baggaardsbaroner.com\/wp-content\/uploads\/Skaermbillede-2025-02-26-kl.-09.47.02.png","type":"image\/png"}],"twitter_card":"summary_large_image","twitter_misc":{"Estimated reading time":"2 minutes"},"schema":{"@context":"https:\/\/schema.org","@graph":[{"@type":"WebPage","@id":"https:\/\/baggaardsbaroner.com\/vare\/landet-paa-livet\/","url":"https:\/\/baggaardsbaroner.com\/vare\/landet-paa-livet\/","name":"Landet p\u00e5 livet | Baggaardsbaroner","isPartOf":{"@id":"https:\/\/baggaardsbaroner.com\/#website"},"primaryImageOfPage":{"@id":"https:\/\/baggaardsbaroner.com\/vare\/landet-paa-livet\/#primaryimage"},"image":{"@id":"https:\/\/baggaardsbaroner.com\/vare\/landet-paa-livet\/#primaryimage"},"thumbnailUrl":"https:\/\/baggaardsbaroner.com\/wp-content\/uploads\/Skaermbillede-2025-02-26-kl.-09.47.02.png","datePublished":"2025-02-26T08:42:17+00:00","dateModified":"2025-02-26T08:51:00+00:00","breadcrumb":{"@id":"https:\/\/baggaardsbaroner.com\/vare\/landet-paa-livet\/#breadcrumb"},"inLanguage":"en-GB","potentialAction":[{"@type":"ReadAction","target":["https:\/\/baggaardsbaroner.com\/vare\/landet-paa-livet\/"]}]},{"@type":"ImageObject","inLanguage":"en-GB","@id":"https:\/\/baggaardsbaroner.com\/vare\/landet-paa-livet\/#primaryimage","url":"https:\/\/baggaardsbaroner.com\/wp-content\/uploads\/Skaermbillede-2025-02-26-kl.-09.47.02.png","contentUrl":"https:\/\/baggaardsbaroner.com\/wp-content\/uploads\/Skaermbillede-2025-02-26-kl.-09.47.02.png","width":1134,"height":1135},{"@type":"BreadcrumbList","@id":"https:\/\/baggaardsbaroner.com\/vare\/landet-paa-livet\/#breadcrumb","itemListElement":[{"@type":"ListItem","position":1,"name":"Forside","item":"https:\/\/baggaardsbaroner.com\/"},{"@type":"ListItem","position":2,"name":"Shop","item":"https:\/\/baggaardsbaroner.com\/shop\/"},{"@type":"ListItem","position":3,"name":"B\u00f8ger","item":"https:\/\/baggaardsbaroner.com\/kategori\/boeger\/"},{"@type":"ListItem","position":4,"name":"Landet p\u00e5 livet"}]},{"@type":"WebSite","@id":"https:\/\/baggaardsbaroner.com\/#website","url":"https:\/\/baggaardsbaroner.com\/","name":"Baggaardsbaroner","description":"","publisher":{"@id":"https:\/\/baggaardsbaroner.com\/#organization"},"potentialAction":[{"@type":"SearchAction","target":{"@type":"EntryPoint","urlTemplate":"https:\/\/baggaardsbaroner.com\/?s={search_term_string}"},"query-input":{"@type":"PropertyValueSpecification","valueRequired":true,"valueName":"search_term_string"}}],"inLanguage":"en-GB"},{"@type":"Organization","@id":"https:\/\/baggaardsbaroner.com\/#organization","name":"Baggaardsbaroner","url":"https:\/\/baggaardsbaroner.com\/","logo":{"@type":"ImageObject","inLanguage":"en-GB","@id":"https:\/\/baggaardsbaroner.com\/#\/schema\/logo\/image\/","url":"https:\/\/baggaardsbaroner.com\/wp-content\/uploads\/logony.png","contentUrl":"https:\/\/baggaardsbaroner.com\/wp-content\/uploads\/logony.png","width":263,"height":103,"caption":"Baggaardsbaroner"},"image":{"@id":"https:\/\/baggaardsbaroner.com\/#\/schema\/logo\/image\/"}}]}},"_links":{"self":[{"href":"https:\/\/baggaardsbaroner.com\/en\/wp-json\/wp\/v2\/product\/7232","targetHints":{"allow":["GET"]}}],"collection":[{"href":"https:\/\/baggaardsbaroner.com\/en\/wp-json\/wp\/v2\/product"}],"about":[{"href":"https:\/\/baggaardsbaroner.com\/en\/wp-json\/wp\/v2\/types\/product"}],"version-history":[{"count":1,"href":"https:\/\/baggaardsbaroner.com\/en\/wp-json\/wp\/v2\/product\/7232\/revisions"}],"predecessor-version":[{"id":7236,"href":"https:\/\/baggaardsbaroner.com\/en\/wp-json\/wp\/v2\/product\/7232\/revisions\/7236"}],"wp:featuredmedia":[{"embeddable":true,"href":"https:\/\/baggaardsbaroner.com\/en\/wp-json\/wp\/v2\/media\/7235"}],"wp:attachment":[{"href":"https:\/\/baggaardsbaroner.com\/en\/wp-json\/wp\/v2\/media?parent=7232"}],"wp:term":[{"taxonomy":"product_brand","embeddable":true,"href":"https:\/\/baggaardsbaroner.com\/en\/wp-json\/wp\/v2\/product_brand?post=7232"},{"taxonomy":"product_cat","embeddable":true,"href":"https:\/\/baggaardsbaroner.com\/en\/wp-json\/wp\/v2\/product_cat?post=7232"},{"taxonomy":"product_tag","embeddable":true,"href":"https:\/\/baggaardsbaroner.com\/en\/wp-json\/wp\/v2\/product_tag?post=7232"}],"curies":[{"name":"wp","href":"https:\/\/api.w.org\/{rel}","templated":true}]}}