{"id":7237,"date":"2025-02-26T09:52:12","date_gmt":"2025-02-26T08:52:12","guid":{"rendered":"https:\/\/baggaardsbaroner.com\/\/?post_type=product&#038;p=7237"},"modified":"2026-03-14T03:36:48","modified_gmt":"2026-03-14T02:36:48","slug":"rotteshirt","status":"publish","type":"product","link":"https:\/\/baggaardsbaroner.com\/en\/product\/rotteshirt\/","title":{"rendered":"Rat Clothing"},"content":{"rendered":"<div class=\"et_pb_module et_pb_wc_description et_pb_wc_description_0_tb_body et_pb_bg_layout_light et_pb_text_align_left\">\n<div class=\"et_pb_module_inner\">\n<div class=\"et_pb_module et_pb_wc_description et_pb_wc_description_0_tb_body et_pb_bg_layout_light et_pb_text_align_left\">\n<div class=\"et_pb_module_inner\">The official war uniform.<br \/>\nWrite which worldview or color you prefer and what size your body likes.<\/p>\n<p>All t-shirts are handmade with a focus on quality and the environment. It may seem futile when the world is on fire anyway, and General Musk, Daddy Trump, and Vladimir Gluten don't give a damn about the future.<br \/>\nBut hey, those little rings have to start somewhere. So put on the uniform and be part of the wave.<br \/>\nWe personally prefer the black version, because revolutions are bloody \u2013 and it\u2019s such a hassle with bloodstains and laundry.<\/p><\/div>\n<\/div>\n<\/div>\n<\/div>","protected":false},"excerpt":{"rendered":"<p>The official war uniform.<br \/>\nWrite which worldview or color you prefer and what size your body likes.<\/p>\n<p>All t-shirts are handmade with a focus on quality and the environment. It may seem futile when the world is on fire anyway, and General Musk, Daddy Trump, and Vladimir Gluten don't give a damn about the future.<br \/>\nBut hey, those little rings have to start somewhere. So put on the uniform and be part of the wave.<br \/>\nWe personally prefer the black version, because revolutions are bloody \u2013 and it\u2019s such a hassle with bloodstains and laundry.<\/p>","protected":false},"featured_media":7239,"template":"","meta":{"_acf_changed":false},"product_brand":[],"product_cat":[83],"product_tag":[],"class_list":{"0":"post-7237","1":"product","2":"type-product","3":"status-publish","4":"has-post-thumbnail","6":"product_cat-merch","8":"first","9":"instock","10":"taxable","11":"shipping-taxable","12":"purchasable","13":"product-type-simple"},"acf":[],"yoast_head":"<!-- This site is optimized with the Yoast SEO plugin v27.4 - https:\/\/yoast.com\/product\/yoast-seo-wordpress\/ -->\n<title>Rottet\u00f8j | Baggaardsbaroner<\/title>\n<meta name=\"robots\" content=\"index, follow, max-snippet:-1, max-image-preview:large, max-video-preview:-1\" \/>\n<link rel=\"canonical\" href=\"https:\/\/baggaardsbaroner.com\/en\/product\/rotteshirt\/\" \/>\n<meta property=\"og:locale\" content=\"en_GB\" \/>\n<meta property=\"og:type\" content=\"article\" \/>\n<meta property=\"og:title\" content=\"Rottet\u00f8j | Baggaardsbaroner\" \/>\n<meta property=\"og:description\" content=\"Den officielle krigsuniform. Skriv hvilket livssyn \/ eller farve du er til og hvilken st\u00f8rrelse din krop kan lide.  Alle t-shirts laves i h\u00e5nden og med tanke p\u00e5 kvalitet og milj\u00f8. Det kan virke omsonst, n\u00e5r verden er alligevel st\u00e5r i flammer og General Musk, Daddy Trump og Vladimir Gluten gir&#039; en fuck for fremtiden. Men hey, de der sm\u00e5 ringe skal jo starte et eller andet sted. S\u00e5 ikl\u00e6d dig uniformen og v\u00e6r en del af b\u00f8lgen. Selv foretr\u00e6kker vi den sorte udgave, for revolutioner er blodige \u2013 og det er sgu s\u00e5dan et b\u00f8vl med blodpletter og vasket\u00f8j.\" \/>\n<meta property=\"og:url\" content=\"https:\/\/baggaardsbaroner.com\/en\/product\/rotteshirt\/\" \/>\n<meta property=\"og:site_name\" content=\"Baggaardsbaroner\" \/>\n<meta property=\"article:modified_time\" content=\"2026-03-14T02:36:48+00:00\" \/>\n<meta property=\"og:image\" content=\"https:\/\/baggaardsbaroner.com\/wp-content\/uploads\/tshirt-scaled.jpg\" \/>\n\t<meta property=\"og:image:width\" content=\"2048\" \/>\n\t<meta property=\"og:image:height\" content=\"2048\" \/>\n\t<meta property=\"og:image:type\" content=\"image\/jpeg\" \/>\n<meta name=\"twitter:card\" content=\"summary_large_image\" \/>\n<meta name=\"twitter:label1\" content=\"Estimated reading time\" \/>\n\t<meta name=\"twitter:data1\" content=\"1 minute\" \/>\n<script type=\"application\/ld+json\" class=\"yoast-schema-graph\">{\"@context\":\"https:\\\/\\\/schema.org\",\"@graph\":[{\"@type\":\"WebPage\",\"@id\":\"https:\\\/\\\/baggaardsbaroner.com\\\/vare\\\/rotteshirt\\\/\",\"url\":\"https:\\\/\\\/baggaardsbaroner.com\\\/vare\\\/rotteshirt\\\/\",\"name\":\"Rottet\u00f8j | Baggaardsbaroner\",\"isPartOf\":{\"@id\":\"https:\\\/\\\/baggaardsbaroner.com\\\/#website\"},\"primaryImageOfPage\":{\"@id\":\"https:\\\/\\\/baggaardsbaroner.com\\\/vare\\\/rotteshirt\\\/#primaryimage\"},\"image\":{\"@id\":\"https:\\\/\\\/baggaardsbaroner.com\\\/vare\\\/rotteshirt\\\/#primaryimage\"},\"thumbnailUrl\":\"https:\\\/\\\/baggaardsbaroner.com\\\/wp-content\\\/uploads\\\/tshirt-scaled.jpg\",\"datePublished\":\"2025-02-26T08:52:12+00:00\",\"dateModified\":\"2026-03-14T02:36:48+00:00\",\"breadcrumb\":{\"@id\":\"https:\\\/\\\/baggaardsbaroner.com\\\/vare\\\/rotteshirt\\\/#breadcrumb\"},\"inLanguage\":\"en-GB\",\"potentialAction\":[{\"@type\":\"ReadAction\",\"target\":[\"https:\\\/\\\/baggaardsbaroner.com\\\/vare\\\/rotteshirt\\\/\"]}]},{\"@type\":\"ImageObject\",\"inLanguage\":\"en-GB\",\"@id\":\"https:\\\/\\\/baggaardsbaroner.com\\\/vare\\\/rotteshirt\\\/#primaryimage\",\"url\":\"https:\\\/\\\/baggaardsbaroner.com\\\/wp-content\\\/uploads\\\/tshirt-scaled.jpg\",\"contentUrl\":\"https:\\\/\\\/baggaardsbaroner.com\\\/wp-content\\\/uploads\\\/tshirt-scaled.jpg\",\"width\":2048,\"height\":2048},{\"@type\":\"BreadcrumbList\",\"@id\":\"https:\\\/\\\/baggaardsbaroner.com\\\/vare\\\/rotteshirt\\\/#breadcrumb\",\"itemListElement\":[{\"@type\":\"ListItem\",\"position\":1,\"name\":\"Forside\",\"item\":\"https:\\\/\\\/baggaardsbaroner.com\\\/\"},{\"@type\":\"ListItem\",\"position\":2,\"name\":\"Shop\",\"item\":\"https:\\\/\\\/baggaardsbaroner.com\\\/shop\\\/\"},{\"@type\":\"ListItem\",\"position\":3,\"name\":\"Merch\",\"item\":\"https:\\\/\\\/baggaardsbaroner.com\\\/kategori\\\/merch\\\/\"},{\"@type\":\"ListItem\",\"position\":4,\"name\":\"Rottet\u00f8j\"}]},{\"@type\":\"WebSite\",\"@id\":\"https:\\\/\\\/baggaardsbaroner.com\\\/#website\",\"url\":\"https:\\\/\\\/baggaardsbaroner.com\\\/\",\"name\":\"Baggaardsbaroner\",\"description\":\"\",\"publisher\":{\"@id\":\"https:\\\/\\\/baggaardsbaroner.com\\\/#organization\"},\"potentialAction\":[{\"@type\":\"SearchAction\",\"target\":{\"@type\":\"EntryPoint\",\"urlTemplate\":\"https:\\\/\\\/baggaardsbaroner.com\\\/?s={search_term_string}\"},\"query-input\":{\"@type\":\"PropertyValueSpecification\",\"valueRequired\":true,\"valueName\":\"search_term_string\"}}],\"inLanguage\":\"en-GB\"},{\"@type\":\"Organization\",\"@id\":\"https:\\\/\\\/baggaardsbaroner.com\\\/#organization\",\"name\":\"Baggaardsbaroner\",\"url\":\"https:\\\/\\\/baggaardsbaroner.com\\\/\",\"logo\":{\"@type\":\"ImageObject\",\"inLanguage\":\"en-GB\",\"@id\":\"https:\\\/\\\/baggaardsbaroner.com\\\/#\\\/schema\\\/logo\\\/image\\\/\",\"url\":\"https:\\\/\\\/baggaardsbaroner.com\\\/wp-content\\\/uploads\\\/logony.png\",\"contentUrl\":\"https:\\\/\\\/baggaardsbaroner.com\\\/wp-content\\\/uploads\\\/logony.png\",\"width\":263,\"height\":103,\"caption\":\"Baggaardsbaroner\"},\"image\":{\"@id\":\"https:\\\/\\\/baggaardsbaroner.com\\\/#\\\/schema\\\/logo\\\/image\\\/\"}}]}<\/script>\n<!-- \/ Yoast SEO plugin. -->","yoast_head_json":{"title":"Rottet\u00f8j | Baggaardsbaroner","robots":{"index":"index","follow":"follow","max-snippet":"max-snippet:-1","max-image-preview":"max-image-preview:large","max-video-preview":"max-video-preview:-1"},"canonical":"https:\/\/baggaardsbaroner.com\/en\/product\/rotteshirt\/","og_locale":"en_GB","og_type":"article","og_title":"Rottet\u00f8j | Baggaardsbaroner","og_description":"Den officielle krigsuniform. Skriv hvilket livssyn \/ eller farve du er til og hvilken st\u00f8rrelse din krop kan lide.  Alle t-shirts laves i h\u00e5nden og med tanke p\u00e5 kvalitet og milj\u00f8. Det kan virke omsonst, n\u00e5r verden er alligevel st\u00e5r i flammer og General Musk, Daddy Trump og Vladimir Gluten gir' en fuck for fremtiden. Men hey, de der sm\u00e5 ringe skal jo starte et eller andet sted. S\u00e5 ikl\u00e6d dig uniformen og v\u00e6r en del af b\u00f8lgen. Selv foretr\u00e6kker vi den sorte udgave, for revolutioner er blodige \u2013 og det er sgu s\u00e5dan et b\u00f8vl med blodpletter og vasket\u00f8j.","og_url":"https:\/\/baggaardsbaroner.com\/en\/product\/rotteshirt\/","og_site_name":"Baggaardsbaroner","article_modified_time":"2026-03-14T02:36:48+00:00","og_image":[{"width":2048,"height":2048,"url":"https:\/\/baggaardsbaroner.com\/wp-content\/uploads\/tshirt-scaled.jpg","type":"image\/jpeg"}],"twitter_card":"summary_large_image","twitter_misc":{"Estimated reading time":"1 minute"},"schema":{"@context":"https:\/\/schema.org","@graph":[{"@type":"WebPage","@id":"https:\/\/baggaardsbaroner.com\/vare\/rotteshirt\/","url":"https:\/\/baggaardsbaroner.com\/vare\/rotteshirt\/","name":"Rottet\u00f8j | Baggaardsbaroner","isPartOf":{"@id":"https:\/\/baggaardsbaroner.com\/#website"},"primaryImageOfPage":{"@id":"https:\/\/baggaardsbaroner.com\/vare\/rotteshirt\/#primaryimage"},"image":{"@id":"https:\/\/baggaardsbaroner.com\/vare\/rotteshirt\/#primaryimage"},"thumbnailUrl":"https:\/\/baggaardsbaroner.com\/wp-content\/uploads\/tshirt-scaled.jpg","datePublished":"2025-02-26T08:52:12+00:00","dateModified":"2026-03-14T02:36:48+00:00","breadcrumb":{"@id":"https:\/\/baggaardsbaroner.com\/vare\/rotteshirt\/#breadcrumb"},"inLanguage":"en-GB","potentialAction":[{"@type":"ReadAction","target":["https:\/\/baggaardsbaroner.com\/vare\/rotteshirt\/"]}]},{"@type":"ImageObject","inLanguage":"en-GB","@id":"https:\/\/baggaardsbaroner.com\/vare\/rotteshirt\/#primaryimage","url":"https:\/\/baggaardsbaroner.com\/wp-content\/uploads\/tshirt-scaled.jpg","contentUrl":"https:\/\/baggaardsbaroner.com\/wp-content\/uploads\/tshirt-scaled.jpg","width":2048,"height":2048},{"@type":"BreadcrumbList","@id":"https:\/\/baggaardsbaroner.com\/vare\/rotteshirt\/#breadcrumb","itemListElement":[{"@type":"ListItem","position":1,"name":"Forside","item":"https:\/\/baggaardsbaroner.com\/"},{"@type":"ListItem","position":2,"name":"Shop","item":"https:\/\/baggaardsbaroner.com\/shop\/"},{"@type":"ListItem","position":3,"name":"Merch","item":"https:\/\/baggaardsbaroner.com\/kategori\/merch\/"},{"@type":"ListItem","position":4,"name":"Rottet\u00f8j"}]},{"@type":"WebSite","@id":"https:\/\/baggaardsbaroner.com\/#website","url":"https:\/\/baggaardsbaroner.com\/","name":"Baggaardsbaroner","description":"","publisher":{"@id":"https:\/\/baggaardsbaroner.com\/#organization"},"potentialAction":[{"@type":"SearchAction","target":{"@type":"EntryPoint","urlTemplate":"https:\/\/baggaardsbaroner.com\/?s={search_term_string}"},"query-input":{"@type":"PropertyValueSpecification","valueRequired":true,"valueName":"search_term_string"}}],"inLanguage":"en-GB"},{"@type":"Organization","@id":"https:\/\/baggaardsbaroner.com\/#organization","name":"Baggaardsbaroner","url":"https:\/\/baggaardsbaroner.com\/","logo":{"@type":"ImageObject","inLanguage":"en-GB","@id":"https:\/\/baggaardsbaroner.com\/#\/schema\/logo\/image\/","url":"https:\/\/baggaardsbaroner.com\/wp-content\/uploads\/logony.png","contentUrl":"https:\/\/baggaardsbaroner.com\/wp-content\/uploads\/logony.png","width":263,"height":103,"caption":"Baggaardsbaroner"},"image":{"@id":"https:\/\/baggaardsbaroner.com\/#\/schema\/logo\/image\/"}}]}},"_links":{"self":[{"href":"https:\/\/baggaardsbaroner.com\/en\/wp-json\/wp\/v2\/product\/7237","targetHints":{"allow":["GET"]}}],"collection":[{"href":"https:\/\/baggaardsbaroner.com\/en\/wp-json\/wp\/v2\/product"}],"about":[{"href":"https:\/\/baggaardsbaroner.com\/en\/wp-json\/wp\/v2\/types\/product"}],"version-history":[{"count":1,"href":"https:\/\/baggaardsbaroner.com\/en\/wp-json\/wp\/v2\/product\/7237\/revisions"}],"predecessor-version":[{"id":7240,"href":"https:\/\/baggaardsbaroner.com\/en\/wp-json\/wp\/v2\/product\/7237\/revisions\/7240"}],"wp:featuredmedia":[{"embeddable":true,"href":"https:\/\/baggaardsbaroner.com\/en\/wp-json\/wp\/v2\/media\/7239"}],"wp:attachment":[{"href":"https:\/\/baggaardsbaroner.com\/en\/wp-json\/wp\/v2\/media?parent=7237"}],"wp:term":[{"taxonomy":"product_brand","embeddable":true,"href":"https:\/\/baggaardsbaroner.com\/en\/wp-json\/wp\/v2\/product_brand?post=7237"},{"taxonomy":"product_cat","embeddable":true,"href":"https:\/\/baggaardsbaroner.com\/en\/wp-json\/wp\/v2\/product_cat?post=7237"},{"taxonomy":"product_tag","embeddable":true,"href":"https:\/\/baggaardsbaroner.com\/en\/wp-json\/wp\/v2\/product_tag?post=7237"}],"curies":[{"name":"wp","href":"https:\/\/api.w.org\/{rel}","templated":true}]}}