{"id":7348,"date":"2025-09-03T13:29:27","date_gmt":"2025-09-03T11:29:27","guid":{"rendered":"https:\/\/baggaardsbaroner.com\/?post_type=product&#038;p=7348"},"modified":"2026-04-24T11:23:41","modified_gmt":"2026-04-24T09:23:41","slug":"puskas-doed","status":"publish","type":"product","link":"https:\/\/baggaardsbaroner.com\/en\/product\/puskas-doed\/","title":{"rendered":"Pusk\u00e1s d\u00f8d"},"content":{"rendered":"<p>P\u00e5 en hospitalsseng i Budapest ligger Ferenc Pusk\u00e1s for d\u00f8den. Tvivl og fortrydelse plager den legendariske fodboldspiller. Den revolution\u00e6re fris\u00e6ttelse af spillet, som han og det uovervindelige ungarske hold gennemf\u00f8rte, har ledt til den sj\u00e6ll\u00f8se tilstand, fodboldspillet er endt i.<\/p>\n<p>I en taske under sengen gemmer Pusk\u00e1s dog p\u00e5 en hemmelighed, der kan genoprette spillets \u00e6dle oprindelighed. Sp\u00f8rgsm\u00e5let er kun, om det er for sent?<\/p>\n<p>For natten n\u00e6rmer sig og fortidens \u00e5nder tr\u00e6der frem. Vil de f\u00e6lde dom eller frikende ham?<\/p>\n<p>&#8216;Pusk\u00e1s d\u00f8d&#8217; er en bog om fodboldspillets v\u00e6sen. Men det er ogs\u00e5 en menneskelig beretning om folkehelten, der flygtede fra sit f\u00e6dreland og familie under den blodige opstand og af usandsynlige omveje fandt frelse i Real Madrid.<\/p>\n<p>&nbsp;<\/p>\n<p>V\u00e6rket er kommet til live gennem flere \u00e5rs omfattende researcharbejde af Peter Rewers, der f\u00f8r har skrevet biografier om Michael Strenge og Kim Larsen.<br \/>\nSammen med Onkel Hawaii, der har hentet inspiration fra Ungarns blodige historie og Eschers labyrintiske og dadaistiske univers, har de to skabt en fort\u00e6lling baseret id\u00e9m\u00e6ssigt og kompositionelt ud fra Hermann Brochs \u201cVergils d\u00f8d\u201d: Som fodboldens Vergil er dette en mytologisk sk\u00e5ret, m\u00f8rk-ekspressionistisk sk\u00e6bnefort\u00e6lling om den gamle mester, der p\u00e5 sit d\u00f8dsleje forsager sit livsv\u00e6rk.<\/p>","protected":false},"excerpt":{"rendered":"<p>P\u00e5 en hospitalsseng i Budapest ligger Ferenc Pusk\u00e1s for d\u00f8den. Tvivl og fortrydelse plager den legendariske fodboldspiller. Den revolution\u00e6re fris\u00e6ttelse af spillet, som han og det uovervindelige ungarske hold gennemf\u00f8rte, har ledt til den sj\u00e6ll\u00f8se tilstand, fodboldspillet er endt i.<\/p>\n<p>&#8216;Pusk\u00e1s d\u00f8d&#8217; er en bog om fodboldspillets v\u00e6sen. En menneskelig beretning om folkehelten, der flygtede fra sit f\u00e6dreland og fandt frelse i Real Madrid.<\/p>","protected":false},"featured_media":7355,"template":"","meta":{"_acf_changed":false},"product_brand":[],"product_cat":[81],"product_tag":[],"class_list":{"0":"post-7348","1":"product","2":"type-product","3":"status-publish","4":"has-post-thumbnail","6":"product_cat-boeger","8":"first","9":"instock","10":"taxable","11":"shipping-taxable","12":"purchasable","13":"product-type-simple"},"acf":[],"yoast_head":"<!-- This site is optimized with the Yoast SEO plugin v27.4 - https:\/\/yoast.com\/product\/yoast-seo-wordpress\/ -->\n<title>Pusk\u00e1s d\u00f8d | Baggaardsbaroner<\/title>\n<meta name=\"description\" content=\"Pusk\u00e1s d\u00f8d er en bog om fodboldspillets v\u00e6sen. En menneskelig beretning om folkehelten, der flygtede fra sit f\u00e6dreland og fandt frelse i Real Madrid.\" \/>\n<meta name=\"robots\" content=\"index, follow, max-snippet:-1, max-image-preview:large, max-video-preview:-1\" \/>\n<link rel=\"canonical\" href=\"https:\/\/baggaardsbaroner.com\/en\/product\/puskas-doed\/\" \/>\n<meta property=\"og:locale\" content=\"en_GB\" \/>\n<meta property=\"og:type\" content=\"article\" \/>\n<meta property=\"og:title\" content=\"Pusk\u00e1s d\u00f8d | Baggaardsbaroner\" \/>\n<meta property=\"og:description\" content=\"Pusk\u00e1s d\u00f8d er en bog om fodboldspillets v\u00e6sen. En menneskelig beretning om folkehelten, der flygtede fra sit f\u00e6dreland og fandt frelse i Real Madrid.\" \/>\n<meta property=\"og:url\" content=\"https:\/\/baggaardsbaroner.com\/en\/product\/puskas-doed\/\" \/>\n<meta property=\"og:site_name\" content=\"Baggaardsbaroner\" \/>\n<meta property=\"article:modified_time\" content=\"2026-04-24T09:23:41+00:00\" \/>\n<meta property=\"og:image\" content=\"https:\/\/baggaardsbaroner.com\/wp-content\/uploads\/Puskas_1-1-scaled.jpg\" \/>\n\t<meta property=\"og:image:width\" content=\"2048\" \/>\n\t<meta property=\"og:image:height\" content=\"2048\" \/>\n\t<meta property=\"og:image:type\" content=\"image\/jpeg\" \/>\n<meta name=\"twitter:card\" content=\"summary_large_image\" \/>\n<meta name=\"twitter:label1\" content=\"Estimated reading time\" \/>\n\t<meta name=\"twitter:data1\" content=\"2 minutes\" \/>\n<script type=\"application\/ld+json\" class=\"yoast-schema-graph\">{\"@context\":\"https:\\\/\\\/schema.org\",\"@graph\":[{\"@type\":\"WebPage\",\"@id\":\"https:\\\/\\\/baggaardsbaroner.com\\\/vare\\\/puskas-doed\\\/\",\"url\":\"https:\\\/\\\/baggaardsbaroner.com\\\/vare\\\/puskas-doed\\\/\",\"name\":\"Pusk\u00e1s d\u00f8d | Baggaardsbaroner\",\"isPartOf\":{\"@id\":\"https:\\\/\\\/baggaardsbaroner.com\\\/#website\"},\"primaryImageOfPage\":{\"@id\":\"https:\\\/\\\/baggaardsbaroner.com\\\/vare\\\/puskas-doed\\\/#primaryimage\"},\"image\":{\"@id\":\"https:\\\/\\\/baggaardsbaroner.com\\\/vare\\\/puskas-doed\\\/#primaryimage\"},\"thumbnailUrl\":\"https:\\\/\\\/baggaardsbaroner.com\\\/wp-content\\\/uploads\\\/Puskas_1-1-scaled.jpg\",\"datePublished\":\"2025-09-03T11:29:27+00:00\",\"dateModified\":\"2026-04-24T09:23:41+00:00\",\"description\":\"Pusk\u00e1s d\u00f8d er en bog om fodboldspillets v\u00e6sen. En menneskelig beretning om folkehelten, der flygtede fra sit f\u00e6dreland og fandt frelse i Real Madrid.\",\"breadcrumb\":{\"@id\":\"https:\\\/\\\/baggaardsbaroner.com\\\/vare\\\/puskas-doed\\\/#breadcrumb\"},\"inLanguage\":\"en-GB\",\"potentialAction\":[{\"@type\":\"ReadAction\",\"target\":[\"https:\\\/\\\/baggaardsbaroner.com\\\/vare\\\/puskas-doed\\\/\"]}]},{\"@type\":\"ImageObject\",\"inLanguage\":\"en-GB\",\"@id\":\"https:\\\/\\\/baggaardsbaroner.com\\\/vare\\\/puskas-doed\\\/#primaryimage\",\"url\":\"https:\\\/\\\/baggaardsbaroner.com\\\/wp-content\\\/uploads\\\/Puskas_1-1-scaled.jpg\",\"contentUrl\":\"https:\\\/\\\/baggaardsbaroner.com\\\/wp-content\\\/uploads\\\/Puskas_1-1-scaled.jpg\",\"width\":2048,\"height\":2048},{\"@type\":\"BreadcrumbList\",\"@id\":\"https:\\\/\\\/baggaardsbaroner.com\\\/vare\\\/puskas-doed\\\/#breadcrumb\",\"itemListElement\":[{\"@type\":\"ListItem\",\"position\":1,\"name\":\"Forside\",\"item\":\"https:\\\/\\\/baggaardsbaroner.com\\\/\"},{\"@type\":\"ListItem\",\"position\":2,\"name\":\"Shop\",\"item\":\"https:\\\/\\\/baggaardsbaroner.com\\\/shop\\\/\"},{\"@type\":\"ListItem\",\"position\":3,\"name\":\"B\u00f8ger\",\"item\":\"https:\\\/\\\/baggaardsbaroner.com\\\/kategori\\\/boeger\\\/\"},{\"@type\":\"ListItem\",\"position\":4,\"name\":\"Pusk\u00e1s d\u00f8d\"}]},{\"@type\":\"WebSite\",\"@id\":\"https:\\\/\\\/baggaardsbaroner.com\\\/#website\",\"url\":\"https:\\\/\\\/baggaardsbaroner.com\\\/\",\"name\":\"Baggaardsbaroner\",\"description\":\"\",\"publisher\":{\"@id\":\"https:\\\/\\\/baggaardsbaroner.com\\\/#organization\"},\"potentialAction\":[{\"@type\":\"SearchAction\",\"target\":{\"@type\":\"EntryPoint\",\"urlTemplate\":\"https:\\\/\\\/baggaardsbaroner.com\\\/?s={search_term_string}\"},\"query-input\":{\"@type\":\"PropertyValueSpecification\",\"valueRequired\":true,\"valueName\":\"search_term_string\"}}],\"inLanguage\":\"en-GB\"},{\"@type\":\"Organization\",\"@id\":\"https:\\\/\\\/baggaardsbaroner.com\\\/#organization\",\"name\":\"Baggaardsbaroner\",\"url\":\"https:\\\/\\\/baggaardsbaroner.com\\\/\",\"logo\":{\"@type\":\"ImageObject\",\"inLanguage\":\"en-GB\",\"@id\":\"https:\\\/\\\/baggaardsbaroner.com\\\/#\\\/schema\\\/logo\\\/image\\\/\",\"url\":\"https:\\\/\\\/baggaardsbaroner.com\\\/wp-content\\\/uploads\\\/logony.png\",\"contentUrl\":\"https:\\\/\\\/baggaardsbaroner.com\\\/wp-content\\\/uploads\\\/logony.png\",\"width\":263,\"height\":103,\"caption\":\"Baggaardsbaroner\"},\"image\":{\"@id\":\"https:\\\/\\\/baggaardsbaroner.com\\\/#\\\/schema\\\/logo\\\/image\\\/\"}}]}<\/script>\n<!-- \/ Yoast SEO plugin. -->","yoast_head_json":{"title":"Pusk\u00e1s d\u00f8d | Baggaardsbaroner","description":"Pusk\u00e1s d\u00f8d er en bog om fodboldspillets v\u00e6sen. En menneskelig beretning om folkehelten, der flygtede fra sit f\u00e6dreland og fandt frelse i Real Madrid.","robots":{"index":"index","follow":"follow","max-snippet":"max-snippet:-1","max-image-preview":"max-image-preview:large","max-video-preview":"max-video-preview:-1"},"canonical":"https:\/\/baggaardsbaroner.com\/en\/product\/puskas-doed\/","og_locale":"en_GB","og_type":"article","og_title":"Pusk\u00e1s d\u00f8d | Baggaardsbaroner","og_description":"Pusk\u00e1s d\u00f8d er en bog om fodboldspillets v\u00e6sen. En menneskelig beretning om folkehelten, der flygtede fra sit f\u00e6dreland og fandt frelse i Real Madrid.","og_url":"https:\/\/baggaardsbaroner.com\/en\/product\/puskas-doed\/","og_site_name":"Baggaardsbaroner","article_modified_time":"2026-04-24T09:23:41+00:00","og_image":[{"width":2048,"height":2048,"url":"https:\/\/baggaardsbaroner.com\/wp-content\/uploads\/Puskas_1-1-scaled.jpg","type":"image\/jpeg"}],"twitter_card":"summary_large_image","twitter_misc":{"Estimated reading time":"2 minutes"},"schema":{"@context":"https:\/\/schema.org","@graph":[{"@type":"WebPage","@id":"https:\/\/baggaardsbaroner.com\/vare\/puskas-doed\/","url":"https:\/\/baggaardsbaroner.com\/vare\/puskas-doed\/","name":"Pusk\u00e1s d\u00f8d | Baggaardsbaroner","isPartOf":{"@id":"https:\/\/baggaardsbaroner.com\/#website"},"primaryImageOfPage":{"@id":"https:\/\/baggaardsbaroner.com\/vare\/puskas-doed\/#primaryimage"},"image":{"@id":"https:\/\/baggaardsbaroner.com\/vare\/puskas-doed\/#primaryimage"},"thumbnailUrl":"https:\/\/baggaardsbaroner.com\/wp-content\/uploads\/Puskas_1-1-scaled.jpg","datePublished":"2025-09-03T11:29:27+00:00","dateModified":"2026-04-24T09:23:41+00:00","description":"Pusk\u00e1s d\u00f8d er en bog om fodboldspillets v\u00e6sen. En menneskelig beretning om folkehelten, der flygtede fra sit f\u00e6dreland og fandt frelse i Real Madrid.","breadcrumb":{"@id":"https:\/\/baggaardsbaroner.com\/vare\/puskas-doed\/#breadcrumb"},"inLanguage":"en-GB","potentialAction":[{"@type":"ReadAction","target":["https:\/\/baggaardsbaroner.com\/vare\/puskas-doed\/"]}]},{"@type":"ImageObject","inLanguage":"en-GB","@id":"https:\/\/baggaardsbaroner.com\/vare\/puskas-doed\/#primaryimage","url":"https:\/\/baggaardsbaroner.com\/wp-content\/uploads\/Puskas_1-1-scaled.jpg","contentUrl":"https:\/\/baggaardsbaroner.com\/wp-content\/uploads\/Puskas_1-1-scaled.jpg","width":2048,"height":2048},{"@type":"BreadcrumbList","@id":"https:\/\/baggaardsbaroner.com\/vare\/puskas-doed\/#breadcrumb","itemListElement":[{"@type":"ListItem","position":1,"name":"Forside","item":"https:\/\/baggaardsbaroner.com\/"},{"@type":"ListItem","position":2,"name":"Shop","item":"https:\/\/baggaardsbaroner.com\/shop\/"},{"@type":"ListItem","position":3,"name":"B\u00f8ger","item":"https:\/\/baggaardsbaroner.com\/kategori\/boeger\/"},{"@type":"ListItem","position":4,"name":"Pusk\u00e1s d\u00f8d"}]},{"@type":"WebSite","@id":"https:\/\/baggaardsbaroner.com\/#website","url":"https:\/\/baggaardsbaroner.com\/","name":"Baggaardsbaroner","description":"","publisher":{"@id":"https:\/\/baggaardsbaroner.com\/#organization"},"potentialAction":[{"@type":"SearchAction","target":{"@type":"EntryPoint","urlTemplate":"https:\/\/baggaardsbaroner.com\/?s={search_term_string}"},"query-input":{"@type":"PropertyValueSpecification","valueRequired":true,"valueName":"search_term_string"}}],"inLanguage":"en-GB"},{"@type":"Organization","@id":"https:\/\/baggaardsbaroner.com\/#organization","name":"Baggaardsbaroner","url":"https:\/\/baggaardsbaroner.com\/","logo":{"@type":"ImageObject","inLanguage":"en-GB","@id":"https:\/\/baggaardsbaroner.com\/#\/schema\/logo\/image\/","url":"https:\/\/baggaardsbaroner.com\/wp-content\/uploads\/logony.png","contentUrl":"https:\/\/baggaardsbaroner.com\/wp-content\/uploads\/logony.png","width":263,"height":103,"caption":"Baggaardsbaroner"},"image":{"@id":"https:\/\/baggaardsbaroner.com\/#\/schema\/logo\/image\/"}}]}},"_links":{"self":[{"href":"https:\/\/baggaardsbaroner.com\/en\/wp-json\/wp\/v2\/product\/7348","targetHints":{"allow":["GET"]}}],"collection":[{"href":"https:\/\/baggaardsbaroner.com\/en\/wp-json\/wp\/v2\/product"}],"about":[{"href":"https:\/\/baggaardsbaroner.com\/en\/wp-json\/wp\/v2\/types\/product"}],"version-history":[{"count":1,"href":"https:\/\/baggaardsbaroner.com\/en\/wp-json\/wp\/v2\/product\/7348\/revisions"}],"predecessor-version":[{"id":7354,"href":"https:\/\/baggaardsbaroner.com\/en\/wp-json\/wp\/v2\/product\/7348\/revisions\/7354"}],"wp:featuredmedia":[{"embeddable":true,"href":"https:\/\/baggaardsbaroner.com\/en\/wp-json\/wp\/v2\/media\/7355"}],"wp:attachment":[{"href":"https:\/\/baggaardsbaroner.com\/en\/wp-json\/wp\/v2\/media?parent=7348"}],"wp:term":[{"taxonomy":"product_brand","embeddable":true,"href":"https:\/\/baggaardsbaroner.com\/en\/wp-json\/wp\/v2\/product_brand?post=7348"},{"taxonomy":"product_cat","embeddable":true,"href":"https:\/\/baggaardsbaroner.com\/en\/wp-json\/wp\/v2\/product_cat?post=7348"},{"taxonomy":"product_tag","embeddable":true,"href":"https:\/\/baggaardsbaroner.com\/en\/wp-json\/wp\/v2\/product_tag?post=7348"}],"curies":[{"name":"wp","href":"https:\/\/api.w.org\/{rel}","templated":true}]}}