{"id":7356,"date":"2025-09-04T11:28:18","date_gmt":"2025-09-04T09:28:18","guid":{"rendered":"https:\/\/baggaardsbaroner.com\/?post_type=product&#038;p=7356"},"modified":"2026-01-24T13:41:54","modified_gmt":"2026-01-24T12:41:54","slug":"aftryk","status":"publish","type":"product","link":"https:\/\/baggaardsbaroner.com\/en\/product\/aftryk\/","title":{"rendered":"Aftryk"},"content":{"rendered":"<div class=\"et_pb_module et_pb_wc_description et_pb_wc_description_0_tb_body et_pb_bg_layout_light et_pb_text_align_left\">\n<div class=\"et_pb_module_inner\">\n<div class=\"et_pb_module et_pb_wc_description et_pb_wc_description_0_tb_body et_pb_bg_layout_light et_pb_text_align_left\">\n<div class=\"et_pb_module_inner\">\n<div class=\"et_pb_module et_pb_wc_description et_pb_wc_description_0_tb_body et_pb_bg_layout_light et_pb_text_align_left\">\n<div class=\"et_pb_module_inner\">\n<div class=\"et_pb_module et_pb_post_content et_pb_post_content_0_tb_body\">\n<p>En aldrende kvinde v\u00e6lger at myrde sin mand. Mens hun overv\u00e6rer ham \u00e5nde ud, f\u00f8lger vi hendes livs sk\u00e6bnesti i tilbageblik.<\/p>\n<p>Hun begynder at dyrke heksekunst, ryge medicinsk cannabis og h\u00f8re undergrunds hiphop fra New York. I l\u00f8srivelsen fra fortidens l\u00e6nker vender hun langsomt tilbage til det naturbarn hun var &#8211; tilbage til sig selv og de vildtvoksende marker, hvor hun blev f\u00f8dt. For hvis tiden er en flad cirkel, hvor vi mennesker er i evig rotation af nye begyndelser, s\u00e5 lad os aldrig v\u00e6re et f\u00e6rdigt kapitel.<br \/>\nHverken i vores eller andres liv.<\/p>\n<p>AFTRYK er en hyldest til kvindekroppe, beg\u00e6r og moderskab.\u00a0En stor fed cyanidpille til alle de r\u00e5dne m\u00e6nd, der har stj\u00e5let, kvalt og slukket s\u00e5 mange blomstrende dr\u00f8mme.<br \/>\nOg s\u00e5 er det ikke mindst et skud ud til alle de bad ass bedstem\u00f8dre i vores liv.<\/p>\n<p>Tegneserien er trykt p\u00e5 milj\u00f8venligt h\u00f8jgramspapir og kommer i en l\u00e6kker indpakning med gennemsigtigt sleeve.<\/p>\n<\/div>\n<p>V\u00e6rket er skabt i samarbejde med Maiken Abildgaard og Sarah Eiersholt<\/p>\n<\/div>\n<\/div>\n<\/div>\n<\/div>\n<\/div>\n<\/div>","protected":false},"excerpt":{"rendered":"<p>En aldrende kvinde v\u00e6lger at myrde sin mand. Mens hun overv\u00e6rer ham \u00e5nde ud, f\u00f8lger vi hendes livs sk\u00e6bnesti i tilbageblik.<\/p>\n<p>Hun begynder at dyrke heksekunst, ryge medicinsk cannabis og h\u00f8re undergrunds hiphop fra New York. I l\u00f8srivelsen fra fortidens l\u00e6nker vender hun langsomt tilbage til det naturbarn hun var &#8211; tilbage til sig selv og de vildtvoksende marker, hvor hun blev f\u00f8dt. For hvis tiden er en flad cirkel, hvor vi mennesker er i evig rotation af nye begyndelser, s\u00e5 lad os aldrig v\u00e6re et f\u00e6rdigt kapitel.<br \/>\nHverken i vores eller andres liv.<\/p>\n<p>AFTRYK er en hyldest til kvindekroppe, beg\u00e6r og moderskab.\u00a0En stor fed cyanidpille til alle de r\u00e5dne m\u00e6nd, der har stj\u00e5let, kvalt og slukket s\u00e5 mange blomstrende dr\u00f8mme.<br \/>\nOg s\u00e5 er det ikke mindst et skud ud til alle de bad ass bedstem\u00f8dre i vores liv.<\/p>\n<p>Tegneserien er trykt p\u00e5 milj\u00f8venligt h\u00f8jgramspapir og kommer i en l\u00e6kker indpakning med gennemsigtigt sleeve.<\/p>","protected":false},"featured_media":7360,"template":"","meta":{"_acf_changed":false},"product_brand":[],"product_cat":[82],"product_tag":[],"class_list":{"0":"post-7356","1":"product","2":"type-product","3":"status-publish","4":"has-post-thumbnail","6":"product_cat-tegneserier","8":"first","9":"instock","10":"taxable","11":"shipping-taxable","12":"purchasable","13":"product-type-simple"},"acf":[],"yoast_head":"<!-- This site is optimized with the Yoast SEO plugin v27.4 - https:\/\/yoast.com\/product\/yoast-seo-wordpress\/ -->\n<title>Aftryk | Baggaardsbaroner<\/title>\n<meta name=\"description\" content=\"En aldrende kvinde myrder sin mand. Hun begynder at dyrke heksekunst, ryge medicinsk cannabis og h\u00f8re undergrunds hiphop fra New York.\" \/>\n<meta name=\"robots\" content=\"index, follow, max-snippet:-1, max-image-preview:large, max-video-preview:-1\" \/>\n<link rel=\"canonical\" href=\"https:\/\/baggaardsbaroner.com\/en\/product\/aftryk\/\" \/>\n<meta property=\"og:locale\" content=\"en_GB\" \/>\n<meta property=\"og:type\" content=\"article\" \/>\n<meta property=\"og:title\" content=\"Aftryk | Baggaardsbaroner\" \/>\n<meta property=\"og:description\" content=\"En aldrende kvinde myrder sin mand. Hun begynder at dyrke heksekunst, ryge medicinsk cannabis og h\u00f8re undergrunds hiphop fra New York.\" \/>\n<meta property=\"og:url\" content=\"https:\/\/baggaardsbaroner.com\/en\/product\/aftryk\/\" \/>\n<meta property=\"og:site_name\" content=\"Baggaardsbaroner\" \/>\n<meta property=\"article:modified_time\" content=\"2026-01-24T12:41:54+00:00\" \/>\n<meta property=\"og:image\" content=\"https:\/\/baggaardsbaroner.com\/wp-content\/uploads\/Afweb_4-scaled.jpg\" \/>\n\t<meta property=\"og:image:width\" content=\"2048\" \/>\n\t<meta property=\"og:image:height\" content=\"2048\" \/>\n\t<meta property=\"og:image:type\" content=\"image\/jpeg\" \/>\n<meta name=\"twitter:card\" content=\"summary_large_image\" \/>\n<meta name=\"twitter:label1\" content=\"Estimated reading time\" \/>\n\t<meta name=\"twitter:data1\" content=\"2 minutes\" \/>\n<script type=\"application\/ld+json\" class=\"yoast-schema-graph\">{\"@context\":\"https:\\\/\\\/schema.org\",\"@graph\":[{\"@type\":\"WebPage\",\"@id\":\"https:\\\/\\\/baggaardsbaroner.com\\\/vare\\\/aftryk\\\/\",\"url\":\"https:\\\/\\\/baggaardsbaroner.com\\\/vare\\\/aftryk\\\/\",\"name\":\"Aftryk | Baggaardsbaroner\",\"isPartOf\":{\"@id\":\"https:\\\/\\\/baggaardsbaroner.com\\\/#website\"},\"primaryImageOfPage\":{\"@id\":\"https:\\\/\\\/baggaardsbaroner.com\\\/vare\\\/aftryk\\\/#primaryimage\"},\"image\":{\"@id\":\"https:\\\/\\\/baggaardsbaroner.com\\\/vare\\\/aftryk\\\/#primaryimage\"},\"thumbnailUrl\":\"https:\\\/\\\/baggaardsbaroner.com\\\/wp-content\\\/uploads\\\/Afweb_4-scaled.jpg\",\"datePublished\":\"2025-09-04T09:28:18+00:00\",\"dateModified\":\"2026-01-24T12:41:54+00:00\",\"description\":\"En aldrende kvinde myrder sin mand. Hun begynder at dyrke heksekunst, ryge medicinsk cannabis og h\u00f8re undergrunds hiphop fra New York.\",\"breadcrumb\":{\"@id\":\"https:\\\/\\\/baggaardsbaroner.com\\\/vare\\\/aftryk\\\/#breadcrumb\"},\"inLanguage\":\"en-GB\",\"potentialAction\":[{\"@type\":\"ReadAction\",\"target\":[\"https:\\\/\\\/baggaardsbaroner.com\\\/vare\\\/aftryk\\\/\"]}]},{\"@type\":\"ImageObject\",\"inLanguage\":\"en-GB\",\"@id\":\"https:\\\/\\\/baggaardsbaroner.com\\\/vare\\\/aftryk\\\/#primaryimage\",\"url\":\"https:\\\/\\\/baggaardsbaroner.com\\\/wp-content\\\/uploads\\\/Afweb_4-scaled.jpg\",\"contentUrl\":\"https:\\\/\\\/baggaardsbaroner.com\\\/wp-content\\\/uploads\\\/Afweb_4-scaled.jpg\",\"width\":2048,\"height\":2048},{\"@type\":\"BreadcrumbList\",\"@id\":\"https:\\\/\\\/baggaardsbaroner.com\\\/vare\\\/aftryk\\\/#breadcrumb\",\"itemListElement\":[{\"@type\":\"ListItem\",\"position\":1,\"name\":\"Forside\",\"item\":\"https:\\\/\\\/baggaardsbaroner.com\\\/\"},{\"@type\":\"ListItem\",\"position\":2,\"name\":\"Shop\",\"item\":\"https:\\\/\\\/baggaardsbaroner.com\\\/shop\\\/\"},{\"@type\":\"ListItem\",\"position\":3,\"name\":\"Tegneserier\",\"item\":\"https:\\\/\\\/baggaardsbaroner.com\\\/kategori\\\/tegneserier\\\/\"},{\"@type\":\"ListItem\",\"position\":4,\"name\":\"Aftryk\"}]},{\"@type\":\"WebSite\",\"@id\":\"https:\\\/\\\/baggaardsbaroner.com\\\/#website\",\"url\":\"https:\\\/\\\/baggaardsbaroner.com\\\/\",\"name\":\"Baggaardsbaroner\",\"description\":\"\",\"publisher\":{\"@id\":\"https:\\\/\\\/baggaardsbaroner.com\\\/#organization\"},\"potentialAction\":[{\"@type\":\"SearchAction\",\"target\":{\"@type\":\"EntryPoint\",\"urlTemplate\":\"https:\\\/\\\/baggaardsbaroner.com\\\/?s={search_term_string}\"},\"query-input\":{\"@type\":\"PropertyValueSpecification\",\"valueRequired\":true,\"valueName\":\"search_term_string\"}}],\"inLanguage\":\"en-GB\"},{\"@type\":\"Organization\",\"@id\":\"https:\\\/\\\/baggaardsbaroner.com\\\/#organization\",\"name\":\"Baggaardsbaroner\",\"url\":\"https:\\\/\\\/baggaardsbaroner.com\\\/\",\"logo\":{\"@type\":\"ImageObject\",\"inLanguage\":\"en-GB\",\"@id\":\"https:\\\/\\\/baggaardsbaroner.com\\\/#\\\/schema\\\/logo\\\/image\\\/\",\"url\":\"https:\\\/\\\/baggaardsbaroner.com\\\/wp-content\\\/uploads\\\/logony.png\",\"contentUrl\":\"https:\\\/\\\/baggaardsbaroner.com\\\/wp-content\\\/uploads\\\/logony.png\",\"width\":263,\"height\":103,\"caption\":\"Baggaardsbaroner\"},\"image\":{\"@id\":\"https:\\\/\\\/baggaardsbaroner.com\\\/#\\\/schema\\\/logo\\\/image\\\/\"}}]}<\/script>\n<!-- \/ Yoast SEO plugin. -->","yoast_head_json":{"title":"Aftryk | Baggaardsbaroner","description":"En aldrende kvinde myrder sin mand. Hun begynder at dyrke heksekunst, ryge medicinsk cannabis og h\u00f8re undergrunds hiphop fra New York.","robots":{"index":"index","follow":"follow","max-snippet":"max-snippet:-1","max-image-preview":"max-image-preview:large","max-video-preview":"max-video-preview:-1"},"canonical":"https:\/\/baggaardsbaroner.com\/en\/product\/aftryk\/","og_locale":"en_GB","og_type":"article","og_title":"Aftryk | Baggaardsbaroner","og_description":"En aldrende kvinde myrder sin mand. Hun begynder at dyrke heksekunst, ryge medicinsk cannabis og h\u00f8re undergrunds hiphop fra New York.","og_url":"https:\/\/baggaardsbaroner.com\/en\/product\/aftryk\/","og_site_name":"Baggaardsbaroner","article_modified_time":"2026-01-24T12:41:54+00:00","og_image":[{"width":2048,"height":2048,"url":"https:\/\/baggaardsbaroner.com\/wp-content\/uploads\/Afweb_4-scaled.jpg","type":"image\/jpeg"}],"twitter_card":"summary_large_image","twitter_misc":{"Estimated reading time":"2 minutes"},"schema":{"@context":"https:\/\/schema.org","@graph":[{"@type":"WebPage","@id":"https:\/\/baggaardsbaroner.com\/vare\/aftryk\/","url":"https:\/\/baggaardsbaroner.com\/vare\/aftryk\/","name":"Aftryk | Baggaardsbaroner","isPartOf":{"@id":"https:\/\/baggaardsbaroner.com\/#website"},"primaryImageOfPage":{"@id":"https:\/\/baggaardsbaroner.com\/vare\/aftryk\/#primaryimage"},"image":{"@id":"https:\/\/baggaardsbaroner.com\/vare\/aftryk\/#primaryimage"},"thumbnailUrl":"https:\/\/baggaardsbaroner.com\/wp-content\/uploads\/Afweb_4-scaled.jpg","datePublished":"2025-09-04T09:28:18+00:00","dateModified":"2026-01-24T12:41:54+00:00","description":"En aldrende kvinde myrder sin mand. Hun begynder at dyrke heksekunst, ryge medicinsk cannabis og h\u00f8re undergrunds hiphop fra New York.","breadcrumb":{"@id":"https:\/\/baggaardsbaroner.com\/vare\/aftryk\/#breadcrumb"},"inLanguage":"en-GB","potentialAction":[{"@type":"ReadAction","target":["https:\/\/baggaardsbaroner.com\/vare\/aftryk\/"]}]},{"@type":"ImageObject","inLanguage":"en-GB","@id":"https:\/\/baggaardsbaroner.com\/vare\/aftryk\/#primaryimage","url":"https:\/\/baggaardsbaroner.com\/wp-content\/uploads\/Afweb_4-scaled.jpg","contentUrl":"https:\/\/baggaardsbaroner.com\/wp-content\/uploads\/Afweb_4-scaled.jpg","width":2048,"height":2048},{"@type":"BreadcrumbList","@id":"https:\/\/baggaardsbaroner.com\/vare\/aftryk\/#breadcrumb","itemListElement":[{"@type":"ListItem","position":1,"name":"Forside","item":"https:\/\/baggaardsbaroner.com\/"},{"@type":"ListItem","position":2,"name":"Shop","item":"https:\/\/baggaardsbaroner.com\/shop\/"},{"@type":"ListItem","position":3,"name":"Tegneserier","item":"https:\/\/baggaardsbaroner.com\/kategori\/tegneserier\/"},{"@type":"ListItem","position":4,"name":"Aftryk"}]},{"@type":"WebSite","@id":"https:\/\/baggaardsbaroner.com\/#website","url":"https:\/\/baggaardsbaroner.com\/","name":"Baggaardsbaroner","description":"","publisher":{"@id":"https:\/\/baggaardsbaroner.com\/#organization"},"potentialAction":[{"@type":"SearchAction","target":{"@type":"EntryPoint","urlTemplate":"https:\/\/baggaardsbaroner.com\/?s={search_term_string}"},"query-input":{"@type":"PropertyValueSpecification","valueRequired":true,"valueName":"search_term_string"}}],"inLanguage":"en-GB"},{"@type":"Organization","@id":"https:\/\/baggaardsbaroner.com\/#organization","name":"Baggaardsbaroner","url":"https:\/\/baggaardsbaroner.com\/","logo":{"@type":"ImageObject","inLanguage":"en-GB","@id":"https:\/\/baggaardsbaroner.com\/#\/schema\/logo\/image\/","url":"https:\/\/baggaardsbaroner.com\/wp-content\/uploads\/logony.png","contentUrl":"https:\/\/baggaardsbaroner.com\/wp-content\/uploads\/logony.png","width":263,"height":103,"caption":"Baggaardsbaroner"},"image":{"@id":"https:\/\/baggaardsbaroner.com\/#\/schema\/logo\/image\/"}}]}},"_links":{"self":[{"href":"https:\/\/baggaardsbaroner.com\/en\/wp-json\/wp\/v2\/product\/7356","targetHints":{"allow":["GET"]}}],"collection":[{"href":"https:\/\/baggaardsbaroner.com\/en\/wp-json\/wp\/v2\/product"}],"about":[{"href":"https:\/\/baggaardsbaroner.com\/en\/wp-json\/wp\/v2\/types\/product"}],"version-history":[{"count":1,"href":"https:\/\/baggaardsbaroner.com\/en\/wp-json\/wp\/v2\/product\/7356\/revisions"}],"predecessor-version":[{"id":7362,"href":"https:\/\/baggaardsbaroner.com\/en\/wp-json\/wp\/v2\/product\/7356\/revisions\/7362"}],"wp:featuredmedia":[{"embeddable":true,"href":"https:\/\/baggaardsbaroner.com\/en\/wp-json\/wp\/v2\/media\/7360"}],"wp:attachment":[{"href":"https:\/\/baggaardsbaroner.com\/en\/wp-json\/wp\/v2\/media?parent=7356"}],"wp:term":[{"taxonomy":"product_brand","embeddable":true,"href":"https:\/\/baggaardsbaroner.com\/en\/wp-json\/wp\/v2\/product_brand?post=7356"},{"taxonomy":"product_cat","embeddable":true,"href":"https:\/\/baggaardsbaroner.com\/en\/wp-json\/wp\/v2\/product_cat?post=7356"},{"taxonomy":"product_tag","embeddable":true,"href":"https:\/\/baggaardsbaroner.com\/en\/wp-json\/wp\/v2\/product_tag?post=7356"}],"curies":[{"name":"wp","href":"https:\/\/api.w.org\/{rel}","templated":true}]}}