{"id":7386,"date":"2025-10-21T14:18:28","date_gmt":"2025-10-21T12:18:28","guid":{"rendered":"https:\/\/baggaardsbaroner.com\/?post_type=product&#038;p=7386"},"modified":"2026-04-24T11:23:41","modified_gmt":"2026-04-24T09:23:41","slug":"graessult","status":"publish","type":"product","link":"https:\/\/baggaardsbaroner.com\/en\/product\/graessult\/","title":{"rendered":"Gr\u00e6ssult"},"content":{"rendered":"<p>\u201cJeg kan lige s\u00e5 godt \u00e5bne ballet med at sige, at fodboldstadioner er blevet et sted, jeg g\u00f8r af mig selv, n\u00e5r jeg ikke ved, hvor jeg ellers skal g\u00f8re af mig selv.<br \/>\nDet er m\u00e5ske store ord at klapre ud gennem tastaturet, p\u00e5 en tirsdag formiddag som denne, men det er sandheden. M\u00e5ske er det en mild fornemmelse af form\u00e5l.<br \/>\nEn slags, om ikke andet. Kender du det? Form\u00e5l?\u201d<\/p>\n<p>I en r\u00e6kke elektroniske postkort til en gud, han som udgangspunkt ikke tror p\u00e5, r\u00e6kker en mand ud for at gribe efter noget at holde i. Guds h\u00e5nd, sin egen.<br \/>\nGr\u00e6ssult er et mikrokosmos af kaffekopritualer, skilsmisse, sk\u00f8nlitter\u00e6re fodboldreportager, stueplanters liv og d\u00f8d, liv og d\u00f8d i det hele taget, og tribunef\u00e6llesskab.<\/p>\n<p>Det er s\u00e5ledes b\u00e5de en fodboldbog og ikke en fodboldbog. Det er ogs\u00e5 en fotobog og ikke en fotobog. Pragtfulde billeder af fotografen Anders Hviid st\u00e5r som en stribe smukt konkrete n\u00e5le i kortet over K\u00f8benhavn og omegn.<br \/>\nDet er en bog, der insisterer p\u00e5, med vold og magt og pomp og pragt, at stikke et flag i krydsfeltet mellem fodbold og f\u00f8lsomhed. B\u00e5de n\u00e5r den vender blikket udad og n\u00e5r den vender blikket indad.<br \/>\nDen er en vekselvirkning mellem at betragte de spr\u00e6llevende omgivelser p\u00e5 et divisionsstadion og at tage en halvbesv\u00e6ret vandretur gennem sig selv. En vekselvirkning mellem at beskrive de sm\u00e5 kirkesamfund p\u00e5 tribunerne, og at skyggebokse med Gud eller sig selv som modstander.<\/p>","protected":false},"excerpt":{"rendered":"<p>I en r\u00e6kke elektroniske postkort til en gud, han som udgangspunkt ikke tror p\u00e5, r\u00e6kker en mand ud for at gribe efter noget at holde i. Guds h\u00e5nd, sin egen.<br \/>\nHovedpersonen st\u00e5r et s\u00e5rbart sted i tilv\u00e6relsen og s\u00f8ger efter et anker, eller m\u00e5ske bare et halmstr\u00e5, i et liv der befinder sig i en opbrudsfase.<br \/>\nHer er der noget besn\u00e6rende ved fodboldens hypnotiserende ritualer. B\u00e5de dem, der finder sted under stadionprojekt\u00f8rerne og hjemme ved stuebordet.<\/p>\n<p>Gr\u00e6ssult er et mikrokosmos af kaffekopritualer, skilsmisse, sk\u00f8nlitter\u00e6re fodboldreportager, stueplanters liv og d\u00f8d, liv og d\u00f8d i det hele taget, og tribunef\u00e6llesskab.<\/p>\n<p>Romanen er en \u00e5ndelig efterf\u00f8lger til Jonas Villumsens debut &#8220;B\u00f8lge &#8211; eller otte noter fra tribunen&#8221;.<br \/>\nV\u00e6rket er desuden sp\u00e6kket med stemningsfulde fotografier af divisionsstadioner og glade amat\u00f8rers tvivlsomme gr\u00e6spl\u00e6ner fra hele k\u00f8benhavnsomr\u00e5det.<br \/>\nFotograf Anders Hviid har over 3 \u00e5r fanget det liv, der befinder sig p\u00e5 tribuner, p\u00f8lseboder og p\u00e5 pl\u00e6nen.<\/p>","protected":false},"featured_media":7392,"template":"","meta":{"_acf_changed":false},"product_brand":[],"product_cat":[81],"product_tag":[],"class_list":{"0":"post-7386","1":"product","2":"type-product","3":"status-publish","4":"has-post-thumbnail","6":"product_cat-boeger","8":"first","9":"instock","10":"taxable","11":"shipping-taxable","12":"purchasable","13":"product-type-simple"},"acf":[],"yoast_head":"<!-- This site is optimized with the Yoast SEO plugin v27.4 - https:\/\/yoast.com\/product\/yoast-seo-wordpress\/ -->\n<title>Gr\u00e6ssult | Baggaardsbaroner<\/title>\n<meta name=\"description\" content=\"Gr\u00e6ssult er en roman om kaffekopritualer, skilsmisse, sk\u00f8nlitter\u00e6re fodboldreportager, liv og d\u00f8d og tribunef\u00e6llesskab.\" \/>\n<meta name=\"robots\" content=\"index, follow, max-snippet:-1, max-image-preview:large, max-video-preview:-1\" \/>\n<link rel=\"canonical\" href=\"https:\/\/baggaardsbaroner.com\/en\/product\/graessult\/\" \/>\n<meta property=\"og:locale\" content=\"en_GB\" \/>\n<meta property=\"og:type\" content=\"article\" \/>\n<meta property=\"og:title\" content=\"Gr\u00e6ssult | Baggaardsbaroner\" \/>\n<meta property=\"og:description\" content=\"Gr\u00e6ssult er en roman om kaffekopritualer, skilsmisse, sk\u00f8nlitter\u00e6re fodboldreportager, liv og d\u00f8d og tribunef\u00e6llesskab.\" \/>\n<meta property=\"og:url\" content=\"https:\/\/baggaardsbaroner.com\/en\/product\/graessult\/\" \/>\n<meta property=\"og:site_name\" content=\"Baggaardsbaroner\" \/>\n<meta property=\"article:modified_time\" content=\"2026-04-24T09:23:41+00:00\" \/>\n<meta property=\"og:image\" content=\"https:\/\/baggaardsbaroner.com\/wp-content\/uploads\/Graessult1-scaled.jpg\" \/>\n\t<meta property=\"og:image:width\" content=\"2048\" \/>\n\t<meta property=\"og:image:height\" content=\"2048\" \/>\n\t<meta property=\"og:image:type\" content=\"image\/jpeg\" \/>\n<meta name=\"twitter:card\" content=\"summary_large_image\" \/>\n<meta name=\"twitter:label1\" content=\"Estimated reading time\" \/>\n\t<meta name=\"twitter:data1\" content=\"2 minutes\" \/>\n<script type=\"application\/ld+json\" class=\"yoast-schema-graph\">{\"@context\":\"https:\\\/\\\/schema.org\",\"@graph\":[{\"@type\":\"WebPage\",\"@id\":\"https:\\\/\\\/baggaardsbaroner.com\\\/vare\\\/graessult\\\/\",\"url\":\"https:\\\/\\\/baggaardsbaroner.com\\\/vare\\\/graessult\\\/\",\"name\":\"Gr\u00e6ssult | Baggaardsbaroner\",\"isPartOf\":{\"@id\":\"https:\\\/\\\/baggaardsbaroner.com\\\/#website\"},\"primaryImageOfPage\":{\"@id\":\"https:\\\/\\\/baggaardsbaroner.com\\\/vare\\\/graessult\\\/#primaryimage\"},\"image\":{\"@id\":\"https:\\\/\\\/baggaardsbaroner.com\\\/vare\\\/graessult\\\/#primaryimage\"},\"thumbnailUrl\":\"https:\\\/\\\/baggaardsbaroner.com\\\/wp-content\\\/uploads\\\/Graessult1-scaled.jpg\",\"datePublished\":\"2025-10-21T12:18:28+00:00\",\"dateModified\":\"2026-04-24T09:23:41+00:00\",\"description\":\"Gr\u00e6ssult er en roman om kaffekopritualer, skilsmisse, sk\u00f8nlitter\u00e6re fodboldreportager, liv og d\u00f8d og tribunef\u00e6llesskab.\",\"breadcrumb\":{\"@id\":\"https:\\\/\\\/baggaardsbaroner.com\\\/vare\\\/graessult\\\/#breadcrumb\"},\"inLanguage\":\"en-GB\",\"potentialAction\":[{\"@type\":\"ReadAction\",\"target\":[\"https:\\\/\\\/baggaardsbaroner.com\\\/vare\\\/graessult\\\/\"]}]},{\"@type\":\"ImageObject\",\"inLanguage\":\"en-GB\",\"@id\":\"https:\\\/\\\/baggaardsbaroner.com\\\/vare\\\/graessult\\\/#primaryimage\",\"url\":\"https:\\\/\\\/baggaardsbaroner.com\\\/wp-content\\\/uploads\\\/Graessult1-scaled.jpg\",\"contentUrl\":\"https:\\\/\\\/baggaardsbaroner.com\\\/wp-content\\\/uploads\\\/Graessult1-scaled.jpg\",\"width\":2048,\"height\":2048},{\"@type\":\"BreadcrumbList\",\"@id\":\"https:\\\/\\\/baggaardsbaroner.com\\\/vare\\\/graessult\\\/#breadcrumb\",\"itemListElement\":[{\"@type\":\"ListItem\",\"position\":1,\"name\":\"Forside\",\"item\":\"https:\\\/\\\/baggaardsbaroner.com\\\/\"},{\"@type\":\"ListItem\",\"position\":2,\"name\":\"Shop\",\"item\":\"https:\\\/\\\/baggaardsbaroner.com\\\/shop\\\/\"},{\"@type\":\"ListItem\",\"position\":3,\"name\":\"B\u00f8ger\",\"item\":\"https:\\\/\\\/baggaardsbaroner.com\\\/kategori\\\/boeger\\\/\"},{\"@type\":\"ListItem\",\"position\":4,\"name\":\"Gr\u00e6ssult\"}]},{\"@type\":\"WebSite\",\"@id\":\"https:\\\/\\\/baggaardsbaroner.com\\\/#website\",\"url\":\"https:\\\/\\\/baggaardsbaroner.com\\\/\",\"name\":\"Baggaardsbaroner\",\"description\":\"\",\"publisher\":{\"@id\":\"https:\\\/\\\/baggaardsbaroner.com\\\/#organization\"},\"potentialAction\":[{\"@type\":\"SearchAction\",\"target\":{\"@type\":\"EntryPoint\",\"urlTemplate\":\"https:\\\/\\\/baggaardsbaroner.com\\\/?s={search_term_string}\"},\"query-input\":{\"@type\":\"PropertyValueSpecification\",\"valueRequired\":true,\"valueName\":\"search_term_string\"}}],\"inLanguage\":\"en-GB\"},{\"@type\":\"Organization\",\"@id\":\"https:\\\/\\\/baggaardsbaroner.com\\\/#organization\",\"name\":\"Baggaardsbaroner\",\"url\":\"https:\\\/\\\/baggaardsbaroner.com\\\/\",\"logo\":{\"@type\":\"ImageObject\",\"inLanguage\":\"en-GB\",\"@id\":\"https:\\\/\\\/baggaardsbaroner.com\\\/#\\\/schema\\\/logo\\\/image\\\/\",\"url\":\"https:\\\/\\\/baggaardsbaroner.com\\\/wp-content\\\/uploads\\\/logony.png\",\"contentUrl\":\"https:\\\/\\\/baggaardsbaroner.com\\\/wp-content\\\/uploads\\\/logony.png\",\"width\":263,\"height\":103,\"caption\":\"Baggaardsbaroner\"},\"image\":{\"@id\":\"https:\\\/\\\/baggaardsbaroner.com\\\/#\\\/schema\\\/logo\\\/image\\\/\"}}]}<\/script>\n<!-- \/ Yoast SEO plugin. -->","yoast_head_json":{"title":"Gr\u00e6ssult | Baggaardsbaroner","description":"Gr\u00e6ssult er en roman om kaffekopritualer, skilsmisse, sk\u00f8nlitter\u00e6re fodboldreportager, liv og d\u00f8d og tribunef\u00e6llesskab.","robots":{"index":"index","follow":"follow","max-snippet":"max-snippet:-1","max-image-preview":"max-image-preview:large","max-video-preview":"max-video-preview:-1"},"canonical":"https:\/\/baggaardsbaroner.com\/en\/product\/graessult\/","og_locale":"en_GB","og_type":"article","og_title":"Gr\u00e6ssult | Baggaardsbaroner","og_description":"Gr\u00e6ssult er en roman om kaffekopritualer, skilsmisse, sk\u00f8nlitter\u00e6re fodboldreportager, liv og d\u00f8d og tribunef\u00e6llesskab.","og_url":"https:\/\/baggaardsbaroner.com\/en\/product\/graessult\/","og_site_name":"Baggaardsbaroner","article_modified_time":"2026-04-24T09:23:41+00:00","og_image":[{"width":2048,"height":2048,"url":"https:\/\/baggaardsbaroner.com\/wp-content\/uploads\/Graessult1-scaled.jpg","type":"image\/jpeg"}],"twitter_card":"summary_large_image","twitter_misc":{"Estimated reading time":"2 minutes"},"schema":{"@context":"https:\/\/schema.org","@graph":[{"@type":"WebPage","@id":"https:\/\/baggaardsbaroner.com\/vare\/graessult\/","url":"https:\/\/baggaardsbaroner.com\/vare\/graessult\/","name":"Gr\u00e6ssult | Baggaardsbaroner","isPartOf":{"@id":"https:\/\/baggaardsbaroner.com\/#website"},"primaryImageOfPage":{"@id":"https:\/\/baggaardsbaroner.com\/vare\/graessult\/#primaryimage"},"image":{"@id":"https:\/\/baggaardsbaroner.com\/vare\/graessult\/#primaryimage"},"thumbnailUrl":"https:\/\/baggaardsbaroner.com\/wp-content\/uploads\/Graessult1-scaled.jpg","datePublished":"2025-10-21T12:18:28+00:00","dateModified":"2026-04-24T09:23:41+00:00","description":"Gr\u00e6ssult er en roman om kaffekopritualer, skilsmisse, sk\u00f8nlitter\u00e6re fodboldreportager, liv og d\u00f8d og tribunef\u00e6llesskab.","breadcrumb":{"@id":"https:\/\/baggaardsbaroner.com\/vare\/graessult\/#breadcrumb"},"inLanguage":"en-GB","potentialAction":[{"@type":"ReadAction","target":["https:\/\/baggaardsbaroner.com\/vare\/graessult\/"]}]},{"@type":"ImageObject","inLanguage":"en-GB","@id":"https:\/\/baggaardsbaroner.com\/vare\/graessult\/#primaryimage","url":"https:\/\/baggaardsbaroner.com\/wp-content\/uploads\/Graessult1-scaled.jpg","contentUrl":"https:\/\/baggaardsbaroner.com\/wp-content\/uploads\/Graessult1-scaled.jpg","width":2048,"height":2048},{"@type":"BreadcrumbList","@id":"https:\/\/baggaardsbaroner.com\/vare\/graessult\/#breadcrumb","itemListElement":[{"@type":"ListItem","position":1,"name":"Forside","item":"https:\/\/baggaardsbaroner.com\/"},{"@type":"ListItem","position":2,"name":"Shop","item":"https:\/\/baggaardsbaroner.com\/shop\/"},{"@type":"ListItem","position":3,"name":"B\u00f8ger","item":"https:\/\/baggaardsbaroner.com\/kategori\/boeger\/"},{"@type":"ListItem","position":4,"name":"Gr\u00e6ssult"}]},{"@type":"WebSite","@id":"https:\/\/baggaardsbaroner.com\/#website","url":"https:\/\/baggaardsbaroner.com\/","name":"Baggaardsbaroner","description":"","publisher":{"@id":"https:\/\/baggaardsbaroner.com\/#organization"},"potentialAction":[{"@type":"SearchAction","target":{"@type":"EntryPoint","urlTemplate":"https:\/\/baggaardsbaroner.com\/?s={search_term_string}"},"query-input":{"@type":"PropertyValueSpecification","valueRequired":true,"valueName":"search_term_string"}}],"inLanguage":"en-GB"},{"@type":"Organization","@id":"https:\/\/baggaardsbaroner.com\/#organization","name":"Baggaardsbaroner","url":"https:\/\/baggaardsbaroner.com\/","logo":{"@type":"ImageObject","inLanguage":"en-GB","@id":"https:\/\/baggaardsbaroner.com\/#\/schema\/logo\/image\/","url":"https:\/\/baggaardsbaroner.com\/wp-content\/uploads\/logony.png","contentUrl":"https:\/\/baggaardsbaroner.com\/wp-content\/uploads\/logony.png","width":263,"height":103,"caption":"Baggaardsbaroner"},"image":{"@id":"https:\/\/baggaardsbaroner.com\/#\/schema\/logo\/image\/"}}]}},"_links":{"self":[{"href":"https:\/\/baggaardsbaroner.com\/en\/wp-json\/wp\/v2\/product\/7386","targetHints":{"allow":["GET"]}}],"collection":[{"href":"https:\/\/baggaardsbaroner.com\/en\/wp-json\/wp\/v2\/product"}],"about":[{"href":"https:\/\/baggaardsbaroner.com\/en\/wp-json\/wp\/v2\/types\/product"}],"version-history":[{"count":1,"href":"https:\/\/baggaardsbaroner.com\/en\/wp-json\/wp\/v2\/product\/7386\/revisions"}],"predecessor-version":[{"id":7393,"href":"https:\/\/baggaardsbaroner.com\/en\/wp-json\/wp\/v2\/product\/7386\/revisions\/7393"}],"wp:featuredmedia":[{"embeddable":true,"href":"https:\/\/baggaardsbaroner.com\/en\/wp-json\/wp\/v2\/media\/7392"}],"wp:attachment":[{"href":"https:\/\/baggaardsbaroner.com\/en\/wp-json\/wp\/v2\/media?parent=7386"}],"wp:term":[{"taxonomy":"product_brand","embeddable":true,"href":"https:\/\/baggaardsbaroner.com\/en\/wp-json\/wp\/v2\/product_brand?post=7386"},{"taxonomy":"product_cat","embeddable":true,"href":"https:\/\/baggaardsbaroner.com\/en\/wp-json\/wp\/v2\/product_cat?post=7386"},{"taxonomy":"product_tag","embeddable":true,"href":"https:\/\/baggaardsbaroner.com\/en\/wp-json\/wp\/v2\/product_tag?post=7386"}],"curies":[{"name":"wp","href":"https:\/\/api.w.org\/{rel}","templated":true}]}}